{"id":696,"date":"2025-02-06T12:19:23","date_gmt":"2025-02-06T07:19:23","guid":{"rendered":"https:\/\/emeraldsring.com\/?post_type=product&#038;p=696"},"modified":"2025-05-16T20:01:33","modified_gmt":"2025-05-16T15:01:33","slug":"emerald-engagement-ring-for-women-oval-cut-emerald-ring","status":"publish","type":"product","link":"https:\/\/emeraldsring.com\/fr\/produit\/emerald-engagement-ring-for-women-oval-cut-emerald-ring\/","title":{"rendered":"Bague de fian\u00e7ailles en \u00e9meraude pour femmes Bague en \u00e9meraude de taille ovale"},"content":{"rendered":"<div data-elementor-type=\"product-post\" data-elementor-id=\"696\" class=\"elementor elementor-696\" data-elementor-post-type=\"product\">\n\t\t\t\t<div class=\"elementor-element elementor-element-f04444d e-flex e-con-boxed e-con e-parent\" data-id=\"f04444d\" data-element_type=\"container\" data-e-type=\"container\">\n\t\t\t\t\t<div class=\"e-con-inner\">\n\t\t\t\t<div class=\"elementor-element elementor-element-d114533 elementor-widget elementor-widget-text-editor\" data-id=\"d114533\" data-element_type=\"widget\" data-e-type=\"widget\" data-widget_type=\"text-editor.default\">\n\t\t\t\t<div class=\"elementor-widget-container\">\n\t\t\t\t\t\t\t\t\t<p>Dites \"je le veux\" \u00e0 l'\u00e9l\u00e9gance et \u00e0 la beaut\u00e9 intemporelle avec cette magnifique <strong>Bague de fian\u00e7ailles \u00e9meraude<\/strong>. Dot\u00e9 d'une coupe ovale captivante, ce bijou a \u00e9t\u00e9 con\u00e7u pour \u00eatre port\u00e9 par un homme. <strong>\u00e9meraude naturelle<\/strong>Cette bague exquise est con\u00e7ue pour \u00eatre aussi unique et sp\u00e9ciale que votre histoire d'amour. Le vert vibrant de l'\u00e9meraude symbolise l'espoir, le renouveau et l'amour durable, ce qui en fait la pierre pr\u00e9cieuse id\u00e9ale pour une bague de mariage. <strong>bague de fian\u00e7ailles<\/strong> qui seront ch\u00e9ris \u00e0 jamais.<\/p><p><strong>Caract\u00e9ristiques du produit :<\/strong><\/p><ul><li><strong>Mat\u00e9riau<\/strong>: Fabriqu\u00e9e dans un m\u00e9tal de haute qualit\u00e9 (choisissez votre option pr\u00e9f\u00e9r\u00e9e), cette bague est \u00e0 la fois durable et d'une finition raffin\u00e9e qui s'harmonise avec l'\u00e9clat de la pierre d'\u00e9meraude.<\/li><li><strong>Pierre<\/strong>: V\u00e9ritable \u00e9meraude naturelle de taille ovale, s\u00e9lectionn\u00e9e pour sa clart\u00e9 \u00e9tonnante et sa riche teinte verte. La couleur vibrante de l'\u00e9meraude ne manquera pas d'attirer l'attention et de briller magnifiquement sous tous les \u00e9clairages.<\/li><li><strong>Conception<\/strong>: L'\u00e9meraude de taille ovale est \u00e9l\u00e9gamment sertie dans un anneau d\u00e9licat, offrant un design classique et raffin\u00e9 qui convient \u00e0 la fois aux go\u00fbts modernes et traditionnels. La monture simple mais sophistiqu\u00e9e garantit que l'\u00e9meraude reste le point central de la bague.<\/li><li><strong>Parfait pour les fian\u00e7ailles<\/strong>: Symbolisant l'amour et l'\u00e9ternit\u00e9, cette <strong>Bague de fian\u00e7ailles \u00e9meraude<\/strong> est le choix id\u00e9al pour les couples qui souhaitent une bague distinctive et significative pour marquer leur moment sp\u00e9cial.<\/li><li><strong>Beaut\u00e9 intemporelle<\/strong>: L'\u00e9l\u00e9gance durable de l'\u00e9meraude de taille ovale, associ\u00e9e au design intemporel, garantit que cette bague sera admir\u00e9e pendant des ann\u00e9es.<\/li><\/ul><p>Faites briller votre amour avec cet exceptionnel <strong>Anneau d'\u00e9meraude<\/strong>Cette pi\u00e8ce est un symbole \u00e9blouissant et significatif de votre engagement. Commandez d\u00e8s aujourd'hui et rendez votre demande en mariage inoubliable gr\u00e2ce \u00e0 cette magnifique pi\u00e8ce unique.<\/p>\t\t\t\t\t\t\t\t<\/div>\n\t\t\t\t<\/div>\n\t\t\t\t\t<\/div>\n\t\t\t\t<\/div>\n\t\t\t\t<\/div>","protected":false},"excerpt":{"rendered":"<p>D\u00e9tails du produit :<br \/>\nM\u00e9tal : argent 925k<br \/>\nPierre pr\u00e9cieuse : \u00c9meraude brute naturelle<br \/>\nCouleur des pierres : Vert<br \/>\nCouleur du bracelet : or blanc<br \/>\nTaille de la bague : Ajustable<br \/>\nDiam\u00e8tre de la pierre : 4\u00d75 mm<br \/>\nClart\u00e9 : Tr\u00e8s l\u00e9g\u00e8rement incluse<br \/>\nForme : Ovale<br \/>\nCoupe : Brillant mixte<\/p>","protected":false},"featured_media":1330,"comment_status":"open","ping_status":"closed","template":"","meta":{"_kad_post_transparent":"","_kad_post_title":"","_kad_post_layout":"","_kad_post_sidebar_id":"","_kad_post_content_style":"","_kad_post_vertical_padding":"","_kad_post_feature":"","_kad_post_feature_position":"","_kad_post_header":false,"_kad_post_footer":false},"product_brand":[],"product_cat":[16,17,66,20,15,69],"product_tag":[],"class_list":{"0":"post-696","1":"product","2":"type-product","3":"status-publish","4":"has-post-thumbnail","6":"product_cat-emerald-ring","7":"product_cat-engagement-ring","8":"product_cat-natural-gemstones-ring","9":"product_cat-oval-ring","10":"product_cat-rings","11":"product_cat-solitaire","13":"first","14":"instock","15":"shipping-taxable","16":"purchasable","17":"product-type-simple","18":"entry","19":"content-bg","20":"loop-entry"},"aioseo_notices":[],"_links":{"self":[{"href":"https:\/\/emeraldsring.com\/fr\/wp-json\/wp\/v2\/product\/696","targetHints":{"allow":["GET"]}}],"collection":[{"href":"https:\/\/emeraldsring.com\/fr\/wp-json\/wp\/v2\/product"}],"about":[{"href":"https:\/\/emeraldsring.com\/fr\/wp-json\/wp\/v2\/types\/product"}],"replies":[{"embeddable":true,"href":"https:\/\/emeraldsring.com\/fr\/wp-json\/wp\/v2\/comments?post=696"}],"version-history":[{"count":6,"href":"https:\/\/emeraldsring.com\/fr\/wp-json\/wp\/v2\/product\/696\/revisions"}],"predecessor-version":[{"id":1329,"href":"https:\/\/emeraldsring.com\/fr\/wp-json\/wp\/v2\/product\/696\/revisions\/1329"}],"wp:featuredmedia":[{"embeddable":true,"href":"https:\/\/emeraldsring.com\/fr\/wp-json\/wp\/v2\/media\/1330"}],"wp:attachment":[{"href":"https:\/\/emeraldsring.com\/fr\/wp-json\/wp\/v2\/media?parent=696"}],"wp:term":[{"taxonomy":"product_brand","embeddable":true,"href":"https:\/\/emeraldsring.com\/fr\/wp-json\/wp\/v2\/product_brand?post=696"},{"taxonomy":"product_cat","embeddable":true,"href":"https:\/\/emeraldsring.com\/fr\/wp-json\/wp\/v2\/product_cat?post=696"},{"taxonomy":"product_tag","embeddable":true,"href":"https:\/\/emeraldsring.com\/fr\/wp-json\/wp\/v2\/product_tag?post=696"}],"curies":[{"name":"wp","href":"https:\/\/api.w.org\/{rel}","templated":true}]}}