{"id":704,"date":"2025-02-06T12:43:34","date_gmt":"2025-02-06T07:43:34","guid":{"rendered":"https:\/\/emeraldsring.com\/?post_type=product&#038;p=704"},"modified":"2025-04-28T19:59:16","modified_gmt":"2025-04-28T14:59:16","slug":"oval-cut-emerald-wedding-ring-natural-emerald-engagement-ring","status":"publish","type":"product","link":"https:\/\/emeraldsring.com\/fr\/produit\/oval-cut-emerald-wedding-ring-natural-emerald-engagement-ring\/","title":{"rendered":"Bague de mariage en \u00e9meraude de taille ovale Bague de fian\u00e7ailles en \u00e9meraude naturelle"},"content":{"rendered":"<div data-elementor-type=\"product-post\" data-elementor-id=\"704\" class=\"elementor elementor-704\" data-elementor-post-type=\"product\">\n\t\t\t\t<div class=\"elementor-element elementor-element-6712ec6 e-flex e-con-boxed e-con e-parent\" data-id=\"6712ec6\" data-element_type=\"container\">\n\t\t\t\t\t<div class=\"e-con-inner\">\n\t\t\t\t<div class=\"elementor-element elementor-element-79fb3c4 elementor-widget elementor-widget-text-editor\" data-id=\"79fb3c4\" data-element_type=\"widget\" data-widget_type=\"text-editor.default\">\n\t\t\t\t<div class=\"elementor-widget-container\">\n\t\t\t\t\t\t\t\t\t<p>C\u00e9l\u00e9brez votre amour gr\u00e2ce \u00e0 la beaut\u00e9 intemporelle de cette <strong>Anneau d'\u00e9meraude<\/strong>. Avec une superbe couleur naturelle <strong>\u00e9meraude de taille ovale<\/strong>Cette \u00e9l\u00e9gante bague allie l'\u00e9clat de l'\u00e9meraude \u00e0 un design classique, ce qui en fait la bague id\u00e9ale. <strong>alliance de mariage<\/strong> ou <strong>bague de fian\u00e7ailles<\/strong>. La teinte vert profond de l'\u00e9meraude symbolise l'amour, le renouveau et l'engagement, ce qui en fait la pierre pr\u00e9cieuse id\u00e9ale pour repr\u00e9senter le lien que vous partagez avec votre partenaire.<\/p><p><strong>Caract\u00e9ristiques du produit :<\/strong><\/p><ul><li><strong>Mat\u00e9riau<\/strong>: Fabriqu\u00e9 en m\u00e9tal de premi\u00e8re qualit\u00e9 (choisissez votre option pr\u00e9f\u00e9r\u00e9e), il offre un \u00e9clat durable et une conception robuste qui compl\u00e8te la pierre \u00e9meraude vibrante.<\/li><li><strong>Pierre<\/strong>: V\u00e9ritable \u00e9meraude naturelle de taille ovale, d'un vert envo\u00fbtant, s\u00e9lectionn\u00e9e pour sa clart\u00e9 et sa brillance. Cette pierre accrocheuse ne manquera pas d'attirer l'attention et d'ajouter une touche de sophistication \u00e0 toute occasion.<\/li><li><strong>Conception<\/strong>: L'\u00e9meraude classique de taille ovale est sertie dans un anneau \u00e9pur\u00e9 et \u00e9l\u00e9gant, permettant \u00e0 la pierre d'occuper le devant de la sc\u00e8ne. Son design raffin\u00e9 est parfait pour ceux qui recherchent une bague de mariage ou de fian\u00e7ailles qui incarne \u00e0 la fois l'\u00e9l\u00e9gance et la signification.<\/li><li><strong>Parfait pour les mariages et les fian\u00e7ailles<\/strong>: Cette <strong>Anneau d'\u00e9meraude<\/strong> est une alternative significative et unique aux bagues en diamant traditionnelles. L'\u00e9meraude repr\u00e9sente l'amour \u00e9ternel, ce qui en fait un symbole inoubliable pour votre journ\u00e9e sp\u00e9ciale.<\/li><li><strong>Une \u00e9l\u00e9gance polyvalente<\/strong>: Que ce soit en tant que <strong>alliance de mariage<\/strong> ou <strong>bague de fian\u00e7ailles<\/strong>Cette magnifique bague en \u00e9meraude deviendra \u00e0 coup s\u00fbr un \u00e9l\u00e9ment pr\u00e9cieux de votre histoire d'amour. Son design intemporel garantit qu'elle sera conserv\u00e9e pr\u00e9cieusement pendant des ann\u00e9es.<\/li><\/ul><p>Faites de votre engagement un moment inoubliable avec cet \u00e9blouissant <strong>Anneau d'\u00e9meraude<\/strong>. Commandez aujourd'hui et cr\u00e9ez des souvenirs durables avec un symbole d'amour qui brillera pour toujours.<\/p>\t\t\t\t\t\t\t\t<\/div>\n\t\t\t\t<\/div>\n\t\t\t\t\t<\/div>\n\t\t\t\t<\/div>\n\t\t\t\t<\/div>","protected":false},"excerpt":{"rendered":"<p><strong>D\u00e9tails du produit :<\/strong><br \/>\nM\u00e9tal : argent 925k<br \/>\nPierre pr\u00e9cieuse : \u00c9meraude brute naturelle<br \/>\nCouleur des pierres : Vert<br \/>\nCouleur du bracelet : or blanc<br \/>\nTaille de la bague : Ajustable<br \/>\nDiam\u00e8tre de la pierre : 6*4 mm<br \/>\nClart\u00e9 : Tr\u00e8s l\u00e9g\u00e8rement incluse<br \/>\nForme : Poire<br \/>\nCoupe : Brillant mixte<\/p>\n<div id=\"gtx-trans\" style=\"position: absolute; left: -13px; top: 159px;\">\n<div class=\"gtx-trans-icon\"><\/div>\n<\/div>","protected":false},"featured_media":1333,"comment_status":"open","ping_status":"closed","template":"","meta":{"_kad_post_transparent":"","_kad_post_title":"","_kad_post_layout":"","_kad_post_sidebar_id":"","_kad_post_content_style":"","_kad_post_vertical_padding":"","_kad_post_feature":"","_kad_post_feature_position":"","_kad_post_header":false,"_kad_post_footer":false},"product_brand":[],"product_cat":[16,17,70,66,20,15],"product_tag":[],"class_list":{"0":"post-704","1":"product","2":"type-product","3":"status-publish","4":"has-post-thumbnail","6":"product_cat-emerald-ring","7":"product_cat-engagement-ring","8":"product_cat-halo-ring","9":"product_cat-natural-gemstones-ring","10":"product_cat-oval-ring","11":"product_cat-rings","13":"first","14":"instock","15":"shipping-taxable","16":"purchasable","17":"product-type-simple","18":"entry","19":"content-bg","20":"loop-entry"},"aioseo_notices":[],"_links":{"self":[{"href":"https:\/\/emeraldsring.com\/fr\/wp-json\/wp\/v2\/product\/704","targetHints":{"allow":["GET"]}}],"collection":[{"href":"https:\/\/emeraldsring.com\/fr\/wp-json\/wp\/v2\/product"}],"about":[{"href":"https:\/\/emeraldsring.com\/fr\/wp-json\/wp\/v2\/types\/product"}],"replies":[{"embeddable":true,"href":"https:\/\/emeraldsring.com\/fr\/wp-json\/wp\/v2\/comments?post=704"}],"version-history":[{"count":5,"href":"https:\/\/emeraldsring.com\/fr\/wp-json\/wp\/v2\/product\/704\/revisions"}],"predecessor-version":[{"id":1335,"href":"https:\/\/emeraldsring.com\/fr\/wp-json\/wp\/v2\/product\/704\/revisions\/1335"}],"wp:featuredmedia":[{"embeddable":true,"href":"https:\/\/emeraldsring.com\/fr\/wp-json\/wp\/v2\/media\/1333"}],"wp:attachment":[{"href":"https:\/\/emeraldsring.com\/fr\/wp-json\/wp\/v2\/media?parent=704"}],"wp:term":[{"taxonomy":"product_brand","embeddable":true,"href":"https:\/\/emeraldsring.com\/fr\/wp-json\/wp\/v2\/product_brand?post=704"},{"taxonomy":"product_cat","embeddable":true,"href":"https:\/\/emeraldsring.com\/fr\/wp-json\/wp\/v2\/product_cat?post=704"},{"taxonomy":"product_tag","embeddable":true,"href":"https:\/\/emeraldsring.com\/fr\/wp-json\/wp\/v2\/product_tag?post=704"}],"curies":[{"name":"wp","href":"https:\/\/api.w.org\/{rel}","templated":true}]}}