{"id":713,"date":"2025-02-06T12:56:36","date_gmt":"2025-02-06T07:56:36","guid":{"rendered":"https:\/\/emeraldsring.com\/?post_type=product&#038;p=713"},"modified":"2025-04-28T19:59:14","modified_gmt":"2025-04-28T14:59:14","slug":"vintage-ring-natural-emerald-engagement-ring-for-women","status":"publish","type":"product","link":"https:\/\/emeraldsring.com\/fr\/produit\/vintage-ring-natural-emerald-engagement-ring-for-women\/","title":{"rendered":"Vintage Ring Bague de fian\u00e7ailles Emeraude naturelle pour femmes"},"content":{"rendered":"<div data-elementor-type=\"product-post\" data-elementor-id=\"713\" class=\"elementor elementor-713\" data-elementor-post-type=\"product\">\n\t\t\t\t<div class=\"elementor-element elementor-element-cc57142 e-flex e-con-boxed e-con e-parent\" data-id=\"cc57142\" data-element_type=\"container\">\n\t\t\t\t\t<div class=\"e-con-inner\">\n\t\t<div class=\"elementor-element elementor-element-0beac35 e-con-full e-flex e-con e-child\" data-id=\"0beac35\" data-element_type=\"container\">\n\t\t\t\t<div class=\"elementor-element elementor-element-b9c00e6 elementor-widget elementor-widget-video\" data-id=\"b9c00e6\" data-element_type=\"widget\" data-settings=\"{&quot;youtube_url&quot;:&quot;https:\\\/\\\/youtube.com\\\/watch?v=XnwEhzvkVrA&quot;,&quot;loop&quot;:&quot;yes&quot;,&quot;video_type&quot;:&quot;youtube&quot;,&quot;controls&quot;:&quot;yes&quot;}\" data-widget_type=\"video.default\">\n\t\t\t\t<div class=\"elementor-widget-container\">\n\t\t\t\t\t\t\t<div class=\"elementor-wrapper elementor-open-inline\">\n\t\t\t<div class=\"elementor-video\"><\/div>\t\t<\/div>\n\t\t\t\t\t\t<\/div>\n\t\t\t\t<\/div>\n\t\t\t\t<\/div>\n\t\t\t\t<div class=\"elementor-element elementor-element-c0ef2a5 elementor-widget elementor-widget-text-editor\" data-id=\"c0ef2a5\" data-element_type=\"widget\" data-widget_type=\"text-editor.default\">\n\t\t\t\t<div class=\"elementor-widget-container\">\n\t\t\t\t\t\t\t\t\t<p>D\u00e9couvrez un m\u00e9lange de charme classique et d'\u00e9l\u00e9gance moderne avec cette superbe maison de campagne. <strong>Anneau d'\u00e9meraude<\/strong>. Cette bague, orn\u00e9e d'une v\u00e9ritable \u00e9meraude naturelle sertie dans un anneau d'inspiration vintage au design complexe, est parfaite pour tous ceux qui recherchent un style de vie unique en son genre. <strong>alliance de mariage<\/strong> ou <strong>bague de fian\u00e7ailles<\/strong> qui est aussi unique et belle que leur amour. Le vert riche de l'\u00e9meraude symbolise la vitalit\u00e9, l'amour et la renaissance, ce qui en fait un choix significatif pour marquer les moments les plus importants de la vie.<\/p><p><strong>Caract\u00e9ristiques du produit :<\/strong><\/p><ul><li><strong>Mat\u00e9riau<\/strong>: Fabriqu\u00e9 avec soin dans un m\u00e9tal de haute qualit\u00e9 (choisissez votre option pr\u00e9f\u00e9r\u00e9e), il garantit une finition durable et \u00e9clatante qui met en valeur la beaut\u00e9 naturelle de l'\u00e9meraude.<\/li><li><strong>Pierre<\/strong>: Une \u00e9meraude naturelle authentique et vibrante aux teintes vertes profondes, taill\u00e9e de mani\u00e8re experte pour mettre en valeur sa brillance et sa clart\u00e9. L'\u00e9meraude est le point central de ce mod\u00e8le, d'une beaut\u00e9 et d'un charme intemporels.<\/li><li><strong>Conception<\/strong>: Le bracelet d'inspiration vintage pr\u00e9sente des d\u00e9tails d\u00e9licats, cr\u00e9ant un cadre unique et romantique pour l'\u00e9meraude. Ce design complexe capture l'essence de la beaut\u00e9 classique tout en offrant une touche contemporaine, ce qui le rend parfait pour les mari\u00e9es modernes ou toute personne \u00e0 la recherche d'un bijou qui se d\u00e9marque. <strong>alliance de mariage<\/strong>.<\/li><li><strong>Parfait pour les fian\u00e7ailles et les mariages<\/strong>: Cette <strong>Bague de fian\u00e7ailles \u00e9meraude<\/strong> est une alternative parfaite aux bagues en diamant traditionnelles. Il repr\u00e9sente l'amour, l'espoir et l'engagement, ce qui en fait un symbole significatif et inoubliable pour votre journ\u00e9e sp\u00e9ciale.<\/li><li><strong>L'\u00e9l\u00e9gance intemporelle<\/strong>: Le design vintage garantit que cette bague en \u00e9meraude ne sera jamais d\u00e9mod\u00e9e. C'est une pi\u00e8ce qui sera ch\u00e9rie pendant des g\u00e9n\u00e9rations.<\/li><\/ul><p>Le pr\u00e9sent <strong>Anneau d'\u00e9meraude<\/strong> est une c\u00e9l\u00e9bration de l'amour, de la tradition et de la beaut\u00e9 intemporelle. Rendez votre engagement inoubliable avec cette magnifique bague en \u00e9meraude d'inspiration vintage. Commandez d\u00e8s aujourd'hui et faites briller votre histoire d'amour avec une bague unique en son genre.<\/p>\t\t\t\t\t\t\t\t<\/div>\n\t\t\t\t<\/div>\n\t\t\t\t\t<\/div>\n\t\t\t\t<\/div>\n\t\t\t\t<\/div>","protected":false},"excerpt":{"rendered":"<p>D\u00e9tails du produit :<br \/>\nM\u00e9tal : argent 925k<br \/>\nPierre pr\u00e9cieuse : \u00c9meraude brute naturelle<br \/>\nCouleur des pierres : Vert<br \/>\nCouleur du bracelet : or blanc<br \/>\nTaille de la bague : Ajustable<br \/>\nDiam\u00e8tre de la pierre : 4\u00d76 mm<br \/>\nClart\u00e9 : Tr\u00e8s l\u00e9g\u00e8rement incluse<br \/>\nForme : Ovale<br \/>\nCoupe : Brillant mixte<\/p>","protected":false},"featured_media":1336,"comment_status":"open","ping_status":"closed","template":"","meta":{"_kad_post_transparent":"","_kad_post_title":"","_kad_post_layout":"","_kad_post_sidebar_id":"","_kad_post_content_style":"","_kad_post_vertical_padding":"","_kad_post_feature":"","_kad_post_feature_position":"","_kad_post_header":false,"_kad_post_footer":false},"product_brand":[],"product_cat":[16,17,66,20,15,69],"product_tag":[],"class_list":{"0":"post-713","1":"product","2":"type-product","3":"status-publish","4":"has-post-thumbnail","6":"product_cat-emerald-ring","7":"product_cat-engagement-ring","8":"product_cat-natural-gemstones-ring","9":"product_cat-oval-ring","10":"product_cat-rings","11":"product_cat-solitaire","13":"first","14":"instock","15":"shipping-taxable","16":"purchasable","17":"product-type-simple","18":"entry","19":"content-bg","20":"loop-entry"},"aioseo_notices":[],"_links":{"self":[{"href":"https:\/\/emeraldsring.com\/fr\/wp-json\/wp\/v2\/product\/713","targetHints":{"allow":["GET"]}}],"collection":[{"href":"https:\/\/emeraldsring.com\/fr\/wp-json\/wp\/v2\/product"}],"about":[{"href":"https:\/\/emeraldsring.com\/fr\/wp-json\/wp\/v2\/types\/product"}],"replies":[{"embeddable":true,"href":"https:\/\/emeraldsring.com\/fr\/wp-json\/wp\/v2\/comments?post=713"}],"version-history":[{"count":8,"href":"https:\/\/emeraldsring.com\/fr\/wp-json\/wp\/v2\/product\/713\/revisions"}],"predecessor-version":[{"id":1503,"href":"https:\/\/emeraldsring.com\/fr\/wp-json\/wp\/v2\/product\/713\/revisions\/1503"}],"wp:featuredmedia":[{"embeddable":true,"href":"https:\/\/emeraldsring.com\/fr\/wp-json\/wp\/v2\/media\/1336"}],"wp:attachment":[{"href":"https:\/\/emeraldsring.com\/fr\/wp-json\/wp\/v2\/media?parent=713"}],"wp:term":[{"taxonomy":"product_brand","embeddable":true,"href":"https:\/\/emeraldsring.com\/fr\/wp-json\/wp\/v2\/product_brand?post=713"},{"taxonomy":"product_cat","embeddable":true,"href":"https:\/\/emeraldsring.com\/fr\/wp-json\/wp\/v2\/product_cat?post=713"},{"taxonomy":"product_tag","embeddable":true,"href":"https:\/\/emeraldsring.com\/fr\/wp-json\/wp\/v2\/product_tag?post=713"}],"curies":[{"name":"wp","href":"https:\/\/api.w.org\/{rel}","templated":true}]}}