{"id":723,"date":"2025-02-06T13:12:01","date_gmt":"2025-02-06T08:12:01","guid":{"rendered":"https:\/\/emeraldsring.com\/?post_type=product&#038;p=723"},"modified":"2025-04-28T19:59:11","modified_gmt":"2025-04-28T14:59:11","slug":"emerald-and-diamond-engagement-ring-real-emerald-cut-wedding-ring","status":"publish","type":"product","link":"https:\/\/emeraldsring.com\/fr\/produit\/emerald-and-diamond-engagement-ring-real-emerald-cut-wedding-ring\/","title":{"rendered":"Bague de fian\u00e7ailles \u00e9meraude et diamant Bague de mariage taille \u00e9meraude v\u00e9ritable"},"content":{"rendered":"<div data-elementor-type=\"product-post\" data-elementor-id=\"723\" class=\"elementor elementor-723\" data-elementor-post-type=\"product\">\n\t\t\t\t<div class=\"elementor-element elementor-element-f0ef98f e-flex e-con-boxed e-con e-parent\" data-id=\"f0ef98f\" data-element_type=\"container\">\n\t\t\t\t\t<div class=\"e-con-inner\">\n\t\t<div class=\"elementor-element elementor-element-6a8f9ad e-con-full e-flex e-con e-child\" data-id=\"6a8f9ad\" data-element_type=\"container\">\n\t\t\t\t<div class=\"elementor-element elementor-element-b73e62e elementor-widget elementor-widget-video\" data-id=\"b73e62e\" data-element_type=\"widget\" data-settings=\"{&quot;youtube_url&quot;:&quot;https:\\\/\\\/www.youtube.com\\\/watch?v=qawt7h9-zhc&quot;,&quot;loop&quot;:&quot;yes&quot;,&quot;video_type&quot;:&quot;youtube&quot;,&quot;controls&quot;:&quot;yes&quot;}\" data-widget_type=\"video.default\">\n\t\t\t\t<div class=\"elementor-widget-container\">\n\t\t\t\t\t\t\t<div class=\"elementor-wrapper elementor-open-inline\">\n\t\t\t<div class=\"elementor-video\"><\/div>\t\t<\/div>\n\t\t\t\t\t\t<\/div>\n\t\t\t\t<\/div>\n\t\t\t\t<\/div>\n\t\t\t\t<div class=\"elementor-element elementor-element-0a2dcde elementor-widget elementor-widget-text-editor\" data-id=\"0a2dcde\" data-element_type=\"widget\" data-widget_type=\"text-editor.default\">\n\t\t\t\t<div class=\"elementor-widget-container\">\n\t\t\t\t\t\t\t\t\t<p>C\u00e9l\u00e9brez votre amour avec une \u00e9l\u00e9gance et une sophistication in\u00e9gal\u00e9es. Cette <strong>Anneau d'\u00e9meraude<\/strong> combine la beaut\u00e9 intemporelle d'un v\u00e9ritable <strong>\u00e9meraude<\/strong> avec l'\u00e9clat de diamants \u00e9tincelants, cr\u00e9ant ainsi une pi\u00e8ce \u00e9tonnante, parfaite pour une soir\u00e9e de gala. <strong>bague de fian\u00e7ailles<\/strong> ou <strong>alliance de mariage<\/strong>. La riche teinte verte de l'\u00e9meraude, associ\u00e9e aux diamants rayonnants, symbolise l'amour, la passion et la promesse d'une vie commune, ce qui en fait un symbole inoubliable de votre engagement.<\/p><p><strong>Caract\u00e9ristiques du produit :<\/strong><\/p><ul><li><strong>Mat\u00e9riau<\/strong>: Fabriqu\u00e9 de mani\u00e8re experte dans un m\u00e9tal de haute qualit\u00e9 (choisissez votre option pr\u00e9f\u00e9r\u00e9e), garantissant \u00e0 la fois la durabilit\u00e9 et une finition polie et luxueuse qui compl\u00e8te l'\u00e9meraude et les diamants \u00e9tonnants.<\/li><li><strong>Pierre<\/strong>: Une \u00e9meraude authentique, magnifiquement taill\u00e9e, choisie pour sa couleur vibrante et sa clart\u00e9, est rehauss\u00e9e d'un halo de diamants \u00e9blouissants qui en accentuent l'\u00e9clat. La combinaison des deux pierres cr\u00e9e un effet sophistiqu\u00e9 et accrocheur.<\/li><li><strong>Conception<\/strong>: L'\u00e9l\u00e9gante \u00e9meraude est magnifiquement encadr\u00e9e par des diamants, cr\u00e9ant un contraste \u00e9tincelant qui attire le regard. Ce mod\u00e8le allie l'\u00e9l\u00e9gance classique au luxe moderne, ce qui en fait un bijou id\u00e9al. <strong>bague de fian\u00e7ailles<\/strong> ou <strong>alliance de mariage<\/strong> pour ceux qui recherchent quelque chose de vraiment sp\u00e9cial.<\/li><li><strong>Symbole d'amour et d'engagement<\/strong>: L'\u00e9meraude repr\u00e9sente l'amour, la croissance et le renouveau, tandis que les diamants symbolisent l'\u00e9ternit\u00e9 et la force. Ensemble, ils forment la repr\u00e9sentation parfaite d'une relation durable et belle.<\/li><li><strong>Parfait pour les fian\u00e7ailles et les mariages<\/strong>: Cette <strong>Bague en \u00e9meraude et diamant<\/strong> n'est pas seulement un choix \u00e9tonnant pour un <strong>alliance de mariage<\/strong>mais aussi d'une <strong>bague de fian\u00e7ailles<\/strong> qui sera ch\u00e9rie toute une vie. Son design intemporel garantit qu'il restera un symbole de votre amour pendant des g\u00e9n\u00e9rations.<\/li><\/ul><p>Le pr\u00e9sent <strong>Anneau d'\u00e9meraude<\/strong> est le m\u00e9lange parfait de luxe, de sens et de beaut\u00e9. Ne manquez pas l'occasion de rendre vos fian\u00e7ailles ou votre mariage inoubliables. Commandez d\u00e8s aujourd'hui et c\u00e9l\u00e9brez votre amour avec une bague qui brille autant que votre avenir commun.<\/p>\t\t\t\t\t\t\t\t<\/div>\n\t\t\t\t<\/div>\n\t\t\t\t\t<\/div>\n\t\t\t\t<\/div>\n\t\t\t\t<\/div>","protected":false},"excerpt":{"rendered":"<p><strong>D\u00e9tails du produit :<\/strong><br \/>\nM\u00e9tal : argent 925k<br \/>\nPierre pr\u00e9cieuse : \u00c9meraude brute naturelle<br \/>\nCouleur des pierres : Vert<br \/>\nCouleur du bracelet : or blanc<br \/>\nTaille de la bague : Ajustable<br \/>\nDiam\u00e8tre de la pierre : 8\u00d76 mm<br \/>\nClart\u00e9 : Tr\u00e8s l\u00e9g\u00e8rement incluse<br \/>\nForme : Ovale<br \/>\nCoupe : Brillant mixte<\/p>","protected":false},"featured_media":1339,"comment_status":"open","ping_status":"closed","template":"","meta":{"_kad_post_transparent":"","_kad_post_title":"","_kad_post_layout":"","_kad_post_sidebar_id":"","_kad_post_content_style":"","_kad_post_vertical_padding":"","_kad_post_feature":"","_kad_post_feature_position":"","_kad_post_header":false,"_kad_post_footer":false},"product_brand":[],"product_cat":[16,17,70,66,20,15],"product_tag":[],"class_list":{"0":"post-723","1":"product","2":"type-product","3":"status-publish","4":"has-post-thumbnail","6":"product_cat-emerald-ring","7":"product_cat-engagement-ring","8":"product_cat-halo-ring","9":"product_cat-natural-gemstones-ring","10":"product_cat-oval-ring","11":"product_cat-rings","13":"first","14":"instock","15":"shipping-taxable","16":"purchasable","17":"product-type-simple","18":"entry","19":"content-bg","20":"loop-entry"},"aioseo_notices":[],"_links":{"self":[{"href":"https:\/\/emeraldsring.com\/fr\/wp-json\/wp\/v2\/product\/723","targetHints":{"allow":["GET"]}}],"collection":[{"href":"https:\/\/emeraldsring.com\/fr\/wp-json\/wp\/v2\/product"}],"about":[{"href":"https:\/\/emeraldsring.com\/fr\/wp-json\/wp\/v2\/types\/product"}],"replies":[{"embeddable":true,"href":"https:\/\/emeraldsring.com\/fr\/wp-json\/wp\/v2\/comments?post=723"}],"version-history":[{"count":12,"href":"https:\/\/emeraldsring.com\/fr\/wp-json\/wp\/v2\/product\/723\/revisions"}],"predecessor-version":[{"id":1341,"href":"https:\/\/emeraldsring.com\/fr\/wp-json\/wp\/v2\/product\/723\/revisions\/1341"}],"wp:featuredmedia":[{"embeddable":true,"href":"https:\/\/emeraldsring.com\/fr\/wp-json\/wp\/v2\/media\/1339"}],"wp:attachment":[{"href":"https:\/\/emeraldsring.com\/fr\/wp-json\/wp\/v2\/media?parent=723"}],"wp:term":[{"taxonomy":"product_brand","embeddable":true,"href":"https:\/\/emeraldsring.com\/fr\/wp-json\/wp\/v2\/product_brand?post=723"},{"taxonomy":"product_cat","embeddable":true,"href":"https:\/\/emeraldsring.com\/fr\/wp-json\/wp\/v2\/product_cat?post=723"},{"taxonomy":"product_tag","embeddable":true,"href":"https:\/\/emeraldsring.com\/fr\/wp-json\/wp\/v2\/product_tag?post=723"}],"curies":[{"name":"wp","href":"https:\/\/api.w.org\/{rel}","templated":true}]}}