{"id":733,"date":"2025-02-06T13:24:57","date_gmt":"2025-02-06T08:24:57","guid":{"rendered":"https:\/\/emeraldsring.com\/?post_type=product&#038;p=733"},"modified":"2025-04-28T19:59:08","modified_gmt":"2025-04-28T14:59:08","slug":"oval-natural-emerald-and-diamond-halo-engagement-ring-emerald-ring","status":"publish","type":"product","link":"https:\/\/emeraldsring.com\/fr\/produit\/oval-natural-emerald-and-diamond-halo-engagement-ring-emerald-ring\/","title":{"rendered":"Bague de fian\u00e7ailles \u00e9meraude ovale naturelle et halo de diamants Bague \u00e9meraude"},"content":{"rendered":"<div data-elementor-type=\"product-post\" data-elementor-id=\"733\" class=\"elementor elementor-733\" data-elementor-post-type=\"product\">\n\t\t\t\t<div class=\"elementor-element elementor-element-fcdab58 e-flex e-con-boxed e-con e-parent\" data-id=\"fcdab58\" data-element_type=\"container\">\n\t\t\t\t\t<div class=\"e-con-inner\">\n\t\t<div class=\"elementor-element elementor-element-2e05829 e-con-full e-flex e-con e-child\" data-id=\"2e05829\" data-element_type=\"container\">\n\t\t\t\t<div class=\"elementor-element elementor-element-88e4f52 elementor-widget elementor-widget-video\" data-id=\"88e4f52\" data-element_type=\"widget\" data-settings=\"{&quot;youtube_url&quot;:&quot;https:\\\/\\\/www.youtube.com\\\/watch?v=CpZ-wETA5wI&quot;,&quot;loop&quot;:&quot;yes&quot;,&quot;video_type&quot;:&quot;youtube&quot;,&quot;controls&quot;:&quot;yes&quot;}\" data-widget_type=\"video.default\">\n\t\t\t\t<div class=\"elementor-widget-container\">\n\t\t\t\t\t\t\t<div class=\"elementor-wrapper elementor-open-inline\">\n\t\t\t<div class=\"elementor-video\"><\/div>\t\t<\/div>\n\t\t\t\t\t\t<\/div>\n\t\t\t\t<\/div>\n\t\t\t\t<\/div>\n\t\t\t\t<div class=\"elementor-element elementor-element-43cb7f0 elementor-widget elementor-widget-text-editor\" data-id=\"43cb7f0\" data-element_type=\"widget\" data-widget_type=\"text-editor.default\">\n\t\t\t\t<div class=\"elementor-widget-container\">\n\t\t\t\t\t\t\t\t\t<p>Faites briller votre amour de mille feux avec cette magnifique <strong>Anneau d'\u00e9meraude<\/strong>Ce bijou est compos\u00e9 d'une \u00e9meraude naturelle ovale entour\u00e9e d'un halo de diamants \u00e9tincelants. Ce design \u00e9poustouflant cr\u00e9e un \u00e9quilibre parfait entre une couleur vibrante et une brillance \u00e9clatante, ce qui en fait un choix id\u00e9al pour une femme. <strong>bague de fian\u00e7ailles<\/strong> ou <strong>alliance de mariage<\/strong>. La riche teinte verte de l'\u00e9meraude naturelle symbolise l'amour, le renouveau et la croissance, tandis que les diamants \u00e9blouissants ajoutent une touche d'\u00e9l\u00e9gance suppl\u00e9mentaire, faisant de cette bague un symbole d'engagement \u00e9ternel.<\/p><p><strong>Caract\u00e9ristiques du produit :<\/strong><\/p><ul><li><strong>Mat\u00e9riau<\/strong>: Fabriqu\u00e9 en m\u00e9tal de premi\u00e8re qualit\u00e9 (choisissez votre option pr\u00e9f\u00e9r\u00e9e), il offre une durabilit\u00e9 et une finition luxueuse qui compl\u00e8te magnifiquement les accents d'\u00e9meraude et de diamant.<\/li><li><strong>Pierre<\/strong>: Le centre est constitu\u00e9 d'une v\u00e9ritable \u00e9meraude naturelle de taille ovale, s\u00e9lectionn\u00e9e pour sa clart\u00e9 et son \u00e9tonnante couleur verte. Entour\u00e9e d'un halo de diamants \u00e9tincelants, l'\u00e9meraude est encore plus mise en valeur, cr\u00e9ant un effet accrocheur qui \u00e9blouit sous tous les angles.<\/li><li><strong>Conception<\/strong>: Le halo encadre parfaitement l'\u00e9meraude, la rendant encore plus vibrante tout en ajoutant une couche suppl\u00e9mentaire de luxe. Cette combinaison exquise d'\u00e9meraude et de diamants offre un aspect \u00e0 la fois intemporel et contemporain, ce qui en fait le choix id\u00e9al pour ceux qui recherchent un bijou significatif et distinctif. <strong>bague de fian\u00e7ailles<\/strong> ou <strong>alliance de mariage<\/strong>.<\/li><li><strong>Symbole de l'amour<\/strong>: L'\u00e9meraude repr\u00e9sente l'amour, la renaissance et l'harmonie, tandis que les diamants symbolisent l'\u00e9ternit\u00e9 et la force, cr\u00e9ant ainsi une belle repr\u00e9sentation d'une relation durable et puissante.<\/li><li><strong>Parfait pour les fian\u00e7ailles et les mariages<\/strong>: Que vous soyez \u00e0 la recherche d'un <strong>bague de fian\u00e7ailles<\/strong> ou un luxueux <strong>alliance de mariage<\/strong>Cette bague ovale en \u00e9meraude est le choix id\u00e9al pour c\u00e9l\u00e9brer votre moment sp\u00e9cial. Sa beaut\u00e9 intemporelle restera un symbole pr\u00e9cieux de votre amour pour les ann\u00e9es \u00e0 venir.<\/li><\/ul><p>Le pr\u00e9sent <strong>Anneau d'\u00e9meraude<\/strong> n'est pas un simple bijou, c'est le symbole de votre engagement, de votre amour et de l'avenir que vous construisez ensemble. Ne manquez pas la chance de poss\u00e9der cette bague spectaculaire. Commandez-la d\u00e8s aujourd'hui et faites de vos fian\u00e7ailles ou de votre mariage un jour inoubliable !<\/p>\t\t\t\t\t\t\t\t<\/div>\n\t\t\t\t<\/div>\n\t\t\t\t\t<\/div>\n\t\t\t\t<\/div>\n\t\t\t\t<\/div>","protected":false},"excerpt":{"rendered":"<p><strong>D\u00e9tails du produit :<\/strong><br \/>\nM\u00e9tal : argent 925k<br \/>\nPierre pr\u00e9cieuse : \u00c9meraude brute naturelle<br \/>\nCouleur des pierres : Vert<br \/>\nCouleur du bracelet : or blanc<br \/>\nTaille de la bague : Ajustable<br \/>\nDiam\u00e8tre de la pierre : 7\u00d75 mm<br \/>\nClart\u00e9 : Tr\u00e8s l\u00e9g\u00e8rement incluse<br \/>\nForme : Ovale<br \/>\nCoupe : Brillant mixte<\/p>\n<div id=\"gtx-trans\" style=\"position: absolute; left: 69px; top: 183px;\">\n<div class=\"gtx-trans-icon\"><\/div>\n<\/div>","protected":false},"featured_media":1342,"comment_status":"open","ping_status":"closed","template":"","meta":{"_kad_post_transparent":"","_kad_post_title":"","_kad_post_layout":"","_kad_post_sidebar_id":"","_kad_post_content_style":"","_kad_post_vertical_padding":"","_kad_post_feature":"","_kad_post_feature_position":"","_kad_post_header":false,"_kad_post_footer":false},"product_brand":[],"product_cat":[16,17,70,66,20,15],"product_tag":[],"class_list":{"0":"post-733","1":"product","2":"type-product","3":"status-publish","4":"has-post-thumbnail","6":"product_cat-emerald-ring","7":"product_cat-engagement-ring","8":"product_cat-halo-ring","9":"product_cat-natural-gemstones-ring","10":"product_cat-oval-ring","11":"product_cat-rings","13":"first","14":"instock","15":"shipping-taxable","16":"purchasable","17":"product-type-simple","18":"entry","19":"content-bg","20":"loop-entry"},"aioseo_notices":[],"_links":{"self":[{"href":"https:\/\/emeraldsring.com\/fr\/wp-json\/wp\/v2\/product\/733","targetHints":{"allow":["GET"]}}],"collection":[{"href":"https:\/\/emeraldsring.com\/fr\/wp-json\/wp\/v2\/product"}],"about":[{"href":"https:\/\/emeraldsring.com\/fr\/wp-json\/wp\/v2\/types\/product"}],"replies":[{"embeddable":true,"href":"https:\/\/emeraldsring.com\/fr\/wp-json\/wp\/v2\/comments?post=733"}],"version-history":[{"count":8,"href":"https:\/\/emeraldsring.com\/fr\/wp-json\/wp\/v2\/product\/733\/revisions"}],"predecessor-version":[{"id":1344,"href":"https:\/\/emeraldsring.com\/fr\/wp-json\/wp\/v2\/product\/733\/revisions\/1344"}],"wp:featuredmedia":[{"embeddable":true,"href":"https:\/\/emeraldsring.com\/fr\/wp-json\/wp\/v2\/media\/1342"}],"wp:attachment":[{"href":"https:\/\/emeraldsring.com\/fr\/wp-json\/wp\/v2\/media?parent=733"}],"wp:term":[{"taxonomy":"product_brand","embeddable":true,"href":"https:\/\/emeraldsring.com\/fr\/wp-json\/wp\/v2\/product_brand?post=733"},{"taxonomy":"product_cat","embeddable":true,"href":"https:\/\/emeraldsring.com\/fr\/wp-json\/wp\/v2\/product_cat?post=733"},{"taxonomy":"product_tag","embeddable":true,"href":"https:\/\/emeraldsring.com\/fr\/wp-json\/wp\/v2\/product_tag?post=733"}],"curies":[{"name":"wp","href":"https:\/\/api.w.org\/{rel}","templated":true}]}}