{"id":742,"date":"2025-02-06T13:40:29","date_gmt":"2025-02-06T08:40:29","guid":{"rendered":"https:\/\/emeraldsring.com\/?post_type=product&#038;p=742"},"modified":"2025-04-28T19:59:06","modified_gmt":"2025-04-28T14:59:06","slug":"oval-emerald-ring-engagement-ring-solitaire-ring-anniversary-ring","status":"publish","type":"product","link":"https:\/\/emeraldsring.com\/fr\/produit\/oval-emerald-ring-engagement-ring-solitaire-ring-anniversary-ring\/","title":{"rendered":"Bague \u00e9meraude ovale Bague de fian\u00e7ailles Bague solitaire Bague d'anniversaire"},"content":{"rendered":"<div data-elementor-type=\"product-post\" data-elementor-id=\"742\" class=\"elementor elementor-742\" data-elementor-post-type=\"product\">\n\t\t\t\t<div class=\"elementor-element elementor-element-f2b0058 e-flex e-con-boxed e-con e-parent\" data-id=\"f2b0058\" data-element_type=\"container\">\n\t\t\t\t\t<div class=\"e-con-inner\">\n\t\t<div class=\"elementor-element elementor-element-0ec1602 e-con-full e-flex e-con e-child\" data-id=\"0ec1602\" data-element_type=\"container\">\n\t\t\t\t<div class=\"elementor-element elementor-element-a2a066c elementor-widget elementor-widget-video\" data-id=\"a2a066c\" data-element_type=\"widget\" data-settings=\"{&quot;youtube_url&quot;:&quot;https:\\\/\\\/youtube.com\\\/watch?v=Y0Gs69z2kSg&quot;,&quot;loop&quot;:&quot;yes&quot;,&quot;video_type&quot;:&quot;youtube&quot;,&quot;controls&quot;:&quot;yes&quot;}\" data-widget_type=\"video.default\">\n\t\t\t\t<div class=\"elementor-widget-container\">\n\t\t\t\t\t\t\t<div class=\"elementor-wrapper elementor-open-inline\">\n\t\t\t<div class=\"elementor-video\"><\/div>\t\t<\/div>\n\t\t\t\t\t\t<\/div>\n\t\t\t\t<\/div>\n\t\t\t\t<\/div>\n\t\t\t\t<div class=\"elementor-element elementor-element-05cea27 elementor-widget elementor-widget-text-editor\" data-id=\"05cea27\" data-element_type=\"widget\" data-widget_type=\"text-editor.default\">\n\t\t\t\t<div class=\"elementor-widget-container\">\n\t\t\t\t\t\t\t\t\t<p>C\u00e9l\u00e9brez vos moments les plus chers gr\u00e2ce \u00e0 cette magnifique <strong>Anneau d'\u00e9meraude<\/strong>Cette bague est compos\u00e9e d'une \u00e9meraude naturelle de taille ovale et rayonnante, sertie dans un solitaire classique. Que vous soyez \u00e0 la recherche de l'\u00e9meraude <strong>bague de fian\u00e7ailles<\/strong> ou d'une <strong>bague d'anniversaire<\/strong>Cette \u00e9l\u00e9gante pi\u00e8ce capture l'essence de l'amour, de la beaut\u00e9 et de l'engagement intemporel. Le vert vif de l'\u00e9meraude symbolise le renouveau, la croissance et la vitalit\u00e9, ce qui en fait la pierre pr\u00e9cieuse id\u00e9ale pour comm\u00e9morer une vie d'amour et de d\u00e9vouement.<\/p><p><strong>Caract\u00e9ristiques du produit :<\/strong><\/p><ul><li><strong>Mat\u00e9riau<\/strong>: Fabriqu\u00e9 en m\u00e9tal de haute qualit\u00e9 (choisissez votre option pr\u00e9f\u00e9r\u00e9e), il offre une grande durabilit\u00e9 et une finition lisse et polie qui met en valeur la beaut\u00e9 naturelle de l'\u00e9meraude.<\/li><li><strong>Pierre<\/strong>: Une v\u00e9ritable \u00e9meraude naturelle de taille ovale, soigneusement s\u00e9lectionn\u00e9e pour sa riche couleur verte et sa clart\u00e9 exceptionnelle. L'\u00e9meraude est sertie dans un design \u00e9pur\u00e9 et minimaliste qui permet \u00e0 la pierre d'occuper le devant de la sc\u00e8ne et de briller avec \u00e9clat.<\/li><li><strong>Conception<\/strong>: La monture solitaire met magnifiquement en valeur la couleur et l'\u00e9l\u00e9gance de l'\u00e9meraude. Avec son design simple mais sophistiqu\u00e9, cette <strong>Anneau d'\u00e9meraude<\/strong> est parfait pour ceux qui pr\u00e9f\u00e8rent un luxe discret, ce qui en fait un lieu id\u00e9al. <strong>bague de fian\u00e7ailles<\/strong> ou <strong>bague d'anniversaire<\/strong> pour toute occasion sp\u00e9ciale.<\/li><li><strong>Symbole de l'amour<\/strong>: L'\u00e9meraude repr\u00e9sente l'harmonie, la renaissance et la loyaut\u00e9, ce qui en fait la pierre pr\u00e9cieuse id\u00e9ale pour symboliser votre amour et votre engagement. C'est un choix significatif pour les couples qui c\u00e9l\u00e8brent un nouveau chapitre ou qui marquent des ann\u00e9es de vie commune.<\/li><li><strong>Une \u00e9l\u00e9gance polyvalente<\/strong>: Que ce soit en tant que <strong>bague de fian\u00e7ailles<\/strong> ou un <strong>bague d'anniversaire<\/strong>Cette pi\u00e8ce intemporelle restera un symbole pr\u00e9cieux de votre amour. Son design classique garantit qu'il ne sera jamais d\u00e9mod\u00e9, ce qui en fera un objet de valeur pour des g\u00e9n\u00e9rations.<\/li><\/ul><p>Rendez votre histoire d'amour inoubliable gr\u00e2ce \u00e0 cet \u00e9poustouflant <strong>Anneau d'\u00e9meraude<\/strong>. Commandez d\u00e8s aujourd'hui et c\u00e9l\u00e9brez vos moments privil\u00e9gi\u00e9s avec une bague qui capture l'essence de l'\u00e9l\u00e9gance, de l'amour et de l'engagement.<\/p>\t\t\t\t\t\t\t\t<\/div>\n\t\t\t\t<\/div>\n\t\t\t\t\t<\/div>\n\t\t\t\t<\/div>\n\t\t\t\t<\/div>","protected":false},"excerpt":{"rendered":"<p><strong>D\u00e9tails du produit :<\/strong><br \/>\nM\u00e9tal : argent 925k<br \/>\nPierre pr\u00e9cieuse : \u00c9meraude brute naturelle<br \/>\nCouleur des pierres : Vert<br \/>\nCouleur du bracelet : or blanc<br \/>\nTaille de la bague : Ajustable<br \/>\nDiam\u00e8tre de la pierre : 6\u00d74 mm<br \/>\nClart\u00e9 : Tr\u00e8s l\u00e9g\u00e8rement incluse<br \/>\nForme : Ovale<br \/>\nCoupe : Brillant mixte<\/p>","protected":false},"featured_media":1346,"comment_status":"open","ping_status":"closed","template":"","meta":{"_kad_post_transparent":"","_kad_post_title":"","_kad_post_layout":"","_kad_post_sidebar_id":"","_kad_post_content_style":"","_kad_post_vertical_padding":"","_kad_post_feature":"","_kad_post_feature_position":"","_kad_post_header":false,"_kad_post_footer":false},"product_brand":[],"product_cat":[16,17,66,20,15,69],"product_tag":[],"class_list":{"0":"post-742","1":"product","2":"type-product","3":"status-publish","4":"has-post-thumbnail","6":"product_cat-emerald-ring","7":"product_cat-engagement-ring","8":"product_cat-natural-gemstones-ring","9":"product_cat-oval-ring","10":"product_cat-rings","11":"product_cat-solitaire","13":"first","14":"instock","15":"shipping-taxable","16":"purchasable","17":"product-type-simple","18":"entry","19":"content-bg","20":"loop-entry"},"aioseo_notices":[],"_links":{"self":[{"href":"https:\/\/emeraldsring.com\/fr\/wp-json\/wp\/v2\/product\/742","targetHints":{"allow":["GET"]}}],"collection":[{"href":"https:\/\/emeraldsring.com\/fr\/wp-json\/wp\/v2\/product"}],"about":[{"href":"https:\/\/emeraldsring.com\/fr\/wp-json\/wp\/v2\/types\/product"}],"replies":[{"embeddable":true,"href":"https:\/\/emeraldsring.com\/fr\/wp-json\/wp\/v2\/comments?post=742"}],"version-history":[{"count":8,"href":"https:\/\/emeraldsring.com\/fr\/wp-json\/wp\/v2\/product\/742\/revisions"}],"predecessor-version":[{"id":1494,"href":"https:\/\/emeraldsring.com\/fr\/wp-json\/wp\/v2\/product\/742\/revisions\/1494"}],"wp:featuredmedia":[{"embeddable":true,"href":"https:\/\/emeraldsring.com\/fr\/wp-json\/wp\/v2\/media\/1346"}],"wp:attachment":[{"href":"https:\/\/emeraldsring.com\/fr\/wp-json\/wp\/v2\/media?parent=742"}],"wp:term":[{"taxonomy":"product_brand","embeddable":true,"href":"https:\/\/emeraldsring.com\/fr\/wp-json\/wp\/v2\/product_brand?post=742"},{"taxonomy":"product_cat","embeddable":true,"href":"https:\/\/emeraldsring.com\/fr\/wp-json\/wp\/v2\/product_cat?post=742"},{"taxonomy":"product_tag","embeddable":true,"href":"https:\/\/emeraldsring.com\/fr\/wp-json\/wp\/v2\/product_tag?post=742"}],"curies":[{"name":"wp","href":"https:\/\/api.w.org\/{rel}","templated":true}]}}