{"id":750,"date":"2025-02-06T13:55:53","date_gmt":"2025-02-06T08:55:53","guid":{"rendered":"https:\/\/emeraldsring.com\/?post_type=product&#038;p=750"},"modified":"2025-04-28T19:59:03","modified_gmt":"2025-04-28T14:59:03","slug":"gold-diamond-natural-emerald-ring-for-women-jewelry-gift","status":"publish","type":"product","link":"https:\/\/emeraldsring.com\/fr\/produit\/gold-diamond-natural-emerald-ring-for-women-jewelry-gift\/","title":{"rendered":"Bague en or avec diamant et \u00e9meraude naturelle pour les femmes Cadeau de bijoux"},"content":{"rendered":"<div data-elementor-type=\"product-post\" data-elementor-id=\"750\" class=\"elementor elementor-750\" data-elementor-post-type=\"product\">\n\t\t\t\t<div class=\"elementor-element elementor-element-66aca19 e-flex e-con-boxed e-con e-parent\" data-id=\"66aca19\" data-element_type=\"container\">\n\t\t\t\t\t<div class=\"e-con-inner\">\n\t\t\t\t<div class=\"elementor-element elementor-element-d4e0590 elementor-widget elementor-widget-text-editor\" data-id=\"d4e0590\" data-element_type=\"widget\" data-widget_type=\"text-editor.default\">\n\t\t\t\t<div class=\"elementor-widget-container\">\n\t\t\t\t\t\t\t\t\t<p>\u00c9levez toutes les occasions gr\u00e2ce \u00e0 cette exquise <strong>Anneau d'\u00e9meraude<\/strong>Ce bijou est un v\u00e9ritable bijou, magnifiquement r\u00e9alis\u00e9 en or et orn\u00e9 d'une \u00e9meraude naturelle \u00e9blouissante entour\u00e9e de diamants \u00e9tincelants. Cette pi\u00e8ce luxueuse est bien plus qu'un simple bijou : c'est un symbole. <strong>cadeau<\/strong> qui symbolise l'amour, la beaut\u00e9 et l'\u00e9l\u00e9gance intemporelle. Qu'il s'agisse d'un anniversaire ou d'une occasion sp\u00e9ciale, cette bague \u00e9tonnante laissera \u00e0 coup s\u00fbr une impression durable.<\/p><p><strong>Caract\u00e9ristiques du produit :<\/strong><\/p><ul><li><strong>Mat\u00e9riau<\/strong>: La fabrication experte en or de haute qualit\u00e9 garantit \u00e0 la fois la durabilit\u00e9 et une finition luxueuse. La monture en or compl\u00e8te magnifiquement la riche teinte verte de l'\u00e9meraude et l'\u00e9clat des diamants, cr\u00e9ant ainsi une pi\u00e8ce qui rayonne d'\u00e9l\u00e9gance.<\/li><li><strong>Pierre<\/strong>: Une v\u00e9ritable \u00e9meraude naturelle au centre, connue pour sa couleur vibrante et sa clart\u00e9 exceptionnelle. Entour\u00e9 d'un halo de diamants, ce mod\u00e8le rehausse l'\u00e9clat de l'\u00e9meraude, ce qui en fait une v\u00e9ritable pi\u00e8ce ma\u00eetresse.<\/li><li><strong>Conception<\/strong>: La combinaison de l'or, de l'\u00e9meraude et des diamants cr\u00e9e un design sophistiqu\u00e9 et intemporel, \u00e0 la fois moderne et classique. Les diamants ajoutent un \u00e9clat suppl\u00e9mentaire, tandis que l'\u00e9meraude reste le point central, symbolisant l'amour, le renouveau et la vitalit\u00e9.<\/li><li><strong>Cadeau id\u00e9al<\/strong>: Qu'il s'agisse d'un anniversaire, d'une f\u00eate ou tout simplement d'une occasion, cette <strong>Anneau d'\u00e9meraude<\/strong> est un geste r\u00e9fl\u00e9chi et inoubliable. <strong>cadeau<\/strong> pour la femme sp\u00e9ciale de votre vie. C'est une pi\u00e8ce qu'elle ch\u00e9rira \u00e0 jamais, repr\u00e9sentant \u00e0 la fois la beaut\u00e9 et la nature durable de votre amour.<\/li><li><strong>L'\u00e9l\u00e9gance intemporelle<\/strong>: Avec son centre en \u00e9meraude et ses accents en diamant, cette bague est le m\u00e9lange parfait du luxe et de la signification. C'est un bijou qui sera conserv\u00e9 pr\u00e9cieusement pendant des g\u00e9n\u00e9rations.<\/li><\/ul><p>C\u00e9l\u00e9brez les moments sp\u00e9ciaux de la vie avec cette \u00e9poustouflante collection d'objets d'art. <strong>Anneau d'\u00e9meraude<\/strong>. Commandez d\u00e8s aujourd'hui et offrez-lui un cadeau d'\u00e9l\u00e9gance et d'amour qu'elle n'oubliera jamais.<\/p>\t\t\t\t\t\t\t\t<\/div>\n\t\t\t\t<\/div>\n\t\t\t\t\t<\/div>\n\t\t\t\t<\/div>\n\t\t\t\t<\/div>","protected":false},"excerpt":{"rendered":"<p>D\u00e9tails du produit :<br \/>\nM\u00e9tal : argent 925k<br \/>\nPierre pr\u00e9cieuse : \u00c9meraude brute naturelle<br \/>\nCouleur des pierres : Vert<br \/>\nCouleur du bracelet : or<br \/>\nTaille de la bague : Ajustable<br \/>\nDiam\u00e8tre de la pierre : 5\u00d77 mm<br \/>\nClart\u00e9 : Tr\u00e8s l\u00e9g\u00e8rement incluse<br \/>\nForme : Ovale<br \/>\nCoupe : Brillant mixte<\/p>","protected":false},"featured_media":1272,"comment_status":"open","ping_status":"closed","template":"","meta":{"_kad_post_transparent":"","_kad_post_title":"","_kad_post_layout":"","_kad_post_sidebar_id":"","_kad_post_content_style":"","_kad_post_vertical_padding":"","_kad_post_feature":"","_kad_post_feature_position":"","_kad_post_header":false,"_kad_post_footer":false},"product_brand":[],"product_cat":[16,17,66,20,15],"product_tag":[],"class_list":{"0":"post-750","1":"product","2":"type-product","3":"status-publish","4":"has-post-thumbnail","6":"product_cat-emerald-ring","7":"product_cat-engagement-ring","8":"product_cat-natural-gemstones-ring","9":"product_cat-oval-ring","10":"product_cat-rings","12":"first","13":"instock","14":"shipping-taxable","15":"purchasable","16":"product-type-simple","17":"entry","18":"content-bg","19":"loop-entry"},"aioseo_notices":[],"_links":{"self":[{"href":"https:\/\/emeraldsring.com\/fr\/wp-json\/wp\/v2\/product\/750","targetHints":{"allow":["GET"]}}],"collection":[{"href":"https:\/\/emeraldsring.com\/fr\/wp-json\/wp\/v2\/product"}],"about":[{"href":"https:\/\/emeraldsring.com\/fr\/wp-json\/wp\/v2\/types\/product"}],"replies":[{"embeddable":true,"href":"https:\/\/emeraldsring.com\/fr\/wp-json\/wp\/v2\/comments?post=750"}],"version-history":[{"count":6,"href":"https:\/\/emeraldsring.com\/fr\/wp-json\/wp\/v2\/product\/750\/revisions"}],"predecessor-version":[{"id":1414,"href":"https:\/\/emeraldsring.com\/fr\/wp-json\/wp\/v2\/product\/750\/revisions\/1414"}],"wp:featuredmedia":[{"embeddable":true,"href":"https:\/\/emeraldsring.com\/fr\/wp-json\/wp\/v2\/media\/1272"}],"wp:attachment":[{"href":"https:\/\/emeraldsring.com\/fr\/wp-json\/wp\/v2\/media?parent=750"}],"wp:term":[{"taxonomy":"product_brand","embeddable":true,"href":"https:\/\/emeraldsring.com\/fr\/wp-json\/wp\/v2\/product_brand?post=750"},{"taxonomy":"product_cat","embeddable":true,"href":"https:\/\/emeraldsring.com\/fr\/wp-json\/wp\/v2\/product_cat?post=750"},{"taxonomy":"product_tag","embeddable":true,"href":"https:\/\/emeraldsring.com\/fr\/wp-json\/wp\/v2\/product_tag?post=750"}],"curies":[{"name":"wp","href":"https:\/\/api.w.org\/{rel}","templated":true}]}}