{"id":842,"date":"2025-02-07T10:29:09","date_gmt":"2025-02-07T05:29:09","guid":{"rendered":"https:\/\/emeraldsring.com\/?post_type=product&#038;p=842"},"modified":"2025-04-28T19:58:59","modified_gmt":"2025-04-28T14:58:59","slug":"emerald-engagement-rings-for-women-natural-marquise-emerald-ring-jewelry-gift","status":"publish","type":"product","link":"https:\/\/emeraldsring.com\/fr\/produit\/emerald-engagement-rings-for-women-natural-marquise-emerald-ring-jewelry-gift\/","title":{"rendered":"Bague de fian\u00e7ailles Emeraude pour femme Bague Emeraude Marquise Naturelle Bijoux Cadeau"},"content":{"rendered":"<div data-elementor-type=\"product-post\" data-elementor-id=\"842\" class=\"elementor elementor-842\" data-elementor-post-type=\"product\">\n\t\t\t\t<div class=\"elementor-element elementor-element-6326be8 e-flex e-con-boxed e-con e-parent\" data-id=\"6326be8\" data-element_type=\"container\">\n\t\t\t\t\t<div class=\"e-con-inner\">\n\t\t\t\t<div class=\"elementor-element elementor-element-af5f6ad elementor-widget elementor-widget-text-editor\" data-id=\"af5f6ad\" data-element_type=\"widget\" data-widget_type=\"text-editor.default\">\n\t\t\t\t<div class=\"elementor-widget-container\">\n\t\t\t\t\t\t\t\t\t<p>C\u00e9l\u00e9brez votre amour avec ce magnifique <strong>Anneau d'\u00e9meraude<\/strong>Ce bracelet est compos\u00e9 d'une magnifique \u00e9meraude naturelle de taille marquise sertie dans un anneau de belle facture. Cette conception \u00e9l\u00e9gante en fait la bague id\u00e9ale. <strong>bague de fian\u00e7ailles<\/strong> pour ceux qui recherchent quelque chose d'unique et de significatif. L'\u00e9meraude marquise symbolise l'amour, la force et le renouveau, ce qui en fait le choix id\u00e9al pour un engagement qui change la vie. Qu'il s'agisse de fian\u00e7ailles ou d'une <strong>cadeau<\/strong>Cette bague \u00e9blouissante est un tr\u00e9sor intemporel qu'elle adorera \u00e0 jamais.<\/p><p><strong>Caract\u00e9ristiques du produit :<\/strong><\/p><ul><li><strong>Mat\u00e9riau<\/strong>: Fabriqu\u00e9 en m\u00e9tal de haute qualit\u00e9 (choisissez votre option pr\u00e9f\u00e9r\u00e9e), il offre une grande durabilit\u00e9 et une finition polie qui rehausse l'\u00e9clat de l'\u00e9meraude marquise.<\/li><li><strong>Pierre<\/strong>: L'\u00e9meraude naturelle taille marquise est la pi\u00e8ce ma\u00eetresse de cette bague, soigneusement s\u00e9lectionn\u00e9e pour sa couleur verte vibrante et sa clart\u00e9 exceptionnelle. Sa taille unique lui donne une forme allong\u00e9e et \u00e9l\u00e9gante, ajoutant une touche de sophistication au design.<\/li><li><strong>Conception<\/strong>: La bande \u00e9l\u00e9gante met en valeur l'\u00e9meraude marquise, permettant \u00e0 la pierre d'occuper le devant de la sc\u00e8ne. Ce design \u00e0 la fois contemporain et intemporel en fait le bracelet id\u00e9al. <strong>bague de fian\u00e7ailles<\/strong> ou <strong>cadeau<\/strong> pour quelqu'un qui appr\u00e9cie les bijoux fins avec une touche de distinction.<\/li><li><strong>Symbole de l'amour<\/strong>: L'\u00e9meraude repr\u00e9sente la vitalit\u00e9, la croissance et l'amour, tandis que la taille marquise symbolise la force et l'endurance. Ensemble, ils cr\u00e9ent une puissante d\u00e9claration d'engagement, faisant de cette bague une pi\u00e8ce unique. <strong>Anneau d'\u00e9meraude<\/strong> le choix id\u00e9al pour les fian\u00e7ailles, les anniversaires ou toute autre occasion sp\u00e9ciale.<\/li><li><strong>Cadeau id\u00e9al<\/strong>: Que vous c\u00e9l\u00e9briez une demande en mariage ou que vous surpreniez quelqu'un avec une <strong>cadeau<\/strong>, ce magnifique <strong>bague de fian\u00e7ailles<\/strong> sera ch\u00e9rie pendant des ann\u00e9es. C'est une pi\u00e8ce qui restera un symbole intemporel d'amour et de d\u00e9votion.<\/li><\/ul><p>Faites en sorte qu'elle se sente vraiment sp\u00e9ciale avec cette \u00e9poustouflante <strong>Anneau d'\u00e9meraude<\/strong>. Commandez d\u00e8s aujourd'hui et offrez une magnifique bague de fian\u00e7ailles qui capturera \u00e0 jamais l'essence de votre amour.<\/p>\t\t\t\t\t\t\t\t<\/div>\n\t\t\t\t<\/div>\n\t\t\t\t\t<\/div>\n\t\t\t\t<\/div>\n\t\t\t\t<\/div>","protected":false},"excerpt":{"rendered":"<p><strong>D\u00e9tails du produit :<\/strong><br \/>\nM\u00e9tal : argent 925k<br \/>\nPierre pr\u00e9cieuse : \u00c9meraude brute naturelle<br \/>\nCouleur des pierres : Vert<br \/>\nCouleur du bracelet : plaqu\u00e9 or rose, plaqu\u00e9 or blanc<br \/>\nTaille de la bague : Ajustable<br \/>\nDiam\u00e8tre de la pierre : 3\u00d76 mm<br \/>\nClart\u00e9 : Tr\u00e8s l\u00e9g\u00e8rement incluse<br \/>\nForme : Marquise<br \/>\nCoupe : Brillant mixte<\/p>","protected":false},"featured_media":845,"comment_status":"open","ping_status":"closed","template":"","meta":{"_kad_post_transparent":"","_kad_post_title":"","_kad_post_layout":"","_kad_post_sidebar_id":"","_kad_post_content_style":"","_kad_post_vertical_padding":"","_kad_post_feature":"","_kad_post_feature_position":"","_kad_post_header":false,"_kad_post_footer":false},"product_brand":[],"product_cat":[16,17,26,66,15],"product_tag":[],"class_list":{"0":"post-842","1":"product","2":"type-product","3":"status-publish","4":"has-post-thumbnail","6":"product_cat-emerald-ring","7":"product_cat-engagement-ring","8":"product_cat-marquise-ring","9":"product_cat-natural-gemstones-ring","10":"product_cat-rings","12":"first","13":"instock","14":"shipping-taxable","15":"purchasable","16":"product-type-variable","17":"entry","18":"content-bg","19":"loop-entry"},"aioseo_notices":[],"_links":{"self":[{"href":"https:\/\/emeraldsring.com\/fr\/wp-json\/wp\/v2\/product\/842","targetHints":{"allow":["GET"]}}],"collection":[{"href":"https:\/\/emeraldsring.com\/fr\/wp-json\/wp\/v2\/product"}],"about":[{"href":"https:\/\/emeraldsring.com\/fr\/wp-json\/wp\/v2\/types\/product"}],"replies":[{"embeddable":true,"href":"https:\/\/emeraldsring.com\/fr\/wp-json\/wp\/v2\/comments?post=842"}],"version-history":[{"count":5,"href":"https:\/\/emeraldsring.com\/fr\/wp-json\/wp\/v2\/product\/842\/revisions"}],"predecessor-version":[{"id":1393,"href":"https:\/\/emeraldsring.com\/fr\/wp-json\/wp\/v2\/product\/842\/revisions\/1393"}],"wp:featuredmedia":[{"embeddable":true,"href":"https:\/\/emeraldsring.com\/fr\/wp-json\/wp\/v2\/media\/845"}],"wp:attachment":[{"href":"https:\/\/emeraldsring.com\/fr\/wp-json\/wp\/v2\/media?parent=842"}],"wp:term":[{"taxonomy":"product_brand","embeddable":true,"href":"https:\/\/emeraldsring.com\/fr\/wp-json\/wp\/v2\/product_brand?post=842"},{"taxonomy":"product_cat","embeddable":true,"href":"https:\/\/emeraldsring.com\/fr\/wp-json\/wp\/v2\/product_cat?post=842"},{"taxonomy":"product_tag","embeddable":true,"href":"https:\/\/emeraldsring.com\/fr\/wp-json\/wp\/v2\/product_tag?post=842"}],"curies":[{"name":"wp","href":"https:\/\/api.w.org\/{rel}","templated":true}]}}