{"id":850,"date":"2025-02-07T10:58:33","date_gmt":"2025-02-07T05:58:33","guid":{"rendered":"https:\/\/emeraldsring.com\/?post_type=product&#038;p=850"},"modified":"2025-04-28T19:58:57","modified_gmt":"2025-04-28T14:58:57","slug":"raw-natural-zambian-emerald-ring-for-women-vintage-engagement-ring","status":"publish","type":"product","link":"https:\/\/emeraldsring.com\/fr\/produit\/raw-natural-zambian-emerald-ring-for-women-vintage-engagement-ring\/","title":{"rendered":"Bague d'Emeraude Zambienne Naturelle pour Femme Bague de Fian\u00e7ailles Vintage"},"content":{"rendered":"<div data-elementor-type=\"product-post\" data-elementor-id=\"850\" class=\"elementor elementor-850\" data-elementor-post-type=\"product\">\n\t\t\t\t<div class=\"elementor-element elementor-element-a386b32 e-flex e-con-boxed e-con e-parent\" data-id=\"a386b32\" data-element_type=\"container\" data-e-type=\"container\">\n\t\t\t\t\t<div class=\"e-con-inner\">\n\t\t\t\t<div class=\"elementor-element elementor-element-61252be elementor-widget elementor-widget-text-editor\" data-id=\"61252be\" data-element_type=\"widget\" data-e-type=\"widget\" data-widget_type=\"text-editor.default\">\n\t\t\t\t<div class=\"elementor-widget-container\">\n\t\t\t\t\t\t\t\t\t<p>Embrassez la beaut\u00e9 de la nature avec cette magnifique <strong>Anneau d'\u00e9meraude<\/strong>Ce bijou est compos\u00e9 d'une \u00e9meraude naturelle de Zambie qui capture l'essence de l'\u00e9l\u00e9gance intemporelle. Serti dans un anneau d'inspiration vintage magnifiquement travaill\u00e9, ce mod\u00e8le unique est le choix id\u00e9al. <strong>bague de fian\u00e7ailles<\/strong> pour ceux qui appr\u00e9cient un m\u00e9lange de charme rustique et de style sophistiqu\u00e9. La teinte verte riche et profonde de l'\u00e9meraude brute symbolise l'amour, la croissance et le renouveau, ce qui en fait un choix parfait pour marquer le d\u00e9but d'un voyage de toute une vie.<\/p><p><strong>Caract\u00e9ristiques du produit :<\/strong><\/p><ul><li><strong>Mat\u00e9riau<\/strong>: Fabriqu\u00e9 en m\u00e9tal de haute qualit\u00e9 (choisissez votre option pr\u00e9f\u00e9r\u00e9e), le bracelet est con\u00e7u pour compl\u00e9ter l'\u00e9meraude brute, lui donnant un aspect vintage et artisanal qui met en valeur la beaut\u00e9 naturelle de la pierre.<\/li><li><strong>Pierre<\/strong>: L'\u00e9meraude zambienne brute est la pi\u00e8ce ma\u00eetresse de cette bague exquise, connue pour sa couleur vert profond et sa texture unique et non polie. Cette \u00e9meraude naturelle capture la beaut\u00e9 pure et organique de la pierre, cr\u00e9ant une pi\u00e8ce unique \u00e0 la fois captivante et significative.<\/li><li><strong>Conception<\/strong>: Le bracelet d'inspiration vintage ajoute une touche \u00e9l\u00e9gante et intemporelle \u00e0 l'\u00e9meraude brute. <strong>Anneau d'\u00e9meraude<\/strong> parfait pour les personnes qui recherchent une <strong>bague de fian\u00e7ailles<\/strong> avec un caract\u00e8re distinct et personnel. Son charme rustique, associ\u00e9 \u00e0 un savoir-faire raffin\u00e9, lui permet de se distinguer des autres.<\/li><li><strong>Symbole de l'amour<\/strong>: L'\u00e9meraude est un symbole de vitalit\u00e9, d'amour et de renouveau, tandis que la nature brute de la pierre souligne l'authenticit\u00e9 et la force. Cela en fait la pierre id\u00e9ale <strong>bague de fian\u00e7ailles<\/strong> pour marquer le d\u00e9but d'un nouveau chapitre de la vie avec un amour aussi r\u00e9el et durable que la pierre pr\u00e9cieuse elle-m\u00eame.<\/li><li><strong>L'\u00e9l\u00e9gance intemporelle<\/strong>: Malgr\u00e9 son aspect rustique et moderne, cette <strong>Anneau d'\u00e9meraude<\/strong> est une pi\u00e8ce classique qui restera un h\u00e9ritage pr\u00e9cieux pour des g\u00e9n\u00e9rations. Il est id\u00e9al pour ceux qui recherchent une <strong>bague de fian\u00e7ailles vintage<\/strong> qui raconte une histoire et refl\u00e8te leur amour d'une mani\u00e8re unique et significative.<\/li><\/ul><p>C\u00e9l\u00e9brez votre engagement avec une pi\u00e8ce aussi rare et belle que votre amour. Commandez aujourd'hui et offrez le cadeau d'un <strong>bague de fian\u00e7ailles en \u00e9meraude naturelle brute<\/strong> qui durera toute une vie.<\/p>\t\t\t\t\t\t\t\t<\/div>\n\t\t\t\t<\/div>\n\t\t\t\t\t<\/div>\n\t\t\t\t<\/div>\n\t\t\t\t<\/div>","protected":false},"excerpt":{"rendered":"<p><strong>D\u00e9tails du produit :<\/strong><br \/>\nM\u00e9tal : argent 925k<br \/>\nPierre pr\u00e9cieuse : \u00c9meraude brute naturelle<br \/>\nCouleur des pierres : Vert<br \/>\nCouleur du bracelet : Vermeil or rose, Vermeil or blanc<br \/>\nTaille de la bague : Ajustable<br \/>\nDiam\u00e8tre de la pierre : 3\u00d76 mm<br \/>\nClart\u00e9 : Tr\u00e8s l\u00e9g\u00e8rement incluse<br \/>\nForme : Marquise<br \/>\nCoupe : Brillant mixte<\/p>","protected":false},"featured_media":852,"comment_status":"open","ping_status":"closed","template":"","meta":{"_kad_post_transparent":"","_kad_post_title":"","_kad_post_layout":"","_kad_post_sidebar_id":"","_kad_post_content_style":"","_kad_post_vertical_padding":"","_kad_post_feature":"","_kad_post_feature_position":"","_kad_post_header":false,"_kad_post_footer":false},"product_brand":[],"product_cat":[16,17,26,66,15],"product_tag":[],"class_list":{"0":"post-850","1":"product","2":"type-product","3":"status-publish","4":"has-post-thumbnail","6":"product_cat-emerald-ring","7":"product_cat-engagement-ring","8":"product_cat-marquise-ring","9":"product_cat-natural-gemstones-ring","10":"product_cat-rings","12":"first","13":"instock","14":"shipping-taxable","15":"purchasable","16":"product-type-variable","17":"entry","18":"content-bg","19":"loop-entry"},"aioseo_notices":[],"_links":{"self":[{"href":"https:\/\/emeraldsring.com\/fr\/wp-json\/wp\/v2\/product\/850","targetHints":{"allow":["GET"]}}],"collection":[{"href":"https:\/\/emeraldsring.com\/fr\/wp-json\/wp\/v2\/product"}],"about":[{"href":"https:\/\/emeraldsring.com\/fr\/wp-json\/wp\/v2\/types\/product"}],"replies":[{"embeddable":true,"href":"https:\/\/emeraldsring.com\/fr\/wp-json\/wp\/v2\/comments?post=850"}],"version-history":[{"count":5,"href":"https:\/\/emeraldsring.com\/fr\/wp-json\/wp\/v2\/product\/850\/revisions"}],"predecessor-version":[{"id":1392,"href":"https:\/\/emeraldsring.com\/fr\/wp-json\/wp\/v2\/product\/850\/revisions\/1392"}],"wp:featuredmedia":[{"embeddable":true,"href":"https:\/\/emeraldsring.com\/fr\/wp-json\/wp\/v2\/media\/852"}],"wp:attachment":[{"href":"https:\/\/emeraldsring.com\/fr\/wp-json\/wp\/v2\/media?parent=850"}],"wp:term":[{"taxonomy":"product_brand","embeddable":true,"href":"https:\/\/emeraldsring.com\/fr\/wp-json\/wp\/v2\/product_brand?post=850"},{"taxonomy":"product_cat","embeddable":true,"href":"https:\/\/emeraldsring.com\/fr\/wp-json\/wp\/v2\/product_cat?post=850"},{"taxonomy":"product_tag","embeddable":true,"href":"https:\/\/emeraldsring.com\/fr\/wp-json\/wp\/v2\/product_tag?post=850"}],"curies":[{"name":"wp","href":"https:\/\/api.w.org\/{rel}","templated":true}]}}