{"id":858,"date":"2025-02-07T11:15:53","date_gmt":"2025-02-07T06:15:53","guid":{"rendered":"https:\/\/emeraldsring.com\/?post_type=product&#038;p=858"},"modified":"2025-04-28T19:58:52","modified_gmt":"2025-04-28T14:58:52","slug":"marquise-shape-natural-emerald-ring-gift-for-her","status":"publish","type":"product","link":"https:\/\/emeraldsring.com\/fr\/produit\/marquise-shape-natural-emerald-ring-gift-for-her\/","title":{"rendered":"Bague en \u00e9meraude naturelle de forme marquise Cadeau pour elle"},"content":{"rendered":"<div data-elementor-type=\"product-post\" data-elementor-id=\"858\" class=\"elementor elementor-858\" data-elementor-post-type=\"product\">\n\t\t\t\t<div class=\"elementor-element elementor-element-003be99 e-flex e-con-boxed e-con e-parent\" data-id=\"003be99\" data-element_type=\"container\">\n\t\t\t\t\t<div class=\"e-con-inner\">\n\t\t\t\t<div class=\"elementor-element elementor-element-7fdc9ba elementor-widget elementor-widget-text-editor\" data-id=\"7fdc9ba\" data-element_type=\"widget\" data-widget_type=\"text-editor.default\">\n\t\t\t\t<div class=\"elementor-widget-container\">\n\t\t\t\t\t\t\t\t\t<p>C\u00e9l\u00e9brez sa beaut\u00e9 gr\u00e2ce \u00e0 l'\u00e9l\u00e9gance de cette <strong>Anneau d'\u00e9meraude<\/strong>Cette bague est orn\u00e9e d'une magnifique \u00e9meraude naturelle en forme de marquise. Con\u00e7ue pour impressionner, cette bague exquise est l'accessoire id\u00e9al pour les femmes. <strong>cadeau<\/strong> pour toute occasion, qu'il s'agisse d'un anniversaire ou d'un geste sp\u00e9cial pour montrer votre amour. La forme allong\u00e9e de l'\u00e9meraude taille marquise et sa couleur verte vibrante ajoutent une touche de sophistication, rendant cette pi\u00e8ce \u00e0 la fois intemporelle et captivante.<\/p><p><strong>Caract\u00e9ristiques du produit :<\/strong><\/p><ul><li><strong>Mat\u00e9riau<\/strong>: Fabriqu\u00e9 en m\u00e9tal de haute qualit\u00e9 (choisissez votre option pr\u00e9f\u00e9r\u00e9e), garantissant la durabilit\u00e9 et une finition polie qui compl\u00e8te la magnifique \u00e9meraude en son centre.<\/li><li><strong>Pierre<\/strong>: L'\u00e9meraude naturelle est taill\u00e9e en forme de marquise, connue pour sa silhouette allong\u00e9e et \u00e9l\u00e9gante. Sa riche couleur verte et sa clart\u00e9 en font une pierre qui attire l'attention, parfaite pour ceux qui appr\u00e9cient la beaut\u00e9 de la nature et le savoir-faire artisanal.<\/li><li><strong>Conception<\/strong>: L'\u00e9meraude taille marquise est sertie dans un anneau moderne et \u00e9l\u00e9gant qui met en valeur la beaut\u00e9 de la pierre. Son design \u00e0 la fois simple et sophistiqu\u00e9 en fait une pi\u00e8ce polyvalente, parfaite pour \u00eatre port\u00e9e au quotidien ou pour une occasion sp\u00e9ciale. Qu'il s'agisse d'une <strong>cadeau<\/strong> ou un <strong>pi\u00e8ce de d\u00e9claration<\/strong>, ce <strong>Anneau d'\u00e9meraude<\/strong> la fera se sentir vraiment ch\u00e9rie.<\/li><li><strong>Symbole de l'amour<\/strong>: L'\u00e9meraude est un symbole de vitalit\u00e9, de croissance et de renouveau. <strong>Bague Marquise<\/strong> un cadeau significatif et magnifique pour elle. C'est un gage d'amour intemporel qu'elle ch\u00e9rira pendant des ann\u00e9es.<\/li><li><strong>Cadeau id\u00e9al<\/strong>: Que vous c\u00e9l\u00e9briez une \u00e9tape importante ou que vous souhaitiez simplement montrer votre affection, cette <strong>Anneau d'\u00e9meraude<\/strong> est l'id\u00e9al <strong>cadeau<\/strong> pour la femme sp\u00e9ciale de votre vie. Son design \u00e9l\u00e9gant et sa signification symbolique en font un cadeau ind\u00e9modable.<\/li><\/ul><p>Faites-lui sentir qu'elle est extraordinaire avec ce superbe <strong>Anneau d'\u00e9meraude<\/strong>. Commandez aujourd'hui et donnez \u00e0 la <strong>cadeau<\/strong> d'une beaut\u00e9 et d'une \u00e9l\u00e9gance intemporelles qu'elle ch\u00e9rira \u00e0 jamais.<\/p>\t\t\t\t\t\t\t\t<\/div>\n\t\t\t\t<\/div>\n\t\t\t\t\t<\/div>\n\t\t\t\t<\/div>\n\t\t\t\t<\/div>","protected":false},"excerpt":{"rendered":"<p>C\u00e9l\u00e9brez sa beaut\u00e9 avec l'\u00e9l\u00e9gance de cette bague en \u00e9meraude, orn\u00e9e d'une magnifique \u00e9meraude naturelle en forme de marquise. Con\u00e7ue pour impressionner, cette bague exquise est le cadeau id\u00e9al pour toute occasion, qu'il s'agisse d'un anniversaire ou d'un geste sp\u00e9cial pour montrer votre amour. La forme allong\u00e9e de l'\u00e9meraude taille marquise et sa couleur verte vibrante ajoutent...<\/p>","protected":false},"featured_media":868,"comment_status":"open","ping_status":"closed","template":"","meta":{"_kad_post_transparent":"","_kad_post_title":"","_kad_post_layout":"","_kad_post_sidebar_id":"","_kad_post_content_style":"","_kad_post_vertical_padding":"","_kad_post_feature":"","_kad_post_feature_position":"","_kad_post_header":false,"_kad_post_footer":false},"product_brand":[],"product_cat":[16,26,66,15],"product_tag":[],"class_list":{"0":"post-858","1":"product","2":"type-product","3":"status-publish","4":"has-post-thumbnail","6":"product_cat-emerald-ring","7":"product_cat-marquise-ring","8":"product_cat-natural-gemstones-ring","9":"product_cat-rings","11":"first","12":"instock","13":"shipping-taxable","14":"purchasable","15":"product-type-variable","16":"entry","17":"content-bg","18":"loop-entry"},"aioseo_notices":[],"_links":{"self":[{"href":"https:\/\/emeraldsring.com\/fr\/wp-json\/wp\/v2\/product\/858","targetHints":{"allow":["GET"]}}],"collection":[{"href":"https:\/\/emeraldsring.com\/fr\/wp-json\/wp\/v2\/product"}],"about":[{"href":"https:\/\/emeraldsring.com\/fr\/wp-json\/wp\/v2\/types\/product"}],"replies":[{"embeddable":true,"href":"https:\/\/emeraldsring.com\/fr\/wp-json\/wp\/v2\/comments?post=858"}],"version-history":[{"count":5,"href":"https:\/\/emeraldsring.com\/fr\/wp-json\/wp\/v2\/product\/858\/revisions"}],"predecessor-version":[{"id":1391,"href":"https:\/\/emeraldsring.com\/fr\/wp-json\/wp\/v2\/product\/858\/revisions\/1391"}],"wp:featuredmedia":[{"embeddable":true,"href":"https:\/\/emeraldsring.com\/fr\/wp-json\/wp\/v2\/media\/868"}],"wp:attachment":[{"href":"https:\/\/emeraldsring.com\/fr\/wp-json\/wp\/v2\/media?parent=858"}],"wp:term":[{"taxonomy":"product_brand","embeddable":true,"href":"https:\/\/emeraldsring.com\/fr\/wp-json\/wp\/v2\/product_brand?post=858"},{"taxonomy":"product_cat","embeddable":true,"href":"https:\/\/emeraldsring.com\/fr\/wp-json\/wp\/v2\/product_cat?post=858"},{"taxonomy":"product_tag","embeddable":true,"href":"https:\/\/emeraldsring.com\/fr\/wp-json\/wp\/v2\/product_tag?post=858"}],"curies":[{"name":"wp","href":"https:\/\/api.w.org\/{rel}","templated":true}]}}