{"id":871,"date":"2025-02-07T11:28:57","date_gmt":"2025-02-07T06:28:57","guid":{"rendered":"https:\/\/emeraldsring.com\/?post_type=product&#038;p=871"},"modified":"2025-04-28T19:58:49","modified_gmt":"2025-04-28T14:58:49","slug":"real-emerald-cut-ring-925-sterling-silver-green-emerald-ring-gift-for-her","status":"publish","type":"product","link":"https:\/\/emeraldsring.com\/fr\/produit\/real-emerald-cut-ring-925-sterling-silver-green-emerald-ring-gift-for-her\/","title":{"rendered":"Bague en or v\u00e9ritable avec taille d'\u00e9meraude Bague en \u00e9meraude verte Cadeau pour elle"},"content":{"rendered":"<div data-elementor-type=\"product-post\" data-elementor-id=\"871\" class=\"elementor elementor-871\" data-elementor-post-type=\"product\">\n\t\t\t\t<div class=\"elementor-element elementor-element-7238367 e-flex e-con-boxed e-con e-parent\" data-id=\"7238367\" data-element_type=\"container\">\n\t\t\t\t\t<div class=\"e-con-inner\">\n\t\t\t\t<div class=\"elementor-element elementor-element-a6f3c32 elementor-widget elementor-widget-text-editor\" data-id=\"a6f3c32\" data-element_type=\"widget\" data-widget_type=\"text-editor.default\">\n\t\t\t\t<div class=\"elementor-widget-container\">\n\t\t\t\t\t\t\t\t\t<p>Ravissez-la avec la beaut\u00e9 captivante de cette <strong>Anneau d'\u00e9meraude<\/strong>Ce bracelet est compos\u00e9 d'une v\u00e9ritable \u00e9meraude verte taill\u00e9e dans un anneau intemporel en argent sterling 925. Ce mod\u00e8le \u00e9tonnant associe l'\u00e9l\u00e9gance classique de l'\u00e9meraude \u00e0 la sophistication de l'argent sterling, ce qui en fait la monture id\u00e9ale. <strong>bague de fian\u00e7ailles<\/strong> ou <strong>cadeau<\/strong> pour elle. Qu'il s'agisse d'une occasion sp\u00e9ciale ou d'un geste sinc\u00e8re, cette magnifique pi\u00e8ce saura conqu\u00e9rir son c\u0153ur et deviendra un \u00e9l\u00e9ment pr\u00e9cieux de sa collection.<\/p><p><strong>Caract\u00e9ristiques du produit :<\/strong><\/p><ul><li><strong>Mat\u00e9riau<\/strong>: Fabriqu\u00e9e en argent sterling 925 de premi\u00e8re qualit\u00e9, cette <strong>Anneau d'\u00e9meraude<\/strong> garantit \u00e0 la fois la durabilit\u00e9 et une finition \u00e9l\u00e9gante et polie qui compl\u00e8te la riche teinte verte de l'\u00e9meraude.<\/li><li><strong>Pierre<\/strong>: La pi\u00e8ce ma\u00eetresse de cette bague est une v\u00e9ritable \u00e9meraude verte taill\u00e9e en \u00e9meraude, s\u00e9lectionn\u00e9e pour sa couleur vive et sa clart\u00e9 remarquable. La taille \u00e9meraude rehausse l'\u00e9clat naturel de la pierre, ce qui en fait un v\u00e9ritable bijou sous toutes les lumi\u00e8res.<\/li><li><strong>Conception<\/strong>: L'anneau en argent sterling, \u00e0 la fois simple et sophistiqu\u00e9, permet \u00e0 l'\u00e9meraude de briller en tant que point focal, faisant de cette bague un choix parfait pour un couple de femmes. <strong>bague de fian\u00e7ailles<\/strong> ou <strong>cadeau<\/strong>. Son design \u00e9l\u00e9gant et moderne le rend suffisamment polyvalent pour \u00eatre port\u00e9 au quotidien ou lors d'occasions sp\u00e9ciales.<\/li><li><strong>Symbole de l'amour<\/strong>: Les \u00e9meraudes sont connues pour symboliser l'amour, la croissance et la renaissance. <strong>Anneau d'\u00e9meraude<\/strong> un symbole significatif d'engagement et d'affection. C'est une pi\u00e8ce \u00e9tonnante qui lui rappellera \u00e0 jamais votre amour et votre d\u00e9vouement.<\/li><li><strong>Cadeau id\u00e9al<\/strong>: Que vous souhaitiez marquer un moment sp\u00e9cial, comme une demande en mariage, ou simplement montrer votre amour, cette <strong>Anneau d'\u00e9meraude<\/strong> est le parfait <strong>cadeau<\/strong> pour toute femme. Son design intemporel et sa signification symbolique en font une pi\u00e8ce qu'elle ch\u00e9rira \u00e0 jamais.<\/li><\/ul><p>Faites-lui sentir qu'elle est extraordinaire avec cette \u00e9l\u00e9gante <strong>Anneau d'\u00e9meraude<\/strong>. Commandez aujourd'hui et donnez \u00e0 la <strong>cadeau<\/strong> de beaut\u00e9, d'amour et de sophistication qu'elle ch\u00e9rira toute sa vie.<\/p>\t\t\t\t\t\t\t\t<\/div>\n\t\t\t\t<\/div>\n\t\t\t\t\t<\/div>\n\t\t\t\t<\/div>\n\t\t\t\t<\/div>","protected":false},"excerpt":{"rendered":"<p>D\u00e9tails du produit :<br \/>\nM\u00e9tal : argent 925k<br \/>\nPierre pr\u00e9cieuse : \u00c9meraude brute naturelle<br \/>\nCouleur des pierres : Vert<br \/>\nCouleur du bracelet : or<br \/>\nTaille de la bague : Ajustable<br \/>\nDiam\u00e8tre de la pierre : 3\u00d73 mm<br \/>\nClart\u00e9 : Tr\u00e8s l\u00e9g\u00e8rement incluse<br \/>\nForme : Marquise<br \/>\nCoupe : Brillant mixte<\/p>","protected":false},"featured_media":873,"comment_status":"open","ping_status":"closed","template":"","meta":{"_kad_post_transparent":"","_kad_post_title":"","_kad_post_layout":"","_kad_post_sidebar_id":"","_kad_post_content_style":"","_kad_post_vertical_padding":"","_kad_post_feature":"","_kad_post_feature_position":"","_kad_post_header":false,"_kad_post_footer":false},"product_brand":[],"product_cat":[16,66,56,15],"product_tag":[],"class_list":{"0":"post-871","1":"product","2":"type-product","3":"status-publish","4":"has-post-thumbnail","6":"product_cat-emerald-ring","7":"product_cat-natural-gemstones-ring","8":"product_cat-princess","9":"product_cat-rings","11":"first","12":"instock","13":"sale","14":"shipping-taxable","15":"purchasable","16":"product-type-simple","17":"entry","18":"content-bg","19":"loop-entry"},"aioseo_notices":[],"_links":{"self":[{"href":"https:\/\/emeraldsring.com\/fr\/wp-json\/wp\/v2\/product\/871","targetHints":{"allow":["GET"]}}],"collection":[{"href":"https:\/\/emeraldsring.com\/fr\/wp-json\/wp\/v2\/product"}],"about":[{"href":"https:\/\/emeraldsring.com\/fr\/wp-json\/wp\/v2\/types\/product"}],"replies":[{"embeddable":true,"href":"https:\/\/emeraldsring.com\/fr\/wp-json\/wp\/v2\/comments?post=871"}],"version-history":[{"count":7,"href":"https:\/\/emeraldsring.com\/fr\/wp-json\/wp\/v2\/product\/871\/revisions"}],"predecessor-version":[{"id":1332,"href":"https:\/\/emeraldsring.com\/fr\/wp-json\/wp\/v2\/product\/871\/revisions\/1332"}],"wp:featuredmedia":[{"embeddable":true,"href":"https:\/\/emeraldsring.com\/fr\/wp-json\/wp\/v2\/media\/873"}],"wp:attachment":[{"href":"https:\/\/emeraldsring.com\/fr\/wp-json\/wp\/v2\/media?parent=871"}],"wp:term":[{"taxonomy":"product_brand","embeddable":true,"href":"https:\/\/emeraldsring.com\/fr\/wp-json\/wp\/v2\/product_brand?post=871"},{"taxonomy":"product_cat","embeddable":true,"href":"https:\/\/emeraldsring.com\/fr\/wp-json\/wp\/v2\/product_cat?post=871"},{"taxonomy":"product_tag","embeddable":true,"href":"https:\/\/emeraldsring.com\/fr\/wp-json\/wp\/v2\/product_tag?post=871"}],"curies":[{"name":"wp","href":"https:\/\/api.w.org\/{rel}","templated":true}]}}