{"id":922,"date":"2025-02-08T19:47:12","date_gmt":"2025-02-08T14:47:12","guid":{"rendered":"https:\/\/emeraldsring.com\/?post_type=product&#038;p=922"},"modified":"2025-04-28T19:58:38","modified_gmt":"2025-04-28T14:58:38","slug":"oval-emerald-cut-ring-real-emerald-birthstone-ring-perfect-gift-for-her","status":"publish","type":"product","link":"https:\/\/emeraldsring.com\/fr\/produit\/oval-emerald-cut-ring-real-emerald-birthstone-ring-perfect-gift-for-her\/","title":{"rendered":"Bague ovale en forme d'\u00e9meraude Bague en forme d'\u00e9meraude v\u00e9ritable Cadeau parfait pour elle"},"content":{"rendered":"<div data-elementor-type=\"product-post\" data-elementor-id=\"922\" class=\"elementor elementor-922\" data-elementor-post-type=\"product\">\n\t\t\t\t<div class=\"elementor-element elementor-element-6bb2c97 e-flex e-con-boxed e-con e-parent\" data-id=\"6bb2c97\" data-element_type=\"container\" data-e-type=\"container\">\n\t\t\t\t\t<div class=\"e-con-inner\">\n\t\t<div class=\"elementor-element elementor-element-67eaa61 e-con-full e-flex e-con e-child\" data-id=\"67eaa61\" data-element_type=\"container\" data-e-type=\"container\">\n\t\t\t\t<div class=\"elementor-element elementor-element-731f176 elementor-widget elementor-widget-video\" data-id=\"731f176\" data-element_type=\"widget\" data-e-type=\"widget\" data-settings=\"{&quot;youtube_url&quot;:&quot;https:\\\/\\\/www.youtube.com\\\/watch?v=RpPMRmGLCUQ&quot;,&quot;video_type&quot;:&quot;youtube&quot;,&quot;controls&quot;:&quot;yes&quot;}\" data-widget_type=\"video.default\">\n\t\t\t\t<div class=\"elementor-widget-container\">\n\t\t\t\t\t\t\t<div class=\"elementor-wrapper elementor-open-inline\">\n\t\t\t<div class=\"elementor-video\"><\/div>\t\t<\/div>\n\t\t\t\t\t\t<\/div>\n\t\t\t\t<\/div>\n\t\t\t\t<\/div>\n\t\t\t\t<div class=\"elementor-element elementor-element-b2f846a elementor-widget elementor-widget-text-editor\" data-id=\"b2f846a\" data-element_type=\"widget\" data-e-type=\"widget\" data-widget_type=\"text-editor.default\">\n\t\t\t\t<div class=\"elementor-widget-container\">\n\t\t\t\t\t\t\t\t\t<p>Rendez votre demande en mariage inoubliable gr\u00e2ce \u00e0 cette magnifique <strong>Anneau d'\u00e9meraude<\/strong>Ce bracelet est compos\u00e9 d'une \u00e9meraude naturelle de taille ovale, entour\u00e9e de diamants \u00e9tincelants et sertie dans un luxueux anneau d'or. Cette \u00e9l\u00e9gante <strong>bague de fian\u00e7ailles<\/strong> associe la beaut\u00e9 intemporelle de l'\u00e9meraude \u00e0 l'\u00e9clat du diamant, cr\u00e9ant ainsi un symbole unique et significatif de votre amour et de votre engagement.<\/p><p><strong>Caract\u00e9ristiques du produit :<\/strong><\/p><ul><li><strong>Mat\u00e9riau<\/strong>: R\u00e9alis\u00e9e en or de haute qualit\u00e9, cette <strong>Anneau d'\u00e9meraude<\/strong> est \u00e0 la fois durable et raffin\u00e9e, offrant un \u00e9quilibre parfait entre luxe et beaut\u00e9 durable. Le bracelet en or met en valeur le vert vibrant de l'\u00e9meraude et l'\u00e9clat des diamants, cr\u00e9ant ainsi une pi\u00e8ce sophistiqu\u00e9e et intemporelle.<\/li><li><strong>Pierre<\/strong>: La pi\u00e8ce ma\u00eetresse de cette exquise <strong>bague de fian\u00e7ailles<\/strong> est une \u00e9meraude naturelle de taille ovale, soigneusement s\u00e9lectionn\u00e9e pour sa riche couleur verte et sa clart\u00e9 exceptionnelle. L'\u00e9meraude est flanqu\u00e9e de deux diamants \u00e9tincelants qui lui conf\u00e8rent un \u00e9clat suppl\u00e9mentaire et cr\u00e9ent un superbe design \u00e0 trois pierres qui symbolise le pass\u00e9, le pr\u00e9sent et l'avenir de votre amour.<\/li><li><strong>Conception<\/strong>: L'\u00e9l\u00e9gante bague \u00e0 trois pierres pr\u00e9sente une \u00e9meraude ovale sertie entre deux diamants \u00e9blouissants, le tout entour\u00e9 d'un anneau d'or magnifiquement poli. La combinaison de l'\u00e9meraude et des diamants fait de cette bague un choix parfait pour ceux qui d\u00e9sirent quelque chose de vraiment sp\u00e9cial et distinctif pour leurs fian\u00e7ailles.<\/li><li><strong>Symbole de l'amour<\/strong>: Les \u00e9meraudes repr\u00e9sentent l'amour, le renouveau et la croissance, tandis que les diamants symbolisent l'engagement \u00e9ternel et la force. Ensemble, ils forment un ensemble puissant et significatif. <strong>bague de fian\u00e7ailles<\/strong> qui refl\u00e8te la profondeur et la promesse de votre relation.<\/li><li><strong>Bague de fian\u00e7ailles parfaite<\/strong>: Que vous soyez \u00e0 la recherche d'une fa\u00e7on unique de faire votre demande en mariage ou d'un symbole \u00e9blouissant de votre amour, cette <strong>Anneau d'\u00e9meraude<\/strong> est le choix id\u00e9al. Son design \u00e9l\u00e9gant et intemporel en fait un symbole pr\u00e9cieux de votre engagement pour les ann\u00e9es \u00e0 venir.<\/li><\/ul><p>Faites de ce moment un moment inoubliable avec cette \u00e9poustouflante <strong>Anneau d'\u00e9meraude<\/strong>. Commandez aujourd'hui et offrez-lui le cadeau de la beaut\u00e9, de l'amour et de l'\u00e9ternit\u00e9.<\/p>\t\t\t\t\t\t\t\t<\/div>\n\t\t\t\t<\/div>\n\t\t\t\t\t<\/div>\n\t\t\t\t<\/div>\n\t\t\t\t<\/div>","protected":false},"excerpt":{"rendered":"<p>D\u00e9tails du produit :<br \/>\nM\u00e9tal : argent 925k<br \/>\nPierre pr\u00e9cieuse : \u00c9meraude brute naturelle<br \/>\nCouleur des pierres : Vert<br \/>\nCouleur du bracelet : or, or blanc<br \/>\nTaille de la bague : Ajustable<br \/>\nDiam\u00e8tre de la pierre : 4\u00d76 mm<br \/>\nClart\u00e9 : Tr\u00e8s l\u00e9g\u00e8rement incluse<br \/>\nForme : Ovale<br \/>\nCoupe : Brillant mixte<\/p>\n<div id=\"gtx-trans\" style=\"position: absolute; left: 83px; top: 183px;\">\n<div class=\"gtx-trans-icon\"><\/div>\n<\/div>","protected":false},"featured_media":1354,"comment_status":"open","ping_status":"closed","template":"","meta":{"_kad_post_transparent":"","_kad_post_title":"","_kad_post_layout":"","_kad_post_sidebar_id":"","_kad_post_content_style":"","_kad_post_vertical_padding":"","_kad_post_feature":"","_kad_post_feature_position":"","_kad_post_header":false,"_kad_post_footer":false},"product_brand":[],"product_cat":[16,89,66,20,15,69],"product_tag":[],"class_list":{"0":"post-922","1":"product","2":"type-product","3":"status-publish","4":"has-post-thumbnail","6":"product_cat-emerald-ring","7":"product_cat-engagement-and-wedding","8":"product_cat-natural-gemstones-ring","9":"product_cat-oval-ring","10":"product_cat-rings","11":"product_cat-solitaire","13":"first","14":"instock","15":"shipping-taxable","16":"purchasable","17":"product-type-variable","18":"entry","19":"content-bg","20":"loop-entry"},"aioseo_notices":[],"_links":{"self":[{"href":"https:\/\/emeraldsring.com\/fr\/wp-json\/wp\/v2\/product\/922","targetHints":{"allow":["GET"]}}],"collection":[{"href":"https:\/\/emeraldsring.com\/fr\/wp-json\/wp\/v2\/product"}],"about":[{"href":"https:\/\/emeraldsring.com\/fr\/wp-json\/wp\/v2\/types\/product"}],"replies":[{"embeddable":true,"href":"https:\/\/emeraldsring.com\/fr\/wp-json\/wp\/v2\/comments?post=922"}],"version-history":[{"count":8,"href":"https:\/\/emeraldsring.com\/fr\/wp-json\/wp\/v2\/product\/922\/revisions"}],"predecessor-version":[{"id":1355,"href":"https:\/\/emeraldsring.com\/fr\/wp-json\/wp\/v2\/product\/922\/revisions\/1355"}],"wp:featuredmedia":[{"embeddable":true,"href":"https:\/\/emeraldsring.com\/fr\/wp-json\/wp\/v2\/media\/1354"}],"wp:attachment":[{"href":"https:\/\/emeraldsring.com\/fr\/wp-json\/wp\/v2\/media?parent=922"}],"wp:term":[{"taxonomy":"product_brand","embeddable":true,"href":"https:\/\/emeraldsring.com\/fr\/wp-json\/wp\/v2\/product_brand?post=922"},{"taxonomy":"product_cat","embeddable":true,"href":"https:\/\/emeraldsring.com\/fr\/wp-json\/wp\/v2\/product_cat?post=922"},{"taxonomy":"product_tag","embeddable":true,"href":"https:\/\/emeraldsring.com\/fr\/wp-json\/wp\/v2\/product_tag?post=922"}],"curies":[{"name":"wp","href":"https:\/\/api.w.org\/{rel}","templated":true}]}}