{"id":989,"date":"2025-02-18T20:12:52","date_gmt":"2025-02-18T15:12:52","guid":{"rendered":"https:\/\/emeraldsring.com\/?post_type=product&#038;p=989"},"modified":"2025-04-28T19:58:21","modified_gmt":"2025-04-28T14:58:21","slug":"lab-created-emerald-sterling-silver-ring-with-diamonds-halo-solitaire-engagement-rings","status":"publish","type":"product","link":"https:\/\/emeraldsring.com\/fr\/produit\/lab-created-emerald-sterling-silver-ring-with-diamonds-halo-solitaire-engagement-rings\/","title":{"rendered":"Bague d'\u00e9meraude avec diamants Bague de fian\u00e7ailles halo"},"content":{"rendered":"<div data-elementor-type=\"product-post\" data-elementor-id=\"989\" class=\"elementor elementor-989\" data-elementor-post-type=\"product\">\n\t\t\t\t<div class=\"elementor-element elementor-element-76e98b3 e-flex e-con-boxed e-con e-parent\" data-id=\"76e98b3\" data-element_type=\"container\" data-e-type=\"container\">\n\t\t\t\t\t<div class=\"e-con-inner\">\n\t\t\t\t<div class=\"elementor-element elementor-element-88d1c7f elementor-widget elementor-widget-text-editor\" data-id=\"88d1c7f\" data-element_type=\"widget\" data-e-type=\"widget\" data-widget_type=\"text-editor.default\">\n\t\t\t\t<div class=\"elementor-widget-container\">\n\t\t\t\t\t\t\t\t\t<p data-start=\"328\" data-end=\"665\"><em data-start=\"328\" data-end=\"339\">Vue d'ensemble :<\/em> C\u00e9l\u00e9brez votre amour avec cette exquise bague de fian\u00e7ailles \u00e0 halo d'\u00e9meraude cr\u00e9\u00e9e en laboratoire. La pierre centrale en \u00e9meraude vibrante est gracieusement entour\u00e9e d'un halo de diamants \u00e9tincelants, le tout serti dans de l'argent sterling lustr\u00e9. Cette bague allie harmonieusement design classique et \u00e9l\u00e9gance moderne, ce qui en fait le symbole parfait d'un engagement durable.<\/p><p data-start=\"667\" data-end=\"678\"><em data-start=\"667\" data-end=\"678\">Caract\u00e9ristiques :<\/em><\/p><ul data-start=\"679\" data-end=\"1101\"><li data-start=\"679\" data-end=\"772\"><strong data-start=\"681\" data-end=\"694\">Pierre pr\u00e9cieuse :<\/strong> \u00c9meraude cr\u00e9\u00e9e en laboratoire, r\u00e9put\u00e9e pour sa riche teinte verte et sa clart\u00e9 exceptionnelle.<\/li><li data-start=\"773\" data-end=\"888\"><strong data-start=\"775\" data-end=\"792\">R\u00e9glage du halo :<\/strong> Un cercle de diamants \u00e9tincelants rehausse la pierre centrale, lui conf\u00e9rant \u00e9clat et sophistication.<\/li><li data-start=\"889\" data-end=\"990\"><strong data-start=\"891\" data-end=\"901\">M\u00e9tal :<\/strong> Fabriqu\u00e9 en argent sterling de haute qualit\u00e9, il offre une durabilit\u00e9 et une esth\u00e9tique intemporelle.<\/li><li data-start=\"991\" data-end=\"1101\"><strong data-start=\"993\" data-end=\"1004\">Conception :<\/strong> Sertissage classique en halo qui accentue la beaut\u00e9 de l'\u00e9meraude tout en apportant une touche contemporaine.<\/li><\/ul><p data-start=\"1103\" data-end=\"1134\"><em data-start=\"1103\" data-end=\"1134\">Pourquoi vous devriez acheter cette bague :<\/em><\/p><ul data-start=\"1135\" data-end=\"1717\"><li data-start=\"1135\" data-end=\"1243\"><strong data-start=\"1137\" data-end=\"1156\">Design \u00e9l\u00e9gant :<\/strong> La monture en halo ajoute une touche de glamour, ce qui en fait une pi\u00e8ce remarquable pour toutes les occasions.<\/li><li data-start=\"1244\" data-end=\"1388\"><strong data-start=\"1246\" data-end=\"1265\">Choix \u00e9thique :<\/strong> Dot\u00e9e d'une \u00e9meraude cr\u00e9\u00e9e en laboratoire, cette bague offre une alternative \u00e9cologique et socialement responsable aux pierres pr\u00e9cieuses extraites des mines.<\/li><li data-start=\"1389\" data-end=\"1517\"><strong data-start=\"1391\" data-end=\"1417\">Fabrication durable :<\/strong> La monture en argent sterling garantit la long\u00e9vit\u00e9 de la bague, qui pourra ainsi \u00eatre conserv\u00e9e pendant de nombreuses ann\u00e9es.<\/li><li data-start=\"1518\" data-end=\"1620\"><strong data-start=\"1520\" data-end=\"1540\">Style polyvalent :<\/strong> Son design intemporel lui permet d'\u00eatre port\u00e9 aussi bien lors d'\u00e9v\u00e9nements formels que dans la vie de tous les jours.<\/li><li data-start=\"1621\" data-end=\"1717\"><strong data-start=\"1623\" data-end=\"1645\">Un luxe abordable :<\/strong> Profitez de l'attrait des bijoux haut de gamme sans en payer le prix extravagant.<\/li><\/ul><p data-start=\"1719\" data-end=\"1726\"><em data-start=\"1719\" data-end=\"1726\">FAQs :<\/em><\/p><ol data-start=\"1728\" data-end=\"2409\"><li data-start=\"1728\" data-end=\"1928\"><p data-start=\"1731\" data-end=\"1773\"><strong data-start=\"1731\" data-end=\"1773\">L'\u00e9meraude est-elle naturelle ou cr\u00e9\u00e9e en laboratoire ?<\/strong><\/p><ul data-start=\"1777\" data-end=\"1928\"><li data-start=\"1777\" data-end=\"1928\">La bague comporte une \u00e9meraude cr\u00e9\u00e9e en laboratoire, offrant les m\u00eames caract\u00e9ristiques visuelles que les \u00e9meraudes naturelles, mais avec une clart\u00e9 accrue et un approvisionnement \u00e9thique.<\/li><\/ul><\/li><li data-start=\"1930\" data-end=\"2087\"><p data-start=\"1933\" data-end=\"1979\"><strong data-start=\"1933\" data-end=\"1979\">Quelle est la composition m\u00e9tallique de l'anneau ?<\/strong><\/p><ul data-start=\"1983\" data-end=\"2087\"><li data-start=\"1983\" data-end=\"2087\">La bague est fabriqu\u00e9e en argent sterling de haute qualit\u00e9, alliant durabilit\u00e9 et aspect classique.<\/li><\/ul><\/li><li data-start=\"2089\" data-end=\"2250\"><p data-start=\"2092\" data-end=\"2128\"><strong data-start=\"2092\" data-end=\"2128\">Comment entretenir cette bague ?<\/strong><\/p><ul data-start=\"2132\" data-end=\"2250\"><li data-start=\"2132\" data-end=\"2250\">Pour conserver son \u00e9clat, nettoyez l'anneau avec un chiffon doux et \u00e9vitez de l'exposer \u00e0 des produits chimiques agressifs ou \u00e0 des mat\u00e9riaux abrasifs.<\/li><\/ul><\/li><li data-start=\"2252\" data-end=\"2409\"><p data-start=\"2255\" data-end=\"2311\"><strong data-start=\"2255\" data-end=\"2311\">La bague est-elle assortie d'une garantie ou d'une politique de retour ?<\/strong><\/p><ul data-start=\"2315\" data-end=\"2409\"><li data-start=\"2315\" data-end=\"2409\">Oui, nous offrons une politique de retour de 90 jours pour garantir votre enti\u00e8re satisfaction.<\/li><\/ul><\/li><\/ol>\t\t\t\t\t\t\t\t<\/div>\n\t\t\t\t<\/div>\n\t\t\t\t\t<\/div>\n\t\t\t\t<\/div>\n\t\t\t\t<\/div>","protected":false},"excerpt":{"rendered":"<p><strong>D\u00e9tails du produit :<\/strong><br \/>\nM\u00e9tal : argent 925k<br \/>\nPierre pr\u00e9cieuse : Cultiv\u00e9e en laboratoire<br \/>\nCouleur des pierres : Vert<br \/>\nCouleur du bracelet : or blanc<br \/>\nTaille de la bague : Ajustable<br \/>\nDiam\u00e8tre de la pierre : 5*5 mm\/0.48ct<br \/>\nForme : Princesse<\/p>","protected":false},"featured_media":1517,"comment_status":"open","ping_status":"closed","template":"","meta":{"_kad_post_transparent":"","_kad_post_title":"","_kad_post_layout":"","_kad_post_sidebar_id":"","_kad_post_content_style":"","_kad_post_vertical_padding":"","_kad_post_feature":"","_kad_post_feature_position":"","_kad_post_header":false,"_kad_post_footer":false},"product_brand":[],"product_cat":[16,89,17,70,67,56,15,69],"product_tag":[30,18,31],"class_list":{"0":"post-989","1":"product","2":"type-product","3":"status-publish","4":"has-post-thumbnail","6":"product_cat-emerald-ring","7":"product_cat-engagement-and-wedding","8":"product_cat-engagement-ring","9":"product_cat-halo-ring","10":"product_cat-lab-grown-gemstones-ring","11":"product_cat-princess","12":"product_cat-rings","13":"product_cat-solitaire","14":"product_tag-emerald-cut-engagement-rings","15":"product_tag-emerald-ring","16":"product_tag-engagement-ring","18":"first","19":"instock","20":"shipping-taxable","21":"purchasable","22":"product-type-simple","23":"entry","24":"content-bg","25":"loop-entry"},"aioseo_notices":[],"_links":{"self":[{"href":"https:\/\/emeraldsring.com\/fr\/wp-json\/wp\/v2\/product\/989","targetHints":{"allow":["GET"]}}],"collection":[{"href":"https:\/\/emeraldsring.com\/fr\/wp-json\/wp\/v2\/product"}],"about":[{"href":"https:\/\/emeraldsring.com\/fr\/wp-json\/wp\/v2\/types\/product"}],"replies":[{"embeddable":true,"href":"https:\/\/emeraldsring.com\/fr\/wp-json\/wp\/v2\/comments?post=989"}],"version-history":[{"count":6,"href":"https:\/\/emeraldsring.com\/fr\/wp-json\/wp\/v2\/product\/989\/revisions"}],"predecessor-version":[{"id":1710,"href":"https:\/\/emeraldsring.com\/fr\/wp-json\/wp\/v2\/product\/989\/revisions\/1710"}],"wp:featuredmedia":[{"embeddable":true,"href":"https:\/\/emeraldsring.com\/fr\/wp-json\/wp\/v2\/media\/1517"}],"wp:attachment":[{"href":"https:\/\/emeraldsring.com\/fr\/wp-json\/wp\/v2\/media?parent=989"}],"wp:term":[{"taxonomy":"product_brand","embeddable":true,"href":"https:\/\/emeraldsring.com\/fr\/wp-json\/wp\/v2\/product_brand?post=989"},{"taxonomy":"product_cat","embeddable":true,"href":"https:\/\/emeraldsring.com\/fr\/wp-json\/wp\/v2\/product_cat?post=989"},{"taxonomy":"product_tag","embeddable":true,"href":"https:\/\/emeraldsring.com\/fr\/wp-json\/wp\/v2\/product_tag?post=989"}],"curies":[{"name":"wp","href":"https:\/\/api.w.org\/{rel}","templated":true}]}}