{"id":3,"date":"2025-02-04T09:07:24","date_gmt":"2025-02-04T09:07:24","guid":{"rendered":"http:\/\/emeraldsring.com\/?page_id=3"},"modified":"2025-08-10T11:50:04","modified_gmt":"2025-08-10T06:50:04","slug":"privacy-policy","status":"publish","type":"page","link":"https:\/\/emeraldsring.com\/it\/privacy-policy\/","title":{"rendered":"Informativa sulla privacy"},"content":{"rendered":"<div data-elementor-type=\"wp-page\" data-elementor-id=\"3\" class=\"elementor elementor-3\" data-elementor-post-type=\"page\">\n\t\t\t\t<div class=\"elementor-element elementor-element-6931201 e-flex e-con-boxed e-con e-parent\" data-id=\"6931201\" data-element_type=\"container\" data-e-type=\"container\">\n\t\t\t\t\t<div class=\"e-con-inner\">\n\t\t\t\t<div class=\"elementor-element elementor-element-3c51f14 elementor-widget elementor-widget-text-editor\" data-id=\"3c51f14\" data-element_type=\"widget\" data-e-type=\"widget\" data-widget_type=\"text-editor.default\">\n\t\t\t\t<div class=\"elementor-widget-container\">\n\t\t\t\t\t\t\t\t\t<p>A\u00a0<strong>Anello di smeraldo<\/strong>ci impegniamo a proteggere la vostra privacy e a garantire che le vostre informazioni personali siano gestite in modo sicuro e responsabile. La presente Informativa sulla privacy illustra le modalit\u00e0 di raccolta, utilizzo e protezione dei vostri dati quando visitate il nostro sito web ed effettuate un acquisto.<\/p><h3><strong>1. Informazioni raccolte<\/strong><\/h3><p>Quando si visita\u00a0<strong>car.matecarcover.com<\/strong>, possiamo raccogliere i seguenti tipi di informazioni personali:<\/p><ul><li><strong>Informazioni sull'identificazione personale<\/strong>: Nome, indirizzo e-mail, indirizzo di spedizione, indirizzo di fatturazione, numero di telefono, informazioni di pagamento.<\/li><li><strong>Informazioni di identificazione non personali<\/strong>: Indirizzo IP, tipo di browser e informazioni sul dispositivo.<\/li><\/ul><p>Raccogliamo queste informazioni per fornire un'esperienza di acquisto agevole e personalizzata e per elaborare gli ordini in modo efficiente.<\/p><h3><strong>2. Come utilizziamo le vostre informazioni<\/strong><\/h3><p>Utilizziamo le informazioni raccolte nei seguenti modi:<\/p><ul><li><strong>Per elaborare gli ordini<\/strong>: Utilizziamo i vostri dati personali per elaborare e consegnare i vostri ordini.<\/li><li><strong>Per migliorare il nostro sito web<\/strong>: Possiamo utilizzare informazioni non personali per migliorare la vostra esperienza di navigazione.<\/li><li><strong>Per scopi di marketing<\/strong>: Con il vostro consenso, potremmo inviare e-mail promozionali o offerte speciali. \u00c8 possibile annullare l'iscrizione a queste comunicazioni in qualsiasi momento.<\/li><li><strong>Per comunicare con voi<\/strong>: Potremmo inviarvi aggiornamenti sugli ordini, richieste di assistenza clienti o informazioni relative ai prodotti.<\/li><\/ul><h3><strong>3. Condivisione delle informazioni<\/strong><\/h3><p>Rispettiamo la vostra privacy e non venderemo, scambieremo o condivideremo in altro modo le vostre informazioni personali con terzi, tranne nei casi seguenti:<\/p><ul><li><strong>Fornitori di servizi<\/strong>: Potremmo condividere le vostre informazioni con fornitori di servizi terzi di fiducia (come societ\u00e0 di spedizione, processori di pagamento) che ci assistono nella gestione del nostro sito web e nell'elaborazione dei vostri ordini.<\/li><li><strong>Conformit\u00e0 legale<\/strong>: Possiamo divulgare le informazioni dell'utente se richiesto dalla legge o se necessario per proteggere i nostri diritti legali, prevenire frodi o rispettare un procedimento legale.<\/li><\/ul><h3><strong>4. Sicurezza dei dati<\/strong><\/h3><p>Adottiamo misure tecniche e organizzative adeguate per salvaguardare le informazioni personali dell'utente. Pur utilizzando la crittografia standard del settore per proteggere i dati sensibili durante la trasmissione, nessun metodo di trasmissione dei dati su Internet pu\u00f2 essere 100% sicuro. Pertanto, non possiamo garantire la sicurezza assoluta delle vostre informazioni.<\/p><h3><strong>5. Cookie e tecnologie di tracciamento<\/strong><\/h3><p>Utilizziamo i cookie e tecnologie simili per migliorare la vostra esperienza di navigazione sul nostro sito web. I cookie ci aiutano a ricordare le vostre preferenze e a migliorare la funzionalit\u00e0 del sito. \u00c8 possibile modificare le impostazioni del browser per bloccare i cookie, ma ci\u00f2 potrebbe compromettere la possibilit\u00e0 di utilizzare alcune funzioni del nostro sito web.<\/p><h3><strong>6. Diritti e scelte<\/strong><\/h3><p>Avete il diritto di:<\/p><ul><li><strong>Accesso e aggiornamento<\/strong>\u00a0i vostri dati personali in qualsiasi momento accedendo al vostro account sul nostro sito web.<\/li><li><strong>Opt-out dalle comunicazioni di marketing<\/strong>: Se non si desidera pi\u00f9 ricevere e-mail promozionali, \u00e8 possibile annullare l'iscrizione facendo clic sul link \"annullamento dell'iscrizione\" in qualsiasi e-mail inviata.<\/li><li><strong>Richiesta di cancellazione<\/strong>\u00a0dei vostri dati personali: Se desiderate che i vostri dati vengano cancellati, contattateci.<\/li><\/ul><h3><strong>7. Link di terze parti<\/strong><\/h3><p>Il nostro sito web pu\u00f2 contenere link a siti web di terzi. Si prega di notare che non siamo responsabili per le pratiche sulla privacy di questi siti esterni. Vi invitiamo a prendere visione delle politiche sulla privacy dei siti web che visitate.<\/p><h3><strong>8. Modifiche alla presente Informativa sulla privacy<\/strong><\/h3><p>La presente Informativa sulla privacy pu\u00f2 essere aggiornata di tanto in tanto per riflettere le modifiche apportate alle nostre pratiche o per altri motivi operativi, legali o normativi. Quando aggiorneremo l'informativa, pubblicheremo la versione rivista su questa pagina e indicheremo la data di entrata in vigore in fondo all'informativa.<\/p><h3><strong>9. Contatti<\/strong><\/h3><p>In caso di domande sulla presente Informativa sulla privacy o sulle nostre pratiche, si prega di contattarci:<\/p><ul><li><strong>Email<\/strong>:\u00a0<a href=\"mailto:manger@emeraldsring.com\"><strong>manger@emeraldsring.com<\/strong><\/a><\/li><li><strong>Telefono<\/strong>:\u00a0<strong><a href=\"htel:8613725483134\">8613725483134<\/a><\/strong><\/li><li><strong>WhatsApp:\u00a0<a href=\"https:\/\/wa.me\/8613725483134\">8613386175285<\/a><\/strong><\/li><\/ul>\t\t\t\t\t\t\t\t<\/div>\n\t\t\t\t<\/div>\n\t\t\t\t\t<\/div>\n\t\t\t\t<\/div>\n\t\t\t\t<\/div>","protected":false},"excerpt":{"rendered":"<p>Noi di Emerald Ring ci impegniamo a proteggere la vostra privacy e a garantire che le vostre informazioni personali siano gestite in modo sicuro e responsabile. La presente Informativa sulla privacy illustra come raccogliamo, utilizziamo e proteggiamo le vostre informazioni quando visitate il nostro sito web ed effettuate un acquisto. 1. Informazioni raccolte Quando visitate car.matecarcover.com, possiamo raccogliere le...<\/p>","protected":false},"author":1,"featured_media":0,"parent":0,"menu_order":0,"comment_status":"closed","ping_status":"open","template":"","meta":{"_kad_post_transparent":"","_kad_post_title":"","_kad_post_layout":"","_kad_post_sidebar_id":"","_kad_post_content_style":"","_kad_post_vertical_padding":"","_kad_post_feature":"","_kad_post_feature_position":"","_kad_post_header":false,"_kad_post_footer":false,"footnotes":""},"class_list":["post-3","page","type-page","status-publish","hentry"],"aioseo_notices":[],"_links":{"self":[{"href":"https:\/\/emeraldsring.com\/it\/wp-json\/wp\/v2\/pages\/3","targetHints":{"allow":["GET"]}}],"collection":[{"href":"https:\/\/emeraldsring.com\/it\/wp-json\/wp\/v2\/pages"}],"about":[{"href":"https:\/\/emeraldsring.com\/it\/wp-json\/wp\/v2\/types\/page"}],"author":[{"embeddable":true,"href":"https:\/\/emeraldsring.com\/it\/wp-json\/wp\/v2\/users\/1"}],"replies":[{"embeddable":true,"href":"https:\/\/emeraldsring.com\/it\/wp-json\/wp\/v2\/comments?post=3"}],"version-history":[{"count":12,"href":"https:\/\/emeraldsring.com\/it\/wp-json\/wp\/v2\/pages\/3\/revisions"}],"predecessor-version":[{"id":2003,"href":"https:\/\/emeraldsring.com\/it\/wp-json\/wp\/v2\/pages\/3\/revisions\/2003"}],"wp:attachment":[{"href":"https:\/\/emeraldsring.com\/it\/wp-json\/wp\/v2\/media?parent=3"}],"curies":[{"name":"wp","href":"https:\/\/api.w.org\/{rel}","templated":true}]}}