{"id":361,"date":"2025-02-04T12:08:50","date_gmt":"2025-02-04T12:08:50","guid":{"rendered":"https:\/\/emeraldsring.com\/?page_id=361"},"modified":"2025-08-10T06:25:24","modified_gmt":"2025-08-10T01:25:24","slug":"faqs","status":"publish","type":"page","link":"https:\/\/emeraldsring.com\/it\/faqs\/","title":{"rendered":"Domande frequenti"},"content":{"rendered":"<div data-elementor-type=\"wp-page\" data-elementor-id=\"361\" class=\"elementor elementor-361\" data-elementor-post-type=\"page\">\n\t\t\t\t<div class=\"elementor-element elementor-element-ab34ee4 e-flex e-con-boxed e-con e-parent\" data-id=\"ab34ee4\" data-element_type=\"container\">\n\t\t\t\t\t<div class=\"e-con-inner\">\n\t\t\t\t<div class=\"elementor-element elementor-element-61ed909 elementor-widget elementor-widget-text-editor\" data-id=\"61ed909\" data-element_type=\"widget\" data-widget_type=\"text-editor.default\">\n\t\t\t\t<div class=\"elementor-widget-container\">\n\t\t\t\t\t\t\t\t\t<div class=\"wd-negative-gap elementor-element elementor-element-ab34ee4 e-flex e-con-boxed e-con e-parent e-lazyloaded\" data-id=\"ab34ee4\" data-element_type=\"container\"><div class=\"e-con-inner\"><div class=\"elementor-element elementor-element-a2b6396 elementor-widget elementor-widget-wd_text_block\" data-id=\"a2b6396\" data-element_type=\"widget\" data-widget_type=\"wd_text_block.default\"><div class=\"elementor-widget-container\"><div class=\"wd-text-block reset-last-child text-left\"><p>Benvenuti al\u00a0<strong>Domande frequenti<\/strong>\u00a0pagina di\u00a0<strong>EmeraldsRing.com<\/strong>! Siamo consapevoli che l'acquisto di gioielli di pregio, soprattutto per occasioni importanti come fidanzamenti, anniversari o altre pietre miliari della vita, \u00e8 una decisione importante. Ecco perch\u00e9 abbiamo messo insieme questo elenco completo di domande frequenti per guidarvi nell'esperienza d'acquisto, aiutarvi a capire meglio i nostri prodotti e a fare chiarezza su tutto, dal design dell'anello alla spedizione.<\/p><p>Se non trovate qui la risposta alla vostra domanda, non esitate a contattare il nostro servizio clienti. Siamo sempre felici di aiutarvi!<\/p><hr \/><h3><strong>1. Quali tipi di anelli vendete su EmeraldsRing.com?<\/strong><\/h3><p>A\u00a0<strong>EmeraldsRing.com<\/strong>offriamo un'ampia gamma di anelli di alta qualit\u00e0 pensati per ogni occasione. La nostra collezione comprende:<\/p><ul><li><strong>Anelli di smeraldo<\/strong>: Anelli splendidamente lavorati con smeraldi vibranti, noti per la loro bellezza senza tempo e per il loro profondo simbolismo di amore e fertilit\u00e0.<\/li><li><strong>Anelli di giada<\/strong>: La giada, gemma dal ricco significato culturale, \u00e8 perfetta per chi \u00e8 alla ricerca di equilibrio, armonia e simbolo di prosperit\u00e0.<\/li><li><strong>Anelli in pietra di luna<\/strong>: Le pietre di luna sono gemme uniche, note per le loro qualit\u00e0 mistiche, spesso associate all'intuizione, alle emozioni e ai nuovi inizi.<\/li><li><strong>Anelli di fidanzamento<\/strong>: Offriamo una vasta gamma di anelli di fidanzamento, tra cui opzioni con smeraldo, diamante, giada e pietra di luna, progettati per soddisfare vari stili e preferenze.<\/li><li><strong>Anelli personalizzati<\/strong>: Offriamo la possibilit\u00e0 di creare anelli personalizzati, permettendovi di personalizzare ogni aspetto, dalla gemma all'incastonatura.<\/li><\/ul><hr \/><h3><strong>2. Come scegliere l'anello giusto per me o per il mio partner?<\/strong><\/h3><p>La scelta dell'anello perfetto dipende dallo stile e dalle preferenze personali, oltre che dall'occasione. Ecco alcuni fattori da considerare:<\/p><ul><li><strong>Pietra preziosa<\/strong>: Ogni gemma ha un significato unico. Gli smeraldi rappresentano l'amore, la crescita e la fertilit\u00e0; la giada simboleggia l'armonia e l'equilibrio; le pietre di luna sono associate all'equilibrio emotivo e all'intuizione. Pensate a quale gemma risuona con voi o con la persona per cui state acquistando l'anello.<\/li><li><strong>Stile dell'anello<\/strong>: Che siate alla ricerca di un classico anello solitario, di un'intricata montatura a raggiera o di qualcosa di pi\u00f9 moderno e unico, vi offriamo un'ampia gamma di modelli. Sfogliate le nostre collezioni per trovare il design pi\u00f9 adatto al vostro stile.<\/li><li><strong>Occasione<\/strong>: Considerare lo scopo dell'anello. Gli anelli di fidanzamento sono tipicamente caratterizzati da un design senza tempo, mentre un anello di giada o di pietra di luna pu\u00f2 essere pi\u00f9 adatto a un regalo personale o a un'occasione speciale.<\/li><li><strong>Dimensioni e vestibilit\u00e0<\/strong>: Prima di effettuare l'acquisto, accertatevi di avere la misura corretta dell'anello. Se non siete sicuri, recatevi da un gioielliere per farvi misurare la misura. Se l'anello non \u00e8 adatto, offriamo la possibilit\u00e0 di ridimensionare la maggior parte dei nostri anelli.<\/li><\/ul><hr \/><h3><strong>3. Che cos'\u00e8 un anello di fidanzamento con smeraldo e perch\u00e9 \u00e8 speciale?<\/strong><\/h3><p>Un\u00a0<strong>anello di fidanzamento con smeraldo<\/strong>\u00a0\u00e8 un simbolo intramontabile di amore e impegno. Gli smeraldi, con il loro vibrante colore verde e la loro ricca storia, sono stati a lungo associati alla passione, alla fertilit\u00e0 e alla crescita dell'amore. Sono un'alternativa unica al tradizionale anello di fidanzamento con diamante e sono perfetti per le coppie che cercano qualcosa che si distingua.<\/p><p>Gli smeraldi sono noti anche per la loro rarit\u00e0 e per la loro tonalit\u00e0 profonda e accattivante. Il colore della gemma pu\u00f2 variare dal verde chiaro al verde scuro, rendendo ogni smeraldo unico. La scelta di uno smeraldo per un anello di fidanzamento riflette un impegno verso l'unicit\u00e0, la bellezza e il significato personale.<\/p><hr \/><h3><strong>4. Come posso prendermi cura del mio anello di smeraldo, giada o pietra di luna?<\/strong><\/h3><p>Una cura adeguata assicura che il vostro anello rimanga bello per gli anni a venire. Ecco alcuni consigli su come prendersi cura di ogni pietra preziosa:<\/p><ul><li><p><strong>Cura dello smeraldo<\/strong>: Gli smeraldi sono relativamente morbidi rispetto ad altre gemme (circa 7,5-8 sulla scala Mohs). Richiedono una cura delicata. Evitare di esporre l'anello di smeraldo a sostanze chimiche aggressive o a materiali abrasivi. Pulire l'anello di smeraldo con acqua tiepida e sapone neutro, utilizzando un panno morbido o una spazzola per pulire delicatamente la pietra. Si consiglia inoltre di togliere l'anello di smeraldo durante attivit\u00e0 come il giardinaggio o la pulizia.<\/p><\/li><li><p><strong>Cura della giada<\/strong>: La giada \u00e8 una pietra resistente e durevole, ma pu\u00f2 essere graffiata da materiali pi\u00f9 duri. Pulire gli anelli di giada con acqua calda e sapone e un panno morbido. Fate attenzione agli sbalzi di temperatura, perch\u00e9 la giada pu\u00f2 rompersi in condizioni estreme.<\/p><\/li><li><p><strong>Cura della pietra di luna<\/strong>: Le pietre di luna sono relativamente morbide e possono essere soggette a graffi. Pulire gli anelli di pietra di luna con acqua tiepida e sapone neutro, utilizzando una spazzola morbida per rimuovere lo sporco. Evitare di esporre i gioielli in pietra di luna a prodotti chimici aggressivi o a temperature estreme.<\/p><\/li><\/ul><p>In generale, \u00e8 buona norma riporre gli anelli in una custodia morbida o in un portagioie per evitare che si graffino o si danneggino quando non vengono utilizzati.<\/p><hr \/><h3><strong>5. Posso personalizzare un anello di EmeraldsRing.com?<\/strong><\/h3><p>S\u00ec! Siamo specializzati nella creazione di\u00a0<strong>anelli personalizzati<\/strong>\u00a0su misura per voi. Sia che vogliate personalizzare la gemma, selezionare un metallo specifico o creare un design del tutto unico, il nostro team di esperti gioiellieri lavorer\u00e0 con voi per dare vita alla vostra visione. Per iniziare il processo, \u00e8 sufficiente contattare il nostro servizio clienti, che vi guider\u00e0 attraverso le fasi di creazione di un anello unico nel suo genere.<\/p><hr \/><h3><strong>6. Quali metalli utilizzate per i vostri anelli?<\/strong><\/h3><p>Offriamo una variet\u00e0 di metalli per completare le pietre preziose dei nostri anelli. Alcuni dei metalli pi\u00f9 popolari che utilizziamo sono:<\/p><ul><li><strong>Platino<\/strong>: Noto per la sua durata, il lusso e il colore naturalmente bianco, il platino \u00e8 una scelta eccellente per chi cerca un metallo duraturo e ipoallergenico.<\/li><li><strong>Oro<\/strong>: Offriamo anelli in varie tonalit\u00e0 di oro, tra cui\u00a0<strong>oro giallo<\/strong>,\u00a0<strong>oro bianco<\/strong>, e\u00a0<strong>oro rosa<\/strong>. L'oro \u00e8 una scelta senza tempo che si abbina a quasi tutte le pietre preziose.<\/li><li><strong>Argento<\/strong>: Per un'opzione pi\u00f9 economica, offriamo anelli in argento sterling che garantiscono comunque una bella finitura lucida.<\/li><\/ul><p>Ogni metallo offre un fascino unico, quindi sia che cerchiate il lusso o un'opzione pi\u00f9 economica, abbiamo una variet\u00e0 di scelte per voi.<\/p><hr \/><h3><strong>7. Offrite servizi di ridimensionamento degli anelli?<\/strong><\/h3><p>S\u00ec, offriamo servizi di ridimensionamento per molti degli anelli della nostra collezione. Se il vostro anello non \u00e8 adatto, contattate il nostro servizio clienti e vi aiuteremo a ottenere la misura giusta. Si prega di notare che il ridimensionamento potrebbe non essere possibile per tutti i modelli, in particolare per quelli con incastonature intricate o design unici e personalizzati. Vi forniremo informazioni dettagliate sulle opzioni di ridimensionamento quando ci contatterete.<\/p><hr \/><h3><strong>8. Come faccio a conoscere la misura del mio anello?<\/strong><\/h3><p>Se non siete sicuri della vostra misura di anello, vi consigliamo di recarvi da un gioielliere locale per farvi misurare professionalmente il dito. In alternativa, potete misurare la vostra misura a casa utilizzando una tabella di misurazione degli anelli o confrontando il diametro interno di un anello esistente che vi calza a pennello.<\/p><p>Se avete bisogno di assistenza, contattate il nostro team di assistenza clienti e saremo lieti di guidarvi attraverso il processo.<\/p><hr \/><h3><strong>9. Quanto tempo ci vorr\u00e0 per la spedizione del mio anello?<\/strong><\/h3><p>Il nostro obiettivo \u00e8 quello di elaborare e spedire l'ordine nel pi\u00f9 breve tempo possibile. I tempi di spedizione variano a seconda del tipo di anello, della personalizzazione e della localit\u00e0. Per gli anelli pronti per la spedizione, \u00e8 possibile prevedere che l'ordine venga spedito entro\u00a0<strong>3-5 giorni lavorativi<\/strong>. Per i disegni personalizzati o gli ordini speciali, si prega di attendere fino al\u00a0<strong>2-3 settimane<\/strong>\u00a0per la creazione e la spedizione del vostro anello.<\/p><p>Offriamo\u00a0<strong>spedizione standard gratuita<\/strong>\u00a0negli Stati Uniti e le opzioni di spedizione internazionale. Una volta spedito l'ordine, vi invieremo un numero di spedizione per consentirvi di monitorare il viaggio del vostro pacco.<\/p><hr \/><h3><strong>10. Offrite resi o cambi?<\/strong><\/h3><p>Vogliamo che siate completamente soddisfatti del vostro acquisto. Se per qualsiasi motivo non siete soddisfatti del vostro anello, vi offriamo una\u00a0<strong>Politica di restituzione e sostituzione di 30 giorni<\/strong>. Per poter essere restituito o sostituito, l'anello deve essere nelle condizioni e nella confezione originali.<\/p><p>Si prega di notare che gli anelli personalizzati (come quelli incisi o disegnati su misura) non possono essere restituiti o sostituiti, a meno che non vi sia un difetto di fabbricazione. Per ulteriori informazioni sulla nostra politica di restituzione e sostituzione, visitare il nostro sito web\u00a0<strong>Restituzione e cambio<\/strong>\u00a0pagina.<\/p><hr \/><h3><strong>11. Le vostre gemme sono di provenienza etica?<\/strong><\/h3><p>S\u00ec, siamo impegnati in pratiche di approvvigionamento etico. Selezioniamo con cura le nostre gemme, assicurandoci che siano estratte in modo responsabile e prive di conflitti. Lavoriamo a stretto contatto con fornitori affidabili che aderiscono a standard etici e ambientali. Il nostro impegno per la sostenibilit\u00e0 e l'approvvigionamento etico \u00e8 una delle pietre miliari della nostra attivit\u00e0 e ci assicuriamo che ogni gemma della nostra collezione soddisfi questi standard.<\/p><hr \/><h3><strong>12. Offrite confezioni regalo e personalizzazioni?<\/strong><\/h3><p>S\u00ec! Offriamo\u00a0<strong>confezione regalo<\/strong>\u00a0per tutti i nostri anelli. Ogni anello sar\u00e0 splendidamente confezionato in una scatola di lusso, rendendolo un regalo perfetto. Offriamo anche\u00a0<strong>incisione personalizzata<\/strong>\u00a0per alcuni anelli, che consentono di aggiungere un messaggio speciale o le iniziali al vostro pezzo. Contattateci per maggiori dettagli sulle opzioni di incisione.<\/p><hr \/><h3><strong>13. Come posso contattare il servizio clienti?<\/strong><\/h3><p>Se avete domande o bisogno di assistenza, non esitate a contattare il nostro servizio clienti. Potete raggiungerci tramite:<\/p><ul><li><strong>Email<\/strong>:\u00a0<a href=\"mailto:manger@emeraldsring.com\"><strong>manger@emeraldsring.com<\/strong><\/a><\/li><li><strong>Telefono<\/strong>:\u00a0<a href=\"tel:8613725483134\"><strong>8613725483134<\/strong><\/a><\/li><li><strong>WhatsApp<\/strong>:\u00a0<strong><a href=\"https:\/\/wa.me\/8613725483134\">+86 13725483134<\/a><\/strong><\/li><li><strong>Modulo di contatto<\/strong>: Compilate il modulo di contatto sul nostro sito web e vi risponderemo al pi\u00f9 presto.<\/li><\/ul><p>Siamo sempre lieti di assistervi per qualsiasi richiesta, dalla scelta dell'anello alla misura, alla spedizione e tutto il resto.<\/p><hr \/><p>Grazie per aver scelto\u00a0<strong>EmeraldsRing.com<\/strong>. Siamo onorati di far parte del vostro viaggio e non vediamo l'ora di aiutarvi a trovare l'anello perfetto!<\/p><\/div><\/div><\/div><\/div><\/div><div class=\"wd-negative-gap elementor-element elementor-element-ca219ba e-flex e-con-boxed e-con e-parent e-lazyloaded\" data-id=\"ca219ba\" data-element_type=\"container\"><div class=\"e-con-inner\"><div class=\"elementor-element elementor-element-386e1b0 elementor-widget elementor-widget-wd_text_block\" data-id=\"386e1b0\" data-element_type=\"widget\" data-widget_type=\"wd_text_block.default\"><div class=\"elementor-widget-container\"><div class=\"wd-text-block reset-last-child text-left\"><p>Oppure inviate il modulo sottostante e vi contatteremo al pi\u00f9 presto.<\/p><\/div><\/div><\/div><\/div><\/div>\t\t\t\t\t\t\t\t<\/div>\n\t\t\t\t<\/div>\n\t\t\t\t\t<\/div>\n\t\t\t\t<\/div>\n\t\t<div class=\"elementor-element elementor-element-6e15464 e-flex e-con-boxed e-con e-parent\" data-id=\"6e15464\" data-element_type=\"container\">\n\t\t\t\t\t<div class=\"e-con-inner\">\n\t\t\t\t<div class=\"elementor-element elementor-element-8f135a8 elementor-widget__width-initial elementor-widget-tablet__width-initial elementor-widget elementor-widget-wpforms\" data-id=\"8f135a8\" data-element_type=\"widget\" data-widget_type=\"wpforms.default\">\n\t\t\t\t<div class=\"elementor-widget-container\">\n\t\t\t\t\t<style id=\"wpforms-css-vars-root\">\n\t\t\t\t:root {\n\t\t\t\t\t--wpforms-field-border-radius: 3px;\n--wpforms-field-border-style: solid;\n--wpforms-field-border-size: 1px;\n--wpforms-field-background-color: #ffffff;\n--wpforms-field-border-color: rgba( 0, 0, 0, 0.25 );\n--wpforms-field-border-color-spare: rgba( 0, 0, 0, 0.25 );\n--wpforms-field-text-color: rgba( 0, 0, 0, 0.7 );\n--wpforms-field-menu-color: #ffffff;\n--wpforms-label-color: rgba( 0, 0, 0, 0.85 );\n--wpforms-label-sublabel-color: rgba( 0, 0, 0, 0.55 );\n--wpforms-label-error-color: #d63637;\n--wpforms-button-border-radius: 3px;\n--wpforms-button-border-style: none;\n--wpforms-button-border-size: 1px;\n--wpforms-button-background-color: #066aab;\n--wpforms-button-border-color: #066aab;\n--wpforms-button-text-color: #ffffff;\n--wpforms-page-break-color: #066aab;\n--wpforms-background-image: none;\n--wpforms-background-position: center center;\n--wpforms-background-repeat: no-repeat;\n--wpforms-background-size: cover;\n--wpforms-background-width: 100px;\n--wpforms-background-height: 100px;\n--wpforms-background-color: rgba( 0, 0, 0, 0 );\n--wpforms-background-url: none;\n--wpforms-container-padding: 0px;\n--wpforms-container-border-style: none;\n--wpforms-container-border-width: 1px;\n--wpforms-container-border-color: #000000;\n--wpforms-container-border-radius: 3px;\n--wpforms-field-size-input-height: 43px;\n--wpforms-field-size-input-spacing: 15px;\n--wpforms-field-size-font-size: 16px;\n--wpforms-field-size-line-height: 19px;\n--wpforms-field-size-padding-h: 14px;\n--wpforms-field-size-checkbox-size: 16px;\n--wpforms-field-size-sublabel-spacing: 5px;\n--wpforms-field-size-icon-size: 1;\n--wpforms-label-size-font-size: 16px;\n--wpforms-label-size-line-height: 19px;\n--wpforms-label-size-sublabel-font-size: 14px;\n--wpforms-label-size-sublabel-line-height: 17px;\n--wpforms-button-size-font-size: 17px;\n--wpforms-button-size-height: 41px;\n--wpforms-button-size-padding-h: 15px;\n--wpforms-button-size-margin-top: 10px;\n--wpforms-container-shadow-size-box-shadow: none;\n\n\t\t\t\t}\n\t\t\t<\/style><style id=\"wpforms-css-vars-elementor-widget-8f135a8\">\n\t\t\t\t.elementor-widget-wpforms.elementor-element-8f135a8 {\n\t\t\t\t\t--wpforms-field-size-input-height: 43px;\n--wpforms-field-size-input-spacing: 15px;\n--wpforms-field-size-font-size: 16px;\n--wpforms-field-size-line-height: 19px;\n--wpforms-field-size-padding-h: 14px;\n--wpforms-field-size-checkbox-size: 16px;\n--wpforms-field-size-sublabel-spacing: 5px;\n--wpforms-field-size-icon-size: 1;\n--wpforms-label-size-font-size: 16px;\n--wpforms-label-size-line-height: 19px;\n--wpforms-label-size-sublabel-font-size: 14px;\n--wpforms-label-size-sublabel-line-height: 17px;\n--wpforms-button-size-font-size: 17px;\n--wpforms-button-size-height: 41px;\n--wpforms-button-size-padding-h: 15px;\n--wpforms-button-size-margin-top: 10px;\n\n\t\t\t\t}\n\t\t\t<\/style><div class=\"wpforms-container wpforms-container-full wpforms-render-modern\" id=\"wpforms-230\"><form id=\"wpforms-form-230\" class=\"wpforms-validate wpforms-form wpforms-ajax-form\" data-formid=\"230\" method=\"post\" enctype=\"multipart\/form-data\" action=\"\/it\/wp-json\/wp\/v2\/pages\/361\" data-token=\"250b516bcf502c6013f9e8b854b9ee07\" data-token-time=\"1776683517\" data-trp-original-action=\"\/it\/wp-json\/wp\/v2\/pages\/361\"><noscript class=\"wpforms-error-noscript\">Abilita JavaScript nel browser per completare questo modulo.<\/noscript><div class=\"wpforms-hidden\" id=\"wpforms-error-noscript\">Abilita JavaScript nel browser per completare questo modulo.<\/div><div class=\"wpforms-field-container\"><div id=\"wpforms-230-field_1-container\" class=\"wpforms-field wpforms-field-name\" data-field-id=\"1\"><label class=\"wpforms-field-label\" for=\"wpforms-230-field_1\">Nome <span class=\"wpforms-required-label\" aria-hidden=\"true\">*<\/span><\/label><input type=\"text\" id=\"wpforms-230-field_1\" class=\"wpforms-field-large wpforms-field-required\" name=\"wpforms[fields][1]\" placeholder=\"Il tuo nome\" aria-errormessage=\"wpforms-230-field_1-error\" required><\/div><div id=\"wpforms-230-field_2-container\" class=\"wpforms-field wpforms-field-email\" data-field-id=\"2\"><label class=\"wpforms-field-label\" for=\"wpforms-230-field_2\">Email <span class=\"wpforms-required-label\" aria-hidden=\"true\">*<\/span><\/label><input type=\"email\" id=\"wpforms-230-field_2\" class=\"wpforms-field-large wpforms-field-required\" name=\"wpforms[fields][2]\" placeholder=\"Il tuo indirizzo e-mail\" spellcheck=\"false\" aria-errormessage=\"wpforms-230-field_2-error\" required><\/div><div id=\"wpforms-230-field_3-container\" class=\"wpforms-field wpforms-field-textarea\" data-field-id=\"3\"><label class=\"wpforms-field-label\" for=\"wpforms-230-field_3\">Commento o messaggio <span class=\"wpforms-required-label\" aria-hidden=\"true\">*<\/span><\/label><textarea id=\"wpforms-230-field_3\" class=\"wpforms-field-medium wpforms-field-required\" name=\"wpforms[fields][3]\" aria-errormessage=\"wpforms-230-field_3-error\" required><\/textarea><\/div><div id=\"wpforms-230-field_4-container\" class=\"wpforms-field wpforms-field-captcha\" data-field-id=\"4\"><label class=\"wpforms-field-label\" for=\"wpforms-230-field_4\">Captcha personalizzato <span class=\"wpforms-required-label\" aria-hidden=\"true\">*<\/span><\/label>\t\t\t<div class=\"wpforms-captcha-math\">\n\t\t\t\t<span id=\"wpforms-230-field_4-question\" class=\"wpforms-captcha-equation\">\n\t\t\t\t\t<span class=\"n1\">13<\/span>\n\t\t\t\t\t\t\t<span class=\"cal\">*<\/span>\n\t\t\t\t\t\t\t<span class=\"n2\">9<\/span>\t\t\t\t\t<span class=\"e\">=<\/span>\n\t\t\t\t<\/span>\n\t\t\t\t<input type=\"text\" id=\"wpforms-230-field_4\" class=\"wpforms-field-medium wpforms-field-required a\" data-rule-wpf-captcha=\"math\" data-is-wrapped-field=\"1\" name=\"wpforms[fields][4][a]\" aria-errormessage=\"wpforms-230-field_4-error\" aria-describedby=\"wpforms-230-field_4-question\" required>\t\t\t\t<input type=\"hidden\" name=\"wpforms[fields][4][cal]\" class=\"cal\">\n\t\t\t\t<input type=\"hidden\" name=\"wpforms[fields][4][n2]\" class=\"n2\">\n\t\t\t\t<input type=\"hidden\" name=\"wpforms[fields][4][n1]\" class=\"n1\">\n\t\t\t<\/div>\n\t\t\t<\/div><\/div><!-- .wpforms-field-container --><div class=\"wpforms-submit-container\" ><input type=\"hidden\" name=\"wpforms[id]\" value=\"230\"><input type=\"hidden\" name=\"page_title\" value=\"\"><input type=\"hidden\" name=\"page_url\" value=\"https:\/\/emeraldsring.com\/it\/wp-json\/wp\/v2\/pages\/361\"><button type=\"submit\" name=\"wpforms[submit]\" id=\"wpforms-submit-230\" class=\"wpforms-submit\" data-alt-text=\"Sending...\" data-submit-text=\"Submit\" aria-live=\"assertive\" value=\"wpforms-submit\">Invia<\/button><img decoding=\"async\" src=\"https:\/\/emeraldsring.com\/wp-content\/plugins\/wpforms\/assets\/images\/submit-spin.svg\" class=\"wpforms-submit-spinner\" style=\"display: none;\" width=\"26\" height=\"26\" alt=\"Caricamento\"><\/div><input type=\"hidden\" name=\"trp-form-language\" value=\"it\"\/><\/form><\/div>  <!-- .wpforms-container -->\t\t\t\t<\/div>\n\t\t\t\t<\/div>\n\t\t\t\t\t<\/div>\n\t\t\t\t<\/div>\n\t\t\t\t<\/div>","protected":false},"excerpt":{"rendered":"<p>Benvenuti nella pagina delle FAQ di EmeraldsRing.com! Siamo consapevoli che l'acquisto di gioielli di pregio, soprattutto per occasioni importanti come fidanzamenti, anniversari o altre pietre miliari della vita, \u00e8 una decisione importante. Ecco perch\u00e9 abbiamo messo insieme questo elenco completo di domande frequenti per guidarvi nell'esperienza di acquisto, aiutarvi a capire meglio i nostri prodotti e fornirvi chiarezza su...<\/p>","protected":false},"author":1,"featured_media":0,"parent":0,"menu_order":0,"comment_status":"closed","ping_status":"closed","template":"","meta":{"_kad_post_transparent":"","_kad_post_title":"","_kad_post_layout":"","_kad_post_sidebar_id":"","_kad_post_content_style":"","_kad_post_vertical_padding":"","_kad_post_feature":"","_kad_post_feature_position":"","_kad_post_header":false,"_kad_post_footer":false,"footnotes":""},"class_list":["post-361","page","type-page","status-publish","hentry"],"aioseo_notices":[],"_links":{"self":[{"href":"https:\/\/emeraldsring.com\/it\/wp-json\/wp\/v2\/pages\/361","targetHints":{"allow":["GET"]}}],"collection":[{"href":"https:\/\/emeraldsring.com\/it\/wp-json\/wp\/v2\/pages"}],"about":[{"href":"https:\/\/emeraldsring.com\/it\/wp-json\/wp\/v2\/types\/page"}],"author":[{"embeddable":true,"href":"https:\/\/emeraldsring.com\/it\/wp-json\/wp\/v2\/users\/1"}],"replies":[{"embeddable":true,"href":"https:\/\/emeraldsring.com\/it\/wp-json\/wp\/v2\/comments?post=361"}],"version-history":[{"count":12,"href":"https:\/\/emeraldsring.com\/it\/wp-json\/wp\/v2\/pages\/361\/revisions"}],"predecessor-version":[{"id":1987,"href":"https:\/\/emeraldsring.com\/it\/wp-json\/wp\/v2\/pages\/361\/revisions\/1987"}],"wp:attachment":[{"href":"https:\/\/emeraldsring.com\/it\/wp-json\/wp\/v2\/media?parent=361"}],"curies":[{"name":"wp","href":"https:\/\/api.w.org\/{rel}","templated":true}]}}