{"id":377,"date":"2025-02-04T17:30:27","date_gmt":"2025-02-04T12:30:27","guid":{"rendered":"https:\/\/emeraldsring.com\/?page_id=377"},"modified":"2025-08-10T11:25:34","modified_gmt":"2025-08-10T06:25:34","slug":"shipping-delivery","status":"publish","type":"page","link":"https:\/\/emeraldsring.com\/it\/shipping-delivery\/","title":{"rendered":"Spedizione e consegna"},"content":{"rendered":"<div data-elementor-type=\"wp-page\" data-elementor-id=\"377\" class=\"elementor elementor-377\" data-elementor-post-type=\"page\">\n\t\t\t\t<div class=\"elementor-element elementor-element-859f9ee e-flex e-con-boxed e-con e-parent\" data-id=\"859f9ee\" data-element_type=\"container\">\n\t\t\t\t\t<div class=\"e-con-inner\">\n\t\t\t\t<div class=\"elementor-element elementor-element-dc5c365 elementor-widget elementor-widget-text-editor\" data-id=\"dc5c365\" data-element_type=\"widget\" data-widget_type=\"text-editor.default\">\n\t\t\t\t<div class=\"elementor-widget-container\">\n\t\t\t\t\t\t\t\t\t<div class=\"wd-negative-gap elementor-element elementor-element-859f9ee e-flex e-con-boxed e-con e-parent e-lazyloaded\" data-id=\"859f9ee\" data-element_type=\"container\"><div class=\"e-con-inner\"><div class=\"elementor-element elementor-element-ce0ab23 elementor-widget elementor-widget-wd_text_block\" data-id=\"ce0ab23\" data-element_type=\"widget\" data-widget_type=\"wd_text_block.default\"><div class=\"elementor-widget-container\"><div class=\"wd-text-block reset-last-child text-left\"><p>Grazie per aver acquistato con\u00a0<strong>EmeraldsRing.com<\/strong>! Vogliamo assicurarci che la vostra esperienza con noi sia il pi\u00f9 possibile piacevole e senza intoppi, a partire dalla consultazione della nostra squisita collezione di\u00a0<strong>anelli di smeraldo<\/strong>,\u00a0<strong>anelli di giada<\/strong>,\u00a0<strong>anelli in pietra di luna<\/strong>, e\u00a0<strong>anelli di fidanzamento<\/strong>\u00a0alla consegna del vostro splendido pezzo. Questa pagina fornisce informazioni dettagliate sui nostri\u00a0<strong>spedizione e consegna<\/strong>\u00a0in modo che possiate essere pienamente informati quando fate un acquisto con noi.<\/p><p>Se avete domande o avete bisogno di ulteriori chiarimenti, non esitate a contattare il nostro servizio clienti: siamo qui per aiutarvi!<\/p><hr \/><h3><strong>1. Panoramica della spedizione<\/strong><\/h3><p>A\u00a0<strong>EmeraldsRing.com<\/strong>ci impegniamo a fornire un'esperienza di acquisto affidabile e senza interruzioni. Sia che stiate acquistando un\u00a0<strong>anello di fidanzamento personalizzato<\/strong>\u00a0o un\u00a0<strong>anello in pietra di luna<\/strong>offriamo una variet\u00e0 di opzioni di spedizione per soddisfare le vostre esigenze. Il nostro obiettivo \u00e8 elaborare e spedire l'ordine nel pi\u00f9 breve tempo possibile, con tempi e costi di consegna che variano a seconda della destinazione e del metodo di spedizione selezionato.<\/p><h4><strong>Opzioni di spedizione nazionali e internazionali<\/strong><\/h4><ul><li><strong>Spedizione nazionale (USA)<\/strong>: Offriamo diverse opzioni di spedizione nazionale per tutti gli ordini negli Stati Uniti. Sia che vi troviate sulla costa orientale o sulla costa occidentale, abbiamo metodi di consegna flessibili per soddisfare le vostre preferenze.<\/li><li><strong>Spedizione internazionale<\/strong>: Per i nostri clienti al di fuori degli Stati Uniti, forniamo spedizioni internazionali in molti paesi del mondo. I costi di spedizione e i tempi di consegna possono variare in base alla localit\u00e0 in cui ci si trova. Le opzioni di spedizione pi\u00f9 accurate vi verranno fornite durante il processo di acquisto.<\/li><\/ul><hr \/><h3><strong>2. Metodi di spedizione<\/strong><\/h3><p>Offriamo diversi metodi di spedizione per soddisfare le diverse esigenze dei nostri clienti. Le spese di spedizione vengono calcolate durante il processo di acquisto in base al metodo di spedizione scelto e alla localit\u00e0 in cui ci si trova.<\/p><h4><strong>Spedizione standard<\/strong><\/h4><ul><li><strong>Tempi di consegna<\/strong>: 5-7 giorni lavorativi (per gli ordini nazionali). La spedizione internazionale pu\u00f2 richiedere 7-14 giorni lavorativi, a seconda del paese.<\/li><li><strong>Costo di spedizione<\/strong>: Gratis per gli ordini nazionali negli Stati Uniti. Per gli ordini internazionali, le spese di spedizione si basano sul peso e sulla destinazione dell'ordine. Queste spese vengono calcolate al momento del pagamento.<\/li><li><strong>Tracciamento<\/strong>: Una volta spedito l'ordine, riceverete un'e-mail con le informazioni di tracciamento, in modo da poterne seguire l'avanzamento.<\/li><\/ul><h4><strong>Spedizione rapida<\/strong><\/h4><ul><li><strong>Tempi di consegna<\/strong>2-3 giorni lavorativi (ordini nazionali). La spedizione internazionale accelerata pu\u00f2 richiedere 3-5 giorni lavorativi.<\/li><li><strong>Costo di spedizione<\/strong>: Le spese di spedizione rapida dipendono dalla localit\u00e0 e dalle dimensioni dell'ordine. I costi saranno comunicati al momento del pagamento.<\/li><li><strong>Tracciamento<\/strong>: Riceverete un numero di tracking per monitorare la vostra spedizione rapida.<\/li><\/ul><h4><strong>Spedizione notturna (solo negli USA)<\/strong><\/h4><ul><li><strong>Tempi di consegna<\/strong>: 1 giorno lavorativo (disponibile solo per gli ordini effettuati prima delle 12 PM EST).<\/li><li><strong>Costo di spedizione<\/strong>: Il costo della spedizione notturna sar\u00e0 calcolato durante il checkout, in base all'indirizzo di consegna.<\/li><li><strong>Tracciamento<\/strong>: Riceverete aggiornamenti sulla tracciabilit\u00e0 in tempo reale per le spedizioni notturne.<\/li><\/ul><hr \/><h3><strong>3. Tempo di elaborazione<\/strong><\/h3><p>Il nostro obiettivo \u00e8 elaborare e spedire tutti gli ordini il pi\u00f9 rapidamente possibile. Ecco cosa potete aspettarvi durante il tempo di elaborazione degli ordini:<\/p><ul><li><strong>Articoli in stock<\/strong>: Gli ordini che contengono articoli in stock vengono solitamente elaborati e spediti entro\u00a0<strong>2-3 giorni lavorativi<\/strong>\u00a0della conferma dell'ordine. Se si seleziona la spedizione rapida o notturna, faremo del nostro meglio per elaborare l'ordine il pi\u00f9 rapidamente possibile, ma si prega di notare che potrebbe essere necessario del tempo aggiuntivo per la verifica dell'ordine.<\/li><li><strong>Ordini personalizzati<\/strong>: Se avete acquistato un\u00a0<strong>anello personalizzato<\/strong>\u00a0(ad esempio, incisioni personalizzate o un design su misura), i tempi di elaborazione potrebbero essere pi\u00f9 lunghi. Gli ordini personalizzati richiedono solitamente\u00a0<strong>7-10 giorni lavorativi<\/strong>\u00a0per la creazione e la spedizione, a seconda della complessit\u00e0 del progetto.<\/li><li><strong>Pre-ordini e articoli arretrati<\/strong>: Per gli articoli contrassegnati come pre-ordine o non disponibili in magazzino, forniremo una data di spedizione stimata durante il checkout. Vi informeremo in caso di ritardi significativi nel vostro ordine.<\/li><\/ul><hr \/><h3><strong>4. Spese di spedizione<\/strong><\/h3><ul><li><strong>Spedizione gratuita<\/strong>: Offriamo\u00a0<strong>spedizione standard gratuita<\/strong>\u00a0su tutti gli ordini nazionali negli Stati Uniti, indipendentemente dalle dimensioni dell'ordine. Sono compresi gli anelli delle nostre collezioni di smeraldi, giade, pietre di luna e anelli di fidanzamento.<\/li><li><strong>Spese di spedizione internazionali<\/strong>: Per gli ordini internazionali, le spese di spedizione saranno calcolate in base alle dimensioni, al peso e alla destinazione del pacco. Le spese di spedizione saranno visualizzate chiaramente durante il checkout. I tempi di spedizione internazionali possono variare a seconda del paese e delle procedure doganali.<\/li><\/ul><hr \/><h3><strong>5. Imballaggio<\/strong><\/h3><p>Ci preoccupiamo di garantire che il vostro anello vi arrivi in perfette condizioni. Tutti gli ordini sono confezionati in\u00a0<strong>scatole regalo di lusso<\/strong>perfetti per regalare o custodire il vostro oggetto prezioso. Il nostro imballaggio garantisce che il vostro anello sia protetto durante il trasporto e che arrivi in condizioni impeccabili.<\/p><p>Se desiderate includere un messaggio personalizzato o richiedere un imballaggio speciale, contattate il nostro servizio clienti e saremo lieti di soddisfare la vostra richiesta.<\/p><hr \/><h3><strong>6. Tracciamento dell'ordine<\/strong><\/h3><p>Una volta spedito l'ordine, riceverete un'e-mail con le informazioni di tracciamento. Il numero di tracking pu\u00f2 essere utilizzato per monitorare lo stato dell'ordine tramite il sito web del corriere. Vi forniremo inoltre aggiornamenti su eventuali modifiche significative allo stato di spedizione del vostro ordine.<\/p><p>Se non riuscite a rintracciare il vostro ordine o avete problemi con la tracciabilit\u00e0, contattateci e vi aiuteremo a risolvere la situazione.<\/p><hr \/><h3><strong>7. Restrizioni alla spedizione<\/strong><\/h3><p>Sebbene il nostro obiettivo sia quello di servire i clienti di tutto il mondo, ci sono alcuni paesi verso i quali non possiamo effettuare spedizioni a causa di regolamenti di spedizione internazionali, restrizioni doganali o limitazioni del vettore. Se vi trovate in una regione in cui la spedizione \u00e8 limitata, vi informeremo durante il processo di acquisto.<\/p><p>Inoltre, non effettuiamo spedizioni a caselle postali per alcune destinazioni internazionali, poich\u00e9 alcuni vettori non consentono la consegna a questi indirizzi.<\/p><hr \/><h3><strong>8. Dazi e imposte doganali<\/strong><\/h3><p>Per gli ordini internazionali, si prega di notare che potrebbero essere applicati dazi doganali, tasse e spese di importazione una volta che il pacco raggiunge il vostro paese. Queste spese sono\u00a0<strong>non<\/strong>\u00a0inclusi nelle spese di spedizione e sono a carico del cliente.<\/p><p>Le politiche doganali variano da paese a paese, pertanto si consiglia di contattare l'ufficio doganale locale per ottenere maggiori informazioni su eventuali tasse.\u00a0<strong>EmeraldsRing.com<\/strong>\u00a0non \u00e8 responsabile di eventuali dazi doganali, tasse o oneri aggiuntivi che potrebbero sorgere durante il processo di spedizione.<\/p><hr \/><h3><strong>9. Ritardi e problemi di spedizione<\/strong><\/h3><p>Ci impegniamo a consegnare il vostro ordine in modo tempestivo,\u00a0<strong>EmeraldsRing.com<\/strong>\u00a0non pu\u00f2 essere ritenuta responsabile di ritardi causati da fattori al di fuori del nostro controllo. Ci\u00f2 include, a titolo esemplificativo ma non esaustivo, condizioni meteorologiche avverse, scioperi, disastri naturali o qualsiasi altro evento che possa interrompere la spedizione.<\/p><p>Se il pacco \u00e8 in ritardo o se si verificano problemi con la spedizione, contattateci. Faremo del nostro meglio per assistervi nella risoluzione di qualsiasi problema legato alla spedizione.<\/p><hr \/><h3><strong>10. Articoli danneggiati o smarriti<\/strong><\/h3><ul><li><strong>Articoli danneggiati<\/strong>: Se l'ordine arriva danneggiato o difettoso, si prega di contattare il nostro servizio clienti entro il 30 giugno 2012.\u00a0<strong>7 giorni<\/strong>\u00a0del ricevimento. Vi forniremo le istruzioni su come restituire l'articolo e organizzare la sostituzione o il rimborso, a seconda delle circostanze.<\/li><li><strong>Oggetti smarriti<\/strong>: Sebbene ci impegniamo al massimo per garantire che il vostro ordine vi arrivi sano e salvo, non possiamo essere ritenuti responsabili per i pacchi persi o ritardati a causa di circostanze al di fuori del nostro controllo, compresi i problemi del vettore di spedizione. Tuttavia, collaboreremo con voi per rintracciare il pacco e risolvere il problema nel pi\u00f9 breve tempo possibile.<\/li><\/ul><hr \/><h3><strong>11. Resi e cambi<\/strong><\/h3><p>Visitate il nostro sito\u00a0<strong>Resi e cambi<\/strong>\u00a0per informazioni complete sulle modalit\u00e0 di restituzione o sostituzione di un articolo. Per riassumere, offriamo un\u00a0<strong>Politica di restituzione di 30 giorni<\/strong>\u00a0per la maggior parte dei nostri anelli (esclusi gli articoli personalizzati). I resi devono essere nelle condizioni originali e le spese di spedizione sono a carico del cliente.<\/p><p>Gli articoli su misura, gli anelli incisi o quelli con dettagli personalizzati sono tipicamente\u00a0<strong>non restituibile<\/strong>\u00a0a meno che non vi sia un difetto o un errore di fabbricazione.<\/p><hr \/><h3><strong>12. Assistenza clienti<\/strong><\/h3><p>Il nostro team di assistenza clienti \u00e8 a disposizione per rispondere a qualsiasi domanda o dubbio relativo alla spedizione. Se avete bisogno di seguire il vostro ordine, di informarvi sulle spese di spedizione o di risolvere un problema, non esitate a contattarci.<\/p><p>Potete raggiungerci attraverso i seguenti metodi:<\/p><ul><li><strong>Email<\/strong>:\u00a0<a href=\"mailto:manger@emeraldsring.com\"><strong>manger@emeraldsring.com<\/strong><\/a><\/li><li><strong>Telefono<\/strong>:\u00a0<strong><a href=\"tel:8613725483134\">+86 137 2548 3134<\/a><\/strong><\/li><li><strong>WhatsApp<\/strong>:\u00a0<strong><a href=\"https:\/\/wa.me\/8613725483134\">+86 13725483134<\/a><\/strong><\/li><li>\u00a0<\/li><li><strong>Modulo di contatto<\/strong>: Compilate il modulo di contatto sul nostro sito web e vi risponderemo al pi\u00f9 presto.<\/li><\/ul><hr \/><h3><strong>13. Riepilogo delle politiche di spedizione<\/strong><\/h3><ul><li><strong>Spedizione nazionale gratuita<\/strong>\u00a0su tutti gli ordini effettuati negli Stati Uniti.<\/li><li><strong>Spedizione in tutto il mondo<\/strong>\u00a0disponibile con le spese calcolate durante il checkout.<\/li><li><strong>Pi\u00f9 opzioni di spedizione<\/strong>, comprese le spedizioni rapide e notturne.<\/li><li><strong>Politica di restituzione di 30 giorni<\/strong>\u00a0per la maggior parte degli articoli (esclusi i prodotti su misura).<\/li><li><strong>Informazioni sulla tracciabilit\u00e0<\/strong>\u00a0previsto per tutte le spedizioni.<\/li><li><strong>Imballaggio di lusso<\/strong>\u00a0per ogni ordine, perfetto per essere regalato.<\/li><\/ul><hr \/><p>Grazie per aver scelto\u00a0<strong>EmeraldsRing.com<\/strong>. Siamo entusiasti di aiutarvi a trovare l'anello perfetto, sia che si tratti di una\u00a0<strong>anello di fidanzamento con smeraldo<\/strong>, a\u00a0<strong>anello di giada<\/strong>o qualsiasi altro pezzo della nostra collezione unica. Ci impegniamo a garantire un'esperienza di acquisto fluida e soddisfacente, dal momento dell'ordine all'arrivo del vostro splendido anello.<\/p><p>Se avete domande, non esitate a contattarci! Siamo qui per aiutarvi.<\/p><\/div><\/div><\/div><\/div><\/div><div class=\"wd-negative-gap elementor-element elementor-element-99f6000 e-flex e-con-boxed e-con e-parent e-lazyloaded\" data-id=\"99f6000\" data-element_type=\"container\"><div class=\"e-con-inner\"><div class=\"elementor-element elementor-element-6d12059 elementor-widget elementor-widget-wd_text_block\" data-id=\"6d12059\" data-element_type=\"widget\" data-widget_type=\"wd_text_block.default\"><div class=\"elementor-widget-container\"><div class=\"wd-text-block reset-last-child text-left\"><p>Oppure inviate il modulo sottostante e vi contatteremo al pi\u00f9 presto.<\/p><\/div><\/div><\/div><\/div><\/div>\t\t\t\t\t\t\t\t<\/div>\n\t\t\t\t<\/div>\n\t\t\t\t\t<\/div>\n\t\t\t\t<\/div>\n\t\t<div class=\"elementor-element elementor-element-9287558 e-flex e-con-boxed e-con e-parent\" data-id=\"9287558\" data-element_type=\"container\">\n\t\t\t\t\t<div class=\"e-con-inner\">\n\t\t\t\t<div class=\"elementor-element elementor-element-34577a2 elementor-widget elementor-widget-wpforms\" data-id=\"34577a2\" data-element_type=\"widget\" data-widget_type=\"wpforms.default\">\n\t\t\t\t<div class=\"elementor-widget-container\">\n\t\t\t\t\t<style id=\"wpforms-css-vars-root\">\n\t\t\t\t:root {\n\t\t\t\t\t--wpforms-field-border-radius: 3px;\n--wpforms-field-border-style: solid;\n--wpforms-field-border-size: 1px;\n--wpforms-field-background-color: #ffffff;\n--wpforms-field-border-color: rgba( 0, 0, 0, 0.25 );\n--wpforms-field-border-color-spare: rgba( 0, 0, 0, 0.25 );\n--wpforms-field-text-color: rgba( 0, 0, 0, 0.7 );\n--wpforms-field-menu-color: #ffffff;\n--wpforms-label-color: rgba( 0, 0, 0, 0.85 );\n--wpforms-label-sublabel-color: rgba( 0, 0, 0, 0.55 );\n--wpforms-label-error-color: #d63637;\n--wpforms-button-border-radius: 3px;\n--wpforms-button-border-style: none;\n--wpforms-button-border-size: 1px;\n--wpforms-button-background-color: #066aab;\n--wpforms-button-border-color: #066aab;\n--wpforms-button-text-color: #ffffff;\n--wpforms-page-break-color: #066aab;\n--wpforms-background-image: none;\n--wpforms-background-position: center center;\n--wpforms-background-repeat: no-repeat;\n--wpforms-background-size: cover;\n--wpforms-background-width: 100px;\n--wpforms-background-height: 100px;\n--wpforms-background-color: rgba( 0, 0, 0, 0 );\n--wpforms-background-url: none;\n--wpforms-container-padding: 0px;\n--wpforms-container-border-style: none;\n--wpforms-container-border-width: 1px;\n--wpforms-container-border-color: #000000;\n--wpforms-container-border-radius: 3px;\n--wpforms-field-size-input-height: 43px;\n--wpforms-field-size-input-spacing: 15px;\n--wpforms-field-size-font-size: 16px;\n--wpforms-field-size-line-height: 19px;\n--wpforms-field-size-padding-h: 14px;\n--wpforms-field-size-checkbox-size: 16px;\n--wpforms-field-size-sublabel-spacing: 5px;\n--wpforms-field-size-icon-size: 1;\n--wpforms-label-size-font-size: 16px;\n--wpforms-label-size-line-height: 19px;\n--wpforms-label-size-sublabel-font-size: 14px;\n--wpforms-label-size-sublabel-line-height: 17px;\n--wpforms-button-size-font-size: 17px;\n--wpforms-button-size-height: 41px;\n--wpforms-button-size-padding-h: 15px;\n--wpforms-button-size-margin-top: 10px;\n--wpforms-container-shadow-size-box-shadow: none;\n\n\t\t\t\t}\n\t\t\t<\/style><style id=\"wpforms-css-vars-elementor-widget-34577a2\">\n\t\t\t\t.elementor-widget-wpforms.elementor-element-34577a2 {\n\t\t\t\t\t--wpforms-field-size-input-height: 43px;\n--wpforms-field-size-input-spacing: 15px;\n--wpforms-field-size-font-size: 16px;\n--wpforms-field-size-line-height: 19px;\n--wpforms-field-size-padding-h: 14px;\n--wpforms-field-size-checkbox-size: 16px;\n--wpforms-field-size-sublabel-spacing: 5px;\n--wpforms-field-size-icon-size: 1;\n--wpforms-label-size-font-size: 16px;\n--wpforms-label-size-line-height: 19px;\n--wpforms-label-size-sublabel-font-size: 14px;\n--wpforms-label-size-sublabel-line-height: 17px;\n--wpforms-button-size-font-size: 17px;\n--wpforms-button-size-height: 41px;\n--wpforms-button-size-padding-h: 15px;\n--wpforms-button-size-margin-top: 10px;\n\n\t\t\t\t}\n\t\t\t<\/style><div class=\"wpforms-container wpforms-container-full wpforms-render-modern\" id=\"wpforms-230\"><form id=\"wpforms-form-230\" class=\"wpforms-validate wpforms-form wpforms-ajax-form\" data-formid=\"230\" method=\"post\" enctype=\"multipart\/form-data\" action=\"\/it\/wp-json\/wp\/v2\/pages\/377\" data-token=\"e9c78722c9a4d04566abc6eb5074897d\" data-token-time=\"1776504874\" data-trp-original-action=\"\/it\/wp-json\/wp\/v2\/pages\/377\"><noscript class=\"wpforms-error-noscript\">Abilita JavaScript nel browser per completare questo modulo.<\/noscript><div class=\"wpforms-hidden\" id=\"wpforms-error-noscript\">Abilita JavaScript nel browser per completare questo modulo.<\/div><div class=\"wpforms-field-container\"><div id=\"wpforms-230-field_1-container\" class=\"wpforms-field wpforms-field-name\" data-field-id=\"1\"><label class=\"wpforms-field-label\" for=\"wpforms-230-field_1\">Nome <span class=\"wpforms-required-label\" aria-hidden=\"true\">*<\/span><\/label><input type=\"text\" id=\"wpforms-230-field_1\" class=\"wpforms-field-large wpforms-field-required\" name=\"wpforms[fields][1]\" placeholder=\"Il tuo nome\" aria-errormessage=\"wpforms-230-field_1-error\" required><\/div><div id=\"wpforms-230-field_2-container\" class=\"wpforms-field wpforms-field-email\" data-field-id=\"2\"><label class=\"wpforms-field-label\" for=\"wpforms-230-field_2\">Email <span class=\"wpforms-required-label\" aria-hidden=\"true\">*<\/span><\/label><input type=\"email\" id=\"wpforms-230-field_2\" class=\"wpforms-field-large wpforms-field-required\" name=\"wpforms[fields][2]\" placeholder=\"Il tuo indirizzo e-mail\" spellcheck=\"false\" aria-errormessage=\"wpforms-230-field_2-error\" required><\/div><div id=\"wpforms-230-field_3-container\" class=\"wpforms-field wpforms-field-textarea\" data-field-id=\"3\"><label class=\"wpforms-field-label\" for=\"wpforms-230-field_3\">Commento o messaggio <span class=\"wpforms-required-label\" aria-hidden=\"true\">*<\/span><\/label><textarea id=\"wpforms-230-field_3\" class=\"wpforms-field-medium wpforms-field-required\" name=\"wpforms[fields][3]\" aria-errormessage=\"wpforms-230-field_3-error\" required><\/textarea><\/div><div id=\"wpforms-230-field_4-container\" class=\"wpforms-field wpforms-field-captcha\" data-field-id=\"4\"><label class=\"wpforms-field-label\" for=\"wpforms-230-field_4\">Captcha personalizzato <span class=\"wpforms-required-label\" aria-hidden=\"true\">*<\/span><\/label>\t\t\t<div class=\"wpforms-captcha-math\">\n\t\t\t\t<span id=\"wpforms-230-field_4-question\" class=\"wpforms-captcha-equation\">\n\t\t\t\t\t<span class=\"n1\">14<\/span>\n\t\t\t\t\t\t\t<span class=\"cal\">*<\/span>\n\t\t\t\t\t\t\t<span class=\"n2\">5<\/span>\t\t\t\t\t<span class=\"e\">=<\/span>\n\t\t\t\t<\/span>\n\t\t\t\t<input type=\"text\" id=\"wpforms-230-field_4\" class=\"wpforms-field-medium wpforms-field-required a\" data-rule-wpf-captcha=\"math\" data-is-wrapped-field=\"1\" name=\"wpforms[fields][4][a]\" aria-errormessage=\"wpforms-230-field_4-error\" aria-describedby=\"wpforms-230-field_4-question\" required>\t\t\t\t<input type=\"hidden\" name=\"wpforms[fields][4][cal]\" class=\"cal\">\n\t\t\t\t<input type=\"hidden\" name=\"wpforms[fields][4][n2]\" class=\"n2\">\n\t\t\t\t<input type=\"hidden\" name=\"wpforms[fields][4][n1]\" class=\"n1\">\n\t\t\t<\/div>\n\t\t\t<\/div><\/div><!-- .wpforms-field-container --><div class=\"wpforms-submit-container\" ><input type=\"hidden\" name=\"wpforms[id]\" value=\"230\"><input type=\"hidden\" name=\"page_title\" value=\"\"><input type=\"hidden\" name=\"page_url\" value=\"https:\/\/emeraldsring.com\/it\/wp-json\/wp\/v2\/pages\/377\"><button type=\"submit\" name=\"wpforms[submit]\" id=\"wpforms-submit-230\" class=\"wpforms-submit\" data-alt-text=\"Sending...\" data-submit-text=\"Submit\" aria-live=\"assertive\" value=\"wpforms-submit\">Invia<\/button><img decoding=\"async\" src=\"https:\/\/emeraldsring.com\/wp-content\/plugins\/wpforms\/assets\/images\/submit-spin.svg\" class=\"wpforms-submit-spinner\" style=\"display: none;\" width=\"26\" height=\"26\" alt=\"Caricamento\"><\/div><input type=\"hidden\" name=\"trp-form-language\" value=\"it\"\/><\/form><\/div>  <!-- .wpforms-container -->\t\t\t\t<\/div>\n\t\t\t\t<\/div>\n\t\t\t\t\t<\/div>\n\t\t\t\t<\/div>\n\t\t\t\t<\/div>","protected":false},"excerpt":{"rendered":"<p>Grazie per aver acquistato su EmeraldsRing.com! Vogliamo assicurarci che la vostra esperienza con noi sia il pi\u00f9 possibile piacevole e senza intoppi, dalla consultazione della nostra squisita collezione di anelli di smeraldo, anelli di giada, anelli di pietra di luna e anelli di fidanzamento alla consegna del vostro splendido pezzo. Questa pagina fornisce informazioni dettagliate sulle nostre politiche di spedizione e consegna, in modo che possiate essere pienamente informati quando...<\/p>","protected":false},"author":1,"featured_media":0,"parent":0,"menu_order":0,"comment_status":"closed","ping_status":"closed","template":"","meta":{"_kad_post_transparent":"","_kad_post_title":"","_kad_post_layout":"","_kad_post_sidebar_id":"","_kad_post_content_style":"","_kad_post_vertical_padding":"","_kad_post_feature":"","_kad_post_feature_position":"","_kad_post_header":false,"_kad_post_footer":false,"footnotes":""},"class_list":["post-377","page","type-page","status-publish","hentry"],"aioseo_notices":[],"_links":{"self":[{"href":"https:\/\/emeraldsring.com\/it\/wp-json\/wp\/v2\/pages\/377","targetHints":{"allow":["GET"]}}],"collection":[{"href":"https:\/\/emeraldsring.com\/it\/wp-json\/wp\/v2\/pages"}],"about":[{"href":"https:\/\/emeraldsring.com\/it\/wp-json\/wp\/v2\/types\/page"}],"author":[{"embeddable":true,"href":"https:\/\/emeraldsring.com\/it\/wp-json\/wp\/v2\/users\/1"}],"replies":[{"embeddable":true,"href":"https:\/\/emeraldsring.com\/it\/wp-json\/wp\/v2\/comments?post=377"}],"version-history":[{"count":18,"href":"https:\/\/emeraldsring.com\/it\/wp-json\/wp\/v2\/pages\/377\/revisions"}],"predecessor-version":[{"id":1997,"href":"https:\/\/emeraldsring.com\/it\/wp-json\/wp\/v2\/pages\/377\/revisions\/1997"}],"wp:attachment":[{"href":"https:\/\/emeraldsring.com\/it\/wp-json\/wp\/v2\/media?parent=377"}],"curies":[{"name":"wp","href":"https:\/\/api.w.org\/{rel}","templated":true}]}}