{"id":1076,"date":"2025-02-11T18:45:11","date_gmt":"2025-02-11T13:45:11","guid":{"rendered":"http:\/\/emeraldsring.com\/?post_type=product&#038;p=1076"},"modified":"2025-04-28T19:58:33","modified_gmt":"2025-04-28T14:58:33","slug":"natural-emerald-and-diamond-ring-emerald-wedding-rings","status":"publish","type":"product","link":"https:\/\/emeraldsring.com\/it\/prodotto\/natural-emerald-and-diamond-ring-emerald-wedding-rings\/","title":{"rendered":"Anello con smeraldo naturale e diamante Fedi nuziali con smeraldo"},"content":{"rendered":"<div data-elementor-type=\"product-post\" data-elementor-id=\"1076\" class=\"elementor elementor-1076\" data-elementor-post-type=\"product\">\n\t\t\t\t<div class=\"elementor-element elementor-element-4b8fbfa e-flex e-con-boxed e-con e-parent\" data-id=\"4b8fbfa\" data-element_type=\"container\" data-e-type=\"container\">\n\t\t\t\t\t<div class=\"e-con-inner\">\n\t\t\t\t<div class=\"elementor-element elementor-element-6a118db elementor-widget elementor-widget-text-editor\" data-id=\"6a118db\" data-element_type=\"widget\" data-e-type=\"widget\" data-widget_type=\"text-editor.default\">\n\t\t\t\t<div class=\"elementor-widget-container\">\n\t\t\t\t\t\t\t\t\t<div><p class=\"break-words\">Elevate il vostro momento speciale con il nostro <strong>Anello con smeraldo naturale<\/strong>Una fusione mozzafiato tra i tesori pi\u00f9 belli della natura e l'artigianato senza tempo. Questo squisito <strong>anello nuziale<\/strong> \u00e8 caratterizzato da un affascinante smeraldo naturale, rinomato per la sua ricca tonalit\u00e0 verde, che simboleggia amore, rinnovamento e prosperit\u00e0: la scelta ideale per un impegno significativo. Completato da brillanti <strong>diamanti<\/strong>Questo anello brilla di eleganza e offre un perfetto equilibrio tra raffinatezza e fascino.<\/p><br \/><p class=\"break-words\">Realizzato a mano con precisione, lo smeraldo naturale \u00e8 di provenienza etica e tagliato con perizia per mettere in evidenza il suo colore vivido e le sue inclusioni uniche, spesso definite il \"jardin\" o giardino della gemma. Abbinati a una fascia lucente, i diamanti abbaglianti esaltano il fascino dello smeraldo, creando un'immagine di grande effetto. <strong>anello con diamante<\/strong> che si distingue sia come pezzo forte che come simbolo di devozione eterna. Ideale come fede nuziale, anello di fidanzamento o regalo prezioso, questo design unisce la bellezza classica al lusso moderno.<\/p><br \/><ul class=\"marker:text-secondary\"><li style=\"list-style-type: none;\"><ul class=\"marker:text-secondary\"><li class=\"break-words\"><strong>Caratteristiche principali<\/strong>:<br \/><ul class=\"marker:text-secondary\"><li style=\"list-style-type: none;\"><ul class=\"marker:text-secondary\"><li class=\"break-words\">Centrotavola in vero smeraldo naturale<\/li><\/ul><\/li><\/ul><br \/><ul class=\"marker:text-secondary\"><li style=\"list-style-type: none;\"><ul class=\"marker:text-secondary\"><li class=\"break-words\">Diamanti di alta qualit\u00e0 per una maggiore brillantezza<\/li><\/ul><\/li><\/ul><br \/><ul class=\"marker:text-secondary\"><li style=\"list-style-type: none;\"><ul class=\"marker:text-secondary\"><li class=\"break-words\">Disponibile in varie opzioni di metallo (ad esempio, oro bianco, oro giallo o platino).<\/li><\/ul><\/li><\/ul><br \/><ul class=\"marker:text-secondary\"><li style=\"list-style-type: none;\"><ul class=\"marker:text-secondary\"><li class=\"break-words\">Perfetti per matrimoni, fidanzamenti o anniversari<\/li><\/ul><\/li><\/ul><\/li><\/ul><\/li><\/ul><br \/><p class=\"break-words\">Celebrate la vostra storia d'amore con questo <strong>Anello con smeraldo naturale<\/strong>dove il fascino senza tempo di un <strong>anello nuziale<\/strong> incontra l'impareggiabile scintillio di un <strong>anello con diamante<\/strong>. Ordinate oggi stesso e indossate un pezzo unico come il vostro legame!<\/p><\/div>\t\t\t\t\t\t\t\t<\/div>\n\t\t\t\t<\/div>\n\t\t\t\t\t<\/div>\n\t\t\t\t<\/div>\n\t\t\t\t<\/div>","protected":false},"excerpt":{"rendered":"<p><strong>DETTAGLI DEL PRODOTTO:<\/strong><br \/>\nMetallo: Argento 925k<br \/>\nPietra preziosa: Smeraldo naturale grezzo<br \/>\nColore della gemma: verde<br \/>\nColore della banda: oro<br \/>\nMisura dell'anello: Regolabile<br \/>\nDiametro pietra: 5\u00d77 mm<br \/>\nChiarezza: Molto leggermente incluso<br \/>\nForma: Ovale<br \/>\nTaglio: Misto brillante<\/p>\n<div id=\"gtx-trans\" style=\"position: absolute; left: 48px; top: 183px;\">\n<div class=\"gtx-trans-icon\"><\/div>\n<\/div>","protected":false},"featured_media":1356,"comment_status":"open","ping_status":"closed","template":"","meta":{"_kad_post_transparent":"","_kad_post_title":"","_kad_post_layout":"","_kad_post_sidebar_id":"","_kad_post_content_style":"","_kad_post_vertical_padding":"","_kad_post_feature":"","_kad_post_feature_position":"","_kad_post_header":false,"_kad_post_footer":false},"product_brand":[],"product_cat":[15,16,89,76,66,20,90],"product_tag":[],"class_list":{"0":"post-1076","1":"product","2":"type-product","3":"status-publish","4":"has-post-thumbnail","6":"product_cat-rings","7":"product_cat-emerald-ring","8":"product_cat-engagement-and-wedding","9":"product_cat-floral","10":"product_cat-natural-gemstones-ring","11":"product_cat-oval-ring","12":"product_cat-wedding-ring","14":"first","15":"instock","16":"shipping-taxable","17":"purchasable","18":"product-type-simple","19":"entry","20":"content-bg","21":"loop-entry"},"aioseo_notices":[],"_links":{"self":[{"href":"https:\/\/emeraldsring.com\/it\/wp-json\/wp\/v2\/product\/1076","targetHints":{"allow":["GET"]}}],"collection":[{"href":"https:\/\/emeraldsring.com\/it\/wp-json\/wp\/v2\/product"}],"about":[{"href":"https:\/\/emeraldsring.com\/it\/wp-json\/wp\/v2\/types\/product"}],"replies":[{"embeddable":true,"href":"https:\/\/emeraldsring.com\/it\/wp-json\/wp\/v2\/comments?post=1076"}],"version-history":[{"count":4,"href":"https:\/\/emeraldsring.com\/it\/wp-json\/wp\/v2\/product\/1076\/revisions"}],"predecessor-version":[{"id":1672,"href":"https:\/\/emeraldsring.com\/it\/wp-json\/wp\/v2\/product\/1076\/revisions\/1672"}],"wp:featuredmedia":[{"embeddable":true,"href":"https:\/\/emeraldsring.com\/it\/wp-json\/wp\/v2\/media\/1356"}],"wp:attachment":[{"href":"https:\/\/emeraldsring.com\/it\/wp-json\/wp\/v2\/media?parent=1076"}],"wp:term":[{"taxonomy":"product_brand","embeddable":true,"href":"https:\/\/emeraldsring.com\/it\/wp-json\/wp\/v2\/product_brand?post=1076"},{"taxonomy":"product_cat","embeddable":true,"href":"https:\/\/emeraldsring.com\/it\/wp-json\/wp\/v2\/product_cat?post=1076"},{"taxonomy":"product_tag","embeddable":true,"href":"https:\/\/emeraldsring.com\/it\/wp-json\/wp\/v2\/product_tag?post=1076"}],"curies":[{"name":"wp","href":"https:\/\/api.w.org\/{rel}","templated":true}]}}