{"id":1083,"date":"2025-02-11T19:20:23","date_gmt":"2025-02-11T14:20:23","guid":{"rendered":"https:\/\/emeraldsring.com\/?post_type=product&#038;p=1083"},"modified":"2025-04-28T19:58:29","modified_gmt":"2025-04-28T14:58:29","slug":"emerald-gold-ring-classic-solitaire-emerald-diamond-emerald-ring","status":"publish","type":"product","link":"https:\/\/emeraldsring.com\/it\/prodotto\/emerald-gold-ring-classic-solitaire-emerald-diamond-emerald-ring\/","title":{"rendered":"Anello in oro smeraldo Anello classico solitario smeraldo diamante smeraldo"},"content":{"rendered":"<div data-elementor-type=\"product-post\" data-elementor-id=\"1083\" class=\"elementor elementor-1083\" data-elementor-post-type=\"product\">\n\t\t\t\t<div class=\"elementor-element elementor-element-9ebe1b4 e-flex e-con-boxed e-con e-parent\" data-id=\"9ebe1b4\" data-element_type=\"container\">\n\t\t\t\t\t<div class=\"e-con-inner\">\n\t\t\t\t<div class=\"elementor-element elementor-element-04325a2 elementor-widget elementor-widget-text-editor\" data-id=\"04325a2\" data-element_type=\"widget\" data-widget_type=\"text-editor.default\">\n\t\t\t\t<div class=\"elementor-widget-container\">\n\t\t\t\t\t\t\t\t\t<p data-start=\"934\" data-end=\"1315\"><em data-start=\"934\" data-end=\"945\">Panoramica:<\/em> Provate l'epitome della raffinatezza con il nostro anello in oro con smeraldo solitario classico. Questo squisito pezzo presenta un vibrante smeraldo al centro, simbolo di rinnovamento e prosperit\u00e0, completato da diamanti abbaglianti su entrambi i lati. Sapientemente realizzato in oro di lusso, questo anello \u00e8 una testimonianza di eleganza senza tempo ed \u00e8 perfetto per segnare i momenti speciali della vita.<\/p><p data-start=\"1317\" data-end=\"1328\"><em data-start=\"1317\" data-end=\"1328\">Caratteristiche:<\/em><\/p><ul data-start=\"1329\" data-end=\"1685\"><li data-start=\"1329\" data-end=\"1423\"><strong data-start=\"1331\" data-end=\"1348\">Pietra centrale:<\/strong> Smeraldo naturale di alta qualit\u00e0, rinomato per la sua ricca tonalit\u00e0 verde e la sua limpidezza.<\/li><li data-start=\"1424\" data-end=\"1508\"><strong data-start=\"1426\" data-end=\"1442\">Pietre laterali:<\/strong> Diamanti di taglio brillante che esaltano il fascino dello smeraldo centrale.<\/li><li data-start=\"1509\" data-end=\"1594\"><strong data-start=\"1511\" data-end=\"1523\">Impostazione:<\/strong> Fascia d'oro resistente e luminosa, progettata per la bellezza e la longevit\u00e0.<\/li><li data-start=\"1595\" data-end=\"1685\"><strong data-start=\"1597\" data-end=\"1608\">Design:<\/strong> Classico stile solitario con un tocco moderno, adatto a varie occasioni.<\/li><\/ul><p data-start=\"1687\" data-end=\"1718\"><em data-start=\"1687\" data-end=\"1718\">Perch\u00e9 dovreste comprare questo anello:<\/em><\/p><ul data-start=\"1719\" data-end=\"2142\"><li data-start=\"1719\" data-end=\"1813\"><strong data-start=\"1721\" data-end=\"1741\">Un fascino senza tempo:<\/strong> Il design classico assicura che l'anello rimanga elegante attraverso le generazioni.<\/li><li data-start=\"1814\" data-end=\"1935\"><strong data-start=\"1816\" data-end=\"1838\">Gemma simbolica:<\/strong> Gli smeraldi sono tradizionalmente associati all'amore e alla rinascita, rendendo questo anello un regalo significativo.<\/li><li data-start=\"1936\" data-end=\"2035\"><strong data-start=\"1938\" data-end=\"1957\">Indossare in modo versatile:<\/strong> Ideale per fidanzamenti, anniversari o come pezzo forte da indossare tutti i giorni.<\/li><li data-start=\"2036\" data-end=\"2142\"><strong data-start=\"2038\" data-end=\"2068\">Artigianato eccezionale:<\/strong> Realizzati meticolosamente per soddisfare i pi\u00f9 alti standard di qualit\u00e0 e bellezza.<\/li><\/ul><p data-start=\"2144\" data-end=\"2151\"><em data-start=\"2144\" data-end=\"2151\">Domande frequenti:<\/em><\/p><ol data-start=\"2153\" data-end=\"3003\"><li data-start=\"2153\" data-end=\"2305\"><p data-start=\"2156\" data-end=\"2198\"><strong data-start=\"2156\" data-end=\"2198\">Lo smeraldo \u00e8 naturale o creato in laboratorio?<\/strong><\/p><ul data-start=\"2202\" data-end=\"2305\"><li data-start=\"2202\" data-end=\"2305\">Lo smeraldo di questo anello \u00e8 una gemma naturale, accuratamente selezionata per il suo colore vibrante e la sua chiarezza.<\/li><\/ul><\/li><li data-start=\"2307\" data-end=\"2480\"><p data-start=\"2310\" data-end=\"2367\"><strong data-start=\"2310\" data-end=\"2367\">Qual \u00e8 il peso in carati dello smeraldo e dei diamanti?<\/strong><\/p><ul data-start=\"2371\" data-end=\"2480\"><li data-start=\"2371\" data-end=\"2480\">Il peso in carati varia; per informazioni dettagliate, consultare le specifiche del prodotto o contattarci.<\/li><\/ul><\/li><li data-start=\"2482\" data-end=\"2634\"><p data-start=\"2485\" data-end=\"2513\"><strong data-start=\"2485\" data-end=\"2513\">L'anello pu\u00f2 essere ridimensionato?<\/strong><\/p><ul data-start=\"2517\" data-end=\"2634\"><li data-start=\"2517\" data-end=\"2634\">S\u00ec, la fascia d'oro pu\u00f2 essere ridimensionata per garantire una vestibilit\u00e0 perfetta. Per assistenza, consultare il nostro servizio clienti.<\/li><\/ul><\/li><li data-start=\"2636\" data-end=\"2833\"><p data-start=\"2639\" data-end=\"2675\"><strong data-start=\"2639\" data-end=\"2675\">Come devo prendermi cura di questo anello?<\/strong><\/p><ul data-start=\"2679\" data-end=\"2833\"><li data-start=\"2679\" data-end=\"2833\">Per mantenere la brillantezza dell'anello, pulirlo delicatamente con un panno morbido ed evitare l'esposizione a sostanze chimiche aggressive. Si raccomanda una pulizia professionale regolare.<\/li><\/ul><\/li><li data-start=\"2835\" data-end=\"3003\"><p data-start=\"2838\" data-end=\"2889\"><strong data-start=\"2838\" data-end=\"2889\">La fascia dorata \u00e8 disponibile in diversi colori?<\/strong><\/p><ul data-start=\"2893\" data-end=\"3003\"><li data-start=\"2893\" data-end=\"3003\">Questo design \u00e8 disponibile nelle opzioni oro giallo, bianco e rosa. Scegliete quella che pi\u00f9 si adatta al vostro stile.<\/li><\/ul><\/li><\/ol>\t\t\t\t\t\t\t\t<\/div>\n\t\t\t\t<\/div>\n\t\t\t\t\t<\/div>\n\t\t\t\t<\/div>\n\t\t\t\t<\/div>","protected":false},"excerpt":{"rendered":"<p>DETTAGLI DEL PRODOTTO:<br \/>\nMetallo: Argento 925k<br \/>\nPietra preziosa: Smeraldo naturale grezzo<br \/>\nColore della gemma: verde<br \/>\nColore della banda: oro bianco<br \/>\nMisura dell'anello: Regolabile<br \/>\nDiametro pietra: 3\u00d74 mm<br \/>\nChiarezza: Molto leggermente incluso<br \/>\nForma: Marquise<br \/>\nTaglio: Misto brillante<\/p>\n<div id=\"gtx-trans\" style=\"position: absolute; left: -27px; top: 159px;\">\n<div class=\"gtx-trans-icon\"><\/div>\n<\/div>","protected":false},"featured_media":1357,"comment_status":"open","ping_status":"closed","template":"","meta":{"_kad_post_transparent":"","_kad_post_title":"","_kad_post_layout":"","_kad_post_sidebar_id":"","_kad_post_content_style":"","_kad_post_vertical_padding":"","_kad_post_feature":"","_kad_post_feature_position":"","_kad_post_header":false,"_kad_post_footer":false},"product_brand":[],"product_cat":[16,89,70,66,20,15,69],"product_tag":[],"class_list":{"0":"post-1083","1":"product","2":"type-product","3":"status-publish","4":"has-post-thumbnail","6":"product_cat-emerald-ring","7":"product_cat-engagement-and-wedding","8":"product_cat-halo-ring","9":"product_cat-natural-gemstones-ring","10":"product_cat-oval-ring","11":"product_cat-rings","12":"product_cat-solitaire","14":"first","15":"instock","16":"sale","17":"shipping-taxable","18":"purchasable","19":"product-type-simple","20":"entry","21":"content-bg","22":"loop-entry"},"aioseo_notices":[],"_links":{"self":[{"href":"https:\/\/emeraldsring.com\/it\/wp-json\/wp\/v2\/product\/1083","targetHints":{"allow":["GET"]}}],"collection":[{"href":"https:\/\/emeraldsring.com\/it\/wp-json\/wp\/v2\/product"}],"about":[{"href":"https:\/\/emeraldsring.com\/it\/wp-json\/wp\/v2\/types\/product"}],"replies":[{"embeddable":true,"href":"https:\/\/emeraldsring.com\/it\/wp-json\/wp\/v2\/comments?post=1083"}],"version-history":[{"count":10,"href":"https:\/\/emeraldsring.com\/it\/wp-json\/wp\/v2\/product\/1083\/revisions"}],"predecessor-version":[{"id":1694,"href":"https:\/\/emeraldsring.com\/it\/wp-json\/wp\/v2\/product\/1083\/revisions\/1694"}],"wp:featuredmedia":[{"embeddable":true,"href":"https:\/\/emeraldsring.com\/it\/wp-json\/wp\/v2\/media\/1357"}],"wp:attachment":[{"href":"https:\/\/emeraldsring.com\/it\/wp-json\/wp\/v2\/media?parent=1083"}],"wp:term":[{"taxonomy":"product_brand","embeddable":true,"href":"https:\/\/emeraldsring.com\/it\/wp-json\/wp\/v2\/product_brand?post=1083"},{"taxonomy":"product_cat","embeddable":true,"href":"https:\/\/emeraldsring.com\/it\/wp-json\/wp\/v2\/product_cat?post=1083"},{"taxonomy":"product_tag","embeddable":true,"href":"https:\/\/emeraldsring.com\/it\/wp-json\/wp\/v2\/product_tag?post=1083"}],"curies":[{"name":"wp","href":"https:\/\/api.w.org\/{rel}","templated":true}]}}