{"id":1097,"date":"2025-02-13T20:02:12","date_gmt":"2025-02-13T15:02:12","guid":{"rendered":"https:\/\/emeraldsring.com\/?post_type=product&#038;p=1097"},"modified":"2025-04-28T19:58:26","modified_gmt":"2025-04-28T14:58:26","slug":"natural-emerald-cut-engagement-rings-gold-statement-ring-women-ring","status":"publish","type":"product","link":"https:\/\/emeraldsring.com\/it\/prodotto\/natural-emerald-cut-engagement-rings-gold-statement-ring-women-ring\/","title":{"rendered":"Anelli di fidanzamento con taglio smeraldo naturale Anello con dichiarazione in oro Anello da donna"},"content":{"rendered":"<div data-elementor-type=\"product-post\" data-elementor-id=\"1097\" class=\"elementor elementor-1097\" data-elementor-post-type=\"product\">\n\t\t\t\t<div class=\"elementor-element elementor-element-8218902 e-flex e-con-boxed e-con e-parent\" data-id=\"8218902\" data-element_type=\"container\" data-e-type=\"container\">\n\t\t\t\t\t<div class=\"e-con-inner\">\n\t\t\t\t<div class=\"elementor-element elementor-element-13143a2 elementor-widget elementor-widget-text-editor\" data-id=\"13143a2\" data-element_type=\"widget\" data-e-type=\"widget\" data-widget_type=\"text-editor.default\">\n\t\t\t\t<div class=\"elementor-widget-container\">\n\t\t\t\t\t\t\t\t\t<p data-start=\"350\" data-end=\"770\"><em data-start=\"350\" data-end=\"361\">Panoramica:<\/em> Vi presentiamo il nostro anello di fidanzamento con taglio smeraldo naturale, una miscela armoniosa di eleganza classica e design moderno. Questo squisito pezzo presenta uno smeraldo naturale di taglio ovale, rinomato per la sua vibrante tonalit\u00e0 verde, incastonato in una fascia d'argento 925k placcato oro meticolosamente lavorata. Il design regolabile assicura una vestibilit\u00e0 confortevole, rendendolo una scelta ideale per fidanzamenti, occasioni speciali o come accessorio di rappresentanza.<\/p><p data-start=\"772\" data-end=\"783\"><em data-start=\"772\" data-end=\"783\">Caratteristiche:<\/em><\/p><ul data-start=\"784\" data-end=\"1268\"><li data-start=\"784\" data-end=\"851\"><strong data-start=\"786\" data-end=\"799\">Pietra preziosa:<\/strong> Smeraldo naturale grezzo dall'accattivante colore verde.<\/li><li data-start=\"852\" data-end=\"933\"><strong data-start=\"854\" data-end=\"869\">Dimensione della pietra:<\/strong> Taglio ovale di 4\u00d76 mm, che offre una presenza delicata ma accattivante.<\/li><li data-start=\"934\" data-end=\"1024\"><strong data-start=\"936\" data-end=\"946\">Metallo:<\/strong> Argento 925k con placcatura in oro lucido, che unisce durata ed eleganza.<\/li><li data-start=\"1025\" data-end=\"1092\"><strong data-start=\"1027\" data-end=\"1038\">Design:<\/strong> Un pezzo forte che emana raffinatezza e stile.<\/li><li data-start=\"1093\" data-end=\"1165\"><strong data-start=\"1095\" data-end=\"1115\">Banda regolabile:<\/strong> Assicura una vestibilit\u00e0 confortevole per anelli di varie dimensioni.<\/li><li data-start=\"1166\" data-end=\"1268\"><strong data-start=\"1168\" data-end=\"1180\">Chiarezza:<\/strong> Very Slightly Included (VS), che indica inclusioni minime visibili con l'ingrandimento.<\/li><\/ul><p data-start=\"1270\" data-end=\"1301\"><em data-start=\"1270\" data-end=\"1301\">Perch\u00e9 dovreste comprare questo anello:<\/em><\/p><ul data-start=\"1302\" data-end=\"1790\"><li data-start=\"1302\" data-end=\"1426\"><strong data-start=\"1304\" data-end=\"1326\">Eleganza senza tempo:<\/strong> Il design classico simboleggia una bellezza duratura e lo rende un anello di fidanzamento perfetto o un regalo speciale.<\/li><li data-start=\"1427\" data-end=\"1549\"><strong data-start=\"1429\" data-end=\"1453\">Accessorio versatile:<\/strong> Adatto per fidanzamenti, anniversari o come aggiunta preziosa alla vostra collezione di gioielli.<\/li><li data-start=\"1550\" data-end=\"1660\"><strong data-start=\"1552\" data-end=\"1578\">Qualit\u00e0 artigianale:<\/strong> Realizzato con materiali di alta qualit\u00e0 per garantire una lunga durata e una brillantezza costante.<\/li><li data-start=\"1661\" data-end=\"1790\"><strong data-start=\"1663\" data-end=\"1682\">Vestibilit\u00e0 regolabile:<\/strong> Il design adattabile della fascia garantisce flessibilit\u00e0, rendendolo un'ottima scelta regalo senza problemi di taglia.<\/li><\/ul><p data-start=\"1792\" data-end=\"1799\"><em data-start=\"1792\" data-end=\"1799\">Domande frequenti:<\/em><\/p><ol data-start=\"1801\" data-end=\"2661\"><li data-start=\"1801\" data-end=\"1944\"><p data-start=\"1804\" data-end=\"1846\"><strong data-start=\"1804\" data-end=\"1846\">Lo smeraldo \u00e8 naturale o creato in laboratorio?<\/strong><\/p><ul data-start=\"1850\" data-end=\"1944\"><li data-start=\"1850\" data-end=\"1944\">L'anello presenta uno smeraldo naturale grezzo, celebre per la sua autentica bellezza e ricchezza di colore.<\/li><\/ul><\/li><li data-start=\"1946\" data-end=\"2087\"><p data-start=\"1949\" data-end=\"1983\"><strong data-start=\"1949\" data-end=\"1983\">La misura dell'anello pu\u00f2 essere regolata?<\/strong><\/p><ul data-start=\"1987\" data-end=\"2087\"><li data-start=\"1987\" data-end=\"2087\">S\u00ec, l'anello \u00e8 progettato con una fascia regolabile per adattarsi comodamente alle varie dimensioni delle dita.<\/li><\/ul><\/li><li data-start=\"2089\" data-end=\"2258\"><p data-start=\"2092\" data-end=\"2128\"><strong data-start=\"2092\" data-end=\"2128\">Come devo prendermi cura di questo anello?<\/strong><\/p><ul data-start=\"2132\" data-end=\"2258\"><li data-start=\"2132\" data-end=\"2258\">Per mantenere la sua lucentezza, pulire l'anello delicatamente con un panno morbido ed evitare l'esposizione a prodotti chimici aggressivi o materiali abrasivi.<\/li><\/ul><\/li><li data-start=\"2260\" data-end=\"2502\"><p data-start=\"2263\" data-end=\"2295\"><strong data-start=\"2263\" data-end=\"2295\">La placcatura in oro \u00e8 durevole?<\/strong><\/p><ul data-start=\"2299\" data-end=\"2502\"><li data-start=\"2299\" data-end=\"2502\">La placcatura in oro sull'argento 925k \u00e8 progettata per durare nel tempo; tuttavia, per preservarne l'aspetto, \u00e8 consigliabile rimuovere l'anello durante le attivit\u00e0 che possono causare graffi o l'esposizione a sostanze chimiche.<\/li><\/ul><\/li><li data-start=\"2504\" data-end=\"2661\"><p data-start=\"2507\" data-end=\"2563\"><strong data-start=\"2507\" data-end=\"2563\">L'anello ha una garanzia o una politica di restituzione?<\/strong><\/p><ul data-start=\"2567\" data-end=\"2661\"><li data-start=\"2567\" data-end=\"2661\">S\u00ec, offriamo una politica di restituzione di 90 giorni per garantire la completa soddisfazione dell'acquisto.<\/li><\/ul><\/li><\/ol>\t\t\t\t\t\t\t\t<\/div>\n\t\t\t\t<\/div>\n\t\t\t\t\t<\/div>\n\t\t\t\t<\/div>\n\t\t\t\t<\/div>","protected":false},"excerpt":{"rendered":"<p>DETTAGLI DEL PRODOTTO:<br \/>\nMetallo: Argento 925k<br \/>\nPietra preziosa: Smeraldo naturale grezzo<br \/>\nColore della gemma: verde<br \/>\nColore della banda: oro<br \/>\nMisura dell'anello: Regolabile<br \/>\nDiametro pietra: 4\u00d76 mm<br \/>\nChiarezza: Molto leggermente incluso<br \/>\nForma: Ovale<br \/>\nTaglio: Misto brillante<\/p>\n<div id=\"gtx-trans\" style=\"position: absolute; left: 53px; top: 183px;\">\n<div class=\"gtx-trans-icon\"><\/div>\n<\/div>","protected":false},"featured_media":1360,"comment_status":"open","ping_status":"closed","template":"","meta":{"_kad_post_transparent":"","_kad_post_title":"","_kad_post_layout":"","_kad_post_sidebar_id":"","_kad_post_content_style":"","_kad_post_vertical_padding":"","_kad_post_feature":"","_kad_post_feature_position":"","_kad_post_header":false,"_kad_post_footer":false},"product_brand":[],"product_cat":[16,17,66,20,15],"product_tag":[],"class_list":{"0":"post-1097","1":"product","2":"type-product","3":"status-publish","4":"has-post-thumbnail","6":"product_cat-emerald-ring","7":"product_cat-engagement-ring","8":"product_cat-natural-gemstones-ring","9":"product_cat-oval-ring","10":"product_cat-rings","12":"first","13":"instock","14":"shipping-taxable","15":"purchasable","16":"product-type-variable","17":"entry","18":"content-bg","19":"loop-entry"},"aioseo_notices":[],"_links":{"self":[{"href":"https:\/\/emeraldsring.com\/it\/wp-json\/wp\/v2\/product\/1097","targetHints":{"allow":["GET"]}}],"collection":[{"href":"https:\/\/emeraldsring.com\/it\/wp-json\/wp\/v2\/product"}],"about":[{"href":"https:\/\/emeraldsring.com\/it\/wp-json\/wp\/v2\/types\/product"}],"replies":[{"embeddable":true,"href":"https:\/\/emeraldsring.com\/it\/wp-json\/wp\/v2\/comments?post=1097"}],"version-history":[{"count":4,"href":"https:\/\/emeraldsring.com\/it\/wp-json\/wp\/v2\/product\/1097\/revisions"}],"predecessor-version":[{"id":1688,"href":"https:\/\/emeraldsring.com\/it\/wp-json\/wp\/v2\/product\/1097\/revisions\/1688"}],"wp:featuredmedia":[{"embeddable":true,"href":"https:\/\/emeraldsring.com\/it\/wp-json\/wp\/v2\/media\/1360"}],"wp:attachment":[{"href":"https:\/\/emeraldsring.com\/it\/wp-json\/wp\/v2\/media?parent=1097"}],"wp:term":[{"taxonomy":"product_brand","embeddable":true,"href":"https:\/\/emeraldsring.com\/it\/wp-json\/wp\/v2\/product_brand?post=1097"},{"taxonomy":"product_cat","embeddable":true,"href":"https:\/\/emeraldsring.com\/it\/wp-json\/wp\/v2\/product_cat?post=1097"},{"taxonomy":"product_tag","embeddable":true,"href":"https:\/\/emeraldsring.com\/it\/wp-json\/wp\/v2\/product_tag?post=1097"}],"curies":[{"name":"wp","href":"https:\/\/api.w.org\/{rel}","templated":true}]}}