{"id":28,"date":"2025-02-04T10:02:28","date_gmt":"2025-02-04T10:02:28","guid":{"rendered":"https:\/\/emeraldsring.com\/?post_type=product&#038;p=28"},"modified":"2025-04-28T20:00:13","modified_gmt":"2025-04-28T15:00:13","slug":"elegant-925-sterling-silver-oval-cut-emerald-ring","status":"publish","type":"product","link":"https:\/\/emeraldsring.com\/it\/prodotto\/elegant-925-sterling-silver-oval-cut-emerald-ring\/","title":{"rendered":"Elegante anello di fidanzamento con smeraldo taglio ovale in argento 925"},"content":{"rendered":"<div data-elementor-type=\"wp-post\" data-elementor-id=\"28\" class=\"elementor elementor-28\" data-elementor-post-type=\"product\">\n\t\t\t\t<div class=\"elementor-element elementor-element-5071e329 e-flex e-con-boxed e-con e-parent\" data-id=\"5071e329\" data-element_type=\"container\" data-e-type=\"container\">\n\t\t\t\t\t<div class=\"e-con-inner\">\n\t\t<div class=\"elementor-element elementor-element-b6d7db2 e-con-full e-flex e-con e-child\" data-id=\"b6d7db2\" data-element_type=\"container\" data-e-type=\"container\">\n\t\t\t\t<div class=\"elementor-element elementor-element-0397cee elementor-widget elementor-widget-video\" data-id=\"0397cee\" data-element_type=\"widget\" data-e-type=\"widget\" data-settings=\"{&quot;youtube_url&quot;:&quot;https:\\\/\\\/youtube.com\\\/watch?v=kpS02AI3ho4&quot;,&quot;loop&quot;:&quot;yes&quot;,&quot;video_type&quot;:&quot;youtube&quot;,&quot;controls&quot;:&quot;yes&quot;}\" data-widget_type=\"video.default\">\n\t\t\t\t<div class=\"elementor-widget-container\">\n\t\t\t\t\t\t\t<div class=\"elementor-wrapper elementor-open-inline\">\n\t\t\t<div class=\"elementor-video\"><\/div>\t\t<\/div>\n\t\t\t\t\t\t<\/div>\n\t\t\t\t<\/div>\n\t\t\t\t<\/div>\n\t\t\t\t<div class=\"elementor-element elementor-element-58130f9b elementor-widget elementor-widget-text-editor\" data-id=\"58130f9b\" data-element_type=\"widget\" data-e-type=\"widget\" data-widget_type=\"text-editor.default\">\n\t\t\t\t<div class=\"elementor-widget-container\">\n\t\t\t\t\t\t\t\t\t<p><strong>Panoramica:<\/strong> Vi presentiamo il nostro <strong>Anello con smeraldo taglio ovale in argento 925<\/strong>un capolavoro che incarna eleganza e raffinatezza. Questo anello presenta al centro un vibrante smeraldo di taglio ovale, affiancato da scintillanti pietre di zirconia cubica, il tutto incastonato in argento sterling di alta qualit\u00e0.<\/p><p><strong>Caratteristiche:<\/strong><\/p><ul><li><strong>Materiale pregiato:<\/strong> Realizzato in vero argento sterling 925, garantisce una lunga durata e una finitura radiosa.<\/li><li><strong>Smeraldo ovale:<\/strong> Il centrotavola presenta uno smeraldo ovale meticolosamente tagliato, rinomato per la sua ricca tonalit\u00e0 verde e la sua chiarezza.<\/li><li><strong>Accenti di zirconia cubica:<\/strong> Adornato con pietre di zirconia cubica di alta qualit\u00e0 che esaltano la brillantezza e il fascino dell'anello.<\/li><li><strong>Design senza tempo:<\/strong> La classica combinazione di smeraldo e argento offre un accessorio versatile adatto a qualsiasi occasione.<\/li><li><strong>Vestibilit\u00e0 comoda:<\/strong> Progettato con una fascia liscia per essere indossato comodamente tutto il giorno.<\/li><\/ul><p><strong>Specifiche:<\/strong><\/p><ul><li><strong>Materiale:<\/strong> Argento 925<\/li><li><strong>Pietra principale:<\/strong> Smeraldo ovale<\/li><li><strong>Pietre d'accento:<\/strong> Zircone cubico<\/li><li><strong>Taglie disponibili:<\/strong> Anello USA misura 5-9<\/li><li><strong>Larghezza di banda:<\/strong> Circa 2 mm<\/li><\/ul><p><strong>Istruzioni per la cura:<\/strong><\/p><ul><li><strong>Evitare le sostanze chimiche:<\/strong> Tenere lontano da prodotti chimici e detergenti aggressivi per preservare la lucentezza del metallo.<\/li><li><strong>Stoccaggio:<\/strong> Conservare in un astuccio morbido per gioielli per evitare graffi e appannamenti.<\/li><li><strong>Pulizia:<\/strong> Lucidare delicatamente con un panno morbido per mantenere lucentezza e brillantezza.<\/li><\/ul><p><strong>Valorizzate la vostra collezione di gioielli:<\/strong><\/p><p>Questo anello con smeraldo in argento sterling 925 \u00e8 molto pi\u00f9 di un semplice accessorio: \u00e8 un pezzo forte che riflette grazia e stile. Che si tratti di un regalo a se stessi o a una persona speciale, questo anello diventer\u00e0 sicuramente un'aggiunta preziosa alla collezione di gioielli.<\/p><p><em>Nota: a causa delle caratteristiche naturali delle gemme, possono verificarsi lievi variazioni di colore e inclusioni, che rendono ogni anello di una bellezza unica.<\/em><\/p><p>\u00a0<\/p><p>\u00a0<\/p>\t\t\t\t\t\t\t\t<\/div>\n\t\t\t\t<\/div>\n\t\t\t\t\t<\/div>\n\t\t\t\t<\/div>\n\t\t\t\t<\/div>","protected":false},"excerpt":{"rendered":"<p><strong>Perch\u00e9 scegliere questo anello di smeraldo?<\/strong><\/p>\n<ol>\n<li><strong>Eleganza senza pari:<\/strong> L'armoniosa combinazione di smeraldo e zirconi emana un fascino senza tempo.<\/li>\n<li><strong>Artigianato di qualit\u00e0 superiore:<\/strong> Ogni anello \u00e8 lavorato meticolosamente per soddisfare i pi\u00f9 alti standard di qualit\u00e0.<\/li>\n<li><strong>Accessorio versatile:<\/strong> Perfetto sia per l'abbigliamento quotidiano che per le occasioni speciali, aggiunge un tocco di raffinatezza a qualsiasi abbigliamento.<\/li>\n<li><strong>Un regalo premuroso:<\/strong> Un regalo ideale per anniversari, compleanni o come simbolo di amore e impegno.<\/li>\n<\/ol>","protected":false},"featured_media":112,"comment_status":"open","ping_status":"closed","template":"","meta":{"_kad_post_transparent":"","_kad_post_title":"","_kad_post_layout":"","_kad_post_sidebar_id":"","_kad_post_content_style":"","_kad_post_vertical_padding":"","_kad_post_feature":"","_kad_post_feature_position":"","_kad_post_header":false,"_kad_post_footer":false},"product_brand":[],"product_cat":[16,89,17,67,15],"product_tag":[18],"class_list":{"0":"post-28","1":"product","2":"type-product","3":"status-publish","4":"has-post-thumbnail","6":"product_cat-emerald-ring","7":"product_cat-engagement-and-wedding","8":"product_cat-engagement-ring","9":"product_cat-lab-grown-gemstones-ring","10":"product_cat-rings","11":"product_tag-emerald-ring","13":"first","14":"instock","15":"shipping-taxable","16":"purchasable","17":"product-type-variable","18":"entry","19":"content-bg","20":"loop-entry"},"aioseo_notices":[],"_links":{"self":[{"href":"https:\/\/emeraldsring.com\/it\/wp-json\/wp\/v2\/product\/28","targetHints":{"allow":["GET"]}}],"collection":[{"href":"https:\/\/emeraldsring.com\/it\/wp-json\/wp\/v2\/product"}],"about":[{"href":"https:\/\/emeraldsring.com\/it\/wp-json\/wp\/v2\/types\/product"}],"replies":[{"embeddable":true,"href":"https:\/\/emeraldsring.com\/it\/wp-json\/wp\/v2\/comments?post=28"}],"version-history":[{"count":14,"href":"https:\/\/emeraldsring.com\/it\/wp-json\/wp\/v2\/product\/28\/revisions"}],"predecessor-version":[{"id":1450,"href":"https:\/\/emeraldsring.com\/it\/wp-json\/wp\/v2\/product\/28\/revisions\/1450"}],"wp:featuredmedia":[{"embeddable":true,"href":"https:\/\/emeraldsring.com\/it\/wp-json\/wp\/v2\/media\/112"}],"wp:attachment":[{"href":"https:\/\/emeraldsring.com\/it\/wp-json\/wp\/v2\/media?parent=28"}],"wp:term":[{"taxonomy":"product_brand","embeddable":true,"href":"https:\/\/emeraldsring.com\/it\/wp-json\/wp\/v2\/product_brand?post=28"},{"taxonomy":"product_cat","embeddable":true,"href":"https:\/\/emeraldsring.com\/it\/wp-json\/wp\/v2\/product_cat?post=28"},{"taxonomy":"product_tag","embeddable":true,"href":"https:\/\/emeraldsring.com\/it\/wp-json\/wp\/v2\/product_tag?post=28"}],"curies":[{"name":"wp","href":"https:\/\/api.w.org\/{rel}","templated":true}]}}