{"id":29,"date":"2025-02-04T10:02:28","date_gmt":"2025-02-04T10:02:28","guid":{"rendered":"https:\/\/emeraldsring.com\/?post_type=product&#038;p=29"},"modified":"2025-04-28T20:00:14","modified_gmt":"2025-04-28T15:00:14","slug":"elegant-925-silver-plated-emerald-ring-with-high-ice-green-chalcedony","status":"publish","type":"product","link":"https:\/\/emeraldsring.com\/it\/prodotto\/elegant-925-silver-plated-emerald-ring-with-high-ice-green-chalcedony\/","title":{"rendered":"Elegante anello in argento 925 placcato smeraldo con calcedonio verde ghiaccio alto"},"content":{"rendered":"<div data-elementor-type=\"wp-post\" data-elementor-id=\"29\" class=\"elementor elementor-29\" data-elementor-post-type=\"product\">\n\t\t\t\t<div class=\"elementor-element elementor-element-368b9b84 e-flex e-con-boxed e-con e-parent\" data-id=\"368b9b84\" data-element_type=\"container\">\n\t\t\t\t\t<div class=\"e-con-inner\">\n\t\t<div class=\"elementor-element elementor-element-4810482 e-con-full e-flex e-con e-child\" data-id=\"4810482\" data-element_type=\"container\">\n\t\t\t\t<div class=\"elementor-element elementor-element-e40b941 elementor-widget elementor-widget-video\" data-id=\"e40b941\" data-element_type=\"widget\" data-settings=\"{&quot;youtube_url&quot;:&quot;https:\\\/\\\/youtube.com\\\/watch?v=wIGVcPmazNg&quot;,&quot;loop&quot;:&quot;yes&quot;,&quot;video_type&quot;:&quot;youtube&quot;,&quot;controls&quot;:&quot;yes&quot;}\" data-widget_type=\"video.default\">\n\t\t\t\t<div class=\"elementor-widget-container\">\n\t\t\t\t\t\t\t<div class=\"elementor-wrapper elementor-open-inline\">\n\t\t\t<div class=\"elementor-video\"><\/div>\t\t<\/div>\n\t\t\t\t\t\t<\/div>\n\t\t\t\t<\/div>\n\t\t\t\t<\/div>\n\t\t\t\t<div class=\"elementor-element elementor-element-574e2bcd elementor-widget elementor-widget-text-editor\" data-id=\"574e2bcd\" data-element_type=\"widget\" data-widget_type=\"text-editor.default\">\n\t\t\t\t<div class=\"elementor-widget-container\">\n\t\t\t\t\t\t\t\t\t<em>Panoramica:<\/em> Vi presentiamo il nostro elegante anello con smeraldo placcato in argento 925, impreziosito da una gemma di calcedonio verde ghiaccio. Questo squisito pezzo \u00e8 stato progettato per aggiungere un tocco di raffinatezza a qualsiasi ensemble, rendendolo perfetto per le occasioni speciali o per essere indossato tutti i giorni.\r\n\r\n<em>Caratteristiche:<\/em>\r\n<ul>\r\n \t<li><strong>Materiale:<\/strong> Argento 925 placcato per una finitura durevole e lucente.<\/li>\r\n \t<li><strong>Pietra preziosa:<\/strong> Calcedonio verde ghiaccio, noto per la sua vibrante tonalit\u00e0 e limpidezza.<\/li>\r\n \t<li><strong>Design:<\/strong> Incastonatura classica che mette in risalto la bellezza naturale della gemma.<\/li>\r\n \t<li><strong>Dimensioni:<\/strong> Disponibile in pi\u00f9 misure per garantire una vestibilit\u00e0 perfetta.<\/li>\r\n \t<li><strong>Occasioni:<\/strong> Ideale per matrimoni, fidanzamenti, anniversari o come regalo di cortesia.<\/li>\r\n<\/ul>\r\n<em>Istruzioni per la cura:<\/em> Per mantenere la lucentezza e la durata dell'anello, evitare l'esposizione a sostanze chimiche aggressive e riporlo in un portagioie quando non viene utilizzato. Pulire delicatamente con un panno morbido per preservarne la lucentezza.\r\n\r\n<em>Nota:<\/em> Consultare la nostra guida alle taglie per selezionare la misura dell'anello appropriata. Per qualsiasi domanda o assistenza, non esitate a contattare il nostro servizio clienti.\r\n\r\n<a href=\"https:\/\/emeraldring.shop\/wp-content\/uploads\/2022\/12\/Elegant-925-Silver-Plated-Emerald-Ring-with-High-Ice-Green-Chalcedony-1.jpg\"><img fetchpriority=\"high\" decoding=\"async\" src=\"https:\/\/emeraldring.shop\/wp-content\/uploads\/2022\/12\/Elegant-925-Silver-Plated-Emerald-Ring-with-High-Ice-Green-Chalcedony-1.jpg\" alt=\"Elegant 925 Silver Plated Emerald Ring with High Ice Green Chalcedony\" width=\"800\" height=\"800\" \/><\/a> <a href=\"https:\/\/emeraldring.shop\/wp-content\/uploads\/2022\/12\/Elegant-925-Silver-Plated-Emerald-Ring-with-High-Ice-Green-Chalcedony-3.jpg\"><img decoding=\"async\" src=\"https:\/\/emeraldring.shop\/wp-content\/uploads\/2022\/12\/Elegant-925-Silver-Plated-Emerald-Ring-with-High-Ice-Green-Chalcedony-3.jpg\" alt=\"Elegant 925 Silver Plated Emerald Ring with High Ice Green Chalcedony\" width=\"800\" height=\"800\" \/><\/a> <a href=\"https:\/\/emeraldring.shop\/wp-content\/uploads\/2022\/12\/Elegant-925-Silver-Plated-Emerald-Ring-with-High-Ice-Green-Chalcedony-4.jpg\"><img decoding=\"async\" src=\"https:\/\/emeraldring.shop\/wp-content\/uploads\/2022\/12\/Elegant-925-Silver-Plated-Emerald-Ring-with-High-Ice-Green-Chalcedony-4.jpg\" alt=\"Elegant 925 Silver Plated Emerald Ring with High Ice Green Chalcedony\" width=\"800\" height=\"800\" \/><\/a> <a href=\"https:\/\/emeraldring.shop\/wp-content\/uploads\/2022\/12\/Elegant-925-Silver-Plated-Emerald-Ring-with-High-Ice-Green-Chalcedony-7.jpg\"><img loading=\"lazy\" decoding=\"async\" src=\"https:\/\/emeraldring.shop\/wp-content\/uploads\/2022\/12\/Elegant-925-Silver-Plated-Emerald-Ring-with-High-Ice-Green-Chalcedony-7.jpg\" alt=\"Elegant 925 Silver Plated Emerald Ring with High Ice Green Chalcedony\" width=\"800\" height=\"800\" \/><\/a> <a href=\"https:\/\/emeraldring.shop\/wp-content\/uploads\/2022\/12\/Elegant-925-Silver-Plated-Emerald-Ring-with-High-Ice-Green-Chalcedony-8.jpg\"><img loading=\"lazy\" decoding=\"async\" src=\"https:\/\/emeraldring.shop\/wp-content\/uploads\/2022\/12\/Elegant-925-Silver-Plated-Emerald-Ring-with-High-Ice-Green-Chalcedony-8.jpg\" alt=\"Elegant 925 Silver Plated Emerald Ring with High Ice Green Chalcedony\" width=\"800\" height=\"800\" \/><\/a><a href=\"https:\/\/emeraldring.shop\/wp-content\/uploads\/2022\/12\/Elegant-925-Silver-Plated-Emerald-Ring-with-High-Ice-Green-Chalcedony-2.jpg\"><img loading=\"lazy\" decoding=\"async\" src=\"https:\/\/emeraldring.shop\/wp-content\/uploads\/2022\/12\/Elegant-925-Silver-Plated-Emerald-Ring-with-High-Ice-Green-Chalcedony-2.jpg\" alt=\"Elegant 925 Silver Plated Emerald Ring with High Ice Green Chalcedony\" width=\"800\" height=\"800\" \/><\/a> <a href=\"https:\/\/emeraldring.shop\/wp-content\/uploads\/2022\/12\/Elegant-925-Silver-Plated-Emerald-Ring-with-High-Ice-Green-Chalcedony-5.jpg\"><img loading=\"lazy\" decoding=\"async\" src=\"https:\/\/emeraldring.shop\/wp-content\/uploads\/2022\/12\/Elegant-925-Silver-Plated-Emerald-Ring-with-High-Ice-Green-Chalcedony-5.jpg\" alt=\"Elegant 925 Silver Plated Emerald Ring with High Ice Green Chalcedony\" width=\"800\" height=\"800\" \/><\/a> <a href=\"https:\/\/emeraldring.shop\/wp-content\/uploads\/2022\/12\/Elegant-925-Silver-Plated-Emerald-Ring-with-High-Ice-Green-Chalcedony-6.jpg\"><img loading=\"lazy\" decoding=\"async\" src=\"https:\/\/emeraldring.shop\/wp-content\/uploads\/2022\/12\/Elegant-925-Silver-Plated-Emerald-Ring-with-High-Ice-Green-Chalcedony-6.jpg\" alt=\"Elegant 925 Silver Plated Emerald Ring with High Ice Green Chalcedony\" width=\"800\" height=\"800\" \/><\/a>\t\t\t\t\t\t\t\t<\/div>\n\t\t\t\t<\/div>\n\t\t\t\t\t<\/div>\n\t\t\t\t<\/div>\n\t\t\t\t<\/div>","protected":false},"excerpt":{"rendered":"<p><em><strong>Perch\u00e9 acquistarlo<\/strong>:<\/em> Questo anello con smeraldo non \u00e8 solo un simbolo di eleganza, ma anche una testimonianza di alta artigianalit\u00e0. La gemma di calcedonio verde ghiaccio \u00e8 stata accuratamente selezionata per la sua qualit\u00e0 e brillantezza, assicurando che ogni anello sia unico. Che si tratti di un'occasione speciale o semplicemente di un gioiello, questo anello \u00e8 un'aggiunta senza tempo a qualsiasi collezione.<\/p>","protected":false},"featured_media":122,"comment_status":"open","ping_status":"closed","template":"","meta":{"_kad_post_transparent":"","_kad_post_title":"","_kad_post_layout":"","_kad_post_sidebar_id":"","_kad_post_content_style":"","_kad_post_vertical_padding":"","_kad_post_feature":"","_kad_post_feature_position":"","_kad_post_header":false,"_kad_post_footer":false},"product_brand":[],"product_cat":[16,89,67,20,15,69],"product_tag":[18],"class_list":{"0":"post-29","1":"product","2":"type-product","3":"status-publish","4":"has-post-thumbnail","6":"product_cat-emerald-ring","7":"product_cat-engagement-and-wedding","8":"product_cat-lab-grown-gemstones-ring","9":"product_cat-oval-ring","10":"product_cat-rings","11":"product_cat-solitaire","12":"product_tag-emerald-ring","14":"first","15":"instock","16":"shipping-taxable","17":"purchasable","18":"product-type-variable","19":"entry","20":"content-bg","21":"loop-entry"},"aioseo_notices":[],"_links":{"self":[{"href":"https:\/\/emeraldsring.com\/it\/wp-json\/wp\/v2\/product\/29","targetHints":{"allow":["GET"]}}],"collection":[{"href":"https:\/\/emeraldsring.com\/it\/wp-json\/wp\/v2\/product"}],"about":[{"href":"https:\/\/emeraldsring.com\/it\/wp-json\/wp\/v2\/types\/product"}],"replies":[{"embeddable":true,"href":"https:\/\/emeraldsring.com\/it\/wp-json\/wp\/v2\/comments?post=29"}],"version-history":[{"count":4,"href":"https:\/\/emeraldsring.com\/it\/wp-json\/wp\/v2\/product\/29\/revisions"}],"predecessor-version":[{"id":1179,"href":"https:\/\/emeraldsring.com\/it\/wp-json\/wp\/v2\/product\/29\/revisions\/1179"}],"wp:featuredmedia":[{"embeddable":true,"href":"https:\/\/emeraldsring.com\/it\/wp-json\/wp\/v2\/media\/122"}],"wp:attachment":[{"href":"https:\/\/emeraldsring.com\/it\/wp-json\/wp\/v2\/media?parent=29"}],"wp:term":[{"taxonomy":"product_brand","embeddable":true,"href":"https:\/\/emeraldsring.com\/it\/wp-json\/wp\/v2\/product_brand?post=29"},{"taxonomy":"product_cat","embeddable":true,"href":"https:\/\/emeraldsring.com\/it\/wp-json\/wp\/v2\/product_cat?post=29"},{"taxonomy":"product_tag","embeddable":true,"href":"https:\/\/emeraldsring.com\/it\/wp-json\/wp\/v2\/product_tag?post=29"}],"curies":[{"name":"wp","href":"https:\/\/api.w.org\/{rel}","templated":true}]}}