{"id":30,"date":"2025-02-04T10:02:28","date_gmt":"2025-02-04T10:02:28","guid":{"rendered":"https:\/\/emeraldsring.com\/?post_type=product&#038;p=30"},"modified":"2025-03-03T11:32:02","modified_gmt":"2025-03-03T06:32:02","slug":"elegant-s925-sterling-silver-rectangular-emerald-ring","status":"publish","type":"product","link":"https:\/\/emeraldsring.com\/it\/prodotto\/elegant-s925-sterling-silver-rectangular-emerald-ring\/","title":{"rendered":"Elegante anello rettangolare in argento sterling S925 con smeraldo"},"content":{"rendered":"<div data-elementor-type=\"wp-post\" data-elementor-id=\"30\" class=\"elementor elementor-30\" data-elementor-post-type=\"product\">\n\t\t\t\t<div class=\"elementor-element elementor-element-4147143d e-flex e-con-boxed e-con e-parent\" data-id=\"4147143d\" data-element_type=\"container\" data-e-type=\"container\">\n\t\t\t\t\t<div class=\"e-con-inner\">\n\t\t<div class=\"elementor-element elementor-element-d7213af e-con-full e-flex e-con e-child\" data-id=\"d7213af\" data-element_type=\"container\" data-e-type=\"container\">\n\t\t\t\t<div class=\"elementor-element elementor-element-8f95213 elementor-widget elementor-widget-video\" data-id=\"8f95213\" data-element_type=\"widget\" data-e-type=\"widget\" data-settings=\"{&quot;youtube_url&quot;:&quot;https:\\\/\\\/www.youtube.com\\\/watch?v=F7SxMUS-hm8&quot;,&quot;loop&quot;:&quot;yes&quot;,&quot;video_type&quot;:&quot;youtube&quot;,&quot;controls&quot;:&quot;yes&quot;}\" data-widget_type=\"video.default\">\n\t\t\t\t<div class=\"elementor-widget-container\">\n\t\t\t\t\t\t\t<div class=\"elementor-wrapper elementor-open-inline\">\n\t\t\t<div class=\"elementor-video\"><\/div>\t\t<\/div>\n\t\t\t\t\t\t<\/div>\n\t\t\t\t<\/div>\n\t\t\t\t<\/div>\n\t\t\t\t<div class=\"elementor-element elementor-element-7baf55c9 elementor-widget elementor-widget-text-editor\" data-id=\"7baf55c9\" data-element_type=\"widget\" data-e-type=\"widget\" data-widget_type=\"text-editor.default\">\n\t\t\t\t<div class=\"elementor-widget-container\">\n\t\t\t\t\t\t\t\t\t<p data-start=\"336\" data-end=\"681\">Elevate la vostra collezione di gioielli con questo anello in argento Sterling 925 di splendida fattura, disegnato con due splendide pietre di smeraldo verde che risplendono brillantemente sulla fascia in argento liscio e lucido. Il design sottile ma sofisticato rende questo anello un accessorio versatile, perfetto sia per ambienti casual che formali.<\/p><p data-start=\"683\" data-end=\"1022\">Questo squisito anello \u00e8 realizzato in argento sterling 925 di alta qualit\u00e0, che offre una durata duratura senza compromettere lo stile. Gli smeraldi, noti per il loro colore vibrante e l'eleganza senza tempo, aggiungono un tocco di lusso a questo pezzo gi\u00e0 di per s\u00e9 straordinario. Che si tratti di un regalo per se stessi o di un regalo perfetto, questo anello non mancher\u00e0 di stupire.<\/p><p data-start=\"1024\" data-end=\"1041\"><strong data-start=\"1024\" data-end=\"1041\">Caratteristiche principali:<\/strong><\/p><ul data-start=\"1042\" data-end=\"1260\"><li data-start=\"1042\" data-end=\"1081\">Realizzato in argento sterling 925 di prima qualit\u00e0<\/li><li data-start=\"1082\" data-end=\"1125\">Due pietre di smeraldo verde vibrante<\/li><li data-start=\"1126\" data-end=\"1155\">Design elegante e senza tempo<\/li><li data-start=\"1156\" data-end=\"1212\">Pezzo versatile da indossare tutti i giorni o in occasioni speciali<\/li><li data-start=\"1213\" data-end=\"1260\">Disponibile in pi\u00f9 misure per una vestibilit\u00e0 perfetta<\/li><\/ul><p data-start=\"1262\" data-end=\"1367\" data-is-last-node=\"\">Aggiungete oggi stesso questo splendido anello con smeraldo alla vostra collezione e sperimentate l'eleganza e il lusso che vi regala!<\/p>\t\t\t\t\t\t\t\t<\/div>\n\t\t\t\t<\/div>\n\t\t\t\t\t<\/div>\n\t\t\t\t<\/div>\n\t\t\t\t<\/div>","protected":false},"excerpt":{"rendered":"<p><strong>Perch\u00e9 scegliere questo anello di smeraldo?<\/strong><\/p>\n<ol>\n<li><strong>Eleganza senza pari:<\/strong> L'armoniosa combinazione di argento e smeraldo emana un fascino senza tempo.<\/li>\n<li><strong>Artigianato di qualit\u00e0 superiore:<\/strong> Ogni anello \u00e8 lavorato meticolosamente per soddisfare i pi\u00f9 alti standard di qualit\u00e0.<\/li>\n<li><strong>Accessorio versatile:<\/strong> Perfetto sia per l'abbigliamento quotidiano che per le occasioni speciali, aggiunge un tocco di raffinatezza a qualsiasi abbigliamento.<\/li>\n<li><strong>Un regalo premuroso:<\/strong> Un regalo ideale per anniversari, fidanzamenti o come simbolo di amore e impegno.<\/li>\n<\/ol>","protected":false},"featured_media":132,"comment_status":"open","ping_status":"closed","template":"","meta":{"_kad_post_transparent":"","_kad_post_title":"","_kad_post_layout":"","_kad_post_sidebar_id":"","_kad_post_content_style":"","_kad_post_vertical_padding":"","_kad_post_feature":"","_kad_post_feature_position":"","_kad_post_header":false,"_kad_post_footer":false},"product_brand":[],"product_cat":[16,89,17,21,67,95,15],"product_tag":[18],"class_list":{"0":"post-30","1":"product","2":"type-product","3":"status-publish","4":"has-post-thumbnail","6":"product_cat-emerald-ring","7":"product_cat-engagement-and-wedding","8":"product_cat-engagement-ring","9":"product_cat-eternity-band","10":"product_cat-lab-grown-gemstones-ring","11":"product_cat-mens-rings","12":"product_cat-rings","13":"product_tag-emerald-ring","15":"first","16":"instock","17":"shipping-taxable","18":"purchasable","19":"product-type-variable","20":"entry","21":"content-bg","22":"loop-entry"},"aioseo_notices":[],"_links":{"self":[{"href":"https:\/\/emeraldsring.com\/it\/wp-json\/wp\/v2\/product\/30","targetHints":{"allow":["GET"]}}],"collection":[{"href":"https:\/\/emeraldsring.com\/it\/wp-json\/wp\/v2\/product"}],"about":[{"href":"https:\/\/emeraldsring.com\/it\/wp-json\/wp\/v2\/types\/product"}],"replies":[{"embeddable":true,"href":"https:\/\/emeraldsring.com\/it\/wp-json\/wp\/v2\/comments?post=30"}],"version-history":[{"count":11,"href":"https:\/\/emeraldsring.com\/it\/wp-json\/wp\/v2\/product\/30\/revisions"}],"predecessor-version":[{"id":1559,"href":"https:\/\/emeraldsring.com\/it\/wp-json\/wp\/v2\/product\/30\/revisions\/1559"}],"wp:featuredmedia":[{"embeddable":true,"href":"https:\/\/emeraldsring.com\/it\/wp-json\/wp\/v2\/media\/132"}],"wp:attachment":[{"href":"https:\/\/emeraldsring.com\/it\/wp-json\/wp\/v2\/media?parent=30"}],"wp:term":[{"taxonomy":"product_brand","embeddable":true,"href":"https:\/\/emeraldsring.com\/it\/wp-json\/wp\/v2\/product_brand?post=30"},{"taxonomy":"product_cat","embeddable":true,"href":"https:\/\/emeraldsring.com\/it\/wp-json\/wp\/v2\/product_cat?post=30"},{"taxonomy":"product_tag","embeddable":true,"href":"https:\/\/emeraldsring.com\/it\/wp-json\/wp\/v2\/product_tag?post=30"}],"curies":[{"name":"wp","href":"https:\/\/api.w.org\/{rel}","templated":true}]}}