{"id":32,"date":"2025-02-04T10:02:29","date_gmt":"2025-02-04T10:02:29","guid":{"rendered":"https:\/\/emeraldsring.com\/?post_type=product&#038;p=32"},"modified":"2025-04-28T19:59:57","modified_gmt":"2025-04-28T14:59:57","slug":"elegant-european-and-american-style-interwoven-emerald-ring","status":"publish","type":"product","link":"https:\/\/emeraldsring.com\/it\/prodotto\/elegant-european-and-american-style-interwoven-emerald-ring\/","title":{"rendered":"Elegante anello in argento 925 con diamante taglio smeraldo intrecciato"},"content":{"rendered":"<div data-elementor-type=\"wp-post\" data-elementor-id=\"32\" class=\"elementor elementor-32\" data-elementor-post-type=\"product\">\n\t\t\t\t<div class=\"elementor-element elementor-element-23860f0b e-flex e-con-boxed e-con e-parent\" data-id=\"23860f0b\" data-element_type=\"container\">\n\t\t\t\t\t<div class=\"e-con-inner\">\n\t\t<div class=\"elementor-element elementor-element-833c928 e-con-full e-flex e-con e-child\" data-id=\"833c928\" data-element_type=\"container\">\n\t\t\t\t<div class=\"elementor-element elementor-element-9c5ec22 elementor-widget elementor-widget-video\" data-id=\"9c5ec22\" data-element_type=\"widget\" data-settings=\"{&quot;youtube_url&quot;:&quot;https:\\\/\\\/youtube.com\\\/watch?v=cI4SJxatrMc&quot;,&quot;video_type&quot;:&quot;youtube&quot;,&quot;controls&quot;:&quot;yes&quot;}\" data-widget_type=\"video.default\">\n\t\t\t\t<div class=\"elementor-widget-container\">\n\t\t\t\t\t\t\t<div class=\"elementor-wrapper elementor-open-inline\">\n\t\t\t<div class=\"elementor-video\"><\/div>\t\t<\/div>\n\t\t\t\t\t\t<\/div>\n\t\t\t\t<\/div>\n\t\t\t\t<\/div>\n\t\t\t\t<div class=\"elementor-element elementor-element-7e5d6e44 elementor-widget elementor-widget-text-editor\" data-id=\"7e5d6e44\" data-element_type=\"widget\" data-widget_type=\"text-editor.default\">\n\t\t\t\t<div class=\"elementor-widget-container\">\n\t\t\t\t\t\t\t\t\t<p data-start=\"385\" data-end=\"833\">Lasciatevi sedurre dalla bellezza del nostro anello con diamante verde in argento 925, un pezzo straordinario progettato per affascinare con la sua intricata disposizione di diamanti verdi e bianchi. L'alternanza di pietre verdi e chiare crea un contrasto ipnotico, mentre la montatura in argento sterling lucido fa s\u00ec che l'anello brilli da ogni angolazione. Questo anello emana lusso e raffinatezza, rendendolo l'accessorio perfetto per ogni occasione.<\/p><p data-start=\"835\" data-end=\"1121\">Che si tratti di partecipare a un evento speciale, di celebrare una pietra miliare o semplicemente di migliorare il proprio look quotidiano, questo anello aggiunger\u00e0 un tocco di eleganza al vostro stile. La lavorazione di alta qualit\u00e0 e il design senza tempo fanno s\u00ec che questo anello non sia solo un bellissimo accessorio, ma un tesoro duraturo.<\/p><p data-start=\"1123\" data-end=\"1140\"><strong data-start=\"1123\" data-end=\"1140\">Caratteristiche principali:<\/strong><\/p><ul data-start=\"1141\" data-end=\"1402\"><li data-start=\"1141\" data-end=\"1180\">Realizzato in argento sterling 925 di prima qualit\u00e0<\/li><li data-start=\"1181\" data-end=\"1243\">Caratterizzato da un'abbagliante combinazione di diamanti verdi e bianchi<\/li><li data-start=\"1244\" data-end=\"1304\">Design elegante e sofisticato adatto a qualsiasi occasione<\/li><li data-start=\"1305\" data-end=\"1352\">Disponibile in pi\u00f9 misure per una vestibilit\u00e0 perfetta<\/li><li data-start=\"1353\" data-end=\"1402\">Un'aggiunta di lusso alla vostra collezione di gioielli<\/li><\/ul><p data-start=\"1404\" data-end=\"1591\" data-is-last-node=\"\">Aggiungete questo squisito anello con diamante verde alla vostra collezione e sperimentate l'eleganza che porta in ogni occasione. Non lasciatevi sfuggire l'occasione di ordinarlo subito per un gioiello che durer\u00e0 tutta la vita!<\/p>\t\t\t\t\t\t\t\t<\/div>\n\t\t\t\t<\/div>\n\t\t\t\t\t<\/div>\n\t\t\t\t<\/div>\n\t\t\t\t<\/div>","protected":false},"excerpt":{"rendered":"<p><em>Perch\u00e9 si dovrebbe acquistare:<\/em> Questo anello con smeraldo intrecciato \u00e8 pi\u00f9 di un semplice gioiello: \u00e8 una dichiarazione di stile ed eleganza. Il design unico e la gemma vibrante lo rendono un regalo perfetto per s\u00e9 o per una persona cara, adatto per le occasioni speciali o per essere indossato tutti i giorni.<\/p>","protected":false},"featured_media":152,"comment_status":"open","ping_status":"closed","template":"","meta":{"_kad_post_transparent":"","_kad_post_title":"","_kad_post_layout":"","_kad_post_sidebar_id":"","_kad_post_content_style":"","_kad_post_vertical_padding":"","_kad_post_feature":"","_kad_post_feature_position":"","_kad_post_header":false,"_kad_post_footer":false},"product_brand":[],"product_cat":[16,89,17,21,67,15],"product_tag":[18],"class_list":{"0":"post-32","1":"product","2":"type-product","3":"status-publish","4":"has-post-thumbnail","6":"product_cat-emerald-ring","7":"product_cat-engagement-and-wedding","8":"product_cat-engagement-ring","9":"product_cat-eternity-band","10":"product_cat-lab-grown-gemstones-ring","11":"product_cat-rings","12":"product_tag-emerald-ring","14":"first","15":"instock","16":"shipping-taxable","17":"purchasable","18":"product-type-variable","19":"entry","20":"content-bg","21":"loop-entry"},"aioseo_notices":[],"_links":{"self":[{"href":"https:\/\/emeraldsring.com\/it\/wp-json\/wp\/v2\/product\/32","targetHints":{"allow":["GET"]}}],"collection":[{"href":"https:\/\/emeraldsring.com\/it\/wp-json\/wp\/v2\/product"}],"about":[{"href":"https:\/\/emeraldsring.com\/it\/wp-json\/wp\/v2\/types\/product"}],"replies":[{"embeddable":true,"href":"https:\/\/emeraldsring.com\/it\/wp-json\/wp\/v2\/comments?post=32"}],"version-history":[{"count":5,"href":"https:\/\/emeraldsring.com\/it\/wp-json\/wp\/v2\/product\/32\/revisions"}],"predecessor-version":[{"id":1439,"href":"https:\/\/emeraldsring.com\/it\/wp-json\/wp\/v2\/product\/32\/revisions\/1439"}],"wp:featuredmedia":[{"embeddable":true,"href":"https:\/\/emeraldsring.com\/it\/wp-json\/wp\/v2\/media\/152"}],"wp:attachment":[{"href":"https:\/\/emeraldsring.com\/it\/wp-json\/wp\/v2\/media?parent=32"}],"wp:term":[{"taxonomy":"product_brand","embeddable":true,"href":"https:\/\/emeraldsring.com\/it\/wp-json\/wp\/v2\/product_brand?post=32"},{"taxonomy":"product_cat","embeddable":true,"href":"https:\/\/emeraldsring.com\/it\/wp-json\/wp\/v2\/product_cat?post=32"},{"taxonomy":"product_tag","embeddable":true,"href":"https:\/\/emeraldsring.com\/it\/wp-json\/wp\/v2\/product_tag?post=32"}],"curies":[{"name":"wp","href":"https:\/\/api.w.org\/{rel}","templated":true}]}}