{"id":39,"date":"2025-02-04T10:02:29","date_gmt":"2025-02-04T10:02:29","guid":{"rendered":"https:\/\/emeraldsring.com\/?post_type=product&#038;p=39"},"modified":"2025-04-28T19:59:55","modified_gmt":"2025-04-28T14:59:55","slug":"exquisite-emerald-ring-elegant-design-for-engagement","status":"publish","type":"product","link":"https:\/\/emeraldsring.com\/it\/prodotto\/exquisite-emerald-ring-elegant-design-for-engagement\/","title":{"rendered":"Anello di fidanzamento con smeraldo dal taglio squisito e cuore a forma di cuore"},"content":{"rendered":"<div data-elementor-type=\"wp-post\" data-elementor-id=\"39\" class=\"elementor elementor-39\" data-elementor-post-type=\"product\">\n\t\t\t\t<div class=\"elementor-element elementor-element-5d27b73b e-flex e-con-boxed e-con e-parent\" data-id=\"5d27b73b\" data-element_type=\"container\">\n\t\t\t\t\t<div class=\"e-con-inner\">\n\t\t<div class=\"elementor-element elementor-element-2e323c7 e-flex e-con-boxed e-con e-child\" data-id=\"2e323c7\" data-element_type=\"container\">\n\t\t\t\t\t<div class=\"e-con-inner\">\n\t\t\t\t<div class=\"elementor-element elementor-element-0032deb elementor-widget elementor-widget-video\" data-id=\"0032deb\" data-element_type=\"widget\" data-settings=\"{&quot;youtube_url&quot;:&quot;https:\\\/\\\/www.youtube.com\\\/watch?v=FU7mSwE2B9Q&quot;,&quot;loop&quot;:&quot;yes&quot;,&quot;video_type&quot;:&quot;youtube&quot;,&quot;controls&quot;:&quot;yes&quot;}\" data-widget_type=\"video.default\">\n\t\t\t\t<div class=\"elementor-widget-container\">\n\t\t\t\t\t\t\t<div class=\"elementor-wrapper elementor-open-inline\">\n\t\t\t<div class=\"elementor-video\"><\/div>\t\t<\/div>\n\t\t\t\t\t\t<\/div>\n\t\t\t\t<\/div>\n\t\t\t\t\t<\/div>\n\t\t\t\t<\/div>\n\t\t\t\t<div class=\"elementor-element elementor-element-6716d915 elementor-widget elementor-widget-text-editor\" data-id=\"6716d915\" data-element_type=\"widget\" data-widget_type=\"text-editor.default\">\n\t\t\t\t<div class=\"elementor-widget-container\">\n\t\t\t\t\t\t\t\t\t<strong>Caratteristiche principali:<\/strong>\r\n<ul>\r\n \t<li><strong>Materiale di qualit\u00e0 superiore<\/strong>: L'anello \u00e8 realizzato con materiali di alta qualit\u00e0 [specificare il materiale: ad esempio, argento sterling, oro 18 carati] per garantire la durata e una finitura di lusso.<\/li>\r\n \t<li><strong>Gemma smeraldo brillante<\/strong>: Una vibrante gemma di smeraldo, accuratamente selezionata per la sua limpidezza, colore e brillantezza. La gemma \u00e8 sapientemente tagliata per esaltarne la bellezza naturale.<\/li>\r\n \t<li><strong>Design elegante<\/strong>: L'anello presenta un design senza tempo, adatto a fidanzamenti, matrimoni, anniversari o occasioni speciali.<\/li>\r\n \t<li><strong>Vestibilit\u00e0 comoda<\/strong>: Progettato per garantire il massimo comfort, pu\u00f2 essere indossato quotidianamente senza compromettere lo stile.<\/li>\r\n<\/ul>\r\n<strong>Perch\u00e9 scegliere il nostro anello di smeraldo?<\/strong>\r\n<ul>\r\n \t<li>Un regalo perfetto per i propri cari, che simboleggia amore, prosperit\u00e0 e saggezza.<\/li>\r\n \t<li>Aggiunge un tocco di lusso e di classe a qualsiasi abbigliamento.<\/li>\r\n \t<li>Realizzato con precisione per offrire una finitura impeccabile che cattura l'attenzione.<\/li>\r\n<\/ul>\r\n<strong>Specifiche:<\/strong>\r\n<ul>\r\n \t<li>Materiale: [ad esempio, oro 18k, platino].<\/li>\r\n \t<li>Pietra preziosa: Smeraldo naturale<\/li>\r\n \t<li>Taglie disponibili: [ad esempio, taglie USA 5-9].<\/li>\r\n \t<li>Confezione: Viene fornita in un'elegante confezione regalo, pronta per essere regalata.<\/li>\r\n<\/ul>\r\nQuesto <strong>Anello di smeraldo<\/strong> \u00e8 pi\u00f9 di un semplice gioiello: \u00e8 una dichiarazione di eleganza e amore. Che si tratti di un momento speciale o di un regalo per se stessi, questo anello non mancher\u00e0 di stupire.\r\n\r\nOrdinate ora e lasciate che questo magnifico pezzo faccia parte dei vostri ricordi pi\u00f9 cari!\r\n\r\n<a href=\"https:\/\/emeraldring.shop\/wp-content\/uploads\/2022\/12\/Exquisite-Emerald-Ring-Elegant-Design-for-Special-Occasions-1.jpg\"><img fetchpriority=\"high\" decoding=\"async\" src=\"https:\/\/emeraldring.shop\/wp-content\/uploads\/2022\/12\/Exquisite-Emerald-Ring-Elegant-Design-for-Special-Occasions-1.jpg\" alt=\"Exquisite Emerald Ring - Elegant Design for Engagement Occasions (1)\" width=\"800\" height=\"800\" \/><\/a> <a href=\"https:\/\/emeraldring.shop\/wp-content\/uploads\/2022\/12\/Exquisite-Emerald-Ring-Elegant-Design-for-Special-Occasions-10.jpg\"><img decoding=\"async\" src=\"https:\/\/emeraldring.shop\/wp-content\/uploads\/2022\/12\/Exquisite-Emerald-Ring-Elegant-Design-for-Special-Occasions-10.jpg\" alt=\"Exquisite Emerald Ring - Elegant Design for Engagement Occasions\" width=\"800\" height=\"800\" \/><\/a> <a href=\"https:\/\/emeraldring.shop\/wp-content\/uploads\/2022\/12\/Exquisite-Emerald-Ring-Elegant-Design-for-Special-Occasions-9.jpg\"><img decoding=\"async\" src=\"https:\/\/emeraldring.shop\/wp-content\/uploads\/2022\/12\/Exquisite-Emerald-Ring-Elegant-Design-for-Special-Occasions-9.jpg\" alt=\"Exquisite Emerald Ring - Elegant Design for Engagement Occasions\" width=\"800\" height=\"800\" \/><\/a> <a href=\"https:\/\/emeraldring.shop\/wp-content\/uploads\/2022\/12\/Exquisite-Emerald-Ring-Elegant-Design-for-Special-Occasions-8.jpg\"><img loading=\"lazy\" decoding=\"async\" src=\"https:\/\/emeraldring.shop\/wp-content\/uploads\/2022\/12\/Exquisite-Emerald-Ring-Elegant-Design-for-Special-Occasions-8.jpg\" alt=\"Exquisite Emerald Ring - Elegant Design for Engagement Occasions\" width=\"800\" height=\"800\" \/><\/a> <a href=\"https:\/\/emeraldring.shop\/wp-content\/uploads\/2022\/12\/Exquisite-Emerald-Ring-Elegant-Design-for-Special-Occasions-6.jpg\"><img loading=\"lazy\" decoding=\"async\" src=\"https:\/\/emeraldring.shop\/wp-content\/uploads\/2022\/12\/Exquisite-Emerald-Ring-Elegant-Design-for-Special-Occasions-6.jpg\" alt=\"Exquisite Emerald Ring - Elegant Design for Engagement Occasions\" width=\"800\" height=\"800\" \/><\/a> <a href=\"https:\/\/emeraldring.shop\/wp-content\/uploads\/2022\/12\/Exquisite-Emerald-Ring-Elegant-Design-for-Special-Occasions-5.jpg\"><img loading=\"lazy\" decoding=\"async\" src=\"https:\/\/emeraldring.shop\/wp-content\/uploads\/2022\/12\/Exquisite-Emerald-Ring-Elegant-Design-for-Special-Occasions-5.jpg\" alt=\"Exquisite Emerald Ring - Elegant Design for Engagement Occasions\" width=\"800\" height=\"800\" \/><\/a> <a href=\"https:\/\/emeraldring.shop\/wp-content\/uploads\/2022\/12\/Exquisite-Emerald-Ring-Elegant-Design-for-Special-Occasions-4.jpg\"><img loading=\"lazy\" decoding=\"async\" src=\"https:\/\/emeraldring.shop\/wp-content\/uploads\/2022\/12\/Exquisite-Emerald-Ring-Elegant-Design-for-Special-Occasions-4.jpg\" alt=\"Exquisite Emerald Ring - Elegant Design for Engagement Occasions\" width=\"800\" height=\"800\" \/><\/a> <a href=\"https:\/\/emeraldring.shop\/wp-content\/uploads\/2022\/12\/Exquisite-Emerald-Ring-Elegant-Design-for-Special-Occasions-3.jpg\"><img loading=\"lazy\" decoding=\"async\" src=\"https:\/\/emeraldring.shop\/wp-content\/uploads\/2022\/12\/Exquisite-Emerald-Ring-Elegant-Design-for-Special-Occasions-3.jpg\" alt=\"Exquisite Emerald Ring - Elegant Design for Engagement Occasions\" width=\"800\" height=\"800\" \/><\/a> <a href=\"https:\/\/emeraldring.shop\/wp-content\/uploads\/2022\/12\/Exquisite-Emerald-Ring-Elegant-Design-for-Special-Occasions-2.jpg\"><img loading=\"lazy\" decoding=\"async\" src=\"https:\/\/emeraldring.shop\/wp-content\/uploads\/2022\/12\/Exquisite-Emerald-Ring-Elegant-Design-for-Special-Occasions-2.jpg\" alt=\"Exquisite Emerald Ring - Elegant Design for Engagement Occasions\" width=\"800\" height=\"800\" \/><\/a>\t\t\t\t\t\t\t\t<\/div>\n\t\t\t\t<\/div>\n\t\t\t\t\t<\/div>\n\t\t\t\t<\/div>\n\t\t\t\t<\/div>","protected":false},"excerpt":{"rendered":"<p>Vi presentiamo il nostro squisito <strong>Anello di smeraldo<\/strong>Un capolavoro che incarna eleganza e raffinatezza. Questo anello \u00e8 pensato per chi apprezza l'artigianato e la bellezza senza tempo.<\/p>","protected":false},"featured_media":225,"comment_status":"open","ping_status":"closed","template":"","meta":{"_kad_post_transparent":"","_kad_post_title":"","_kad_post_layout":"","_kad_post_sidebar_id":"","_kad_post_content_style":"","_kad_post_vertical_padding":"","_kad_post_feature":"","_kad_post_feature_position":"","_kad_post_header":false,"_kad_post_footer":false},"product_brand":[],"product_cat":[16,89,17,44,67,15],"product_tag":[30,18,31],"class_list":{"0":"post-39","1":"product","2":"type-product","3":"status-publish","4":"has-post-thumbnail","6":"product_cat-emerald-ring","7":"product_cat-engagement-and-wedding","8":"product_cat-engagement-ring","9":"product_cat-heart-ring","10":"product_cat-lab-grown-gemstones-ring","11":"product_cat-rings","12":"product_tag-emerald-cut-engagement-rings","13":"product_tag-emerald-ring","14":"product_tag-engagement-ring","16":"first","17":"instock","18":"shipping-taxable","19":"purchasable","20":"product-type-variable","21":"entry","22":"content-bg","23":"loop-entry"},"aioseo_notices":[],"_links":{"self":[{"href":"https:\/\/emeraldsring.com\/it\/wp-json\/wp\/v2\/product\/39","targetHints":{"allow":["GET"]}}],"collection":[{"href":"https:\/\/emeraldsring.com\/it\/wp-json\/wp\/v2\/product"}],"about":[{"href":"https:\/\/emeraldsring.com\/it\/wp-json\/wp\/v2\/types\/product"}],"replies":[{"embeddable":true,"href":"https:\/\/emeraldsring.com\/it\/wp-json\/wp\/v2\/comments?post=39"}],"version-history":[{"count":5,"href":"https:\/\/emeraldsring.com\/it\/wp-json\/wp\/v2\/product\/39\/revisions"}],"predecessor-version":[{"id":1444,"href":"https:\/\/emeraldsring.com\/it\/wp-json\/wp\/v2\/product\/39\/revisions\/1444"}],"wp:featuredmedia":[{"embeddable":true,"href":"https:\/\/emeraldsring.com\/it\/wp-json\/wp\/v2\/media\/225"}],"wp:attachment":[{"href":"https:\/\/emeraldsring.com\/it\/wp-json\/wp\/v2\/media?parent=39"}],"wp:term":[{"taxonomy":"product_brand","embeddable":true,"href":"https:\/\/emeraldsring.com\/it\/wp-json\/wp\/v2\/product_brand?post=39"},{"taxonomy":"product_cat","embeddable":true,"href":"https:\/\/emeraldsring.com\/it\/wp-json\/wp\/v2\/product_cat?post=39"},{"taxonomy":"product_tag","embeddable":true,"href":"https:\/\/emeraldsring.com\/it\/wp-json\/wp\/v2\/product_tag?post=39"}],"curies":[{"name":"wp","href":"https:\/\/api.w.org\/{rel}","templated":true}]}}