{"id":618,"date":"2025-02-05T20:34:34","date_gmt":"2025-02-05T15:34:34","guid":{"rendered":"https:\/\/emeraldsring.com\/?post_type=product&#038;p=618"},"modified":"2025-04-28T19:59:37","modified_gmt":"2025-04-28T14:59:37","slug":"sterling-silver-natural-emerald-band-ring-green-stone-oval-ring-engagement-ring","status":"publish","type":"product","link":"https:\/\/emeraldsring.com\/it\/prodotto\/sterling-silver-natural-emerald-band-ring-green-stone-oval-ring-engagement-ring\/","title":{"rendered":"Anello a fascia in argento sterling con smeraldo naturale, anello ovale con pietra verde, anello di fidanzamento"},"content":{"rendered":"<div data-elementor-type=\"product-post\" data-elementor-id=\"618\" class=\"elementor elementor-618\" data-elementor-post-type=\"product\">\n\t\t\t\t<div class=\"elementor-element elementor-element-461f638 e-flex e-con-boxed e-con e-parent\" data-id=\"461f638\" data-element_type=\"container\">\n\t\t\t\t\t<div class=\"e-con-inner\">\n\t\t<div class=\"elementor-element elementor-element-eaf81e3 e-con-full e-flex e-con e-child\" data-id=\"eaf81e3\" data-element_type=\"container\">\n\t\t\t\t<div class=\"elementor-element elementor-element-a72fa5c elementor-widget elementor-widget-video\" data-id=\"a72fa5c\" data-element_type=\"widget\" data-settings=\"{&quot;youtube_url&quot;:&quot;https:\\\/\\\/youtube.com\\\/watch?v=FNA2i1-dGOk&quot;,&quot;loop&quot;:&quot;yes&quot;,&quot;video_type&quot;:&quot;youtube&quot;,&quot;controls&quot;:&quot;yes&quot;}\" data-widget_type=\"video.default\">\n\t\t\t\t<div class=\"elementor-widget-container\">\n\t\t\t\t\t\t\t<div class=\"elementor-wrapper elementor-open-inline\">\n\t\t\t<div class=\"elementor-video\"><\/div>\t\t<\/div>\n\t\t\t\t\t\t<\/div>\n\t\t\t\t<\/div>\n\t\t\t\t<\/div>\n\t\t\t\t<div class=\"elementor-element elementor-element-0d5f1e4 elementor-widget elementor-widget-text-editor\" data-id=\"0d5f1e4\" data-element_type=\"widget\" data-widget_type=\"text-editor.default\">\n\t\t\t\t<div class=\"elementor-widget-container\">\n\t\t\t\t\t\t\t\t\t<p>Elevate il vostro stile con questo squisito <strong>Anello di smeraldo<\/strong> realizzato in argento sterling di alta qualit\u00e0. Caratterizzato da una splendida forma ovale <strong>pietra smeraldo naturale<\/strong>Questo gioiello \u00e8 perfetto per chi cerca una combinazione di eleganza e significato. Noto per la sua accattivante tonalit\u00e0 verde, lo smeraldo \u00e8 un simbolo di rinnovamento, amore e crescita, che rende questo anello la scelta ideale per un fidanzamento o un regalo speciale per celebrare un momento significativo.<\/p><p><strong>Caratteristiche del prodotto:<\/strong><\/p><ul><li><strong>Materiale<\/strong>: Realizzato in argento sterling resistente e ipoallergenico, garantisce longevit\u00e0 e comfort per l'uso quotidiano.<\/li><li><strong>Pietra<\/strong>: Smeraldo naturale di taglio ovale - vibrante e pieno di vita, offre un tocco elegante a qualsiasi abbigliamento.<\/li><li><strong>Design<\/strong>: Design classico della fascia con un tocco moderno, perfetto per chi apprezza la bellezza e la raffinatezza senza tempo.<\/li><li><strong>Versatile<\/strong>: Che siate alla ricerca di un anello di fidanzamento unico o di un pezzo forte da indossare tutti i giorni, questo anello a fascia con smeraldo si adatta a qualsiasi occasione.<\/li><li><strong>Regalo ideale<\/strong>: Un regalo perfetto per anniversari, compleanni, fidanzamenti o per un gesto sincero nei confronti di una persona speciale.<\/li><\/ul><p>Lasciate che il ricco bagliore verde dello smeraldo vi ricordi la bellezza dei momenti pi\u00f9 preziosi della vita. Non lasciatevi sfuggire questo gioiello elegante e senza tempo. <strong>Anello di smeraldo<\/strong> - Ordinate il vostro oggi e rendete indimenticabile ogni momento!<\/p>\t\t\t\t\t\t\t\t<\/div>\n\t\t\t\t<\/div>\n\t\t\t\t\t<\/div>\n\t\t\t\t<\/div>\n\t\t\t\t<\/div>","protected":false},"excerpt":{"rendered":"<p><strong>DETTAGLI DEL PRODOTTO:<\/strong><br \/>\nMetallo: Argento 925k<br \/>\nPietra preziosa: Smeraldo naturale grezzo<br \/>\nColore della gemma: verde<br \/>\nColore della banda: oro rosa, argento<br \/>\nMisura dell'anello: Regolabile<br \/>\nDiametro pietra: 4*6 mm \/ 3*3 mm<br \/>\nChiarezza: Molto leggermente incluso<br \/>\nForma: Ovale<br \/>\nTaglio: Misto brillante<\/p>","protected":false},"featured_media":631,"comment_status":"open","ping_status":"closed","template":"","meta":{"_kad_post_transparent":"","_kad_post_title":"","_kad_post_layout":"","_kad_post_sidebar_id":"","_kad_post_content_style":"","_kad_post_vertical_padding":"","_kad_post_feature":"","_kad_post_feature_position":"","_kad_post_header":false,"_kad_post_footer":false},"product_brand":[],"product_cat":[15,16,17,66,20],"product_tag":[],"class_list":{"0":"post-618","1":"product","2":"type-product","3":"status-publish","4":"has-post-thumbnail","6":"product_cat-rings","7":"product_cat-emerald-ring","8":"product_cat-engagement-ring","9":"product_cat-natural-gemstones-ring","10":"product_cat-oval-ring","12":"first","13":"instock","14":"shipping-taxable","15":"purchasable","16":"product-type-variable","17":"entry","18":"content-bg","19":"loop-entry"},"aioseo_notices":[],"_links":{"self":[{"href":"https:\/\/emeraldsring.com\/it\/wp-json\/wp\/v2\/product\/618","targetHints":{"allow":["GET"]}}],"collection":[{"href":"https:\/\/emeraldsring.com\/it\/wp-json\/wp\/v2\/product"}],"about":[{"href":"https:\/\/emeraldsring.com\/it\/wp-json\/wp\/v2\/types\/product"}],"replies":[{"embeddable":true,"href":"https:\/\/emeraldsring.com\/it\/wp-json\/wp\/v2\/comments?post=618"}],"version-history":[{"count":10,"href":"https:\/\/emeraldsring.com\/it\/wp-json\/wp\/v2\/product\/618\/revisions"}],"predecessor-version":[{"id":1500,"href":"https:\/\/emeraldsring.com\/it\/wp-json\/wp\/v2\/product\/618\/revisions\/1500"}],"wp:featuredmedia":[{"embeddable":true,"href":"https:\/\/emeraldsring.com\/it\/wp-json\/wp\/v2\/media\/631"}],"wp:attachment":[{"href":"https:\/\/emeraldsring.com\/it\/wp-json\/wp\/v2\/media?parent=618"}],"wp:term":[{"taxonomy":"product_brand","embeddable":true,"href":"https:\/\/emeraldsring.com\/it\/wp-json\/wp\/v2\/product_brand?post=618"},{"taxonomy":"product_cat","embeddable":true,"href":"https:\/\/emeraldsring.com\/it\/wp-json\/wp\/v2\/product_cat?post=618"},{"taxonomy":"product_tag","embeddable":true,"href":"https:\/\/emeraldsring.com\/it\/wp-json\/wp\/v2\/product_tag?post=618"}],"curies":[{"name":"wp","href":"https:\/\/api.w.org\/{rel}","templated":true}]}}