{"id":669,"date":"2025-02-06T10:54:05","date_gmt":"2025-02-06T05:54:05","guid":{"rendered":"https:\/\/emeraldsring.com\/?post_type=product&#038;p=669"},"modified":"2025-04-28T19:59:26","modified_gmt":"2025-04-28T14:59:26","slug":"natural-emerald-ring-925-sterling-silver-emerald-wedding-rings","status":"publish","type":"product","link":"https:\/\/emeraldsring.com\/it\/prodotto\/natural-emerald-ring-925-sterling-silver-emerald-wedding-rings\/","title":{"rendered":"Anello con smeraldo naturale Anello nuziale con smeraldo in argento 925"},"content":{"rendered":"<div data-elementor-type=\"product-post\" data-elementor-id=\"669\" class=\"elementor elementor-669\" data-elementor-post-type=\"product\">\n\t\t\t\t<div class=\"elementor-element elementor-element-6430e29 e-flex e-con-boxed e-con e-parent\" data-id=\"6430e29\" data-element_type=\"container\">\n\t\t\t\t\t<div class=\"e-con-inner\">\n\t\t<div class=\"elementor-element elementor-element-9281524 e-con-full e-flex e-con e-child\" data-id=\"9281524\" data-element_type=\"container\">\n\t\t\t\t<div class=\"elementor-element elementor-element-2ea63bd elementor-widget elementor-widget-video\" data-id=\"2ea63bd\" data-element_type=\"widget\" data-settings=\"{&quot;youtube_url&quot;:&quot;https:\\\/\\\/www.youtube.com\\\/watch?v=VZxuqZDJxRs&quot;,&quot;video_type&quot;:&quot;youtube&quot;,&quot;controls&quot;:&quot;yes&quot;}\" data-widget_type=\"video.default\">\n\t\t\t\t<div class=\"elementor-widget-container\">\n\t\t\t\t\t\t\t<div class=\"elementor-wrapper elementor-open-inline\">\n\t\t\t<div class=\"elementor-video\"><\/div>\t\t<\/div>\n\t\t\t\t\t\t<\/div>\n\t\t\t\t<\/div>\n\t\t\t\t<\/div>\n\t\t\t\t<div class=\"elementor-element elementor-element-c60ec35 elementor-widget elementor-widget-text-editor\" data-id=\"c60ec35\" data-element_type=\"widget\" data-widget_type=\"text-editor.default\">\n\t\t\t\t<div class=\"elementor-widget-container\">\n\t\t\t\t\t\t\t\t\t<p>Festeggiate l'amore eterno con questo squisito <strong>Anello di smeraldo<\/strong>realizzato in lussuoso argento sterling 925. Caratterizzato da un abbagliante smeraldo naturale, questo anello \u00e8 la scelta perfetta per un <strong>anello nuziale<\/strong>un anello di fidanzamento o un regalo significativo da conservare per sempre. Il verde intenso dello smeraldo simboleggia la crescita, l'amore e la vitalit\u00e0, rendendolo un pezzo senza tempo che vi ricorder\u00e0 sempre i momenti pi\u00f9 belli della vita.<\/p><p><strong>Caratteristiche del prodotto:<\/strong><\/p><ul><li><strong>Materiale<\/strong>: Realizzato con perizia in argento sterling 925, garantisce durata, comfort e lucentezza duratura. La base perfetta per mettere in risalto la vibrante pietra di smeraldo.<\/li><li><strong>Pietra<\/strong>: Autentico smeraldo naturale, accuratamente selezionato per la sua straordinaria tonalit\u00e0 verde e la sua limpidezza. La brillantezza della gemma \u00e8 esaltata dall'elegante incastonatura, che la rende il punto focale del design.<\/li><li><strong>Design<\/strong>: Dal design classico ma moderno, lo smeraldo \u00e8 splendidamente incastonato nella fascia d'argento, per un look sofisticato ed elegante. Il suo fascino senza tempo lo rende adatto a qualsiasi occasione.<\/li><li><strong>Perfetto per i matrimoni<\/strong>: Un perfetto <strong>anello nuziale<\/strong> per rappresentare il vostro amore e il vostro impegno. Il colore verde intenso dello smeraldo incarna l'armonia e la crescita, rendendolo un simbolo indimenticabile del vostro viaggio insieme.<\/li><li><strong>Bellezza versatile<\/strong>: Da indossare tutti i giorni o per le occasioni speciali, questo <strong>Anello di smeraldo<\/strong> aggiunge un tocco di lusso e di eleganza a qualsiasi ensemble. Il suo design sobrio si abbina perfettamente a qualsiasi abbigliamento, dal casual al formale.<\/li><\/ul><p>Questo splendido <strong>Anello di smeraldo<\/strong> \u00e8 molto pi\u00f9 di un semplice gioiello: \u00e8 un simbolo di amore, vitalit\u00e0 e impegno che si conserver\u00e0 per tutta la vita. Non perdete l'occasione di possedere questo pezzo senza tempo: ordinatelo oggi stesso e celebrate i vostri momenti speciali con un'eleganza senza pari.<\/p>\t\t\t\t\t\t\t\t<\/div>\n\t\t\t\t<\/div>\n\t\t\t\t\t<\/div>\n\t\t\t\t<\/div>\n\t\t\t\t<\/div>","protected":false},"excerpt":{"rendered":"<p><strong>DETTAGLI DEL PRODOTTO:<\/strong><br \/>\nMetallo: Argento 925k<br \/>\nPietra preziosa: Smeraldo naturale grezzo<br \/>\nColore della gemma: verde<br \/>\nColore della banda: oro bianco<br \/>\nMisura dell'anello: Regolabile<br \/>\nDiametro pietra: 8*6 mm<br \/>\nChiarezza: Molto leggermente incluso<br \/>\nForma: Ovale<br \/>\nTaglio: Misto brillante<\/p>\n<div id=\"gtx-trans\" style=\"position: absolute; left: 61px; top: 183px;\">\n<div class=\"gtx-trans-icon\"><\/div>\n<\/div>","protected":false},"featured_media":1313,"comment_status":"open","ping_status":"closed","template":"","meta":{"_kad_post_transparent":"","_kad_post_title":"","_kad_post_layout":"","_kad_post_sidebar_id":"","_kad_post_content_style":"","_kad_post_vertical_padding":"","_kad_post_feature":"","_kad_post_feature_position":"","_kad_post_header":false,"_kad_post_footer":false},"product_brand":[],"product_cat":[16,17,70,77,66,20,15],"product_tag":[],"class_list":{"0":"post-669","1":"product","2":"type-product","3":"status-publish","4":"has-post-thumbnail","6":"product_cat-emerald-ring","7":"product_cat-engagement-ring","8":"product_cat-halo-ring","9":"product_cat-lady-diana","10":"product_cat-natural-gemstones-ring","11":"product_cat-oval-ring","12":"product_cat-rings","14":"first","15":"instock","16":"shipping-taxable","17":"purchasable","18":"product-type-simple","19":"entry","20":"content-bg","21":"loop-entry"},"aioseo_notices":[],"_links":{"self":[{"href":"https:\/\/emeraldsring.com\/it\/wp-json\/wp\/v2\/product\/669","targetHints":{"allow":["GET"]}}],"collection":[{"href":"https:\/\/emeraldsring.com\/it\/wp-json\/wp\/v2\/product"}],"about":[{"href":"https:\/\/emeraldsring.com\/it\/wp-json\/wp\/v2\/types\/product"}],"replies":[{"embeddable":true,"href":"https:\/\/emeraldsring.com\/it\/wp-json\/wp\/v2\/comments?post=669"}],"version-history":[{"count":8,"href":"https:\/\/emeraldsring.com\/it\/wp-json\/wp\/v2\/product\/669\/revisions"}],"predecessor-version":[{"id":1315,"href":"https:\/\/emeraldsring.com\/it\/wp-json\/wp\/v2\/product\/669\/revisions\/1315"}],"wp:featuredmedia":[{"embeddable":true,"href":"https:\/\/emeraldsring.com\/it\/wp-json\/wp\/v2\/media\/1313"}],"wp:attachment":[{"href":"https:\/\/emeraldsring.com\/it\/wp-json\/wp\/v2\/media?parent=669"}],"wp:term":[{"taxonomy":"product_brand","embeddable":true,"href":"https:\/\/emeraldsring.com\/it\/wp-json\/wp\/v2\/product_brand?post=669"},{"taxonomy":"product_cat","embeddable":true,"href":"https:\/\/emeraldsring.com\/it\/wp-json\/wp\/v2\/product_cat?post=669"},{"taxonomy":"product_tag","embeddable":true,"href":"https:\/\/emeraldsring.com\/it\/wp-json\/wp\/v2\/product_tag?post=669"}],"curies":[{"name":"wp","href":"https:\/\/api.w.org\/{rel}","templated":true}]}}