{"id":687,"date":"2025-02-06T11:36:34","date_gmt":"2025-02-06T06:36:34","guid":{"rendered":"https:\/\/emeraldsring.com\/?post_type=product&#038;p=687"},"modified":"2025-04-28T19:59:20","modified_gmt":"2025-04-28T14:59:20","slug":"natural-emerald-ring-emerald-engagement-ring-jewelry-gemstone-ring","status":"publish","type":"product","link":"https:\/\/emeraldsring.com\/it\/prodotto\/natural-emerald-ring-emerald-engagement-ring-jewelry-gemstone-ring\/","title":{"rendered":"Anello di diamanti di smeraldo naturale Anello di fidanzamento di smeraldo Anello di pietre preziose"},"content":{"rendered":"<div data-elementor-type=\"product-post\" data-elementor-id=\"687\" class=\"elementor elementor-687\" data-elementor-post-type=\"product\">\n\t\t\t\t<div class=\"elementor-element elementor-element-dc2c7bd e-flex e-con-boxed e-con e-parent\" data-id=\"dc2c7bd\" data-element_type=\"container\" data-e-type=\"container\">\n\t\t\t\t\t<div class=\"e-con-inner\">\n\t\t<div class=\"elementor-element elementor-element-e12ea1d e-con-full e-flex e-con e-child\" data-id=\"e12ea1d\" data-element_type=\"container\" data-e-type=\"container\">\n\t\t\t\t<div class=\"elementor-element elementor-element-afc401b elementor-widget elementor-widget-video\" data-id=\"afc401b\" data-element_type=\"widget\" data-e-type=\"widget\" data-settings=\"{&quot;youtube_url&quot;:&quot;https:\\\/\\\/www.youtube.com\\\/watch?v=yLprattVis8&quot;,&quot;loop&quot;:&quot;yes&quot;,&quot;video_type&quot;:&quot;youtube&quot;,&quot;controls&quot;:&quot;yes&quot;}\" data-widget_type=\"video.default\">\n\t\t\t\t<div class=\"elementor-widget-container\">\n\t\t\t\t\t\t\t<div class=\"elementor-wrapper elementor-open-inline\">\n\t\t\t<div class=\"elementor-video\"><\/div>\t\t<\/div>\n\t\t\t\t\t\t<\/div>\n\t\t\t\t<\/div>\n\t\t\t\t<\/div>\n\t\t\t\t<div class=\"elementor-element elementor-element-b8c7be0 elementor-widget elementor-widget-text-editor\" data-id=\"b8c7be0\" data-element_type=\"widget\" data-e-type=\"widget\" data-widget_type=\"text-editor.default\">\n\t\t\t\t<div class=\"elementor-widget-container\">\n\t\t\t\t\t\t\t\t\t<p>Rendete indimenticabile la vostra storia d'amore con questo squisito <strong>Anello di smeraldo<\/strong>con un affascinante smeraldo naturale incastonato in una fascia splendidamente lavorata. Conosciuto per la sua profonda e vibrante tonalit\u00e0 verde, lo smeraldo \u00e8 un simbolo di amore, rinnovamento e armonia. <strong>anello di fidanzamento<\/strong> che durer\u00e0 per tutta la vita. Sia che stiate festeggiando un momento speciale o che vogliate fare la fatidica domanda, questo <strong>Anello di fidanzamento con smeraldo<\/strong> lascer\u00e0 sicuramente un'impressione duratura.<\/p><p><strong>Caratteristiche del prodotto:<\/strong><\/p><ul><li><strong>Materiale<\/strong>: Realizzato con maestria in metallo di alta qualit\u00e0 (scegliete l'opzione che preferite), offre un perfetto equilibrio tra durata ed eleganza per mostrare la pietra smeraldo.<\/li><li><strong>Pietra<\/strong>: Uno smeraldo naturale autentico, accuratamente selezionato per il suo vivido colore verde e la sua straordinaria limpidezza. La ricca pietra di smeraldo \u00e8 il fulcro di questo anello, che emana bellezza e raffinatezza.<\/li><li><strong>Design<\/strong>: Un design classico e raffinato che permette allo smeraldo di brillare. La sua semplicit\u00e0 ed eleganza lo rendono la scelta ideale per un moderno <strong>anello di fidanzamento<\/strong> o un'aggiunta straordinaria a qualsiasi collezione di gioielli.<\/li><li><strong>Simbolo d'amore<\/strong>: Lo smeraldo \u00e8 un simbolo di rinnovamento, fedelt\u00e0 e amore eterno: questo anello \u00e8 un pezzo significativo per simboleggiare il vostro impegno.<\/li><li><strong>Perfetto per i fidanzamenti<\/strong>: Questo <strong>Anello di fidanzamento con smeraldo<\/strong> \u00e8 l'ideale per chi cerca un modo unico, significativo e bellissimo per chiedere una vita d'amore. \u00c8 un pezzo forte che conquister\u00e0 il cuore del vostro partner.<\/li><\/ul><p>Celebrate il vostro amore con questo straordinario <strong>Anello di smeraldo<\/strong>Una splendida espressione di bellezza e di profondo significato emotivo. Ordinate oggi stesso e rendete memorabile ogni momento con questo pezzo senza tempo!<\/p>\t\t\t\t\t\t\t\t<\/div>\n\t\t\t\t<\/div>\n\t\t\t\t\t<\/div>\n\t\t\t\t<\/div>\n\t\t\t\t<\/div>","protected":false},"excerpt":{"rendered":"<p><strong>DETTAGLI DEL PRODOTTO:<\/strong><br \/>\nMetallo: Argento 925k<br \/>\nPietra preziosa: Smeraldo naturale grezzo<br \/>\nColore della gemma: verde<br \/>\nColore della banda: oro bianco<br \/>\nMisura dell'anello: Regolabile<br \/>\nDiametro pietra: 8\u00d76 mm<br \/>\nChiarezza: Molto leggermente incluso<br \/>\nForma: Ovale<br \/>\nTaglio: Misto brillante<\/p>\n<div id=\"gtx-trans\" style=\"position: absolute; left: 71px; top: 183px;\">\n<div class=\"gtx-trans-icon\"><\/div>\n<\/div>","protected":false},"featured_media":1326,"comment_status":"open","ping_status":"closed","template":"","meta":{"_kad_post_transparent":"","_kad_post_title":"","_kad_post_layout":"","_kad_post_sidebar_id":"","_kad_post_content_style":"","_kad_post_vertical_padding":"","_kad_post_feature":"","_kad_post_feature_position":"","_kad_post_header":false,"_kad_post_footer":false},"product_brand":[],"product_cat":[16,17,70,77,66,20,15,69],"product_tag":[],"class_list":{"0":"post-687","1":"product","2":"type-product","3":"status-publish","4":"has-post-thumbnail","6":"product_cat-emerald-ring","7":"product_cat-engagement-ring","8":"product_cat-halo-ring","9":"product_cat-lady-diana","10":"product_cat-natural-gemstones-ring","11":"product_cat-oval-ring","12":"product_cat-rings","13":"product_cat-solitaire","15":"first","16":"instock","17":"shipping-taxable","18":"purchasable","19":"product-type-simple","20":"entry","21":"content-bg","22":"loop-entry"},"aioseo_notices":[],"_links":{"self":[{"href":"https:\/\/emeraldsring.com\/it\/wp-json\/wp\/v2\/product\/687","targetHints":{"allow":["GET"]}}],"collection":[{"href":"https:\/\/emeraldsring.com\/it\/wp-json\/wp\/v2\/product"}],"about":[{"href":"https:\/\/emeraldsring.com\/it\/wp-json\/wp\/v2\/types\/product"}],"replies":[{"embeddable":true,"href":"https:\/\/emeraldsring.com\/it\/wp-json\/wp\/v2\/comments?post=687"}],"version-history":[{"count":9,"href":"https:\/\/emeraldsring.com\/it\/wp-json\/wp\/v2\/product\/687\/revisions"}],"predecessor-version":[{"id":1328,"href":"https:\/\/emeraldsring.com\/it\/wp-json\/wp\/v2\/product\/687\/revisions\/1328"}],"wp:featuredmedia":[{"embeddable":true,"href":"https:\/\/emeraldsring.com\/it\/wp-json\/wp\/v2\/media\/1326"}],"wp:attachment":[{"href":"https:\/\/emeraldsring.com\/it\/wp-json\/wp\/v2\/media?parent=687"}],"wp:term":[{"taxonomy":"product_brand","embeddable":true,"href":"https:\/\/emeraldsring.com\/it\/wp-json\/wp\/v2\/product_brand?post=687"},{"taxonomy":"product_cat","embeddable":true,"href":"https:\/\/emeraldsring.com\/it\/wp-json\/wp\/v2\/product_cat?post=687"},{"taxonomy":"product_tag","embeddable":true,"href":"https:\/\/emeraldsring.com\/it\/wp-json\/wp\/v2\/product_tag?post=687"}],"curies":[{"name":"wp","href":"https:\/\/api.w.org\/{rel}","templated":true}]}}