{"id":713,"date":"2025-02-06T12:56:36","date_gmt":"2025-02-06T07:56:36","guid":{"rendered":"https:\/\/emeraldsring.com\/?post_type=product&#038;p=713"},"modified":"2025-04-28T19:59:14","modified_gmt":"2025-04-28T14:59:14","slug":"vintage-ring-natural-emerald-engagement-ring-for-women","status":"publish","type":"product","link":"https:\/\/emeraldsring.com\/it\/prodotto\/vintage-ring-natural-emerald-engagement-ring-for-women\/","title":{"rendered":"Anello vintage Anello di fidanzamento con smeraldo naturale per donna"},"content":{"rendered":"<div data-elementor-type=\"product-post\" data-elementor-id=\"713\" class=\"elementor elementor-713\" data-elementor-post-type=\"product\">\n\t\t\t\t<div class=\"elementor-element elementor-element-cc57142 e-flex e-con-boxed e-con e-parent\" data-id=\"cc57142\" data-element_type=\"container\">\n\t\t\t\t\t<div class=\"e-con-inner\">\n\t\t<div class=\"elementor-element elementor-element-0beac35 e-con-full e-flex e-con e-child\" data-id=\"0beac35\" data-element_type=\"container\">\n\t\t\t\t<div class=\"elementor-element elementor-element-b9c00e6 elementor-widget elementor-widget-video\" data-id=\"b9c00e6\" data-element_type=\"widget\" data-settings=\"{&quot;youtube_url&quot;:&quot;https:\\\/\\\/youtube.com\\\/watch?v=XnwEhzvkVrA&quot;,&quot;loop&quot;:&quot;yes&quot;,&quot;video_type&quot;:&quot;youtube&quot;,&quot;controls&quot;:&quot;yes&quot;}\" data-widget_type=\"video.default\">\n\t\t\t\t<div class=\"elementor-widget-container\">\n\t\t\t\t\t\t\t<div class=\"elementor-wrapper elementor-open-inline\">\n\t\t\t<div class=\"elementor-video\"><\/div>\t\t<\/div>\n\t\t\t\t\t\t<\/div>\n\t\t\t\t<\/div>\n\t\t\t\t<\/div>\n\t\t\t\t<div class=\"elementor-element elementor-element-c0ef2a5 elementor-widget elementor-widget-text-editor\" data-id=\"c0ef2a5\" data-element_type=\"widget\" data-widget_type=\"text-editor.default\">\n\t\t\t\t<div class=\"elementor-widget-container\">\n\t\t\t\t\t\t\t\t\t<p>Scoprite una miscela di fascino classico ed eleganza moderna con questo splendido <strong>Anello di smeraldo<\/strong>. Caratterizzato da uno smeraldo naturale autentico incastonato in una fascia di ispirazione vintage dal design intricato, questo anello \u00e8 perfetto per chi \u00e8 alla ricerca di una <strong>anello nuziale<\/strong> o <strong>anello di fidanzamento<\/strong> che sia unico e bello come il loro amore. Il verde intenso dello smeraldo simboleggia la vitalit\u00e0, l'amore e la rinascita: una scelta significativa per segnare i momenti pi\u00f9 importanti della vita.<\/p><p><strong>Caratteristiche del prodotto:<\/strong><\/p><ul><li><strong>Materiale<\/strong>: Realizzato con cura in metallo di alta qualit\u00e0 (scegliete l'opzione che preferite), garantisce una finitura durevole e luminosa che esalta la bellezza naturale dello smeraldo.<\/li><li><strong>Pietra<\/strong>: Uno smeraldo naturale autentico e vibrante con profonde sfumature verdi, sapientemente tagliato per evidenziarne la brillantezza e la chiarezza. Lo smeraldo \u00e8 il punto focale di questo design, che emana bellezza e fascino senza tempo.<\/li><li><strong>Design<\/strong>: La fascia di ispirazione vintage presenta dettagli delicati che creano una cornice unica e romantica per lo smeraldo. Questo design intricato cattura l'essenza della bellezza classica, offrendo al contempo un tocco contemporaneo, che lo rende perfetto per le spose moderne o per chiunque sia alla ricerca di un pezzo forte. <strong>anello nuziale<\/strong>.<\/li><li><strong>Perfetto per fidanzamenti e matrimoni<\/strong>: Questo <strong>Anello di fidanzamento con smeraldo<\/strong> \u00e8 un'alternativa perfetta ai tradizionali anelli con diamante. Rappresenta l'amore, la speranza e l'impegno, ed \u00e8 un simbolo significativo e indimenticabile per il vostro giorno speciale.<\/li><li><strong>Eleganza senza tempo<\/strong>: Il design vintage assicura che questo anello con smeraldo non passer\u00e0 mai di moda. \u00c8 un pezzo che verr\u00e0 conservato per le generazioni a venire.<\/li><\/ul><p>Questo <strong>Anello di smeraldo<\/strong> \u00e8 una celebrazione dell'amore, della tradizione e della bellezza senza tempo. Rendete indimenticabile il vostro impegno con questo splendido anello con smeraldo di ispirazione vintage. Ordinate oggi stesso e lasciate che la vostra storia d'amore risplenda con un anello davvero unico nel suo genere.<\/p>\t\t\t\t\t\t\t\t<\/div>\n\t\t\t\t<\/div>\n\t\t\t\t\t<\/div>\n\t\t\t\t<\/div>\n\t\t\t\t<\/div>","protected":false},"excerpt":{"rendered":"<p>DETTAGLI DEL PRODOTTO:<br \/>\nMetallo: Argento 925k<br \/>\nPietra preziosa: Smeraldo naturale grezzo<br \/>\nColore della gemma: verde<br \/>\nColore della banda: oro bianco<br \/>\nMisura dell'anello: Regolabile<br \/>\nDiametro pietra: 4\u00d76 mm<br \/>\nChiarezza: Molto leggermente incluso<br \/>\nForma: Ovale<br \/>\nTaglio: Misto brillante<\/p>","protected":false},"featured_media":1336,"comment_status":"open","ping_status":"closed","template":"","meta":{"_kad_post_transparent":"","_kad_post_title":"","_kad_post_layout":"","_kad_post_sidebar_id":"","_kad_post_content_style":"","_kad_post_vertical_padding":"","_kad_post_feature":"","_kad_post_feature_position":"","_kad_post_header":false,"_kad_post_footer":false},"product_brand":[],"product_cat":[16,17,66,20,15,69],"product_tag":[],"class_list":{"0":"post-713","1":"product","2":"type-product","3":"status-publish","4":"has-post-thumbnail","6":"product_cat-emerald-ring","7":"product_cat-engagement-ring","8":"product_cat-natural-gemstones-ring","9":"product_cat-oval-ring","10":"product_cat-rings","11":"product_cat-solitaire","13":"first","14":"instock","15":"shipping-taxable","16":"purchasable","17":"product-type-simple","18":"entry","19":"content-bg","20":"loop-entry"},"aioseo_notices":[],"_links":{"self":[{"href":"https:\/\/emeraldsring.com\/it\/wp-json\/wp\/v2\/product\/713","targetHints":{"allow":["GET"]}}],"collection":[{"href":"https:\/\/emeraldsring.com\/it\/wp-json\/wp\/v2\/product"}],"about":[{"href":"https:\/\/emeraldsring.com\/it\/wp-json\/wp\/v2\/types\/product"}],"replies":[{"embeddable":true,"href":"https:\/\/emeraldsring.com\/it\/wp-json\/wp\/v2\/comments?post=713"}],"version-history":[{"count":8,"href":"https:\/\/emeraldsring.com\/it\/wp-json\/wp\/v2\/product\/713\/revisions"}],"predecessor-version":[{"id":1503,"href":"https:\/\/emeraldsring.com\/it\/wp-json\/wp\/v2\/product\/713\/revisions\/1503"}],"wp:featuredmedia":[{"embeddable":true,"href":"https:\/\/emeraldsring.com\/it\/wp-json\/wp\/v2\/media\/1336"}],"wp:attachment":[{"href":"https:\/\/emeraldsring.com\/it\/wp-json\/wp\/v2\/media?parent=713"}],"wp:term":[{"taxonomy":"product_brand","embeddable":true,"href":"https:\/\/emeraldsring.com\/it\/wp-json\/wp\/v2\/product_brand?post=713"},{"taxonomy":"product_cat","embeddable":true,"href":"https:\/\/emeraldsring.com\/it\/wp-json\/wp\/v2\/product_cat?post=713"},{"taxonomy":"product_tag","embeddable":true,"href":"https:\/\/emeraldsring.com\/it\/wp-json\/wp\/v2\/product_tag?post=713"}],"curies":[{"name":"wp","href":"https:\/\/api.w.org\/{rel}","templated":true}]}}