{"id":742,"date":"2025-02-06T13:40:29","date_gmt":"2025-02-06T08:40:29","guid":{"rendered":"https:\/\/emeraldsring.com\/?post_type=product&#038;p=742"},"modified":"2025-04-28T19:59:06","modified_gmt":"2025-04-28T14:59:06","slug":"oval-emerald-ring-engagement-ring-solitaire-ring-anniversary-ring","status":"publish","type":"product","link":"https:\/\/emeraldsring.com\/it\/prodotto\/oval-emerald-ring-engagement-ring-solitaire-ring-anniversary-ring\/","title":{"rendered":"Anello smeraldo ovale Anello di fidanzamento Anello solitario Anello anniversario"},"content":{"rendered":"<div data-elementor-type=\"product-post\" data-elementor-id=\"742\" class=\"elementor elementor-742\" data-elementor-post-type=\"product\">\n\t\t\t\t<div class=\"elementor-element elementor-element-f2b0058 e-flex e-con-boxed e-con e-parent\" data-id=\"f2b0058\" data-element_type=\"container\">\n\t\t\t\t\t<div class=\"e-con-inner\">\n\t\t<div class=\"elementor-element elementor-element-0ec1602 e-con-full e-flex e-con e-child\" data-id=\"0ec1602\" data-element_type=\"container\">\n\t\t\t\t<div class=\"elementor-element elementor-element-a2a066c elementor-widget elementor-widget-video\" data-id=\"a2a066c\" data-element_type=\"widget\" data-settings=\"{&quot;youtube_url&quot;:&quot;https:\\\/\\\/youtube.com\\\/watch?v=Y0Gs69z2kSg&quot;,&quot;loop&quot;:&quot;yes&quot;,&quot;video_type&quot;:&quot;youtube&quot;,&quot;controls&quot;:&quot;yes&quot;}\" data-widget_type=\"video.default\">\n\t\t\t\t<div class=\"elementor-widget-container\">\n\t\t\t\t\t\t\t<div class=\"elementor-wrapper elementor-open-inline\">\n\t\t\t<div class=\"elementor-video\"><\/div>\t\t<\/div>\n\t\t\t\t\t\t<\/div>\n\t\t\t\t<\/div>\n\t\t\t\t<\/div>\n\t\t\t\t<div class=\"elementor-element elementor-element-05cea27 elementor-widget elementor-widget-text-editor\" data-id=\"05cea27\" data-element_type=\"widget\" data-widget_type=\"text-editor.default\">\n\t\t\t\t<div class=\"elementor-widget-container\">\n\t\t\t\t\t\t\t\t\t<p>Festeggiate i vostri momenti pi\u00f9 cari con questo splendido <strong>Anello di smeraldo<\/strong>con un radioso smeraldo naturale di taglio ovale incastonato in un classico design solitario. Se siete alla ricerca del perfetto <strong>anello di fidanzamento<\/strong> o un significativo <strong>anello di anniversario<\/strong>Questo elegante pezzo cattura l'essenza dell'amore, della bellezza e dell'impegno senza tempo. Il verde vivo dello smeraldo simboleggia il rinnovamento, la crescita e la vitalit\u00e0: \u00e8 la gemma ideale per commemorare una vita di amore e devozione.<\/p><p><strong>Caratteristiche del prodotto:<\/strong><\/p><ul><li><strong>Materiale<\/strong>: Realizzato in metallo di alta qualit\u00e0 (scegliere l'opzione preferita), offre una lunga durata e una finitura liscia e lucida che esalta la bellezza naturale dello smeraldo.<\/li><li><strong>Pietra<\/strong>: Un autentico smeraldo naturale di taglio ovale, accuratamente selezionato per il suo ricco colore verde e l'eccezionale purezza. Lo smeraldo \u00e8 incastonato in un design elegante e minimalista che permette alla pietra di essere al centro della scena e di risplendere brillantemente.<\/li><li><strong>Design<\/strong>: L'incastonatura a solitario mette in risalto il colore e l'eleganza dello smeraldo. Con il suo design semplice ma sofisticato, questo <strong>Anello di smeraldo<\/strong> \u00e8 perfetto per chi predilige un lusso sobrio, che lo rende una soluzione ideale <strong>anello di fidanzamento<\/strong> o <strong>anello di anniversario<\/strong> per ogni occasione speciale.<\/li><li><strong>Simbolo d'amore<\/strong>: Lo smeraldo rappresenta l'armonia, la rinascita e la fedelt\u00e0, ed \u00e8 quindi la gemma perfetta per simboleggiare il vostro amore e il vostro impegno. \u00c8 una scelta significativa per le coppie che celebrano un nuovo capitolo o che segnano anni di unione.<\/li><li><strong>Eleganza versatile<\/strong>: Sia come un <strong>anello di fidanzamento<\/strong> o un <strong>anello di anniversario<\/strong>Questo pezzo senza tempo rimarr\u00e0 un simbolo caro del vostro amore. Il suo design classico assicura che non passer\u00e0 mai di moda, rendendolo un cimelio prezioso per generazioni.<\/li><\/ul><p>Rendete indimenticabile la vostra storia d'amore con questo libro mozzafiato <strong>Anello di smeraldo<\/strong>. Ordinate oggi stesso e celebrate i vostri momenti speciali con un anello che cattura l'essenza dell'eleganza, dell'amore e dell'impegno.<\/p>\t\t\t\t\t\t\t\t<\/div>\n\t\t\t\t<\/div>\n\t\t\t\t\t<\/div>\n\t\t\t\t<\/div>\n\t\t\t\t<\/div>","protected":false},"excerpt":{"rendered":"<p><strong>DETTAGLI DEL PRODOTTO:<\/strong><br \/>\nMetallo: Argento 925k<br \/>\nPietra preziosa: Smeraldo naturale grezzo<br \/>\nColore della gemma: verde<br \/>\nColore della banda: oro bianco<br \/>\nMisura dell'anello: Regolabile<br \/>\nDiametro pietra: 6\u00d74 mm<br \/>\nChiarezza: Molto leggermente incluso<br \/>\nForma: Ovale<br \/>\nTaglio: Misto brillante<\/p>","protected":false},"featured_media":1346,"comment_status":"open","ping_status":"closed","template":"","meta":{"_kad_post_transparent":"","_kad_post_title":"","_kad_post_layout":"","_kad_post_sidebar_id":"","_kad_post_content_style":"","_kad_post_vertical_padding":"","_kad_post_feature":"","_kad_post_feature_position":"","_kad_post_header":false,"_kad_post_footer":false},"product_brand":[],"product_cat":[16,17,66,20,15,69],"product_tag":[],"class_list":{"0":"post-742","1":"product","2":"type-product","3":"status-publish","4":"has-post-thumbnail","6":"product_cat-emerald-ring","7":"product_cat-engagement-ring","8":"product_cat-natural-gemstones-ring","9":"product_cat-oval-ring","10":"product_cat-rings","11":"product_cat-solitaire","13":"first","14":"instock","15":"shipping-taxable","16":"purchasable","17":"product-type-simple","18":"entry","19":"content-bg","20":"loop-entry"},"aioseo_notices":[],"_links":{"self":[{"href":"https:\/\/emeraldsring.com\/it\/wp-json\/wp\/v2\/product\/742","targetHints":{"allow":["GET"]}}],"collection":[{"href":"https:\/\/emeraldsring.com\/it\/wp-json\/wp\/v2\/product"}],"about":[{"href":"https:\/\/emeraldsring.com\/it\/wp-json\/wp\/v2\/types\/product"}],"replies":[{"embeddable":true,"href":"https:\/\/emeraldsring.com\/it\/wp-json\/wp\/v2\/comments?post=742"}],"version-history":[{"count":8,"href":"https:\/\/emeraldsring.com\/it\/wp-json\/wp\/v2\/product\/742\/revisions"}],"predecessor-version":[{"id":1494,"href":"https:\/\/emeraldsring.com\/it\/wp-json\/wp\/v2\/product\/742\/revisions\/1494"}],"wp:featuredmedia":[{"embeddable":true,"href":"https:\/\/emeraldsring.com\/it\/wp-json\/wp\/v2\/media\/1346"}],"wp:attachment":[{"href":"https:\/\/emeraldsring.com\/it\/wp-json\/wp\/v2\/media?parent=742"}],"wp:term":[{"taxonomy":"product_brand","embeddable":true,"href":"https:\/\/emeraldsring.com\/it\/wp-json\/wp\/v2\/product_brand?post=742"},{"taxonomy":"product_cat","embeddable":true,"href":"https:\/\/emeraldsring.com\/it\/wp-json\/wp\/v2\/product_cat?post=742"},{"taxonomy":"product_tag","embeddable":true,"href":"https:\/\/emeraldsring.com\/it\/wp-json\/wp\/v2\/product_tag?post=742"}],"curies":[{"name":"wp","href":"https:\/\/api.w.org\/{rel}","templated":true}]}}