{"id":842,"date":"2025-02-07T10:29:09","date_gmt":"2025-02-07T05:29:09","guid":{"rendered":"https:\/\/emeraldsring.com\/?post_type=product&#038;p=842"},"modified":"2025-04-28T19:58:59","modified_gmt":"2025-04-28T14:58:59","slug":"emerald-engagement-rings-for-women-natural-marquise-emerald-ring-jewelry-gift","status":"publish","type":"product","link":"https:\/\/emeraldsring.com\/it\/prodotto\/emerald-engagement-rings-for-women-natural-marquise-emerald-ring-jewelry-gift\/","title":{"rendered":"Anelli di fidanzamento di smeraldo per le donne Anello di smeraldo naturale marquise Gioielli regalo"},"content":{"rendered":"<div data-elementor-type=\"product-post\" data-elementor-id=\"842\" class=\"elementor elementor-842\" data-elementor-post-type=\"product\">\n\t\t\t\t<div class=\"elementor-element elementor-element-6326be8 e-flex e-con-boxed e-con e-parent\" data-id=\"6326be8\" data-element_type=\"container\" data-e-type=\"container\">\n\t\t\t\t\t<div class=\"e-con-inner\">\n\t\t\t\t<div class=\"elementor-element elementor-element-af5f6ad elementor-widget elementor-widget-text-editor\" data-id=\"af5f6ad\" data-element_type=\"widget\" data-e-type=\"widget\" data-widget_type=\"text-editor.default\">\n\t\t\t\t<div class=\"elementor-widget-container\">\n\t\t\t\t\t\t\t\t\t<p>Celebrate il vostro amore con questo splendido <strong>Anello di smeraldo<\/strong>con uno splendido smeraldo naturale taglio marquise incastonato in una fascia di ottima fattura. Questo design elegante lo rende ideale per <strong>anello di fidanzamento<\/strong> per chi cerca qualcosa di unico e significativo. Lo smeraldo marquise simboleggia l'amore, la forza e il rinnovamento, ed \u00e8 la scelta perfetta per un impegno che cambia la vita. Sia che si tratti di un fidanzamento o di un caro <strong>regalo<\/strong>Questo splendido anello \u00e8 un tesoro senza tempo che lei adorer\u00e0 per sempre.<\/p><p><strong>Caratteristiche del prodotto:<\/strong><\/p><ul><li><strong>Materiale<\/strong>: Realizzato in metallo di alta qualit\u00e0 (scegliete l'opzione che preferite), offre durata e una finitura lucida che esalta la brillantezza dello smeraldo marquise.<\/li><li><strong>Pietra<\/strong>: Lo smeraldo naturale taglio marquise \u00e8 il fulcro di questo anello, accuratamente selezionato per il suo vibrante colore verde e l'eccezionale purezza. Il suo taglio unico gli conferisce una forma allungata ed elegante, aggiungendo un tocco di raffinatezza al design.<\/li><li><strong>Design<\/strong>: L'elegante fascia mette in bella mostra lo smeraldo marquise, lasciando che la pietra sia al centro della scena. Questo design contemporaneo e senza tempo lo rende perfetto per la <strong>anello di fidanzamento<\/strong> o <strong>regalo<\/strong> per chi apprezza l'alta gioielleria con un tocco di distinzione.<\/li><li><strong>Simbolo d'amore<\/strong>: Lo smeraldo rappresenta la vitalit\u00e0, la crescita e l'amore, mentre il taglio marquise simboleggia la forza e la resistenza. Insieme, creano una potente dichiarazione di impegno, rendendo questo gioiello <strong>Anello di smeraldo<\/strong> la scelta perfetta per fidanzamenti, anniversari o qualsiasi altra occasione speciale.<\/li><li><strong>Regalo perfetto<\/strong>: Sia che si tratti di festeggiare una proposta di matrimonio o di sorprendere qualcuno con un regalo significativo. <strong>regalo<\/strong>, questo splendido <strong>anello di fidanzamento<\/strong> sar\u00e0 apprezzato per gli anni a venire. \u00c8 un pezzo che rimarr\u00e0 un simbolo intramontabile di amore e devozione.<\/li><\/ul><p>Fatela sentire davvero speciale con questo gioiello mozzafiato <strong>Anello di smeraldo<\/strong>. Ordinate oggi stesso e regalate uno splendido anello di fidanzamento che catturer\u00e0 per sempre l'essenza del vostro amore.<\/p>\t\t\t\t\t\t\t\t<\/div>\n\t\t\t\t<\/div>\n\t\t\t\t\t<\/div>\n\t\t\t\t<\/div>\n\t\t\t\t<\/div>","protected":false},"excerpt":{"rendered":"<p><strong>DETTAGLI DEL PRODOTTO:<\/strong><br \/>\nMetallo: Argento 925k<br \/>\nPietra preziosa: Smeraldo naturale grezzo<br \/>\nColore della gemma: verde<br \/>\nColore della banda: placcatura in oro rosa, placcatura in oro bianco<br \/>\nMisura dell'anello: Regolabile<br \/>\nDiametro pietra: 3\u00d76 mm<br \/>\nChiarezza: Molto leggermente incluso<br \/>\nForma: Marquise<br \/>\nTaglio: Misto brillante<\/p>","protected":false},"featured_media":845,"comment_status":"open","ping_status":"closed","template":"","meta":{"_kad_post_transparent":"","_kad_post_title":"","_kad_post_layout":"","_kad_post_sidebar_id":"","_kad_post_content_style":"","_kad_post_vertical_padding":"","_kad_post_feature":"","_kad_post_feature_position":"","_kad_post_header":false,"_kad_post_footer":false},"product_brand":[],"product_cat":[16,17,26,66,15],"product_tag":[],"class_list":{"0":"post-842","1":"product","2":"type-product","3":"status-publish","4":"has-post-thumbnail","6":"product_cat-emerald-ring","7":"product_cat-engagement-ring","8":"product_cat-marquise-ring","9":"product_cat-natural-gemstones-ring","10":"product_cat-rings","12":"first","13":"instock","14":"shipping-taxable","15":"purchasable","16":"product-type-variable","17":"entry","18":"content-bg","19":"loop-entry"},"aioseo_notices":[],"_links":{"self":[{"href":"https:\/\/emeraldsring.com\/it\/wp-json\/wp\/v2\/product\/842","targetHints":{"allow":["GET"]}}],"collection":[{"href":"https:\/\/emeraldsring.com\/it\/wp-json\/wp\/v2\/product"}],"about":[{"href":"https:\/\/emeraldsring.com\/it\/wp-json\/wp\/v2\/types\/product"}],"replies":[{"embeddable":true,"href":"https:\/\/emeraldsring.com\/it\/wp-json\/wp\/v2\/comments?post=842"}],"version-history":[{"count":5,"href":"https:\/\/emeraldsring.com\/it\/wp-json\/wp\/v2\/product\/842\/revisions"}],"predecessor-version":[{"id":1393,"href":"https:\/\/emeraldsring.com\/it\/wp-json\/wp\/v2\/product\/842\/revisions\/1393"}],"wp:featuredmedia":[{"embeddable":true,"href":"https:\/\/emeraldsring.com\/it\/wp-json\/wp\/v2\/media\/845"}],"wp:attachment":[{"href":"https:\/\/emeraldsring.com\/it\/wp-json\/wp\/v2\/media?parent=842"}],"wp:term":[{"taxonomy":"product_brand","embeddable":true,"href":"https:\/\/emeraldsring.com\/it\/wp-json\/wp\/v2\/product_brand?post=842"},{"taxonomy":"product_cat","embeddable":true,"href":"https:\/\/emeraldsring.com\/it\/wp-json\/wp\/v2\/product_cat?post=842"},{"taxonomy":"product_tag","embeddable":true,"href":"https:\/\/emeraldsring.com\/it\/wp-json\/wp\/v2\/product_tag?post=842"}],"curies":[{"name":"wp","href":"https:\/\/api.w.org\/{rel}","templated":true}]}}