{"id":850,"date":"2025-02-07T10:58:33","date_gmt":"2025-02-07T05:58:33","guid":{"rendered":"https:\/\/emeraldsring.com\/?post_type=product&#038;p=850"},"modified":"2025-04-28T19:58:57","modified_gmt":"2025-04-28T14:58:57","slug":"raw-natural-zambian-emerald-ring-for-women-vintage-engagement-ring","status":"publish","type":"product","link":"https:\/\/emeraldsring.com\/it\/prodotto\/raw-natural-zambian-emerald-ring-for-women-vintage-engagement-ring\/","title":{"rendered":"Anello di smeraldo naturale grezzo dello Zambia per donne Anello di fidanzamento vintage"},"content":{"rendered":"<div data-elementor-type=\"product-post\" data-elementor-id=\"850\" class=\"elementor elementor-850\" data-elementor-post-type=\"product\">\n\t\t\t\t<div class=\"elementor-element elementor-element-a386b32 e-flex e-con-boxed e-con e-parent\" data-id=\"a386b32\" data-element_type=\"container\" data-e-type=\"container\">\n\t\t\t\t\t<div class=\"e-con-inner\">\n\t\t\t\t<div class=\"elementor-element elementor-element-61252be elementor-widget elementor-widget-text-editor\" data-id=\"61252be\" data-element_type=\"widget\" data-e-type=\"widget\" data-widget_type=\"text-editor.default\">\n\t\t\t\t<div class=\"elementor-widget-container\">\n\t\t\t\t\t\t\t\t\t<p>Abbracciate la bellezza della natura con questo splendido <strong>Anello di smeraldo<\/strong>con uno smeraldo naturale grezzo dello Zambia che cattura l'essenza dell'eleganza senza tempo. Incastonato in una splendida fascia d'ispirazione vintage, questo design unico \u00e8 perfetto per un'occasione di incontro e di scambio. <strong>anello di fidanzamento<\/strong> per chi apprezza un mix di fascino rustico e stile sofisticato. La tonalit\u00e0 verde intenso e ricco dello smeraldo grezzo simboleggia l'amore, la crescita e il rinnovamento, rendendolo una scelta perfetta per segnare l'inizio di un viaggio lungo una vita.<\/p><p><strong>Caratteristiche del prodotto:<\/strong><\/p><ul><li><strong>Materiale<\/strong>: Realizzato in metallo di alta qualit\u00e0 (scegliete l'opzione che preferite), il cinturino \u00e8 progettato per completare lo smeraldo grezzo, conferendogli un aspetto vintage e artigianale che esalta la bellezza naturale della pietra.<\/li><li><strong>Pietra<\/strong>: Lo smeraldo grezzo dello Zambia \u00e8 il fulcro di questo squisito anello, noto per il suo colore verde intenso e la sua texture unica e non lucidata. Questo smeraldo naturale cattura la bellezza pura e organica della pietra, creando un pezzo unico affascinante e significativo.<\/li><li><strong>Design<\/strong>: La fascia d'ispirazione vintage aggiunge un tocco elegante e senza tempo allo smeraldo grezzo, rendendo questo gioiello un vero e proprio gioiello. <strong>Anello di smeraldo<\/strong> perfetto per chi cerca una soluzione non tradizionale <strong>anello di fidanzamento<\/strong> con un carattere distinto e personale. Il suo fascino rustico, abbinato a una raffinata lavorazione artigianale, fa s\u00ec che si distingua da tutti gli altri.<\/li><li><strong>Simbolo d'amore<\/strong>: Lo smeraldo \u00e8 un simbolo di vitalit\u00e0, amore e rinnovamento, mentre la natura grezza della pietra sottolinea l'autenticit\u00e0 e la forza. Questo lo rende perfetto per <strong>anello di fidanzamento<\/strong> per segnare l'inizio di un nuovo capitolo della vita con un amore reale e duraturo come la gemma stessa.<\/li><li><strong>Eleganza senza tempo<\/strong>: Nonostante il suo fascino rustico e moderno, questo <strong>Anello di smeraldo<\/strong> \u00e8 un pezzo classico che rimarr\u00e0 un cimelio prezioso per generazioni. \u00c8 ideale per chi \u00e8 alla ricerca di un <strong>anello di fidanzamento vintage<\/strong> che racconta una storia e riflette il loro amore in modo unico e significativo.<\/li><\/ul><p>Celebrate il vostro impegno con un pezzo raro e bello come il vostro amore. Ordinate oggi stesso e regalate un <strong>anello di fidanzamento con smeraldo naturale grezzo<\/strong> che durer\u00e0 per tutta la vita.<\/p>\t\t\t\t\t\t\t\t<\/div>\n\t\t\t\t<\/div>\n\t\t\t\t\t<\/div>\n\t\t\t\t<\/div>\n\t\t\t\t<\/div>","protected":false},"excerpt":{"rendered":"<p><strong>DETTAGLI DEL PRODOTTO:<\/strong><br \/>\nMetallo: Argento 925k<br \/>\nPietra preziosa: Smeraldo naturale grezzo<br \/>\nColore della gemma: verde<br \/>\nColore della banda: Oro rosa Vermeil, Oro bianco Vermeil<br \/>\nMisura dell'anello: Regolabile<br \/>\nDiametro pietra: 3\u00d76 mm<br \/>\nChiarezza: Molto leggermente incluso<br \/>\nForma: Marquise<br \/>\nTaglio: Misto brillante<\/p>","protected":false},"featured_media":852,"comment_status":"open","ping_status":"closed","template":"","meta":{"_kad_post_transparent":"","_kad_post_title":"","_kad_post_layout":"","_kad_post_sidebar_id":"","_kad_post_content_style":"","_kad_post_vertical_padding":"","_kad_post_feature":"","_kad_post_feature_position":"","_kad_post_header":false,"_kad_post_footer":false},"product_brand":[],"product_cat":[16,17,26,66,15],"product_tag":[],"class_list":{"0":"post-850","1":"product","2":"type-product","3":"status-publish","4":"has-post-thumbnail","6":"product_cat-emerald-ring","7":"product_cat-engagement-ring","8":"product_cat-marquise-ring","9":"product_cat-natural-gemstones-ring","10":"product_cat-rings","12":"first","13":"instock","14":"shipping-taxable","15":"purchasable","16":"product-type-variable","17":"entry","18":"content-bg","19":"loop-entry"},"aioseo_notices":[],"_links":{"self":[{"href":"https:\/\/emeraldsring.com\/it\/wp-json\/wp\/v2\/product\/850","targetHints":{"allow":["GET"]}}],"collection":[{"href":"https:\/\/emeraldsring.com\/it\/wp-json\/wp\/v2\/product"}],"about":[{"href":"https:\/\/emeraldsring.com\/it\/wp-json\/wp\/v2\/types\/product"}],"replies":[{"embeddable":true,"href":"https:\/\/emeraldsring.com\/it\/wp-json\/wp\/v2\/comments?post=850"}],"version-history":[{"count":5,"href":"https:\/\/emeraldsring.com\/it\/wp-json\/wp\/v2\/product\/850\/revisions"}],"predecessor-version":[{"id":1392,"href":"https:\/\/emeraldsring.com\/it\/wp-json\/wp\/v2\/product\/850\/revisions\/1392"}],"wp:featuredmedia":[{"embeddable":true,"href":"https:\/\/emeraldsring.com\/it\/wp-json\/wp\/v2\/media\/852"}],"wp:attachment":[{"href":"https:\/\/emeraldsring.com\/it\/wp-json\/wp\/v2\/media?parent=850"}],"wp:term":[{"taxonomy":"product_brand","embeddable":true,"href":"https:\/\/emeraldsring.com\/it\/wp-json\/wp\/v2\/product_brand?post=850"},{"taxonomy":"product_cat","embeddable":true,"href":"https:\/\/emeraldsring.com\/it\/wp-json\/wp\/v2\/product_cat?post=850"},{"taxonomy":"product_tag","embeddable":true,"href":"https:\/\/emeraldsring.com\/it\/wp-json\/wp\/v2\/product_tag?post=850"}],"curies":[{"name":"wp","href":"https:\/\/api.w.org\/{rel}","templated":true}]}}