{"id":8,"date":"2025-02-04T09:07:54","date_gmt":"2025-02-04T09:07:54","guid":{"rendered":"https:\/\/emeraldsring.com\/index.php\/checkout\/"},"modified":"2025-02-05T07:06:14","modified_gmt":"2025-02-05T02:06:14","slug":"checkout","status":"publish","type":"page","link":"https:\/\/emeraldsring.com\/nl\/checkout\/","title":{"rendered":"Kassa"},"content":{"rendered":"<div data-elementor-type=\"wp-page\" data-elementor-id=\"8\" class=\"elementor elementor-8\" data-elementor-post-type=\"page\">\n\t\t\t\t<div class=\"elementor-element elementor-element-2a3357cd e-flex e-con-boxed e-con e-parent\" data-id=\"2a3357cd\" data-element_type=\"container\">\n\t\t\t\t\t<div class=\"e-con-inner\">\n\t\t\t\t<div class=\"elementor-element elementor-element-40a2ea0 e-checkout-layout-two-column elementor-widget elementor-widget-woocommerce-checkout-page\" data-id=\"40a2ea0\" data-element_type=\"widget\" data-widget_type=\"woocommerce-checkout-page.default\">\n\t\t\t\t<div class=\"elementor-widget-container\">\n\t\t\t\t\t<div class=\"woocommerce\"><div class=\"woocommerce-notices-wrapper\"><\/div><\/div>\t\t\t\t<\/div>\n\t\t\t\t<\/div>\n\t\t\t\t\t<\/div>\n\t\t\t\t<\/div>\n\t\t\t\t<\/div>","protected":false},"excerpt":{"rendered":"<p>Factureringsgegevens Voornaam * Achternaam * Land \/ regio *Selecteer een land \/ regio...Afghanistan\u00c5landeilandenAlbani\u00ebAlgerijeAmerikaans SamoaAndorraAngolaAnguillaAntarcticaAntigua en BarbudaArgentini\u00ebArmeni\u00ebArubaAustrali\u00ebOostenrijkAzerbeidzjanBahamasBahreinBangladeshBarbadosBelarusBelauBelgi\u00ebBelizeBeninBermudaBhutanBoliviaBonaire, Sint Eustatius en SabaBosni\u00eb en HerzegovinaBotswanaBouvet EilandBrazili\u00ebBrits Territorium in de Indische OceaanBruneiBulgarijeBurkina FasoBurundiCambodjaCameroenCanadaCape VerdeCaymaneilandenCentraal-Afrikaanse RepubliekChadChiliChinaChristmas EilandCocos (Keeling) EilandenColombiaComorosCongo (Brazzaville)Congo (Kinshasa)CookeilandenCosta RicaCroati\u00ebCubaCura\u00e7aoCyprusDenemarkenDjiboutiDominicaDominicaanse RepubliekEcuadorEgypteEl SalvadorEquatoriaal-GuineaEritreaEstlandEswatiniEthiopi\u00ebFalklandeilandenFaroe EilandenFijiFinlandFrankrijkFrans-GuyanaFrans-Polynesi\u00ebFrans-Zuidelijk TerritoriumGabonGambiaGeorgi\u00ebDuitslandGhanaGibraltarGriekenlandGroenlandGrenadaGuadeloupeGuamGuatemalaGuernseyGuineaGuinea-BissauGuyanaHaitiHard Eiland en McDonaldeilandenHondurasHongkongHongarijeIJslandIndonesi\u00ebIranIrakIerlandIsle of...<\/p>","protected":false},"author":1,"featured_media":0,"parent":0,"menu_order":0,"comment_status":"closed","ping_status":"closed","template":"","meta":{"_kad_post_transparent":"","_kad_post_title":"","_kad_post_layout":"","_kad_post_sidebar_id":"","_kad_post_content_style":"","_kad_post_vertical_padding":"","_kad_post_feature":"","_kad_post_feature_position":"","_kad_post_header":false,"_kad_post_footer":false,"footnotes":""},"class_list":["post-8","page","type-page","status-publish","hentry"],"aioseo_notices":[],"_links":{"self":[{"href":"https:\/\/emeraldsring.com\/nl\/wp-json\/wp\/v2\/pages\/8","targetHints":{"allow":["GET"]}}],"collection":[{"href":"https:\/\/emeraldsring.com\/nl\/wp-json\/wp\/v2\/pages"}],"about":[{"href":"https:\/\/emeraldsring.com\/nl\/wp-json\/wp\/v2\/types\/page"}],"author":[{"embeddable":true,"href":"https:\/\/emeraldsring.com\/nl\/wp-json\/wp\/v2\/users\/1"}],"replies":[{"embeddable":true,"href":"https:\/\/emeraldsring.com\/nl\/wp-json\/wp\/v2\/comments?post=8"}],"version-history":[{"count":3,"href":"https:\/\/emeraldsring.com\/nl\/wp-json\/wp\/v2\/pages\/8\/revisions"}],"predecessor-version":[{"id":534,"href":"https:\/\/emeraldsring.com\/nl\/wp-json\/wp\/v2\/pages\/8\/revisions\/534"}],"wp:attachment":[{"href":"https:\/\/emeraldsring.com\/nl\/wp-json\/wp\/v2\/media?parent=8"}],"curies":[{"name":"wp","href":"https:\/\/api.w.org\/{rel}","templated":true}]}}