{"id":26,"date":"2025-02-04T10:02:28","date_gmt":"2025-02-04T10:02:28","guid":{"rendered":"https:\/\/emeraldsring.com\/?post_type=product&#038;p=26"},"modified":"2025-04-28T20:00:08","modified_gmt":"2025-04-28T15:00:08","slug":"925-sterling-silver-eternity-band-with-emerald-cut-gemstones","status":"publish","type":"product","link":"https:\/\/emeraldsring.com\/nl\/product\/925-sterling-silver-eternity-band-with-emerald-cut-gemstones\/","title":{"rendered":"925 Sterling Zilver Eternity Band Smaragd Geslepen Edelstenen Ring"},"content":{"rendered":"<div data-elementor-type=\"wp-post\" data-elementor-id=\"26\" class=\"elementor elementor-26\" data-elementor-post-type=\"product\">\n\t\t\t\t<div class=\"elementor-element elementor-element-230e27c9 e-flex e-con-boxed e-con e-parent\" data-id=\"230e27c9\" data-element_type=\"container\" data-e-type=\"container\">\n\t\t\t\t\t<div class=\"e-con-inner\">\n\t\t<div class=\"elementor-element elementor-element-b303aaa e-con-full e-flex e-con e-child\" data-id=\"b303aaa\" data-element_type=\"container\" data-e-type=\"container\">\n\t\t\t\t<div class=\"elementor-element elementor-element-8473c4b elementor-widget elementor-widget-video\" data-id=\"8473c4b\" data-element_type=\"widget\" data-e-type=\"widget\" data-settings=\"{&quot;youtube_url&quot;:&quot;https:\\\/\\\/youtube.com\\\/watch?v=papCSQnpzxI&quot;,&quot;loop&quot;:&quot;yes&quot;,&quot;video_type&quot;:&quot;youtube&quot;,&quot;controls&quot;:&quot;yes&quot;}\" data-widget_type=\"video.default\">\n\t\t\t\t<div class=\"elementor-widget-container\">\n\t\t\t\t\t\t\t<div class=\"elementor-wrapper elementor-open-inline\">\n\t\t\t<div class=\"elementor-video\"><\/div>\t\t<\/div>\n\t\t\t\t\t\t<\/div>\n\t\t\t\t<\/div>\n\t\t\t\t<\/div>\n\t\t\t\t<div class=\"elementor-element elementor-element-5214f64c elementor-widget elementor-widget-text-editor\" data-id=\"5214f64c\" data-element_type=\"widget\" data-e-type=\"widget\" data-widget_type=\"text-editor.default\">\n\t\t\t\t<div class=\"elementor-widget-container\">\n\t\t\t\t\t\t\t\t\t<strong>Overzicht:<\/strong>\r\nDeze <strong>925 Sterling Zilveren Smaragd Ring<\/strong> is een opvallend sieraad dat is ontworpen voor mensen die elegantie en verfijning waarderen. De band is versierd met smaragdgeslepen gesimuleerde edelstenen, verkrijgbaar in levendig groen, robijnrood en heldere diamantachtige tinten, waardoor het een veelzijdig statement accessoire is voor elke gelegenheid.\r\n\r\n<strong>Kenmerken:<\/strong>\r\n<ul>\r\n \t<li><strong>Eersteklas materiaal:<\/strong> Gemaakt van duurzaam en hypoallergeen 925 sterling zilver met een gepolijste afwerking voor blijvende glans.<\/li>\r\n \t<li><strong>Smaragdgeslepen edelstenen:<\/strong> Bevat een reeks precisiegeslepen stenen met een uitzonderlijke schittering en helderheid.<\/li>\r\n \t<li><strong>Eternity Band Ontwerp:<\/strong> Symboliseert eeuwige schoonheid, met edelstenen die de ring naadloos omringen voor een gedurfde en glamoureuze look.<\/li>\r\n \t<li><strong>Meerdere kleuropties:<\/strong> Kies uit groene (op smaragd ge\u00efnspireerde), rode (op robijn ge\u00efnspireerde) of heldere (op diamant ge\u00efnspireerde) edelstenen.<\/li>\r\n \t<li><strong>Perfecte pasvorm:<\/strong> Verkrijgbaar in verschillende maten voor een comfortabele en stevige pasvorm.<\/li>\r\n \t<li><strong>Veelzijdig dragen:<\/strong> Ideaal voor formele evenementen, cocktailparty's of als alledaags statement.<\/li>\r\n<\/ul>\r\n<strong>Specificaties:<\/strong>\r\n<ul>\r\n \t<li><strong>Materiaal:<\/strong> 925 Sterling Zilver<\/li>\r\n \t<li><strong>Steensoort:<\/strong> Gesimuleerde smaragden en andere gekleurde stenen<\/li>\r\n \t<li><strong>Ring breedte:<\/strong> Ca. 6 mm<\/li>\r\n \t<li><strong>Gewicht:<\/strong> Ca. 3,5 g<\/li>\r\n<\/ul>\r\n<strong>Verzorgingstips:<\/strong>\r\n<ul>\r\n \t<li>Blijf uit de buurt van chemicali\u00ebn, parfums en overmatig vocht om de schittering van de ring te behouden.<\/li>\r\n \t<li>Na gebruik voorzichtig schoonmaken met een zachte doek.<\/li>\r\n \t<li>Apart bewaren in een juwelendoosje om krassen of aanslag te voorkomen.<\/li>\r\n<\/ul>\r\n<strong>Perfect voor elke gelegenheid:<\/strong>\r\nDeze <strong>smaragd eeuwigheidsring<\/strong> is ontworpen om een vleugje luxe toe te voegen aan je alledaagse stijl of om te schitteren op speciale evenementen. Combineer het met andere zilveren sieraden of laat het op zichzelf staan als een opvallend statement.\r\n\r\n<a href=\"https:\/\/emeraldring.shop\/wp-content\/uploads\/2022\/12\/925-Sterling-Silver-Eternity-Band-with-Emerald-Cut-Gemstones-1.jpg\"><img fetchpriority=\"high\" decoding=\"async\" src=\"https:\/\/emeraldring.shop\/wp-content\/uploads\/2022\/12\/925-Sterling-Silver-Eternity-Band-with-Emerald-Cut-Gemstones-1-300x300.jpg\" alt=\"925 Sterling Silver Eternity Band with Emerald-Cut Gemstones\" width=\"800\" height=\"799\" \/><\/a>\r\n\r\n<a href=\"https:\/\/emeraldring.shop\/wp-content\/uploads\/2022\/12\/925-Sterling-Silver-Eternity-Band-with-Emerald-Cut-Gemstones-2.jpg\"><img decoding=\"async\" src=\"https:\/\/emeraldring.shop\/wp-content\/uploads\/2022\/12\/925-Sterling-Silver-Eternity-Band-with-Emerald-Cut-Gemstones-2-300x300.jpg\" alt=\"925 Sterling Silver Eternity Band with Emerald-Cut Gemstones\" width=\"800\" height=\"800\" \/><\/a>\r\n\r\n<a href=\"https:\/\/emeraldring.shop\/wp-content\/uploads\/2022\/12\/925-Sterling-Silver-Eternity-Band-with-Emerald-Cut-Gemstones-3.jpg\"><img decoding=\"async\" src=\"https:\/\/emeraldring.shop\/wp-content\/uploads\/2022\/12\/925-Sterling-Silver-Eternity-Band-with-Emerald-Cut-Gemstones-3.jpg\" alt=\"925 Sterling Silver Eternity Band with Emerald-Cut Gemstones\" width=\"800\" height=\"800\" \/><\/a> <a href=\"https:\/\/emeraldring.shop\/wp-content\/uploads\/2022\/12\/925-Sterling-Silver-Eternity-Band-with-Emerald-Cut-Gemstones-4.jpg\"><img loading=\"lazy\" decoding=\"async\" src=\"https:\/\/emeraldring.shop\/wp-content\/uploads\/2022\/12\/925-Sterling-Silver-Eternity-Band-with-Emerald-Cut-Gemstones-4-300x300.jpg\" alt=\"925 Sterling Silver Eternity Band with Emerald-Cut Gemstones\" width=\"800\" height=\"801\" \/><\/a> <a href=\"https:\/\/emeraldring.shop\/wp-content\/uploads\/2022\/12\/925-Sterling-Silver-Eternity-Band-with-Emerald-Cut-Gemstones-5.jpg\"><img loading=\"lazy\" decoding=\"async\" src=\"https:\/\/emeraldring.shop\/wp-content\/uploads\/2022\/12\/925-Sterling-Silver-Eternity-Band-with-Emerald-Cut-Gemstones-5-300x300.jpg\" alt=\"925 Sterling Silver Eternity Band with Emerald-Cut Gemstones\" width=\"800\" height=\"800\" \/><\/a> <a href=\"https:\/\/emeraldring.shop\/wp-content\/uploads\/2022\/12\/925-Sterling-Silver-Eternity-Band-with-Emerald-Cut-Gemstones-6.jpg\"><img loading=\"lazy\" decoding=\"async\" src=\"https:\/\/emeraldring.shop\/wp-content\/uploads\/2022\/12\/925-Sterling-Silver-Eternity-Band-with-Emerald-Cut-Gemstones-6.jpg\" alt=\"925 Sterling Silver Eternity Band with Emerald-Cut Gemstones\" width=\"799\" height=\"799\" \/><\/a> <a href=\"https:\/\/emeraldring.shop\/wp-content\/uploads\/2022\/12\/925-Sterling-Silver-Eternity-Band-with-Emerald-Cut-Gemstones-7.jpg\"><img loading=\"lazy\" decoding=\"async\" src=\"https:\/\/emeraldring.shop\/wp-content\/uploads\/2022\/12\/925-Sterling-Silver-Eternity-Band-with-Emerald-Cut-Gemstones-7.jpg\" alt=\"925 Sterling Silver Eternity Band with Emerald-Cut Gemstones\" width=\"800\" height=\"800\" \/><\/a> <a href=\"https:\/\/emeraldring.shop\/wp-content\/uploads\/2022\/12\/925-Sterling-Silver-Eternity-Band-with-Emerald-Cut-Gemstones-8.jpg\"><img loading=\"lazy\" decoding=\"async\" src=\"https:\/\/emeraldring.shop\/wp-content\/uploads\/2022\/12\/925-Sterling-Silver-Eternity-Band-with-Emerald-Cut-Gemstones-8.jpg\" alt=\"925 Sterling Silver Eternity Band with Emerald-Cut Gemstones\" width=\"800\" height=\"800\" \/><\/a> <a href=\"https:\/\/emeraldring.shop\/wp-content\/uploads\/2022\/12\/925-Sterling-Silver-Eternity-Band-with-Emerald-Cut-Gemstones-9.jpg\"><img loading=\"lazy\" decoding=\"async\" src=\"https:\/\/emeraldring.shop\/wp-content\/uploads\/2022\/12\/925-Sterling-Silver-Eternity-Band-with-Emerald-Cut-Gemstones-9.jpg\" alt=\"925 Sterling Silver Eternity Band with Emerald-Cut Gemstones\" width=\"800\" height=\"800\" \/><\/a> <a href=\"https:\/\/emeraldring.shop\/wp-content\/uploads\/2022\/12\/925-Sterling-Silver-Eternity-Band-with-Emerald-Cut-Gemstones-10.jpg\"><img loading=\"lazy\" decoding=\"async\" src=\"https:\/\/emeraldring.shop\/wp-content\/uploads\/2022\/12\/925-Sterling-Silver-Eternity-Band-with-Emerald-Cut-Gemstones-10.jpg\" alt=\"925 Sterling Silver Eternity Band with Emerald-Cut Gemstones\" width=\"800\" height=\"800\" \/><\/a> <a href=\"https:\/\/emeraldring.shop\/wp-content\/uploads\/2022\/12\/925-Sterling-Silver-Eternity-Band-with-Emerald-Cut-Gemstones-17.jpg\"><img loading=\"lazy\" decoding=\"async\" src=\"https:\/\/emeraldring.shop\/wp-content\/uploads\/2022\/12\/925-Sterling-Silver-Eternity-Band-with-Emerald-Cut-Gemstones-17-300x300.jpg\" alt=\"925 Sterling Silver Eternity Band with Emerald-Cut Gemstones\" width=\"800\" height=\"800\" \/><\/a> <a href=\"https:\/\/emeraldring.shop\/wp-content\/uploads\/2022\/12\/925-Sterling-Silver-Eternity-Band-with-Emerald-Cut-Gemstones-18.jpg\"><img loading=\"lazy\" decoding=\"async\" src=\"https:\/\/emeraldring.shop\/wp-content\/uploads\/2022\/12\/925-Sterling-Silver-Eternity-Band-with-Emerald-Cut-Gemstones-18-300x300.jpg\" alt=\"925 Sterling Silver Eternity Band with Emerald-Cut Gemstones\" width=\"800\" height=\"800\" \/><\/a>\t\t\t\t\t\t\t\t<\/div>\n\t\t\t\t<\/div>\n\t\t\t\t\t<\/div>\n\t\t\t\t<\/div>\n\t\t\t\t<\/div>","protected":false},"excerpt":{"rendered":"<p><strong>Waarom kiezen voor deze smaragden ring?<\/strong><\/p>\n<ol>\n<li><strong>Opvallend ontwerp:<\/strong> De smaragdgeslepen stenen versterken de uitstraling en elegantie van de ring, waardoor het een opvallende toevoeging aan je sieradencollectie is.<\/li>\n<li><strong>Veelzijdigheid op zijn best:<\/strong> Geschikt voor verschillende gelegenheden, of je je nu opmaakt voor een glamoureuze gebeurtenis of casual kleding accessoriseert.<\/li>\n<li><strong>Een doordacht cadeau-idee:<\/strong> Perfect om cadeau te geven bij speciale gelegenheden zoals verjaardagen, jubilea of verlovingen.<\/li>\n<li><strong>Hoogwaardig vakmanschap:<\/strong> Ontworpen voor duurzaamheid en blijvende schoonheid met ingewikkelde plaatsing van stenen en een gladde bandafwerking.<\/li>\n<\/ol>","protected":false},"featured_media":92,"comment_status":"open","ping_status":"closed","template":"","meta":{"_kad_post_transparent":"","_kad_post_title":"","_kad_post_layout":"","_kad_post_sidebar_id":"","_kad_post_content_style":"","_kad_post_vertical_padding":"","_kad_post_feature":"","_kad_post_feature_position":"","_kad_post_header":false,"_kad_post_footer":false},"product_brand":[],"product_cat":[16,89,17,67,15],"product_tag":[18],"class_list":{"0":"post-26","1":"product","2":"type-product","3":"status-publish","4":"has-post-thumbnail","6":"product_cat-emerald-ring","7":"product_cat-engagement-and-wedding","8":"product_cat-engagement-ring","9":"product_cat-lab-grown-gemstones-ring","10":"product_cat-rings","11":"product_tag-emerald-ring","13":"first","14":"instock","15":"shipping-taxable","16":"purchasable","17":"product-type-variable","18":"entry","19":"content-bg","20":"loop-entry"},"aioseo_notices":[],"_links":{"self":[{"href":"https:\/\/emeraldsring.com\/nl\/wp-json\/wp\/v2\/product\/26","targetHints":{"allow":["GET"]}}],"collection":[{"href":"https:\/\/emeraldsring.com\/nl\/wp-json\/wp\/v2\/product"}],"about":[{"href":"https:\/\/emeraldsring.com\/nl\/wp-json\/wp\/v2\/types\/product"}],"replies":[{"embeddable":true,"href":"https:\/\/emeraldsring.com\/nl\/wp-json\/wp\/v2\/comments?post=26"}],"version-history":[{"count":7,"href":"https:\/\/emeraldsring.com\/nl\/wp-json\/wp\/v2\/product\/26\/revisions"}],"predecessor-version":[{"id":1176,"href":"https:\/\/emeraldsring.com\/nl\/wp-json\/wp\/v2\/product\/26\/revisions\/1176"}],"wp:featuredmedia":[{"embeddable":true,"href":"https:\/\/emeraldsring.com\/nl\/wp-json\/wp\/v2\/media\/92"}],"wp:attachment":[{"href":"https:\/\/emeraldsring.com\/nl\/wp-json\/wp\/v2\/media?parent=26"}],"wp:term":[{"taxonomy":"product_brand","embeddable":true,"href":"https:\/\/emeraldsring.com\/nl\/wp-json\/wp\/v2\/product_brand?post=26"},{"taxonomy":"product_cat","embeddable":true,"href":"https:\/\/emeraldsring.com\/nl\/wp-json\/wp\/v2\/product_cat?post=26"},{"taxonomy":"product_tag","embeddable":true,"href":"https:\/\/emeraldsring.com\/nl\/wp-json\/wp\/v2\/product_tag?post=26"}],"curies":[{"name":"wp","href":"https:\/\/api.w.org\/{rel}","templated":true}]}}