{"id":331,"date":"2025-02-04T11:41:52","date_gmt":"2025-02-04T11:41:52","guid":{"rendered":"https:\/\/emeraldsring.com\/?page_id=331"},"modified":"2025-08-10T06:17:00","modified_gmt":"2025-08-10T01:17:00","slug":"about-us","status":"publish","type":"page","link":"https:\/\/emeraldsring.com\/pt\/about-us\/","title":{"rendered":"Sobre n\u00f3s"},"content":{"rendered":"<div data-elementor-type=\"wp-page\" data-elementor-id=\"331\" class=\"elementor elementor-331\" data-elementor-post-type=\"page\">\n\t\t\t\t<div class=\"elementor-element elementor-element-d411e29 e-flex e-con-boxed e-con e-parent\" data-id=\"d411e29\" data-element_type=\"container\">\n\t\t\t\t\t<div class=\"e-con-inner\">\n\t\t\t\t<div class=\"elementor-element elementor-element-694484e elementor-widget elementor-widget-text-editor\" data-id=\"694484e\" data-element_type=\"widget\" data-widget_type=\"text-editor.default\">\n\t\t\t\t<div class=\"elementor-widget-container\">\n\t\t\t\t\t\t\t\t\t<p>Bem-vindo ao\u00a0<strong>EmeraldsRing.com<\/strong>A Kinross \u00e9 a sua principal fonte on-line de an\u00e9is requintados e de alta qualidade. Se voc\u00ea est\u00e1 procurando o anel perfeito para a sua vida, n\u00e3o importa.\u00a0<strong>anel de esmeralda<\/strong>, um \u00fanico\u00a0<strong>anel de jade<\/strong>, um encantador\u00a0<strong>anel de pedra da lua<\/strong>ou um impressionante\u00a0<strong>anel de noivado<\/strong>Na Kinross, temos o compromisso de oferecer a voc\u00ea apenas as melhores joias que celebram os momentos mais especiais da vida.<\/p><p>Entendemos que a escolha de um anel \u00e9 profundamente pessoal e simboliza amor, compromisso, eleg\u00e2ncia e estilo. No EmeraldsRing.com, oferecemos uma ampla variedade de an\u00e9is para todas as ocasi\u00f5es, de noivados a anivers\u00e1rios, marcos e tudo o mais. Nosso objetivo \u00e9 oferecer a voc\u00ea n\u00e3o apenas uma bela joia, mas tamb\u00e9m uma experi\u00eancia inesquec\u00edvel que corresponda ao significado de sua compra.<\/p><h3>Nossa hist\u00f3ria<\/h3><p>A jornada de\u00a0<strong>EmeraldsRing.com<\/strong>\u00a0come\u00e7ou com a vis\u00e3o de criar um destino \u00fanico para an\u00e9is finos que exalam eleg\u00e2ncia, charme e beleza exclusiva. A ideia era simples: oferecer aos clientes an\u00e9is que falassem aos seus cora\u00e7\u00f5es, refletissem seu estilo pessoal e celebrassem os momentos mais importantes da vida.<\/p><p>Como amantes de joias, reconhecemos o fasc\u00ednio atemporal das\u00a0<strong>esmeraldas<\/strong>,\u00a0<strong>jade<\/strong>,\u00a0<strong>pedras da lua<\/strong>e outras pedras preciosas, que h\u00e1 muito tempo s\u00e3o apreciadas por seu simbolismo e beleza \u00fanica. Cada pedra preciosa tem uma hist\u00f3ria, um significado e um impacto duradouro. As esmeraldas s\u00e3o s\u00edmbolos de amor e fertilidade, o jade representa o equil\u00edbrio e a harmonia e acredita-se que as pedras lunares aprimoram a intui\u00e7\u00e3o e trazem equil\u00edbrio emocional. Essas pedras preciosas oferecem mais do que apenas beleza - elas oferecem conex\u00f5es mais profundas e significados significativos.<\/p><p>Motivados por nossa paix\u00e3o por essas incr\u00edveis pedras preciosas, decidimos criar\u00a0<strong>EmeraldsRing.com<\/strong>\u00a0como um lugar onde os clientes pudessem descobrir an\u00e9is finos feitos com cuidado, paix\u00e3o e habilidade inigual\u00e1vel. Nossa equipe de designers qualificados, joalheiros e especialistas em atendimento ao cliente trabalha incansavelmente para garantir que cada pe\u00e7a de joia que oferecemos seja trabalhada com perfei\u00e7\u00e3o.<\/p><h3>Nossa miss\u00e3o<\/h3><p>Em\u00a0<strong>EmeraldsRing.com<\/strong>Em nossa empresa, nossa miss\u00e3o \u00e9 simples: oferecer a nossos clientes an\u00e9is impressionantes e de alta qualidade que representem n\u00e3o apenas beleza, mas tamb\u00e9m significado e emo\u00e7\u00e3o. Nosso objetivo \u00e9 oferecer uma variedade de designs de an\u00e9is, do cl\u00e1ssico ao contempor\u00e2neo, todos com pedras preciosas ricas em simbolismo. Quer esteja comprando um anel para um pedido de casamento, um anivers\u00e1rio ou qualquer outro evento significativo da vida, nosso objetivo \u00e9 garantir que o anel seja um reflexo do seu amor e da sua jornada.<\/p><p>Estamos comprometidos com:<\/p><ul><li><p><strong>Excel\u00eancia em artesanato<\/strong>: Cada anel que criamos \u00e9 feito com o m\u00e1ximo de cuidado e precis\u00e3o. Nossa equipe de joalheiros especializados usa apenas materiais da mais alta qualidade e as melhores pedras preciosas, garantindo que cada pe\u00e7a seja feita para durar a vida inteira. Cada anel \u00e9 meticulosamente trabalhado para real\u00e7ar a beleza natural das pedras preciosas que apresenta.<\/p><\/li><li><p><strong>Variedade e sele\u00e7\u00e3o<\/strong>: Entendemos que n\u00e3o h\u00e1 dois clientes iguais, e \u00e9 por isso que oferecemos uma ampla variedade de designs para voc\u00ea escolher. Se voc\u00ea prefere a eleg\u00e2ncia cl\u00e1ssica de um solit\u00e1rio\u00a0<strong>anel de esmeralda<\/strong>A energia espiritual de um\u00a0<strong>anel de pedra da lua<\/strong>ou o significado cultural de um\u00a0<strong>anel de jade<\/strong>temos uma pe\u00e7a para voc\u00ea. Tamb\u00e9m somos especializados em projetos personalizados\u00a0<strong>an\u00e9is de noivado<\/strong>criando uma pe\u00e7a verdadeiramente exclusiva que se adapta ao seu gosto e estilo espec\u00edficos.<\/p><\/li><li><p><strong>Fornecimento \u00e9tico<\/strong>: Temos o compromisso de obter nossas pedras preciosas de forma \u00e9tica. Todas as esmeraldas, jade, pedras da lua e outras pedras preciosas usadas em nossos an\u00e9is s\u00e3o cuidadosamente selecionadas de fontes respons\u00e1veis, garantindo que n\u00e3o haja conflitos e que sejam extra\u00eddas de forma sustent\u00e1vel. Acreditamos que a beleza n\u00e3o deve ser obtida \u00e0s custas do planeta e nos certificamos de que nossas joias reflitam nosso compromisso com o meio ambiente.<\/p><\/li><li><p><strong>Abordagem centrada no cliente<\/strong>: Sua satisfa\u00e7\u00e3o \u00e9 nossa prioridade. Nossa dedicada equipe de atendimento ao cliente est\u00e1 sempre dispon\u00edvel para ajud\u00e1-lo a tomar a melhor decis\u00e3o, quer precise de orienta\u00e7\u00e3o sobre estilos de an\u00e9is, tamanhos ou escolhas de pedras preciosas. Queremos que voc\u00ea se sinta confiante e satisfeito com sua compra.<\/p><\/li><\/ul><h3>Por que escolher o EmeraldsRing.com?<\/h3><p>Em\u00a0<strong>EmeraldsRing.com<\/strong>Em nosso site, oferecemos uma combina\u00e7\u00e3o inigual\u00e1vel de luxo, qualidade e servi\u00e7o. Aqui est\u00e3o algumas das raz\u00f5es pelas quais nos destacamos de outros varejistas de joias:<\/p><h4>1.\u00a0<strong>Uma variedade impressionante de an\u00e9is<\/strong><\/h4><p>Oferecemos uma cole\u00e7\u00e3o diversificada de an\u00e9is, cada um projetado para atender a uma variedade de gostos e ocasi\u00f5es. Nossa sele\u00e7\u00e3o inclui:<\/p><ul><li><p><strong>An\u00e9is de esmeralda<\/strong>: Nosso\u00a0<strong>an\u00e9is de esmeralda<\/strong>\u00a0s\u00e3o perfeitas para quem busca uma pe\u00e7a elegante e atemporal. As esmeraldas s\u00e3o celebradas h\u00e1 s\u00e9culos por sua tonalidade verde vibrante e seu simbolismo de amor e crescimento. De an\u00e9is solit\u00e1rios de esmeralda a designs de halo, nossa cole\u00e7\u00e3o apresenta uma ampla variedade de estilos, cada um projetado para real\u00e7ar a beleza natural dessa pedra preciosa impressionante.<\/p><\/li><li><p><strong>An\u00e9is de Jade<\/strong>: Conhecido por seu rico significado cultural, o jade \u00e9 uma pedra preciosa que representa equil\u00edbrio, harmonia e boa sorte. Nosso\u00a0<strong>an\u00e9is de jade<\/strong>\u00a0oferecem o equil\u00edbrio perfeito entre beleza e significado. N\u00e3o importa se voc\u00ea est\u00e1 procurando uma pulseira simples ou um design mais intrincado, nossos an\u00e9is de jade s\u00e3o uma escolha atenciosa e elegante.<\/p><\/li><li><p><strong>An\u00e9is de pedra da lua<\/strong>: A pedra da lua \u00e9 uma pedra preciosa m\u00edstica, frequentemente associada \u00e0 intui\u00e7\u00e3o, ao equil\u00edbrio emocional e \u00e0 energia feminina. Nossa\u00a0<strong>an\u00e9is de pedra da lua<\/strong>\u00a0s\u00e3o perfeitos para quem aprecia a beleza et\u00e9rea dessa pedra preciosa \u00fanica. Dispon\u00edveis em uma variedade de cortes e configura\u00e7\u00f5es, esses an\u00e9is s\u00e3o ideais para quem busca uma pe\u00e7a de joalheria espiritual e calmante.<\/p><\/li><li><p><strong>An\u00e9is de noivado<\/strong>: Um pedido de casamento \u00e9 um dos momentos mais importantes na vida de um casal, e o anel de noivado simboliza um compromisso para toda a vida. Oferecemos uma ampla variedade de\u00a0<strong>an\u00e9is de noivado<\/strong>incluindo designs com esmeraldas, diamantes, jade, pedras da lua e muito mais. Nossos an\u00e9is s\u00e3o personaliz\u00e1veis, para que voc\u00ea possa criar um design que reflita perfeitamente sua hist\u00f3ria de amor.<\/p><\/li><li><p><strong>An\u00e9is personalizados<\/strong>: Para aqueles que desejam algo realmente exclusivo, oferecemos servi\u00e7os de design de an\u00e9is personalizados. Nossa equipe de designers especializados trabalhar\u00e1 em conjunto com voc\u00ea para criar um anel \u00fanico que se adapte ao seu estilo, prefer\u00eancias e or\u00e7amento.<\/p><\/li><\/ul><h4>2.\u00a0<strong>Qualidade em que voc\u00ea pode confiar<\/strong><\/h4><p>Temos o compromisso de fornecer somente joias da mais alta qualidade. Nossas pedras preciosas s\u00e3o obtidas de fornecedores confi\u00e1veis, garantindo que cada pe\u00e7a seja fabricada com materiais de origem \u00e9tica. Usamos somente os melhores metais, incluindo platina, ouro branco, ouro amarelo e ouro rosa, para garantir a durabilidade e a beleza de seu anel.<\/p><p>Cada pe\u00e7a de joalheria \u00e9 inspecionada por nossa equipe de joalheiros especializados para garantir que atenda aos nossos r\u00edgidos padr\u00f5es de qualidade. Temos orgulho de nossa aten\u00e7\u00e3o aos detalhes e ao trabalho artesanal, portanto, voc\u00ea pode confiar que seu anel ser\u00e1 da mais alta qualidade.<\/p><h4>3.\u00a0<strong>Servi\u00e7o personalizado<\/strong><\/h4><p>Entendemos que a compra de um anel \u00e9 uma decis\u00e3o importante. Nossa equipe de atendimento ao cliente est\u00e1 aqui para orient\u00e1-lo em todas as etapas do processo. Se voc\u00ea precisar de ajuda para escolher a pedra preciosa certa, selecionar o design perfeito ou determinar o tamanho correto do anel, estamos aqui para ajud\u00e1-lo.<\/p><p>Tamb\u00e9m oferecemos uma variedade de op\u00e7\u00f5es de personaliza\u00e7\u00e3o para muitos de nossos an\u00e9is. Se voc\u00ea quiser uma grava\u00e7\u00e3o personalizada, uma configura\u00e7\u00e3o exclusiva ou uma combina\u00e7\u00e3o personalizada de pedras preciosas, podemos dar vida \u00e0 sua vis\u00e3o. Nosso objetivo \u00e9 criar uma pe\u00e7a que seja t\u00e3o \u00fanica e especial quanto a pessoa que a usar\u00e1.<\/p><h4>4.\u00a0<strong>Envio r\u00e1pido e seguro<\/strong><\/h4><p>Sabemos como \u00e9 emocionante receber seu novo anel, e \u00e9 por isso que oferecemos op\u00e7\u00f5es de remessa r\u00e1pidas e seguras. Todos os pedidos s\u00e3o enviados com cuidado e fornecemos informa\u00e7\u00f5es de rastreamento para que voc\u00ea possa monitorar o andamento da remessa. Quer esteja comprando para si mesmo ou enviando um presente para uma pessoa querida, garantimos que seu anel chegar\u00e1 com seguran\u00e7a e dentro do prazo.<\/p><h4>5.\u00a0<strong>Satisfa\u00e7\u00e3o garantida<\/strong><\/h4><p>Em\u00a0<strong>EmeraldsRing.com<\/strong>A empresa tem o compromisso de garantir a qualidade de cada joia que vende. Se, por qualquer motivo, voc\u00ea n\u00e3o ficar satisfeito com sua compra, oferecemos uma pol\u00edtica de troca e devolu\u00e7\u00e3o sem complica\u00e7\u00f5es. Sua satisfa\u00e7\u00e3o \u00e9 nossa prioridade m\u00e1xima e trabalharemos com voc\u00ea para garantir que esteja completamente satisfeito com seu anel.<\/p><h3>Nossos valores<\/h3><p>Em\u00a0<strong>EmeraldsRing.com<\/strong>Acreditamos em:<\/p><ul><li><strong>Integridade<\/strong>: Acreditamos em fazer neg\u00f3cios de forma honesta e \u00e9tica. Asseguramos que todas as nossas pedras preciosas tenham origem \u00e9tica e somos transparentes em rela\u00e7\u00e3o aos nossos processos de fornecimento e fabrica\u00e7\u00e3o.<\/li><li><strong>Excel\u00eancia<\/strong>: N\u00f3s nos esfor\u00e7amos para fornecer produtos e servi\u00e7os da mais alta qualidade. Nossa dedica\u00e7\u00e3o \u00e0 excel\u00eancia \u00e9 evidente em tudo o que fazemos, desde a qualidade de nossas joias at\u00e9 o atendimento ao cliente que oferecemos.<\/li><li><strong>Sustentabilidade<\/strong>: Temos o compromisso de minimizar nossa pegada ambiental e garantir que nossos produtos sejam obtidos e produzidos de forma sustent\u00e1vel.<\/li><li><strong>Foco no cliente<\/strong>: Colocamos nossos clientes no centro de tudo o que fazemos. Desde o momento em que voc\u00ea navega em nosso site at\u00e9 o momento em que recebe seu anel, estamos aqui para tornar sua experi\u00eancia excepcional.<\/li><\/ul><h3>Nossa promessa a voc\u00ea<\/h3><p>Em\u00a0<strong>EmeraldsRing.com<\/strong>Em nosso site, prometemos oferecer an\u00e9is impressionantes e de alta qualidade que celebram os momentos mais preciosos da vida. Quer voc\u00ea esteja comprando um anel para si mesmo ou para um ente querido, estamos aqui para lhe proporcionar uma experi\u00eancia luxuosa e significativa. Com uma ampla variedade de estilos, pedras preciosas e op\u00e7\u00f5es de personaliza\u00e7\u00e3o, temos certeza de que voc\u00ea encontrar\u00e1 o anel perfeito para atender ao seu gosto e ocasi\u00e3o exclusivos.<\/p><p>Obrigado por escolher\u00a0<strong>EmeraldsRing.com<\/strong>Temos a honra de fazer parte de sua jornada e estamos ansiosos para ajud\u00e1-lo a encontrar o anel perfeito que ser\u00e1 apreciado por toda a vida.<\/p><hr \/><p>Para qualquer d\u00favida ou para iniciar sua jornada rumo ao anel perfeito, entre em contato conosco hoje mesmo ou navegue em nossa cole\u00e7\u00e3o de\u00a0<strong>an\u00e9is de esmeralda<\/strong>,\u00a0<strong>an\u00e9is de jade<\/strong>,\u00a0<strong>an\u00e9is de pedra da lua<\/strong>e\u00a0<strong>an\u00e9is de noivado<\/strong>\u00a0em\u00a0<a href=\"https:\/\/www.emeraldring.com\/\" target=\"_new\" rel=\"noopener\">EmeraldsRing.com<\/a>.<\/p>\t\t\t\t\t\t\t\t<\/div>\n\t\t\t\t<\/div>\n\t\t\t\t\t<\/div>\n\t\t\t\t<\/div>\n\t\t<div class=\"elementor-element elementor-element-99e39b5 e-flex e-con-boxed e-con e-parent\" data-id=\"99e39b5\" data-element_type=\"container\">\n\t\t\t\t\t<div class=\"e-con-inner\">\n\t\t\t\t<div class=\"elementor-element elementor-element-7a6bf68 elementor-widget elementor-widget-text-editor\" data-id=\"7a6bf68\" data-element_type=\"widget\" data-widget_type=\"text-editor.default\">\n\t\t\t\t<div class=\"elementor-widget-container\">\n\t\t\t\t\t\t\t\t\t<div class=\"wd-negative-gap elementor-element elementor-element-d411e29 e-flex e-con-boxed e-con e-parent e-lazyloaded\" data-id=\"d411e29\" data-element_type=\"container\"><div class=\"e-con-inner\"><div class=\"elementor-element elementor-element-8bda762 elementor-widget elementor-widget-wd_text_block\" data-id=\"8bda762\" data-element_type=\"widget\" data-widget_type=\"wd_text_block.default\"><div class=\"elementor-widget-container\"><div class=\"wd-text-block reset-last-child text-left\"><p>Se tiver alguma d\u00favida ou precisar de suporte, n\u00e3o hesite em entrar em contato com nossa equipe de atendimento ao cliente. N\u00f3s nos esfor\u00e7amos para responder a todas as perguntas dentro de\u00a0<strong>1-2 dias \u00fateis<\/strong>.<\/p><ul><li><strong>E-mail<\/strong>:\u00a0<strong><a href=\"mailto:manager@emeraldsring.com\">manager@emeraldsring.com<\/a><\/strong><\/li><li><strong>Telefone<\/strong>:\u00a0<strong><a href=\"tel:8613725483134\">+86 137 2548 3134<\/a><\/strong><\/li><li><strong>WhatsApp<\/strong>:\u00a0<strong><a href=\"https:\/\/wa.me\/8613725483134\">+86 13725483134<\/a><\/strong><\/li><\/ul><\/div><\/div><\/div><\/div><\/div><div class=\"wd-negative-gap elementor-element elementor-element-99e39b5 e-flex e-con-boxed e-con e-parent e-lazyloaded\" data-id=\"99e39b5\" data-element_type=\"container\"><div class=\"e-con-inner\"><div class=\"elementor-element elementor-element-5467356 elementor-widget elementor-widget-wd_text_block\" data-id=\"5467356\" data-element_type=\"widget\" data-widget_type=\"wd_text_block.default\"><div class=\"elementor-widget-container\"><div class=\"wd-text-block reset-last-child text-left\"><p><strong>Ou envie o formul\u00e1rio abaixo e entraremos em contato o mais breve poss\u00edvel.<\/strong><\/p><\/div><\/div><\/div><\/div><\/div>\t\t\t\t\t\t\t\t<\/div>\n\t\t\t\t<\/div>\n\t\t\t\t\t<\/div>\n\t\t\t\t<\/div>\n\t\t<div class=\"elementor-element elementor-element-12b80e5 e-flex e-con-boxed e-con e-parent\" data-id=\"12b80e5\" data-element_type=\"container\">\n\t\t\t\t\t<div class=\"e-con-inner\">\n\t\t\t\t<div class=\"elementor-element elementor-element-158fdd7 elementor-widget__width-initial elementor-widget-tablet__width-initial elementor-widget-mobile__width-initial elementor-widget elementor-widget-wpforms\" data-id=\"158fdd7\" data-element_type=\"widget\" data-widget_type=\"wpforms.default\">\n\t\t\t\t<div class=\"elementor-widget-container\">\n\t\t\t\t\t<style id=\"wpforms-css-vars-root\">\n\t\t\t\t:root {\n\t\t\t\t\t--wpforms-field-border-radius: 3px;\n--wpforms-field-border-style: solid;\n--wpforms-field-border-size: 1px;\n--wpforms-field-background-color: #ffffff;\n--wpforms-field-border-color: rgba( 0, 0, 0, 0.25 );\n--wpforms-field-border-color-spare: rgba( 0, 0, 0, 0.25 );\n--wpforms-field-text-color: rgba( 0, 0, 0, 0.7 );\n--wpforms-field-menu-color: #ffffff;\n--wpforms-label-color: rgba( 0, 0, 0, 0.85 );\n--wpforms-label-sublabel-color: rgba( 0, 0, 0, 0.55 );\n--wpforms-label-error-color: #d63637;\n--wpforms-button-border-radius: 3px;\n--wpforms-button-border-style: none;\n--wpforms-button-border-size: 1px;\n--wpforms-button-background-color: #066aab;\n--wpforms-button-border-color: #066aab;\n--wpforms-button-text-color: #ffffff;\n--wpforms-page-break-color: #066aab;\n--wpforms-background-image: none;\n--wpforms-background-position: center center;\n--wpforms-background-repeat: no-repeat;\n--wpforms-background-size: cover;\n--wpforms-background-width: 100px;\n--wpforms-background-height: 100px;\n--wpforms-background-color: rgba( 0, 0, 0, 0 );\n--wpforms-background-url: none;\n--wpforms-container-padding: 0px;\n--wpforms-container-border-style: none;\n--wpforms-container-border-width: 1px;\n--wpforms-container-border-color: #000000;\n--wpforms-container-border-radius: 3px;\n--wpforms-field-size-input-height: 43px;\n--wpforms-field-size-input-spacing: 15px;\n--wpforms-field-size-font-size: 16px;\n--wpforms-field-size-line-height: 19px;\n--wpforms-field-size-padding-h: 14px;\n--wpforms-field-size-checkbox-size: 16px;\n--wpforms-field-size-sublabel-spacing: 5px;\n--wpforms-field-size-icon-size: 1;\n--wpforms-label-size-font-size: 16px;\n--wpforms-label-size-line-height: 19px;\n--wpforms-label-size-sublabel-font-size: 14px;\n--wpforms-label-size-sublabel-line-height: 17px;\n--wpforms-button-size-font-size: 17px;\n--wpforms-button-size-height: 41px;\n--wpforms-button-size-padding-h: 15px;\n--wpforms-button-size-margin-top: 10px;\n--wpforms-container-shadow-size-box-shadow: none;\n\n\t\t\t\t}\n\t\t\t<\/style><style id=\"wpforms-css-vars-elementor-widget-158fdd7\">\n\t\t\t\t.elementor-widget-wpforms.elementor-element-158fdd7 {\n\t\t\t\t\t--wpforms-field-border-color: #2D3748;\n--wpforms-field-border-color-spare: #2D3748;\n--wpforms-field-size-input-height: 31px;\n--wpforms-field-size-input-spacing: 10px;\n--wpforms-field-size-font-size: 14px;\n--wpforms-field-size-line-height: 17px;\n--wpforms-field-size-padding-h: 9px;\n--wpforms-field-size-checkbox-size: 14px;\n--wpforms-field-size-sublabel-spacing: 5px;\n--wpforms-field-size-icon-size: 0.75;\n--wpforms-label-size-font-size: 16px;\n--wpforms-label-size-line-height: 19px;\n--wpforms-label-size-sublabel-font-size: 14px;\n--wpforms-label-size-sublabel-line-height: 17px;\n--wpforms-button-size-font-size: 17px;\n--wpforms-button-size-height: 41px;\n--wpforms-button-size-padding-h: 15px;\n--wpforms-button-size-margin-top: 10px;\n\n\t\t\t\t}\n\t\t\t<\/style><div class=\"wpforms-container wpforms-container-full wpforms-render-modern\" id=\"wpforms-230\"><form id=\"wpforms-form-230\" class=\"wpforms-validate wpforms-form wpforms-ajax-form\" data-formid=\"230\" method=\"post\" enctype=\"multipart\/form-data\" action=\"\/pt\/wp-json\/wp\/v2\/pages\/331\" data-token=\"e9c78722c9a4d04566abc6eb5074897d\" data-token-time=\"1776510162\" data-trp-original-action=\"\/pt\/wp-json\/wp\/v2\/pages\/331\"><noscript class=\"wpforms-error-noscript\">Ative o JavaScript no seu navegador para preencher este formul\u00e1rio.<\/noscript><div class=\"wpforms-hidden\" id=\"wpforms-error-noscript\">Ative o JavaScript no seu navegador para preencher este formul\u00e1rio.<\/div><div class=\"wpforms-field-container\"><div id=\"wpforms-230-field_1-container\" class=\"wpforms-field wpforms-field-name\" data-field-id=\"1\"><label class=\"wpforms-field-label\" for=\"wpforms-230-field_1\">Nome <span class=\"wpforms-required-label\" aria-hidden=\"true\">*<\/span><\/label><input type=\"text\" id=\"wpforms-230-field_1\" class=\"wpforms-field-large wpforms-field-required\" name=\"wpforms[fields][1]\" placeholder=\"Seu nome\" aria-errormessage=\"wpforms-230-field_1-error\" required><\/div><div id=\"wpforms-230-field_2-container\" class=\"wpforms-field wpforms-field-email\" data-field-id=\"2\"><label class=\"wpforms-field-label\" for=\"wpforms-230-field_2\">E-mail <span class=\"wpforms-required-label\" aria-hidden=\"true\">*<\/span><\/label><input type=\"email\" id=\"wpforms-230-field_2\" class=\"wpforms-field-large wpforms-field-required\" name=\"wpforms[fields][2]\" placeholder=\"Seu e-mail\" spellcheck=\"false\" aria-errormessage=\"wpforms-230-field_2-error\" required><\/div><div id=\"wpforms-230-field_3-container\" class=\"wpforms-field wpforms-field-textarea\" data-field-id=\"3\"><label class=\"wpforms-field-label\" for=\"wpforms-230-field_3\">Coment\u00e1rio ou mensagem <span class=\"wpforms-required-label\" aria-hidden=\"true\">*<\/span><\/label><textarea id=\"wpforms-230-field_3\" class=\"wpforms-field-medium wpforms-field-required\" name=\"wpforms[fields][3]\" aria-errormessage=\"wpforms-230-field_3-error\" required><\/textarea><\/div><div id=\"wpforms-230-field_4-container\" class=\"wpforms-field wpforms-field-captcha\" data-field-id=\"4\"><label class=\"wpforms-field-label\" for=\"wpforms-230-field_4\">Captcha personalizado <span class=\"wpforms-required-label\" aria-hidden=\"true\">*<\/span><\/label>\t\t\t<div class=\"wpforms-captcha-math\">\n\t\t\t\t<span id=\"wpforms-230-field_4-question\" class=\"wpforms-captcha-equation\">\n\t\t\t\t\t<span class=\"n1\">1<\/span>\n\t\t\t\t\t\t\t<span class=\"cal\">*<\/span>\n\t\t\t\t\t\t\t<span class=\"n2\">4<\/span>\t\t\t\t\t<span class=\"e\">=<\/span>\n\t\t\t\t<\/span>\n\t\t\t\t<input type=\"text\" id=\"wpforms-230-field_4\" class=\"wpforms-field-medium wpforms-field-required a\" data-rule-wpf-captcha=\"math\" data-is-wrapped-field=\"1\" name=\"wpforms[fields][4][a]\" aria-errormessage=\"wpforms-230-field_4-error\" aria-describedby=\"wpforms-230-field_4-question\" required>\t\t\t\t<input type=\"hidden\" name=\"wpforms[fields][4][cal]\" class=\"cal\">\n\t\t\t\t<input type=\"hidden\" name=\"wpforms[fields][4][n2]\" class=\"n2\">\n\t\t\t\t<input type=\"hidden\" name=\"wpforms[fields][4][n1]\" class=\"n1\">\n\t\t\t<\/div>\n\t\t\t<\/div><\/div><!-- .wpforms-field-container --><div class=\"wpforms-submit-container\" ><input type=\"hidden\" name=\"wpforms[id]\" value=\"230\"><input type=\"hidden\" name=\"page_title\" value=\"\"><input type=\"hidden\" name=\"page_url\" value=\"https:\/\/emeraldsring.com\/pt\/wp-json\/wp\/v2\/pages\/331\"><button type=\"submit\" name=\"wpforms[submit]\" id=\"wpforms-submit-230\" class=\"wpforms-submit\" data-alt-text=\"Sending...\" data-submit-text=\"Submit\" aria-live=\"assertive\" value=\"wpforms-submit\">Enviar<\/button><img decoding=\"async\" src=\"https:\/\/emeraldsring.com\/wp-content\/plugins\/wpforms\/assets\/images\/submit-spin.svg\" class=\"wpforms-submit-spinner\" style=\"display: none;\" width=\"26\" height=\"26\" alt=\"Carregando\"><\/div><input type=\"hidden\" name=\"trp-form-language\" value=\"pt\"\/><\/form><\/div>  <!-- .wpforms-container -->\t\t\t\t<\/div>\n\t\t\t\t<\/div>\n\t\t\t\t\t<\/div>\n\t\t\t\t<\/div>\n\t\t\t\t<\/div>","protected":false},"excerpt":{"rendered":"<p>Bem-vindo ao EmeraldsRing.com, seu principal destino on-line para an\u00e9is requintados e de alta qualidade. Quer esteja procurando o anel de esmeralda perfeito, um anel de jade exclusivo, um anel de pedra da lua encantador ou um anel de noivado deslumbrante, temos o compromisso de oferecer somente as melhores joias que celebram os momentos mais especiais da vida. Entendemos que a escolha de um anel \u00e9 profundamente pessoal...<\/p>","protected":false},"author":1,"featured_media":0,"parent":0,"menu_order":0,"comment_status":"closed","ping_status":"closed","template":"","meta":{"_kad_post_transparent":"","_kad_post_title":"","_kad_post_layout":"","_kad_post_sidebar_id":"","_kad_post_content_style":"","_kad_post_vertical_padding":"","_kad_post_feature":"","_kad_post_feature_position":"","_kad_post_header":false,"_kad_post_footer":false,"footnotes":""},"class_list":["post-331","page","type-page","status-publish","hentry"],"aioseo_notices":[],"_links":{"self":[{"href":"https:\/\/emeraldsring.com\/pt\/wp-json\/wp\/v2\/pages\/331","targetHints":{"allow":["GET"]}}],"collection":[{"href":"https:\/\/emeraldsring.com\/pt\/wp-json\/wp\/v2\/pages"}],"about":[{"href":"https:\/\/emeraldsring.com\/pt\/wp-json\/wp\/v2\/types\/page"}],"author":[{"embeddable":true,"href":"https:\/\/emeraldsring.com\/pt\/wp-json\/wp\/v2\/users\/1"}],"replies":[{"embeddable":true,"href":"https:\/\/emeraldsring.com\/pt\/wp-json\/wp\/v2\/comments?post=331"}],"version-history":[{"count":7,"href":"https:\/\/emeraldsring.com\/pt\/wp-json\/wp\/v2\/pages\/331\/revisions"}],"predecessor-version":[{"id":1976,"href":"https:\/\/emeraldsring.com\/pt\/wp-json\/wp\/v2\/pages\/331\/revisions\/1976"}],"wp:attachment":[{"href":"https:\/\/emeraldsring.com\/pt\/wp-json\/wp\/v2\/media?parent=331"}],"curies":[{"name":"wp","href":"https:\/\/api.w.org\/{rel}","templated":true}]}}