{"id":394,"date":"2025-02-04T17:37:20","date_gmt":"2025-02-04T12:37:20","guid":{"rendered":"https:\/\/emeraldsring.com\/?page_id=394"},"modified":"2025-08-10T12:09:56","modified_gmt":"2025-08-10T07:09:56","slug":"terms-of-use","status":"publish","type":"page","link":"https:\/\/emeraldsring.com\/pt\/terms-of-use\/","title":{"rendered":"TERMOS DE USO"},"content":{"rendered":"<div data-elementor-type=\"wp-page\" data-elementor-id=\"394\" class=\"elementor elementor-394\" data-elementor-post-type=\"page\">\n\t\t\t\t<div class=\"elementor-element elementor-element-1f5a385 e-flex e-con-boxed e-con e-parent\" data-id=\"1f5a385\" data-element_type=\"container\">\n\t\t\t\t\t<div class=\"e-con-inner\">\n\t\t\t\t<div class=\"elementor-element elementor-element-f6b71a6 elementor-widget elementor-widget-text-editor\" data-id=\"f6b71a6\" data-element_type=\"widget\" data-widget_type=\"text-editor.default\">\n\t\t\t\t<div class=\"elementor-widget-container\">\n\t\t\t\t\t\t\t\t\t<p>Bem-vindo ao\u00a0<strong>EmeraldsRing.com<\/strong>! Estes Termos de Uso regem seu acesso e uso de nosso site, incluindo todos os recursos, servi\u00e7os e conte\u00fado oferecidos por n\u00f3s em\u00a0<a href=\"https:\/\/www.emeraldring.com\/\" target=\"_new\" rel=\"noopener\"><strong>EmeraldsRing.com<\/strong><\/a>e se aplicam a todos os usu\u00e1rios, incluindo, sem limita\u00e7\u00e3o, visitantes, clientes e aqueles que contribuem com conte\u00fado para o site. Ao acessar ou usar este site, voc\u00ea concorda em cumprir e estar vinculado a estes Termos de Uso. Se voc\u00ea n\u00e3o concordar com esses termos, n\u00e3o use nosso site.<\/p><hr \/><h3><strong>1. Introdu\u00e7\u00e3o<\/strong><\/h3><p>Estes Termos de Uso (os \"Termos\") foram criados para descrever as regras e diretrizes para o uso do\u00a0<strong>EmeraldsRing.com<\/strong>. Reservamo-nos o direito de atualizar ou modificar estes Termos a qualquer momento, e quaisquer altera\u00e7\u00f5es ser\u00e3o publicadas nesta p\u00e1gina. Consulte estes Termos periodicamente para se manter informado sobre quaisquer atualiza\u00e7\u00f5es. Seu uso cont\u00ednuo do site constitui sua aceita\u00e7\u00e3o de quaisquer altera\u00e7\u00f5es ou modifica\u00e7\u00f5es a estes Termos.<\/p><hr \/><h3><strong>2. Acesso e uso do site<\/strong><\/h3><ul><li><strong>Elegibilidade<\/strong>: Para usar\u00a0<strong>EmeraldsRing.com<\/strong>Para acessar este site, voc\u00ea deve ter pelo menos 18 anos de idade e ser legalmente capaz de firmar contratos. Ao acessar ou usar este site, voc\u00ea declara e garante que atende a esses crit\u00e9rios.<\/li><li><strong>Registro de conta<\/strong>: Para fazer compras, rastrear pedidos ou usar determinados recursos do site, talvez seja necess\u00e1rio criar uma conta. Ao criar uma conta, voc\u00ea concorda em fornecer informa\u00e7\u00f5es precisas, atuais e completas. O usu\u00e1rio \u00e9 respons\u00e1vel por manter a confidencialidade das informa\u00e7\u00f5es de sua conta e por todas as atividades que ocorram em sua conta. Se suspeitar de qualquer uso n\u00e3o autorizado de sua conta, notifique-nos imediatamente.<\/li><li><strong>Uso proibido<\/strong>: Voc\u00ea concorda em n\u00e3o usar o site para qualquer finalidade ilegal ou envolver-se em atividades que possam danificar, desativar ou prejudicar o site ou interferir no acesso de outros usu\u00e1rios ao site. As atividades proibidas incluem, entre outras, a viola\u00e7\u00e3o de direitos de propriedade intelectual, a transmiss\u00e3o de software nocivo ou a participa\u00e7\u00e3o em transa\u00e7\u00f5es fraudulentas.<\/li><\/ul><hr \/><h3><strong>3. Informa\u00e7\u00f5es sobre o produto<\/strong><\/h3><ul><li><strong>Descri\u00e7\u00f5es de produtos<\/strong>: Fazemos todo o poss\u00edvel para garantir que as descri\u00e7\u00f5es, as imagens e os pre\u00e7os dos produtos em\u00a0<strong>EmeraldsRing.com<\/strong>\u00a0sejam precisos. Entretanto, n\u00e3o garantimos que as descri\u00e7\u00f5es de produtos, pre\u00e7os ou outros conte\u00fados do site estejam livres de erros ou completos. Caso um produto seja listado por um pre\u00e7o incorreto ou com informa\u00e7\u00f5es incorretas, reservamo-nos o direito de cancelar ou modificar seu pedido.<\/li><li><strong>Disponibilidade do produto<\/strong>: Todos os produtos est\u00e3o sujeitos \u00e0 disponibilidade. Embora nos esforcemos para manter os n\u00edveis de estoque, alguns itens podem estar fora de estoque ou descontinuados. Se um produto n\u00e3o estiver dispon\u00edvel depois que voc\u00ea tiver feito um pedido, n\u00f3s o notificaremos e ofereceremos alternativas ou um reembolso total.<\/li><li><strong>An\u00e9is personalizados<\/strong>: Se voc\u00ea comprar um\u00a0<strong>anel personalizado<\/strong>\u00a0(por exemplo, personalizados com grava\u00e7\u00f5es ou desenhos especiais), n\u00e3o podemos aceitar devolu\u00e7\u00f5es ou trocas, a menos que o produto esteja com defeito ou haja um erro no processo de personaliza\u00e7\u00e3o. Verifique novamente os detalhes de seu pedido personalizado antes de concluir a compra.<\/li><\/ul><hr \/><h3><strong>4. Precifica\u00e7\u00e3o e pagamento<\/strong><\/h3><ul><li><strong>Pre\u00e7os<\/strong>: Todos os pre\u00e7os listados em\u00a0<strong>EmeraldsRing.com<\/strong>\u00a0est\u00e3o em d\u00f3lares americanos, a menos que especificado de outra forma. Reservamo-nos o direito de alterar os pre\u00e7os a qualquer momento sem aviso pr\u00e9vio, mas essas altera\u00e7\u00f5es n\u00e3o afetar\u00e3o os pedidos existentes que j\u00e1 tenham sido processados.<\/li><li><strong>M\u00e9todos de pagamento<\/strong>: Aceitamos v\u00e1rios m\u00e9todos de pagamento, incluindo os principais cart\u00f5es de cr\u00e9dito (Visa, MasterCard, American Express), PayPal e outras op\u00e7\u00f5es de pagamento, conforme dispon\u00edvel em nossa p\u00e1gina de checkout. Ao fornecer suas informa\u00e7\u00f5es de pagamento, voc\u00ea declara e garante que tem o direito legal de usar o m\u00e9todo de pagamento.<\/li><li><strong>Imposto sobre vendas<\/strong>: O imposto sobre vendas ser\u00e1 aplicado aos pedidos conforme exigido por lei. O imposto sobre vendas aplic\u00e1vel ser\u00e1 adicionado ao seu pedido durante a finaliza\u00e7\u00e3o da compra com base na sua localiza\u00e7\u00e3o.<\/li><\/ul><hr \/><h3><strong>5. Envio e entrega<\/strong><\/h3><ul><li><strong>Pol\u00edticas de remessa<\/strong>: Oferecemos v\u00e1rias op\u00e7\u00f5es de remessa para destinos nacionais e internacionais. Os custos de remessa s\u00e3o calculados no checkout com base no m\u00e9todo de remessa selecionado e em sua localiza\u00e7\u00e3o.<\/li><li><strong>Tempo de processamento<\/strong>: Os pedidos s\u00e3o processados e enviados dentro do prazo especificado durante o checkout. Para pedidos personalizados, observe que os tempos de processamento podem variar, e forneceremos uma data de entrega estimada durante o processo de pedido.<\/li><li><strong>Prazo de entrega<\/strong>: Os prazos de entrega s\u00e3o estimativas fornecidas pela transportadora e n\u00e3o s\u00e3o garantidos. Podem ocorrer atrasos devido a circunst\u00e2ncias fora do nosso controle, incluindo libera\u00e7\u00e3o alfandeg\u00e1ria ou atrasos da transportadora. N\u00e3o nos responsabilizamos por atrasos causados por fornecedores de remessas terceirizados.<\/li><li><strong>Pedidos internacionais<\/strong>: No caso de pedidos internacionais, o cliente \u00e9 respons\u00e1vel por quaisquer direitos alfandeg\u00e1rios, impostos ou taxas de importa\u00e7\u00e3o que possam ser aplicados em seu pa\u00eds. N\u00e3o podemos controlar ou prever esses encargos adicionais e recomendamos que entre em contato com o escrit\u00f3rio da alf\u00e2ndega local para obter mais informa\u00e7\u00f5es.<\/li><\/ul><hr \/><h3><strong>6. Devolu\u00e7\u00f5es e trocas<\/strong><\/h3><ul><li><strong>Pol\u00edtica de devolu\u00e7\u00e3o<\/strong>: Queremos que voc\u00ea fique totalmente satisfeito com sua compra. Se n\u00e3o estiver completamente satisfeito com sua compra, oferecemos uma\u00a0<strong>Devolu\u00e7\u00e3o em 30 dias<\/strong>\u00a0para a maioria dos itens, exceto produtos personalizados. As devolu\u00e7\u00f5es devem estar em sua condi\u00e7\u00e3o e embalagem originais. Voc\u00ea \u00e9 respons\u00e1vel por enviar o item de volta para n\u00f3s, \u00e0s suas custas, e recomendamos o uso de um servi\u00e7o de remessa rastre\u00e1vel.<\/li><li><strong>Trocas<\/strong>: Se desejar trocar um item por um tamanho ou design diferente, entre em contato conosco em at\u00e9 30 dias ap\u00f3s o recebimento do pedido. N\u00f3s o orientaremos no processo de troca.<\/li><li><strong>Itens que n\u00e3o podem ser devolvidos<\/strong>: An\u00e9is personalizados, itens gravados e produtos marcados como \"venda final\" n\u00e3o podem ser devolvidos, a menos que estejam com defeito ou danificados no recebimento.<\/li><\/ul><hr \/><h3><strong>7. Propriedade intelectual<\/strong><\/h3><ul><li><strong>Propriedade<\/strong>: Todo o conte\u00fado do\u00a0<strong>EmeraldsRing.com<\/strong>incluindo texto, imagens, logotipos, designs, gr\u00e1ficos, v\u00eddeos e marcas registradas, \u00e9 de propriedade de\u00a0<strong>EmeraldsRing.com<\/strong>\u00a0ou de seus licenciadores e \u00e9 protegida por leis de direitos autorais, marcas registradas e outras leis de propriedade intelectual.<\/li><li><strong>Licen\u00e7a limitada<\/strong>: Concedemos a voc\u00ea uma licen\u00e7a limitada, n\u00e3o exclusiva e intransfer\u00edvel para acessar e usar o site somente para fins pessoais e n\u00e3o comerciais. Voc\u00ea n\u00e3o pode reproduzir, distribuir, modificar ou criar trabalhos derivados de qualquer conte\u00fado sem o nosso consentimento pr\u00e9vio por escrito.<\/li><\/ul><hr \/><h3><strong>8. Conte\u00fado do usu\u00e1rio<\/strong><\/h3><ul><li><strong>Contribui\u00e7\u00f5es do usu\u00e1rio<\/strong>: Ao enviar qualquer conte\u00fado (por exemplo, avalia\u00e7\u00f5es, coment\u00e1rios, fotos) para\u00a0<strong>EmeraldsRing.com<\/strong>voc\u00ea nos concede uma licen\u00e7a perp\u00e9tua, isenta de royalties, mundial e n\u00e3o exclusiva para usar, exibir e distribuir esse conte\u00fado. Voc\u00ea \u00e9 respons\u00e1vel por garantir que qualquer conte\u00fado enviado n\u00e3o viole os direitos de terceiros.<\/li><li><strong>Conte\u00fado proibido<\/strong>: Voc\u00ea n\u00e3o pode publicar ou enviar qualquer conte\u00fado que seja ilegal, ofensivo, difamat\u00f3rio ou que infrinja os direitos de propriedade intelectual de terceiros. Reservamo-nos o direito de remover qualquer conte\u00fado que viole essas diretrizes ou que seja considerado inadequado.<\/li><\/ul><hr \/><h3><strong>9. Pol\u00edtica de privacidade<\/strong><\/h3><p>Respeitamos sua privacidade e temos o compromisso de proteger suas informa\u00e7\u00f5es pessoais. Consulte nosso\u00a0<strong>Pol\u00edtica de privacidade<\/strong>\u00a0para entender como coletamos, usamos e protegemos seus dados. Ao usar\u00a0<strong>EmeraldsRing.com<\/strong>, voc\u00ea concorda com as pr\u00e1ticas descritas em nossa Pol\u00edtica de Privacidade.<\/p><hr \/><h3><strong>10. Limita\u00e7\u00e3o de responsabilidade<\/strong><\/h3><ul><li><strong>Isen\u00e7\u00e3o de responsabilidade de garantias<\/strong>:\u00a0<strong>EmeraldsRing.com<\/strong>\u00a0\u00e9 fornecido \"no estado em que se encontra\" e \"conforme dispon\u00edvel\". N\u00e3o oferecemos nenhuma garantia, expressa ou impl\u00edcita, com rela\u00e7\u00e3o \u00e0 disponibilidade, precis\u00e3o ou integridade do site. N\u00e3o garantimos que o site estar\u00e1 livre de erros, v\u00edrus ou outros componentes prejudiciais.<\/li><li><strong>Limita\u00e7\u00e3o de responsabilidade<\/strong>: Em nenhuma hip\u00f3tese\u00a0<strong>EmeraldsRing.com<\/strong>A KPMG, suas afiliadas ou seus funcion\u00e1rios ser\u00e3o respons\u00e1veis por quaisquer danos diretos, indiretos, incidentais, especiais ou consequenciais decorrentes do uso ou da incapacidade de usar o site, incluindo quaisquer erros nos pre\u00e7os ou nas descri\u00e7\u00f5es dos produtos. Nossa responsabilidade total por qualquer reclama\u00e7\u00e3o relacionada ao seu uso do site n\u00e3o exceder\u00e1 o valor pago pelo(s) produto(s) que deu origem \u00e0 reclama\u00e7\u00e3o.<\/li><\/ul><hr \/><h3><strong>11. Indeniza\u00e7\u00e3o<\/strong><\/h3><p>Voc\u00ea concorda em indenizar, defender e isentar de responsabilidade\u00a0<strong>EmeraldsRing.com<\/strong>A empresa n\u00e3o se responsabiliza por quaisquer reivindica\u00e7\u00f5es, responsabilidades, danos, perdas, custos ou despesas decorrentes do uso do site, da viola\u00e7\u00e3o destes Termos ou da viola\u00e7\u00e3o de quaisquer direitos de terceiros.<\/p><hr \/><h3><strong>12. Lei Aplic\u00e1vel e Resolu\u00e7\u00e3o de Disputas<\/strong><\/h3><p>Estes Termos de Uso s\u00e3o regidos e interpretados de acordo com as leis do estado em que\u00a0<strong>EmeraldsRing.com<\/strong>\u00a0sem levar em conta seus princ\u00edpios de conflito de leis. Qualquer disputa, reivindica\u00e7\u00e3o ou controv\u00e9rsia decorrente ou relacionada a estes Termos dever\u00e1 ser resolvida por meio de arbitragem vinculante, de acordo com as regras da Associa\u00e7\u00e3o Americana de Arbitragem.<\/p><hr \/><h3><strong>13. Rescis\u00e3o<\/strong><\/h3><p>Reservamo-nos o direito de suspender ou encerrar seu acesso a\u00a0<strong>EmeraldsRing.com<\/strong>\u00a0a nosso crit\u00e9rio exclusivo, se voc\u00ea violar estes Termos de Uso ou por qualquer outro motivo, sem aviso pr\u00e9vio ou responsabilidade. Ap\u00f3s a rescis\u00e3o, seu direito de usar o site cessar\u00e1 imediatamente, e voc\u00ea dever\u00e1 parar imediatamente de usar o site e qualquer conte\u00fado obtido por meio dele.<\/p><hr \/><h3><strong>14. Diversos<\/strong><\/h3><ul><li><strong>Severidade<\/strong>: Se qualquer disposi\u00e7\u00e3o destes Termos for considerada inv\u00e1lida ou inexequ\u00edvel, as demais disposi\u00e7\u00f5es continuar\u00e3o em pleno vigor e efeito.<\/li><li><strong>Contrato integral<\/strong>: Estes Termos de Uso, juntamente com nossa Pol\u00edtica de Privacidade e quaisquer outras pol\u00edticas ou diretrizes publicadas no site, constituem o acordo integral entre voc\u00ea e\u00a0<strong>EmeraldsRing.com<\/strong>\u00a0com rela\u00e7\u00e3o ao uso do site.<\/li><\/ul><hr \/><h3><strong>15. Entre em contato conosco<\/strong><\/h3><p>Em caso de d\u00favidas ou preocupa\u00e7\u00f5es sobre estes Termos de Uso, entre em contato conosco:<\/p><ul><li><strong>E-mail<\/strong>:\u00a0<a href=\"mailto:manger@emeraldsring.com\"><strong>manger@emeraldsring.com<\/strong><\/a><\/li><li><strong>Telefone<\/strong>:\u00a0<strong><a href=\"tel:8613725483134\">+86 137 2548 3134<\/a><\/strong><\/li><li><strong>WhatsApp<\/strong>:\u00a0<strong><a href=\"https:\/\/wa.me\/8613725483134\">+86 13725483134<\/a><\/strong><\/li><\/ul><hr \/><p>Obrigado por escolher\u00a0<strong>EmeraldsRing.com<\/strong>! Temos a honra de fazer parte de sua jornada e estamos comprometidos em oferecer um servi\u00e7o excepcional e joias finas para toda a vida<\/p>\t\t\t\t\t\t\t\t<\/div>\n\t\t\t\t<\/div>\n\t\t\t\t\t<\/div>\n\t\t\t\t<\/div>\n\t\t\t\t<\/div>","protected":false},"excerpt":{"rendered":"<p>Bem-vindo ao EmeraldsRing.com! Estes Termos de Uso regem seu acesso e uso do nosso site, inclusive todos os recursos, servi\u00e7os e conte\u00fado oferecidos por n\u00f3s no EmeraldsRing.com, e se aplicam a todos os usu\u00e1rios, inclusive, sem limita\u00e7\u00e3o, visitantes, clientes e aqueles que contribuem com conte\u00fado para o site. Ao acessar ou usar este site, voc\u00ea concorda em cumprir e...<\/p>","protected":false},"author":1,"featured_media":0,"parent":0,"menu_order":0,"comment_status":"closed","ping_status":"closed","template":"","meta":{"_kad_post_transparent":"","_kad_post_title":"","_kad_post_layout":"","_kad_post_sidebar_id":"","_kad_post_content_style":"","_kad_post_vertical_padding":"","_kad_post_feature":"","_kad_post_feature_position":"","_kad_post_header":false,"_kad_post_footer":false,"footnotes":""},"class_list":["post-394","page","type-page","status-publish","hentry"],"aioseo_notices":[],"_links":{"self":[{"href":"https:\/\/emeraldsring.com\/pt\/wp-json\/wp\/v2\/pages\/394","targetHints":{"allow":["GET"]}}],"collection":[{"href":"https:\/\/emeraldsring.com\/pt\/wp-json\/wp\/v2\/pages"}],"about":[{"href":"https:\/\/emeraldsring.com\/pt\/wp-json\/wp\/v2\/types\/page"}],"author":[{"embeddable":true,"href":"https:\/\/emeraldsring.com\/pt\/wp-json\/wp\/v2\/users\/1"}],"replies":[{"embeddable":true,"href":"https:\/\/emeraldsring.com\/pt\/wp-json\/wp\/v2\/comments?post=394"}],"version-history":[{"count":12,"href":"https:\/\/emeraldsring.com\/pt\/wp-json\/wp\/v2\/pages\/394\/revisions"}],"predecessor-version":[{"id":2009,"href":"https:\/\/emeraldsring.com\/pt\/wp-json\/wp\/v2\/pages\/394\/revisions\/2009"}],"wp:attachment":[{"href":"https:\/\/emeraldsring.com\/pt\/wp-json\/wp\/v2\/media?parent=394"}],"curies":[{"name":"wp","href":"https:\/\/api.w.org\/{rel}","templated":true}]}}