{"id":7,"date":"2025-02-04T09:07:54","date_gmt":"2025-02-04T09:07:54","guid":{"rendered":"https:\/\/emeraldsring.com\/index.php\/cart\/"},"modified":"2025-06-21T02:50:45","modified_gmt":"2025-06-20T21:50:45","slug":"cart","status":"publish","type":"page","link":"https:\/\/emeraldsring.com\/pt\/cart\/","title":{"rendered":"Carrinho"},"content":{"rendered":"<div data-elementor-type=\"wp-page\" data-elementor-id=\"7\" class=\"elementor elementor-7\" data-elementor-post-type=\"page\">\n\t\t\t\t<div class=\"elementor-element elementor-element-24d3db0a e-flex e-con-boxed e-con e-parent\" data-id=\"24d3db0a\" data-element_type=\"container\">\n\t\t\t\t\t<div class=\"e-con-inner\">\n\t\t\t\t<div class=\"elementor-element elementor-element-0a2f693 e-cart-layout-two-column elementor-widget elementor-widget-woocommerce-cart\" data-id=\"0a2f693\" data-element_type=\"widget\" data-widget_type=\"woocommerce-cart.default\">\n\t\t\t\t<div class=\"elementor-widget-container\">\n\t\t\t\t\t<div class=\"woocommerce\"><div class=\"woocommerce-notices-wrapper\"><\/div><div class=\"kadence-woo-cart-form-wrap\">\t\t<div class=\"e-cart__container\">\n\t\t\t\t\t\t<!--open container-->\n\t\t\t\t\t\t<div class=\"e-cart__column e-cart__column-start\">\n\t\t\t\t\t\t\t<!--open column-1-->\n\t\t\n<form class=\"woocommerce-cart-form\" action=\"https:\/\/emeraldsring.com\/pt\/cart\/\" method=\"post\" data-trp-original-action=\"https:\/\/emeraldsring.com\/pt\/cart\/\">\n\t<div class=\"cart-summary\"><h2>Resumo do Carrinho<\/h2><\/div>\t\t<div class=\"e-shop-table e-cart-section\">\n\t\t\t\t\t\t<!--open shop table div -->\n\t\t\n\t<table class=\"shop_table shop_table_responsive cart woocommerce-cart-form__contents\" cellspacing=\"0\">\n\t\t<thead>\n\t\t\t<tr>\n\t\t\t\t<th class=\"product-remove\"><span class=\"screen-reader-text\" data-no-translation=\"\" data-trp-gettext=\"\">Remover item<\/span><\/th>\n\t\t\t\t<th class=\"product-thumbnail\"><span class=\"screen-reader-text\" data-no-translation=\"\" data-trp-gettext=\"\">Imagem em miniatura<\/span><\/th>\n\t\t\t\t<th scope=\"col\" class=\"product-name\" data-no-translation=\"\" data-trp-gettext=\"\">Produto<\/th>\n\t\t\t\t<th scope=\"col\" class=\"product-price\" data-no-translation=\"\" data-trp-gettext=\"\">Pre\u00e7o<\/th>\n\t\t\t\t<th scope=\"col\" class=\"product-quantity\" data-no-translation=\"\" data-trp-gettext=\"\">Quantidade<\/th>\n\t\t\t\t<th scope=\"col\" class=\"product-subtotal\" data-no-translation=\"\" data-trp-gettext=\"\">Subtotal<\/th>\n\t\t\t<\/tr>\n\t\t<\/thead>\n\t\t<tbody>\n\t\t\t\n\t\t\t\t\t\t\t\t<tr class=\"woocommerce-cart-form__cart-item cart_item\">\n\n\t\t\t\t\t\t<td class=\"product-remove\">\n\t\t\t\t\t\t\t<a role=\"button\" href=\"https:\/\/emeraldsring.com\/pt\/cart\/?remove_item=3a066bda8c96b9478bb0512f0a43028c&#038;_wpnonce=e7c02d4b75\" class=\"remove\" aria-label=\"Remover o Emerald Oval Cut Ring Sterling Silver Real Emerald Engagement Ring do carrinho\" data-product_id=\"661\" data-product_sku=\"NER250206S04\" data-no-translation-aria-label=\"\">\u00d7<\/a>\t\t\t\t\t\t<\/td>\n\n\t\t\t\t\t\t<td class=\"product-thumbnail\">\n\t\t\t\t\t\t<a href=\"https:\/\/emeraldsring.com\/pt\/produto\/emerald-oval-cut-ring-sterling-silver-real-emerald-engagement-ring\/\"><img fetchpriority=\"high\" decoding=\"async\" width=\"300\" height=\"300\" src=\"https:\/\/emeraldsring.com\/wp-content\/uploads\/2025\/02\/Emerald-Oval-Cut-Ring-Sterling-Silver-Real-Emerald-Engagement-Ring-1-1-300x300.png\" class=\"attachment-woocommerce_thumbnail size-woocommerce_thumbnail\" alt=\"Emerald Oval Cut Ring Sterling Silver Real Emerald Engagement Ring\" srcset=\"https:\/\/emeraldsring.com\/wp-content\/uploads\/2025\/02\/Emerald-Oval-Cut-Ring-Sterling-Silver-Real-Emerald-Engagement-Ring-1-1-300x300.png 300w, https:\/\/emeraldsring.com\/wp-content\/uploads\/2025\/02\/Emerald-Oval-Cut-Ring-Sterling-Silver-Real-Emerald-Engagement-Ring-1-1-100x100.png 100w, https:\/\/emeraldsring.com\/wp-content\/uploads\/2025\/02\/Emerald-Oval-Cut-Ring-Sterling-Silver-Real-Emerald-Engagement-Ring-1-1-150x150.png 150w, https:\/\/emeraldsring.com\/wp-content\/uploads\/2025\/02\/Emerald-Oval-Cut-Ring-Sterling-Silver-Real-Emerald-Engagement-Ring-1-1-50x50.png 50w, https:\/\/emeraldsring.com\/wp-content\/uploads\/2025\/02\/Emerald-Oval-Cut-Ring-Sterling-Silver-Real-Emerald-Engagement-Ring-1-1.png 600w\" sizes=\"(max-width: 300px) 100vw, 300px\" \/><\/a>\t\t\t\t\t\t<\/td>\n\n\t\t\t\t\t\t<td scope=\"row\" role=\"rowheader\" class=\"product-name\" data-title=\"Produto\" data-no-translation-data-title=\"\">\n\t\t\t\t\t\t<a href=\"https:\/\/emeraldsring.com\/pt\/produto\/emerald-oval-cut-ring-sterling-silver-real-emerald-engagement-ring\/\">Anel de corte oval de esmeralda Anel de noivado de prata esterlina com esmeralda verdadeira<\/a>\t\t\t\t\t\t<\/td>\n\n\t\t\t\t\t\t<td class=\"product-price\" data-title=\"Pre\u00e7o\" data-no-translation-data-title=\"\">\n\t\t\t\t\t\t\t<span class=\"woocommerce-Price-amount amount\"><bdi><span class=\"woocommerce-Price-currencySymbol\">&#36;<\/span>459.00<\/bdi><\/span>\t\t\t\t\t\t<\/td>\n\n\t\t\t\t\t\t<td class=\"product-quantity\" data-title=\"Quantidade\" data-no-translation-data-title=\"\">\n\t\t\t\t\t\t<div class=\"quantity\">\n\t\t<label class=\"screen-reader-text\" for=\"quantity_69e140685192c\" data-no-translation=\"\" data-trp-gettext=\"\">Quantidade de Emerald Oval Cut Ring Sterling Silver Real Emerald Engagement Ring<\/label>\n\t<input\n\t\ttype=\"number\"\n\t\t\t\tid=\"quantity_69e140685192c\"\n\t\tclass=\"input-text qty text\"\n\t\tname=\"cart[3a066bda8c96b9478bb0512f0a43028c][qty]\"\n\t\tvalue=\"1\"\n\t\taria-label=\"Quantidade do produto\"\n\t\t\t\tmin=\"0\"\n\t\t\t\t\tmax=\"500\"\n\t\t\t\t\t\t\tstep=\"1\"\n\t\t\tplaceholder=\"\"\n\t\t\tinputmode=\"numeric\"\n\t\t\tautocomplete=\"off\" data-no-translation-aria-label=\"\"\n\t\t\t\/>\n\t<\/div>\n\t\t\t\t\t\t<\/td>\n\n\t\t\t\t\t\t<td class=\"product-subtotal\" data-title=\"Subtotal\" data-no-translation-data-title=\"\">\n\t\t\t\t\t\t\t<span class=\"woocommerce-Price-amount amount\"><bdi><span class=\"woocommerce-Price-currencySymbol\">&#36;<\/span>459.00<\/bdi><\/span>\t\t\t\t\t\t<\/td>\n\t\t\t\t\t<\/tr>\n\t\t\t\t\t\n\t\t\t\n\t\t\t<tr>\n\t\t\t\t<td colspan=\"6\" class=\"actions\">\n\n\t\t\t\t\t\n\t\t\t\t\t<button type=\"submit\" class=\"button\" name=\"update_cart\" value=\"Update Cart\" data-no-translation=\"\" data-trp-gettext=\"\" data-no-translation-value=\"\">Update Cart<\/button>\n\n\t\t\t\t\t\n\t\t\t\t\t<input type=\"hidden\" id=\"woocommerce-cart-nonce\" name=\"woocommerce-cart-nonce\" value=\"e7c02d4b75\" \/><input type=\"hidden\" name=\"_wp_http_referer\" value=\"\/pt\/wp-json\/wp\/v2\/pages\/7\" \/>\t\t\t\t<\/td>\n\t\t\t<\/tr>\n\n\t\t\t\t\t<\/tbody>\n\t<\/table>\n\t\t\t\t\t\t\t<\/div>\n\t\t\t\t\t<!--close shop table div -->\n\t\t\t\t\t<div class=\"e-clear\"><\/div>\n\t\t\t\t<div class=\"coupon e-cart-section shop_table\">\n\t\t\t<div class=\"form-row coupon-col\">\n\t\t\t\t<div class=\"coupon-col-start\">\n\t\t\t\t\t<input type=\"text\" name=\"coupon_code\" class=\"input-text\" id=\"coupon_code\" value=\"\" placeholder=\"C\u00f3digo de cupom\" \/>\n\t\t\t\t<\/div>\n\t\t\t\t<div class=\"coupon-col-end\">\n\t\t\t\t\t<button class=\"button e-apply-coupon\" name=\"apply_coupon\" type=\"submit\" value=\"Apply coupon\">Aplicar cupom<\/button>\n\t\t\t\t<\/div>\n\t\t\t\t\t\t\t<\/div>\n\t\t<\/div>\n\t\t<input type=\"hidden\" name=\"trp-form-language\" value=\"pt\"\/><\/form>\n\n\t\t\t\t\t\t<!--close column-1-->\n\t\t\t\t\t\t<\/div>\n\t\t\t\t\t\t<div class=\"e-cart__column e-cart__column-end\">\n\t\t\t\t\t\t\t<!--open column-2-->\n\t\t\t\t\t\t\t\t<div class=\"e-cart__column-inner e-sticky-right-column\">\n\t\t\t\t\t\t\t\t\t<!--open column-inner-->\n\t\t\t\t\t\t\t\t\t<div class=\"e-cart-totals e-cart-section\">\n\t\t\t\t\t\t\t\t\t\t<!--open cart-totals-->\n\t\t\n<div class=\"cart-collaterals\">\n\t<div class=\"cart_totals\">\n\n\t\n\t<h2 data-no-translation=\"\" data-trp-gettext=\"\">Cart Totals<\/h2>\n\n\t<table cellspacing=\"0\" class=\"shop_table shop_table_responsive\">\n\n\t\t<tr class=\"cart-subtotal\">\n\t\t\t<th data-no-translation=\"\" data-trp-gettext=\"\">Subtotal<\/th>\n\t\t\t<td data-title=\"Subtotal\" data-no-translation-data-title=\"\"><span class=\"woocommerce-Price-amount amount\"><bdi><span class=\"woocommerce-Price-currencySymbol\">&#36;<\/span>459.00<\/bdi><\/span><\/td>\n\t\t<\/tr>\n\n\t\t\n\t\t\n\t\t\t\n\t\t\t<tr class=\"woocommerce-shipping-totals shipping\">\n\t<th data-no-translation=\"\" data-trp-gettext=\"\">Remessa<\/th>\n\t<td data-title=\"Remessa\" data-no-translation-data-title=\"\">\n\t\t\t\t\t<ul id=\"shipping_method\" class=\"woocommerce-shipping-methods\">\n\t\t\t\t\t\t\t\t\t<li>\n\t\t\t\t\t\t<input type=\"hidden\" name=\"shipping_method[0]\" data-index=\"0\" id=\"shipping_method_0_free_shipping1\" value=\"free_shipping:1\" class=\"shipping_method\" \/><label for=\"shipping_method_0_free_shipping1\">Frete gr\u00e1tis<\/label>\t\t\t\t\t<\/li>\n\t\t\t\t\t\t\t<\/ul>\n\t\t\t\t\t\t\t<p class=\"woocommerce-shipping-destination\">\n\t\t\t\t\tFrete para <strong data-no-translation=\"\" data-trp-gettext=\"\">Guangdong \/ \u5e7f\u4e1c<\/strong>. \t\t\t\t<\/p>\n\t\t\t\t\t\t\n\t\t\n\t\t\t\t\t\t\t\t<\/td>\n<\/tr>\n\n\t\t\t\n\t\t\n\t\t\n\t\t\n\t\t\n\t\t<tr class=\"order-total\">\n\t\t\t<th data-no-translation=\"\" data-trp-gettext=\"\">Total<\/th>\n\t\t\t<td data-title=\"Total\" data-no-translation-data-title=\"\"><strong><span class=\"woocommerce-Price-amount amount\"><bdi><span class=\"woocommerce-Price-currencySymbol\">&#36;<\/span>459.00<\/bdi><\/span><\/strong> <\/td>\n\t\t<\/tr>\n\n\t\t\n\t<\/table>\n\n\t<div class=\"wc-proceed-to-checkout\">\n\t\t\n<a href=\"https:\/\/emeraldsring.com\/pt\/checkout\/\" class=\"checkout-button button alt wc-forward\">\n\tProceed to Checkout<\/a>\n\t<\/div>\n\n\t\n<\/div>\n<\/div>\n\n<\/div>\t\t\t\t\t\t\t\t\t<!--close cart-totals-->\n\t\t\t\t\t\t\t\t\t<\/div>\n\t\t\t\t\t\t\t\t\t<!--close column-inner-->\n\t\t\t\t\t\t\t\t<\/div>\n\t\t\t\t\t\t\t<!--close column-2-->\n\t\t\t\t\t\t<\/div>\n\t\t\t\t\t\t<!--close container-->\n\t\t\t\t\t<\/div>\n\t\t<\/div>\t\t\t\t<\/div>\n\t\t\t\t<\/div>\n\t\t\t\t\t<\/div>\n\t\t\t\t<\/div>\n\t\t\t\t<\/div>","protected":false},"excerpt":{"rendered":"<p>Seu carrinho est\u00e1 vazio no momento. Seu carrinho est\u00e1 vazio no momento. Antes de prosseguir para o checkout, \u00e9 necess\u00e1rio adicionar alguns produtos ao seu carrinho de compras. Voc\u00ea encontrar\u00e1 muitos produtos interessantes em nossa p\u00e1gina \"Shop\". Voltar para a loja<\/p>","protected":false},"author":1,"featured_media":0,"parent":0,"menu_order":0,"comment_status":"closed","ping_status":"closed","template":"","meta":{"_kad_post_transparent":"","_kad_post_title":"","_kad_post_layout":"","_kad_post_sidebar_id":"","_kad_post_content_style":"","_kad_post_vertical_padding":"","_kad_post_feature":"","_kad_post_feature_position":"","_kad_post_header":false,"_kad_post_footer":false,"footnotes":""},"class_list":["post-7","page","type-page","status-publish","hentry"],"aioseo_notices":[],"_links":{"self":[{"href":"https:\/\/emeraldsring.com\/pt\/wp-json\/wp\/v2\/pages\/7","targetHints":{"allow":["GET"]}}],"collection":[{"href":"https:\/\/emeraldsring.com\/pt\/wp-json\/wp\/v2\/pages"}],"about":[{"href":"https:\/\/emeraldsring.com\/pt\/wp-json\/wp\/v2\/types\/page"}],"author":[{"embeddable":true,"href":"https:\/\/emeraldsring.com\/pt\/wp-json\/wp\/v2\/users\/1"}],"replies":[{"embeddable":true,"href":"https:\/\/emeraldsring.com\/pt\/wp-json\/wp\/v2\/comments?post=7"}],"version-history":[{"count":12,"href":"https:\/\/emeraldsring.com\/pt\/wp-json\/wp\/v2\/pages\/7\/revisions"}],"predecessor-version":[{"id":1910,"href":"https:\/\/emeraldsring.com\/pt\/wp-json\/wp\/v2\/pages\/7\/revisions\/1910"}],"wp:attachment":[{"href":"https:\/\/emeraldsring.com\/pt\/wp-json\/wp\/v2\/media?parent=7"}],"curies":[{"name":"wp","href":"https:\/\/api.w.org\/{rel}","templated":true}]}}