{"id":1083,"date":"2025-02-11T19:20:23","date_gmt":"2025-02-11T14:20:23","guid":{"rendered":"https:\/\/emeraldsring.com\/?post_type=product&#038;p=1083"},"modified":"2025-04-28T19:58:29","modified_gmt":"2025-04-28T14:58:29","slug":"emerald-gold-ring-classic-solitaire-emerald-diamond-emerald-ring","status":"publish","type":"product","link":"https:\/\/emeraldsring.com\/pt\/produto\/emerald-gold-ring-classic-solitaire-emerald-diamond-emerald-ring\/","title":{"rendered":"Anel de ouro com esmeralda Anel de esmeralda com diamante cl\u00e1ssico"},"content":{"rendered":"<div data-elementor-type=\"product-post\" data-elementor-id=\"1083\" class=\"elementor elementor-1083\" data-elementor-post-type=\"product\">\n\t\t\t\t<div class=\"elementor-element elementor-element-9ebe1b4 e-flex e-con-boxed e-con e-parent\" data-id=\"9ebe1b4\" data-element_type=\"container\">\n\t\t\t\t\t<div class=\"e-con-inner\">\n\t\t\t\t<div class=\"elementor-element elementor-element-04325a2 elementor-widget elementor-widget-text-editor\" data-id=\"04325a2\" data-element_type=\"widget\" data-widget_type=\"text-editor.default\">\n\t\t\t\t<div class=\"elementor-widget-container\">\n\t\t\t\t\t\t\t\t\t<p data-start=\"934\" data-end=\"1315\"><em data-start=\"934\" data-end=\"945\">Vis\u00e3o geral:<\/em> Experimente o ep\u00edtome da sofistica\u00e7\u00e3o com nosso anel de ouro Classic Solitaire Emerald. Essa pe\u00e7a requintada apresenta uma esmeralda vibrante em seu centro, simbolizando renova\u00e7\u00e3o e prosperidade, complementada por diamantes deslumbrantes em ambos os lados. Especialmente trabalhado em ouro luxuoso, esse anel \u00e9 um testemunho da eleg\u00e2ncia atemporal e \u00e9 perfeito para marcar os momentos especiais da vida.<\/p><p data-start=\"1317\" data-end=\"1328\"><em data-start=\"1317\" data-end=\"1328\">Caracter\u00edsticas:<\/em><\/p><ul data-start=\"1329\" data-end=\"1685\"><li data-start=\"1329\" data-end=\"1423\"><strong data-start=\"1331\" data-end=\"1348\">Pedra central:<\/strong> Esmeralda natural de alta qualidade, conhecida por sua rica tonalidade verde e clareza.<\/li><li data-start=\"1424\" data-end=\"1508\"><strong data-start=\"1426\" data-end=\"1442\">Pedras Laterais:<\/strong> Diamantes de lapida\u00e7\u00e3o brilhante que real\u00e7am o fasc\u00ednio da esmeralda central.<\/li><li data-start=\"1509\" data-end=\"1594\"><strong data-start=\"1511\" data-end=\"1523\">Configura\u00e7\u00e3o:<\/strong> Faixa de ouro dur\u00e1vel e radiante, projetada para proporcionar beleza e longevidade.<\/li><li data-start=\"1595\" data-end=\"1685\"><strong data-start=\"1597\" data-end=\"1608\">Design:<\/strong> Estilo solit\u00e1rio cl\u00e1ssico com um toque moderno, adequado para v\u00e1rias ocasi\u00f5es.<\/li><\/ul><p data-start=\"1687\" data-end=\"1718\"><em data-start=\"1687\" data-end=\"1718\">Por que voc\u00ea deve comprar esse anel:<\/em><\/p><ul data-start=\"1719\" data-end=\"2142\"><li data-start=\"1719\" data-end=\"1813\"><strong data-start=\"1721\" data-end=\"1741\">Apelo atemporal:<\/strong> O design cl\u00e1ssico garante que o anel permane\u00e7a elegante por v\u00e1rias gera\u00e7\u00f5es.<\/li><li data-start=\"1814\" data-end=\"1935\"><strong data-start=\"1816\" data-end=\"1838\">Pedra preciosa simb\u00f3lica:<\/strong> As esmeraldas s\u00e3o tradicionalmente associadas ao amor e ao renascimento, o que torna esse anel um presente significativo.<\/li><li data-start=\"1936\" data-end=\"2035\"><strong data-start=\"1938\" data-end=\"1957\">Uso vers\u00e1til:<\/strong> Ideal para noivados, anivers\u00e1rios ou como uma pe\u00e7a de destaque para uso di\u00e1rio.<\/li><li data-start=\"2036\" data-end=\"2142\"><strong data-start=\"2038\" data-end=\"2068\">Artesanato excepcional:<\/strong> Meticulosamente elaborados para atender aos mais altos padr\u00f5es de qualidade e beleza.<\/li><\/ul><p data-start=\"2144\" data-end=\"2151\"><em data-start=\"2144\" data-end=\"2151\">Perguntas frequentes:<\/em><\/p><ol data-start=\"2153\" data-end=\"3003\"><li data-start=\"2153\" data-end=\"2305\"><p data-start=\"2156\" data-end=\"2198\"><strong data-start=\"2156\" data-end=\"2198\">A esmeralda \u00e9 natural ou criada em laborat\u00f3rio?<\/strong><\/p><ul data-start=\"2202\" data-end=\"2305\"><li data-start=\"2202\" data-end=\"2305\">A esmeralda desse anel \u00e9 uma pedra preciosa natural, cuidadosamente selecionada por sua cor vibrante e clareza.<\/li><\/ul><\/li><li data-start=\"2307\" data-end=\"2480\"><p data-start=\"2310\" data-end=\"2367\"><strong data-start=\"2310\" data-end=\"2367\">Qual \u00e9 o peso em quilates da esmeralda e dos diamantes?<\/strong><\/p><ul data-start=\"2371\" data-end=\"2480\"><li data-start=\"2371\" data-end=\"2480\">O peso em quilates varia; consulte as especifica\u00e7\u00f5es do produto ou entre em contato conosco para obter informa\u00e7\u00f5es detalhadas.<\/li><\/ul><\/li><li data-start=\"2482\" data-end=\"2634\"><p data-start=\"2485\" data-end=\"2513\"><strong data-start=\"2485\" data-end=\"2513\">O anel pode ser redimensionado?<\/strong><\/p><ul data-start=\"2517\" data-end=\"2634\"><li data-start=\"2517\" data-end=\"2634\">Sim, a pulseira de ouro pode ser redimensionada para garantir um ajuste perfeito. Entre em contato com nosso atendimento ao cliente para obter assist\u00eancia.<\/li><\/ul><\/li><li data-start=\"2636\" data-end=\"2833\"><p data-start=\"2639\" data-end=\"2675\"><strong data-start=\"2639\" data-end=\"2675\">Como devo cuidar desse anel?<\/strong><\/p><ul data-start=\"2679\" data-end=\"2833\"><li data-start=\"2679\" data-end=\"2833\">Para manter seu brilho, limpe o anel cuidadosamente com um pano macio e evite a exposi\u00e7\u00e3o a produtos qu\u00edmicos agressivos. Recomenda-se a limpeza profissional regular.<\/li><\/ul><\/li><li data-start=\"2835\" data-end=\"3003\"><p data-start=\"2838\" data-end=\"2889\"><strong data-start=\"2838\" data-end=\"2889\">A pulseira dourada est\u00e1 dispon\u00edvel em cores diferentes?<\/strong><\/p><ul data-start=\"2893\" data-end=\"3003\"><li data-start=\"2893\" data-end=\"3003\">Esse design est\u00e1 dispon\u00edvel nas op\u00e7\u00f5es amarelo, branco e ouro rosa. Escolha a que melhor se adapta ao seu estilo.<\/li><\/ul><\/li><\/ol>\t\t\t\t\t\t\t\t<\/div>\n\t\t\t\t<\/div>\n\t\t\t\t\t<\/div>\n\t\t\t\t<\/div>\n\t\t\t\t<\/div>","protected":false},"excerpt":{"rendered":"<p>DETALHES do produto:<br \/>\nMetal: Prata 925k<br \/>\nPedra preciosa: Esmeralda natural bruta<br \/>\nCor da gema: verde<br \/>\nCor da pulseira: ouro branco<br \/>\nTamanho do anel: Ajust\u00e1vel<br \/>\nDi\u00e2metro da pedra: 3\u00d74 mm<br \/>\nClaridade: Muito levemente incluso<br \/>\nForma: Marquise<br \/>\nCorte: Brilhante misto<\/p>\n<div id=\"gtx-trans\" style=\"position: absolute; left: -27px; top: 159px;\">\n<div class=\"gtx-trans-icon\"><\/div>\n<\/div>","protected":false},"featured_media":1357,"comment_status":"open","ping_status":"closed","template":"","meta":{"_kad_post_transparent":"","_kad_post_title":"","_kad_post_layout":"","_kad_post_sidebar_id":"","_kad_post_content_style":"","_kad_post_vertical_padding":"","_kad_post_feature":"","_kad_post_feature_position":"","_kad_post_header":false,"_kad_post_footer":false},"product_brand":[],"product_cat":[16,89,70,66,20,15,69],"product_tag":[],"class_list":{"0":"post-1083","1":"product","2":"type-product","3":"status-publish","4":"has-post-thumbnail","6":"product_cat-emerald-ring","7":"product_cat-engagement-and-wedding","8":"product_cat-halo-ring","9":"product_cat-natural-gemstones-ring","10":"product_cat-oval-ring","11":"product_cat-rings","12":"product_cat-solitaire","14":"first","15":"instock","16":"sale","17":"shipping-taxable","18":"purchasable","19":"product-type-simple","20":"entry","21":"content-bg","22":"loop-entry"},"aioseo_notices":[],"_links":{"self":[{"href":"https:\/\/emeraldsring.com\/pt\/wp-json\/wp\/v2\/product\/1083","targetHints":{"allow":["GET"]}}],"collection":[{"href":"https:\/\/emeraldsring.com\/pt\/wp-json\/wp\/v2\/product"}],"about":[{"href":"https:\/\/emeraldsring.com\/pt\/wp-json\/wp\/v2\/types\/product"}],"replies":[{"embeddable":true,"href":"https:\/\/emeraldsring.com\/pt\/wp-json\/wp\/v2\/comments?post=1083"}],"version-history":[{"count":10,"href":"https:\/\/emeraldsring.com\/pt\/wp-json\/wp\/v2\/product\/1083\/revisions"}],"predecessor-version":[{"id":1694,"href":"https:\/\/emeraldsring.com\/pt\/wp-json\/wp\/v2\/product\/1083\/revisions\/1694"}],"wp:featuredmedia":[{"embeddable":true,"href":"https:\/\/emeraldsring.com\/pt\/wp-json\/wp\/v2\/media\/1357"}],"wp:attachment":[{"href":"https:\/\/emeraldsring.com\/pt\/wp-json\/wp\/v2\/media?parent=1083"}],"wp:term":[{"taxonomy":"product_brand","embeddable":true,"href":"https:\/\/emeraldsring.com\/pt\/wp-json\/wp\/v2\/product_brand?post=1083"},{"taxonomy":"product_cat","embeddable":true,"href":"https:\/\/emeraldsring.com\/pt\/wp-json\/wp\/v2\/product_cat?post=1083"},{"taxonomy":"product_tag","embeddable":true,"href":"https:\/\/emeraldsring.com\/pt\/wp-json\/wp\/v2\/product_tag?post=1083"}],"curies":[{"name":"wp","href":"https:\/\/api.w.org\/{rel}","templated":true}]}}