{"id":1089,"date":"2025-02-11T19:46:23","date_gmt":"2025-02-11T14:46:23","guid":{"rendered":"http:\/\/emeraldsring.com\/?post_type=product&#038;p=1089"},"modified":"2025-04-28T19:58:28","modified_gmt":"2025-04-28T14:58:28","slug":"oval-cut-natural-emerald-diamond-ring-gold-emerald-ring-gift-for-her","status":"publish","type":"product","link":"https:\/\/emeraldsring.com\/pt\/produto\/oval-cut-natural-emerald-diamond-ring-gold-emerald-ring-gift-for-her\/","title":{"rendered":"Oval-Cut Natural Emerald &amp; Diamond Ring Gold Emerald Ring Presente para ela"},"content":{"rendered":"<div data-elementor-type=\"product-post\" data-elementor-id=\"1089\" class=\"elementor elementor-1089\" data-elementor-post-type=\"product\">\n\t\t\t\t<div class=\"elementor-element elementor-element-8e82c0a e-flex e-con-boxed e-con e-parent\" data-id=\"8e82c0a\" data-element_type=\"container\" data-e-type=\"container\">\n\t\t\t\t\t<div class=\"e-con-inner\">\n\t\t\t\t<div class=\"elementor-element elementor-element-9be4c56 elementor-widget elementor-widget-text-editor\" data-id=\"9be4c56\" data-element_type=\"widget\" data-e-type=\"widget\" data-widget_type=\"text-editor.default\">\n\t\t\t\t<div class=\"elementor-widget-container\">\n\t\t\t\t\t\t\t\t\t<p data-start=\"346\" data-end=\"761\"><em data-start=\"346\" data-end=\"357\">Vis\u00e3o geral:<\/em> Apresentamos nosso anel de diamante com esmeralda natural de corte oval, uma obra-prima que combina eleg\u00e2ncia atemporal com sofistica\u00e7\u00e3o moderna. Essa pe\u00e7a requintada exibe uma esmeralda natural de corte oval, famosa por sua tonalidade verde vibrante, complementada por diamantes brilhantes. Em uma luxuosa pulseira de ouro, esse anel foi projetado para causar uma impress\u00e3o duradoura, tornando-o um presente ideal para a mulher especial em sua vida.<\/p><p data-start=\"763\" data-end=\"774\"><em data-start=\"763\" data-end=\"774\">Caracter\u00edsticas:<\/em><\/p><ul data-start=\"775\" data-end=\"1157\"><li data-start=\"775\" data-end=\"851\"><strong data-start=\"777\" data-end=\"790\">Pedra preciosa:<\/strong> Esmeralda natural de corte oval, conhecida por sua rica cor verde.<\/li><li data-start=\"852\" data-end=\"931\"><strong data-start=\"854\" data-end=\"866\">Destaques:<\/strong> Diamantes brilhantes que real\u00e7am o brilho e a eleg\u00e2ncia do anel.<\/li><li data-start=\"932\" data-end=\"1016\"><strong data-start=\"934\" data-end=\"944\">Metal:<\/strong> Ouro de alta qualidade, que oferece durabilidade e uma apar\u00eancia luxuosa.<\/li><li data-start=\"1017\" data-end=\"1091\"><strong data-start=\"1019\" data-end=\"1030\">Design:<\/strong> Estilo cl\u00e1ssico e contempor\u00e2neo que se adapta a v\u00e1rias ocasi\u00f5es.<\/li><li data-start=\"1092\" data-end=\"1157\"><strong data-start=\"1094\" data-end=\"1104\">Tamanhos:<\/strong> Dispon\u00edvel em v\u00e1rios tamanhos para garantir um ajuste perfeito.<\/li><\/ul><p data-start=\"1159\" data-end=\"1190\"><em data-start=\"1159\" data-end=\"1190\">Por que voc\u00ea deve comprar esse anel:<\/em><\/p><ul data-start=\"1191\" data-end=\"1620\"><li data-start=\"1191\" data-end=\"1306\"><strong data-start=\"1193\" data-end=\"1213\">Beleza atemporal:<\/strong> A combina\u00e7\u00e3o de esmeralda e diamantes cria um visual cl\u00e1ssico que nunca sai de moda.<\/li><li data-start=\"1307\" data-end=\"1421\"><strong data-start=\"1309\" data-end=\"1333\">Acess\u00f3rio vers\u00e1til:<\/strong> Adequado para noivados, anivers\u00e1rios, anivers\u00e1rios ou como um presente especial para voc\u00ea mesmo.<\/li><li data-start=\"1422\" data-end=\"1517\"><strong data-start=\"1424\" data-end=\"1450\">Artesanato de qualidade:<\/strong> Meticulosamente trabalhado para garantir a longevidade e o brilho cont\u00ednuo.<\/li><li data-start=\"1518\" data-end=\"1620\"><strong data-start=\"1520\" data-end=\"1540\">Presente significativo:<\/strong> As esmeraldas simbolizam o amor e o renascimento, o que torna esse anel uma \u00f3tima op\u00e7\u00e3o de presente.<\/li><\/ul><p data-start=\"1622\" data-end=\"1629\"><em data-start=\"1622\" data-end=\"1629\">Perguntas frequentes:<\/em><\/p><ol data-start=\"1631\" data-end=\"2395\"><li data-start=\"1631\" data-end=\"1770\"><p data-start=\"1634\" data-end=\"1676\"><strong data-start=\"1634\" data-end=\"1676\">A esmeralda \u00e9 natural ou criada em laborat\u00f3rio?<\/strong><\/p><ul data-start=\"1680\" data-end=\"1770\"><li data-start=\"1680\" data-end=\"1770\">O anel apresenta uma esmeralda natural, famosa por sua beleza aut\u00eantica e cor rica.<\/li><\/ul><\/li><li data-start=\"1772\" data-end=\"1939\"><p data-start=\"1775\" data-end=\"1820\"><strong data-start=\"1775\" data-end=\"1820\">Qual \u00e9 a qualidade dos diamantes usados?<\/strong><\/p><ul data-start=\"1824\" data-end=\"1939\"><li data-start=\"1824\" data-end=\"1939\">Os diamantes s\u00e3o cuidadosamente selecionados por seu brilho e clareza, aprimorando a eleg\u00e2ncia geral do anel.<\/li><\/ul><\/li><li data-start=\"1941\" data-end=\"2110\"><p data-start=\"1944\" data-end=\"1980\"><strong data-start=\"1944\" data-end=\"1980\">Como devo cuidar desse anel?<\/strong><\/p><ul data-start=\"1984\" data-end=\"2110\"><li data-start=\"1984\" data-end=\"2110\">Para manter o brilho, limpe o anel cuidadosamente com um pano macio e evite a exposi\u00e7\u00e3o a produtos qu\u00edmicos agressivos ou materiais abrasivos.<\/li><\/ul><\/li><li data-start=\"2112\" data-end=\"2236\"><p data-start=\"2115\" data-end=\"2152\"><strong data-start=\"2115\" data-end=\"2152\">A pulseira de ouro \u00e9 s\u00f3lida ou banhada?<\/strong><\/p><ul data-start=\"2156\" data-end=\"2236\"><li data-start=\"2156\" data-end=\"2236\">O anel apresenta uma pulseira de ouro maci\u00e7o, garantindo durabilidade e um toque luxuoso.<\/li><\/ul><\/li><li data-start=\"2238\" data-end=\"2395\"><p data-start=\"2241\" data-end=\"2297\"><strong data-start=\"2241\" data-end=\"2297\">O anel vem com garantia ou pol\u00edtica de devolu\u00e7\u00e3o?<\/strong><\/p><ul data-start=\"2301\" data-end=\"2395\"><li data-start=\"2301\" data-end=\"2395\">Sim, oferecemos uma pol\u00edtica de devolu\u00e7\u00e3o de 90 dias para garantir sua total satisfa\u00e7\u00e3o com a compra.<\/li><\/ul><\/li><\/ol>\t\t\t\t\t\t\t\t<\/div>\n\t\t\t\t<\/div>\n\t\t\t\t\t<\/div>\n\t\t\t\t<\/div>\n\t\t\t\t<\/div>","protected":false},"excerpt":{"rendered":"<p>DETALHES do produto:<br \/>\nMetal: Prata 925k<br \/>\nPedra preciosa: Esmeralda natural bruta<br \/>\nCor da gema: verde<br \/>\nCor da pulseira: dourada<br \/>\nTamanho do anel: Ajust\u00e1vel<br \/>\nDi\u00e2metro do tamanho da pedra: 4\u00d75 mm<br \/>\nClaridade: Muito levemente incluso<br \/>\nForma: Oval<br \/>\nCorte: Brilhante misto<\/p>","protected":false},"featured_media":1358,"comment_status":"open","ping_status":"closed","template":"","meta":{"_kad_post_transparent":"","_kad_post_title":"","_kad_post_layout":"","_kad_post_sidebar_id":"","_kad_post_content_style":"","_kad_post_vertical_padding":"","_kad_post_feature":"","_kad_post_feature_position":"","_kad_post_header":false,"_kad_post_footer":false},"product_brand":[],"product_cat":[15,16,89,17,70,66,20,69],"product_tag":[30,18,19],"class_list":{"0":"post-1089","1":"product","2":"type-product","3":"status-publish","4":"has-post-thumbnail","6":"product_cat-rings","7":"product_cat-emerald-ring","8":"product_cat-engagement-and-wedding","9":"product_cat-engagement-ring","10":"product_cat-halo-ring","11":"product_cat-natural-gemstones-ring","12":"product_cat-oval-ring","13":"product_cat-solitaire","14":"product_tag-emerald-cut-engagement-rings","15":"product_tag-emerald-ring","16":"product_tag-oval-ring","18":"first","19":"instock","20":"shipping-taxable","21":"purchasable","22":"product-type-simple","23":"entry","24":"content-bg","25":"loop-entry"},"aioseo_notices":[],"_links":{"self":[{"href":"https:\/\/emeraldsring.com\/pt\/wp-json\/wp\/v2\/product\/1089","targetHints":{"allow":["GET"]}}],"collection":[{"href":"https:\/\/emeraldsring.com\/pt\/wp-json\/wp\/v2\/product"}],"about":[{"href":"https:\/\/emeraldsring.com\/pt\/wp-json\/wp\/v2\/types\/product"}],"replies":[{"embeddable":true,"href":"https:\/\/emeraldsring.com\/pt\/wp-json\/wp\/v2\/comments?post=1089"}],"version-history":[{"count":5,"href":"https:\/\/emeraldsring.com\/pt\/wp-json\/wp\/v2\/product\/1089\/revisions"}],"predecessor-version":[{"id":1695,"href":"https:\/\/emeraldsring.com\/pt\/wp-json\/wp\/v2\/product\/1089\/revisions\/1695"}],"wp:featuredmedia":[{"embeddable":true,"href":"https:\/\/emeraldsring.com\/pt\/wp-json\/wp\/v2\/media\/1358"}],"wp:attachment":[{"href":"https:\/\/emeraldsring.com\/pt\/wp-json\/wp\/v2\/media?parent=1089"}],"wp:term":[{"taxonomy":"product_brand","embeddable":true,"href":"https:\/\/emeraldsring.com\/pt\/wp-json\/wp\/v2\/product_brand?post=1089"},{"taxonomy":"product_cat","embeddable":true,"href":"https:\/\/emeraldsring.com\/pt\/wp-json\/wp\/v2\/product_cat?post=1089"},{"taxonomy":"product_tag","embeddable":true,"href":"https:\/\/emeraldsring.com\/pt\/wp-json\/wp\/v2\/product_tag?post=1089"}],"curies":[{"name":"wp","href":"https:\/\/api.w.org\/{rel}","templated":true}]}}