{"id":1109,"date":"2025-02-13T20:19:30","date_gmt":"2025-02-13T15:19:30","guid":{"rendered":"https:\/\/emeraldsring.com\/?post_type=product&#038;p=1109"},"modified":"2025-04-28T19:58:23","modified_gmt":"2025-04-28T14:58:23","slug":"gold-emerald-flower-ring-women-natural-emerald-wedding-ring","status":"publish","type":"product","link":"https:\/\/emeraldsring.com\/pt\/produto\/gold-emerald-flower-ring-women-natural-emerald-wedding-ring\/","title":{"rendered":"Anel de flor de esmeralda de ouro Anel de casamento de esmeralda natural para mulheres"},"content":{"rendered":"<div data-elementor-type=\"product-post\" data-elementor-id=\"1109\" class=\"elementor elementor-1109\" data-elementor-post-type=\"product\">\n\t\t\t\t<div class=\"elementor-element elementor-element-9a6865d e-flex e-con-boxed e-con e-parent\" data-id=\"9a6865d\" data-element_type=\"container\">\n\t\t\t\t\t<div class=\"e-con-inner\">\n\t\t\t\t<div class=\"elementor-element elementor-element-884fcf7 elementor-widget elementor-widget-text-editor\" data-id=\"884fcf7\" data-element_type=\"widget\" data-widget_type=\"text-editor.default\">\n\t\t\t\t<div class=\"elementor-widget-container\">\n\t\t\t\t\t\t\t\t\t<p data-start=\"377\" data-end=\"795\"><em data-start=\"377\" data-end=\"388\">Vis\u00e3o geral:<\/em> Apresentamos nosso anel de ouro Emerald Flower Ring, uma mistura harmoniosa de design inspirado na natureza e eleg\u00e2ncia atemporal. Essa pe\u00e7a requintada apresenta uma esmeralda natural de corte oval, famosa por sua tonalidade verde vibrante, incrustada em um motivo floral meticulosamente trabalhado. A pulseira de prata 925k banhada a ouro real\u00e7a o apelo luxuoso do anel, tornando-o a escolha ideal para casamentos, anivers\u00e1rios ou como um acess\u00f3rio de destaque.<\/p><p data-start=\"797\" data-end=\"808\"><em data-start=\"797\" data-end=\"808\">Caracter\u00edsticas:<\/em><\/p><ul data-start=\"809\" data-end=\"1295\"><li data-start=\"809\" data-end=\"876\"><strong data-start=\"811\" data-end=\"824\">Pedra preciosa:<\/strong> Esmeralda natural em estado bruto com uma cor verde cativante.<\/li><li data-start=\"877\" data-end=\"958\"><strong data-start=\"879\" data-end=\"894\">Tamanho da pedra:<\/strong> Corte oval de 4\u00d76 mm, oferecendo uma presen\u00e7a delicada, por\u00e9m atraente.<\/li><li data-start=\"959\" data-end=\"1049\"><strong data-start=\"961\" data-end=\"971\">Metal:<\/strong> Prata 925k com revestimento em ouro brilhante, combinando durabilidade e eleg\u00e2ncia.<\/li><li data-start=\"1050\" data-end=\"1119\"><strong data-start=\"1052\" data-end=\"1063\">Design:<\/strong> Motivo de inspira\u00e7\u00e3o floral que exala feminilidade e gra\u00e7a.<\/li><li data-start=\"1120\" data-end=\"1192\"><strong data-start=\"1122\" data-end=\"1142\">Faixa ajust\u00e1vel:<\/strong> Garante um ajuste confort\u00e1vel para v\u00e1rios tamanhos de an\u00e9is.<\/li><li data-start=\"1193\" data-end=\"1295\"><strong data-start=\"1195\" data-end=\"1207\">Clareza:<\/strong> Muito levemente incluso (VS), indicando inclus\u00f5es m\u00ednimas vis\u00edveis sob amplia\u00e7\u00e3o.<\/li><\/ul><p data-start=\"1297\" data-end=\"1328\"><em data-start=\"1297\" data-end=\"1328\">Por que voc\u00ea deve comprar esse anel:<\/em><\/p><ul data-start=\"1329\" data-end=\"1798\"><li data-start=\"1329\" data-end=\"1439\"><strong data-start=\"1331\" data-end=\"1360\">Eleg\u00e2ncia inspirada na natureza:<\/strong> O design floral simboliza o crescimento e a beleza, o que agrada aos amantes da natureza.<\/li><li data-start=\"1440\" data-end=\"1557\"><strong data-start=\"1442\" data-end=\"1466\">Acess\u00f3rio vers\u00e1til:<\/strong> Adequado para casamentos, noivados ou como uma adi\u00e7\u00e3o valiosa \u00e0 sua cole\u00e7\u00e3o de joias.<\/li><li data-start=\"1558\" data-end=\"1668\"><strong data-start=\"1560\" data-end=\"1586\">Artesanato de qualidade:<\/strong> Fabricado com materiais de alta qualidade para garantir a longevidade e o brilho cont\u00ednuo.<\/li><li data-start=\"1669\" data-end=\"1798\"><strong data-start=\"1671\" data-end=\"1690\">Ajuste ajust\u00e1vel:<\/strong> O design adapt\u00e1vel da pulseira oferece flexibilidade, o que a torna uma excelente op\u00e7\u00e3o de presente sem preocupa\u00e7\u00f5es com o tamanho.<\/li><\/ul><p data-start=\"1800\" data-end=\"1807\"><em data-start=\"1800\" data-end=\"1807\">Perguntas frequentes:<\/em><\/p><ol data-start=\"1809\" data-end=\"2669\"><li data-start=\"1809\" data-end=\"1952\"><p data-start=\"1812\" data-end=\"1854\"><strong data-start=\"1812\" data-end=\"1854\">A esmeralda \u00e9 natural ou criada em laborat\u00f3rio?<\/strong><\/p><ul data-start=\"1858\" data-end=\"1952\"><li data-start=\"1858\" data-end=\"1952\">O anel apresenta uma esmeralda natural em estado bruto, famosa por sua beleza aut\u00eantica e cor rica.<\/li><\/ul><\/li><li data-start=\"1954\" data-end=\"2095\"><p data-start=\"1957\" data-end=\"1991\"><strong data-start=\"1957\" data-end=\"1991\">O tamanho do anel pode ser ajustado?<\/strong><\/p><ul data-start=\"1995\" data-end=\"2095\"><li data-start=\"1995\" data-end=\"2095\">Sim, o anel foi projetado com uma faixa ajust\u00e1vel para acomodar confortavelmente v\u00e1rios tamanhos de dedos.<\/li><\/ul><\/li><li data-start=\"2097\" data-end=\"2266\"><p data-start=\"2100\" data-end=\"2136\"><strong data-start=\"2100\" data-end=\"2136\">Como devo cuidar desse anel?<\/strong><\/p><ul data-start=\"2140\" data-end=\"2266\"><li data-start=\"2140\" data-end=\"2266\">Para manter o brilho, limpe o anel cuidadosamente com um pano macio e evite a exposi\u00e7\u00e3o a produtos qu\u00edmicos agressivos ou materiais abrasivos.<\/li><\/ul><\/li><li data-start=\"2268\" data-end=\"2510\"><p data-start=\"2271\" data-end=\"2303\"><strong data-start=\"2271\" data-end=\"2303\">O revestimento de ouro \u00e9 dur\u00e1vel?<\/strong><\/p><ul data-start=\"2307\" data-end=\"2510\"><li data-start=\"2307\" data-end=\"2510\">O revestimento de ouro sobre a prata 925k foi projetado para ser dur\u00e1vel; entretanto, para preservar sua apar\u00eancia, \u00e9 aconselh\u00e1vel remover o anel durante atividades que possam causar arranh\u00f5es ou exposi\u00e7\u00e3o a produtos qu\u00edmicos.<\/li><\/ul><\/li><li data-start=\"2512\" data-end=\"2669\"><p data-start=\"2515\" data-end=\"2571\"><strong data-start=\"2515\" data-end=\"2571\">O anel vem com garantia ou pol\u00edtica de devolu\u00e7\u00e3o?<\/strong><\/p><ul data-start=\"2575\" data-end=\"2669\"><li data-start=\"2575\" data-end=\"2669\">Sim, oferecemos uma pol\u00edtica de devolu\u00e7\u00e3o de 90 dias para garantir sua total satisfa\u00e7\u00e3o com a compra.<\/li><\/ul><\/li><\/ol>\t\t\t\t\t\t\t\t<\/div>\n\t\t\t\t<\/div>\n\t\t\t\t\t<\/div>\n\t\t\t\t<\/div>\n\t\t\t\t<\/div>","protected":false},"excerpt":{"rendered":"<p>DETALHES do produto:<br \/>\nMetal: Prata 925k<br \/>\nPedra preciosa: Esmeralda natural bruta<br \/>\nCor da gema: verde<br \/>\nCor da pulseira: dourada<br \/>\nTamanho do anel: Ajust\u00e1vel<br \/>\nDi\u00e2metro da pedra: 4\u00d76 mm<br \/>\nClaridade: Muito levemente incluso<br \/>\nForma: Oval<br \/>\nCorte: Brilhante misto<\/p>\n<div id=\"gtx-trans\" style=\"position: absolute; left: 94px; top: 183px;\">\n<div class=\"gtx-trans-icon\"><\/div>\n<\/div>","protected":false},"featured_media":1386,"comment_status":"open","ping_status":"closed","template":"","meta":{"_kad_post_transparent":"","_kad_post_title":"","_kad_post_layout":"","_kad_post_sidebar_id":"","_kad_post_content_style":"","_kad_post_vertical_padding":"","_kad_post_feature":"","_kad_post_feature_position":"","_kad_post_header":false,"_kad_post_footer":false},"product_brand":[],"product_cat":[16,89,17,76,66,20,15],"product_tag":[30,18,31],"class_list":{"0":"post-1109","1":"product","2":"type-product","3":"status-publish","4":"has-post-thumbnail","6":"product_cat-emerald-ring","7":"product_cat-engagement-and-wedding","8":"product_cat-engagement-ring","9":"product_cat-floral","10":"product_cat-natural-gemstones-ring","11":"product_cat-oval-ring","12":"product_cat-rings","13":"product_tag-emerald-cut-engagement-rings","14":"product_tag-emerald-ring","15":"product_tag-engagement-ring","17":"first","18":"instock","19":"shipping-taxable","20":"purchasable","21":"product-type-simple","22":"entry","23":"content-bg","24":"loop-entry"},"aioseo_notices":[],"_links":{"self":[{"href":"https:\/\/emeraldsring.com\/pt\/wp-json\/wp\/v2\/product\/1109","targetHints":{"allow":["GET"]}}],"collection":[{"href":"https:\/\/emeraldsring.com\/pt\/wp-json\/wp\/v2\/product"}],"about":[{"href":"https:\/\/emeraldsring.com\/pt\/wp-json\/wp\/v2\/types\/product"}],"replies":[{"embeddable":true,"href":"https:\/\/emeraldsring.com\/pt\/wp-json\/wp\/v2\/comments?post=1109"}],"version-history":[{"count":7,"href":"https:\/\/emeraldsring.com\/pt\/wp-json\/wp\/v2\/product\/1109\/revisions"}],"predecessor-version":[{"id":1698,"href":"https:\/\/emeraldsring.com\/pt\/wp-json\/wp\/v2\/product\/1109\/revisions\/1698"}],"wp:featuredmedia":[{"embeddable":true,"href":"https:\/\/emeraldsring.com\/pt\/wp-json\/wp\/v2\/media\/1386"}],"wp:attachment":[{"href":"https:\/\/emeraldsring.com\/pt\/wp-json\/wp\/v2\/media?parent=1109"}],"wp:term":[{"taxonomy":"product_brand","embeddable":true,"href":"https:\/\/emeraldsring.com\/pt\/wp-json\/wp\/v2\/product_brand?post=1109"},{"taxonomy":"product_cat","embeddable":true,"href":"https:\/\/emeraldsring.com\/pt\/wp-json\/wp\/v2\/product_cat?post=1109"},{"taxonomy":"product_tag","embeddable":true,"href":"https:\/\/emeraldsring.com\/pt\/wp-json\/wp\/v2\/product_tag?post=1109"}],"curies":[{"name":"wp","href":"https:\/\/api.w.org\/{rel}","templated":true}]}}