{"id":1531,"date":"2025-02-25T19:56:25","date_gmt":"2025-02-25T14:56:25","guid":{"rendered":"https:\/\/emeraldsring.com\/?post_type=product&#038;p=1531"},"modified":"2025-04-28T19:58:19","modified_gmt":"2025-04-28T14:58:19","slug":"lab-emerald-and-diamond-engagement-ring-sterling-silver-gift-for-her","status":"publish","type":"product","link":"https:\/\/emeraldsring.com\/pt\/produto\/lab-emerald-and-diamond-engagement-ring-sterling-silver-gift-for-her\/","title":{"rendered":"Anel de noivado com esmeralda e diamante em prata esterlina Presente para ela"},"content":{"rendered":"<p data-start=\"437\" data-end=\"860\"><em data-start=\"437\" data-end=\"448\">Vis\u00e3o geral:<\/em> Apresentamos nosso anel de prata esterlina Lab-Created Emerald, uma mistura harmoniosa de eleg\u00e2ncia cl\u00e1ssica e design moderno. Essa pe\u00e7a requintada apresenta uma esmeralda vibrante criada em laborat\u00f3rio com corte esmeralda, cercada por um halo de diamantes cintilantes, tudo engastado em prata de lei de alta qualidade. Seja para marcar uma ocasi\u00e3o especial ou adicionar um toque de sofistica\u00e7\u00e3o ao uso di\u00e1rio, esse anel foi projetado para cativar e inspirar.<\/p>\n<p data-start=\"862\" data-end=\"873\"><em data-start=\"862\" data-end=\"873\">Caracter\u00edsticas:<\/em><\/p>\n<ul data-start=\"874\" data-end=\"1307\">\n<li data-start=\"874\" data-end=\"965\"><strong data-start=\"876\" data-end=\"889\">Pedra preciosa:<\/strong> Esmeralda lapidada em laborat\u00f3rio, conhecida por sua tonalidade verde v\u00edvida e clareza.<\/li>\n<li data-start=\"966\" data-end=\"1049\"><strong data-start=\"968\" data-end=\"980\">Destaques:<\/strong> Halo de diamantes cintilantes que real\u00e7am o brilho da pedra central.<\/li>\n<li data-start=\"1050\" data-end=\"1130\"><strong data-start=\"1052\" data-end=\"1062\">Metal:<\/strong> Prata esterlina premium, que oferece durabilidade e acabamento polido.<\/li>\n<li data-start=\"1131\" data-end=\"1226\"><strong data-start=\"1133\" data-end=\"1144\">Design:<\/strong> Configura\u00e7\u00e3o de solit\u00e1rio com halo de diamante, combinando os estilos cl\u00e1ssico e contempor\u00e2neo.<\/li>\n<li data-start=\"1227\" data-end=\"1307\"><strong data-start=\"1229\" data-end=\"1239\">Tamanhos:<\/strong> Dispon\u00edvel em v\u00e1rios tamanhos para garantir um ajuste confort\u00e1vel e perfeito.<\/li>\n<\/ul>\n<p data-start=\"1309\" data-end=\"1340\"><em data-start=\"1309\" data-end=\"1340\">Por que voc\u00ea deve comprar esse anel:<\/em><\/p>\n<ul data-start=\"1341\" data-end=\"1851\">\n<li data-start=\"1341\" data-end=\"1443\"><strong data-start=\"1343\" data-end=\"1365\">Eleg\u00e2ncia atemporal:<\/strong> O design cl\u00e1ssico do solit\u00e1rio com um toque moderno de halo garante um estilo duradouro.<\/li>\n<li data-start=\"1444\" data-end=\"1559\"><strong data-start=\"1446\" data-end=\"1468\">Fabricado de forma \u00e9tica:<\/strong> Apresenta uma esmeralda criada em laborat\u00f3rio, proporcionando uma escolha ecologicamente correta e socialmente respons\u00e1vel.<\/li>\n<li data-start=\"1560\" data-end=\"1663\"><strong data-start=\"1562\" data-end=\"1581\">Uso vers\u00e1til:<\/strong> Ideal para noivados, anivers\u00e1rios ou como uma pe\u00e7a de destaque para a eleg\u00e2ncia di\u00e1ria.<\/li>\n<li data-start=\"1664\" data-end=\"1758\"><strong data-start=\"1666\" data-end=\"1696\">Artesanato excepcional:<\/strong> Meticulosamente trabalhado para garantir beleza e durabilidade duradouras.<\/li>\n<li data-start=\"1759\" data-end=\"1851\"><strong data-start=\"1761\" data-end=\"1783\">Luxo acess\u00edvel:<\/strong> Oferece o fasc\u00ednio do design de alta qualidade sem o pre\u00e7o premium.<\/li>\n<\/ul>\n<p data-start=\"1853\" data-end=\"1860\"><em data-start=\"1853\" data-end=\"1860\">Perguntas frequentes:<\/em><\/p>\n<ol data-start=\"1862\" data-end=\"2708\">\n<li data-start=\"1862\" data-end=\"2062\">\n<p data-start=\"1865\" data-end=\"1907\"><strong data-start=\"1865\" data-end=\"1907\">A esmeralda \u00e9 natural ou criada em laborat\u00f3rio?<\/strong><\/p>\n<ul data-start=\"1911\" data-end=\"2062\">\n<li data-start=\"1911\" data-end=\"2062\">O anel apresenta uma esmeralda criada em laborat\u00f3rio, que oferece as mesmas caracter\u00edsticas visuais das esmeraldas naturais, mas com clareza aprimorada e origem \u00e9tica.<\/li>\n<\/ul>\n<\/li>\n<li data-start=\"2064\" data-end=\"2224\">\n<p data-start=\"2067\" data-end=\"2112\"><strong data-start=\"2067\" data-end=\"2112\">Qual \u00e9 a qualidade dos diamantes usados?<\/strong><\/p>\n<ul data-start=\"2116\" data-end=\"2224\">\n<li data-start=\"2116\" data-end=\"2224\">Os diamantes s\u00e3o selecionados por seu brilho e clareza, complementando lindamente a esmeralda central.<\/li>\n<\/ul>\n<\/li>\n<li data-start=\"2226\" data-end=\"2387\">\n<p data-start=\"2229\" data-end=\"2265\"><strong data-start=\"2229\" data-end=\"2265\">Como devo cuidar desse anel?<\/strong><\/p>\n<ul data-start=\"2269\" data-end=\"2387\">\n<li data-start=\"2269\" data-end=\"2387\">Para manter o brilho, limpe o anel com um pano macio e evite a exposi\u00e7\u00e3o a produtos qu\u00edmicos agressivos ou materiais abrasivos.<\/li>\n<\/ul>\n<\/li>\n<li data-start=\"2389\" data-end=\"2549\">\n<p data-start=\"2392\" data-end=\"2439\"><strong data-start=\"2392\" data-end=\"2439\">A prata esterlina tem tend\u00eancia a manchar?<\/strong><\/p>\n<ul data-start=\"2443\" data-end=\"2549\">\n<li data-start=\"2443\" data-end=\"2549\">A prata esterlina pode manchar com o tempo; a limpeza regular e o armazenamento adequado podem ajudar a manter seu brilho.<\/li>\n<\/ul>\n<\/li>\n<li data-start=\"2551\" data-end=\"2708\">\n<p data-start=\"2554\" data-end=\"2610\"><strong data-start=\"2554\" data-end=\"2610\">O anel vem com garantia ou pol\u00edtica de devolu\u00e7\u00e3o?<\/strong><\/p>\n<ul data-start=\"2614\" data-end=\"2708\">\n<li data-start=\"2614\" data-end=\"2708\">Sim, oferecemos uma pol\u00edtica de devolu\u00e7\u00e3o de 90 dias para garantir sua total satisfa\u00e7\u00e3o com a compra.<\/li>\n<\/ul>\n<\/li>\n<\/ol>","protected":false},"excerpt":{"rendered":"<p>DETALHES do produto:<br \/>\nMetal: Prata 925k<br \/>\nPedra preciosa: Cultivada em laborat\u00f3rio<br \/>\nCor da gema: verde<br \/>\nCor da pulseira: ouro branco<br \/>\nTamanho do anel: Ajust\u00e1vel<br \/>\nDi\u00e2metro do tamanho da pedra: 8*10 mm<br \/>\nForma: Princesa<\/p>","protected":false},"featured_media":1534,"comment_status":"open","ping_status":"closed","template":"","meta":{"_kad_post_transparent":"","_kad_post_title":"","_kad_post_layout":"","_kad_post_sidebar_id":"","_kad_post_content_style":"","_kad_post_vertical_padding":"","_kad_post_feature":"","_kad_post_feature_position":"","_kad_post_header":false,"_kad_post_footer":false},"product_brand":[],"product_cat":[15,16,89,17,72,70,67,56],"product_tag":[],"class_list":{"0":"post-1531","1":"product","2":"type-product","3":"status-publish","4":"has-post-thumbnail","6":"product_cat-rings","7":"product_cat-emerald-ring","8":"product_cat-engagement-and-wedding","9":"product_cat-engagement-ring","10":"product_cat-bezel","11":"product_cat-halo-ring","12":"product_cat-lab-grown-gemstones-ring","13":"product_cat-princess","15":"first","16":"instock","17":"shipping-taxable","18":"purchasable","19":"product-type-simple","20":"entry","21":"content-bg","22":"loop-entry"},"aioseo_notices":[],"_links":{"self":[{"href":"https:\/\/emeraldsring.com\/pt\/wp-json\/wp\/v2\/product\/1531","targetHints":{"allow":["GET"]}}],"collection":[{"href":"https:\/\/emeraldsring.com\/pt\/wp-json\/wp\/v2\/product"}],"about":[{"href":"https:\/\/emeraldsring.com\/pt\/wp-json\/wp\/v2\/types\/product"}],"replies":[{"embeddable":true,"href":"https:\/\/emeraldsring.com\/pt\/wp-json\/wp\/v2\/comments?post=1531"}],"version-history":[{"count":6,"href":"https:\/\/emeraldsring.com\/pt\/wp-json\/wp\/v2\/product\/1531\/revisions"}],"predecessor-version":[{"id":1713,"href":"https:\/\/emeraldsring.com\/pt\/wp-json\/wp\/v2\/product\/1531\/revisions\/1713"}],"wp:featuredmedia":[{"embeddable":true,"href":"https:\/\/emeraldsring.com\/pt\/wp-json\/wp\/v2\/media\/1534"}],"wp:attachment":[{"href":"https:\/\/emeraldsring.com\/pt\/wp-json\/wp\/v2\/media?parent=1531"}],"wp:term":[{"taxonomy":"product_brand","embeddable":true,"href":"https:\/\/emeraldsring.com\/pt\/wp-json\/wp\/v2\/product_brand?post=1531"},{"taxonomy":"product_cat","embeddable":true,"href":"https:\/\/emeraldsring.com\/pt\/wp-json\/wp\/v2\/product_cat?post=1531"},{"taxonomy":"product_tag","embeddable":true,"href":"https:\/\/emeraldsring.com\/pt\/wp-json\/wp\/v2\/product_tag?post=1531"}],"curies":[{"name":"wp","href":"https:\/\/api.w.org\/{rel}","templated":true}]}}