{"id":1545,"date":"2025-02-25T20:21:47","date_gmt":"2025-02-25T15:21:47","guid":{"rendered":"https:\/\/emeraldsring.com\/?post_type=product&#038;p=1545"},"modified":"2025-04-29T04:26:25","modified_gmt":"2025-04-28T23:26:25","slug":"women-lab-created-emerald-ring-engagement-rings","status":"publish","type":"product","link":"https:\/\/emeraldsring.com\/pt\/produto\/women-lab-created-emerald-ring-engagement-rings\/","title":{"rendered":"An\u00e9is de noivado femininos com esmeraldas criadas em laborat\u00f3rio"},"content":{"rendered":"<p data-start=\"350\" data-end=\"728\"><em data-start=\"350\" data-end=\"361\">Vis\u00e3o geral:<\/em> Comemore seu amor com nosso anel de noivado Lab-Created Oval-Cut Emerald, uma mistura harmoniosa de design cl\u00e1ssico e eleg\u00e2ncia moderna. Essa pe\u00e7a requintada exibe uma esmeralda verde v\u00edvida, cultivada em laborat\u00f3rio, meticulosamente engastada em prata esterlina 925 de alta qualidade. Sua pulseira ajust\u00e1vel garante um encaixe perfeito, o que o torna a escolha ideal para um pedido de casamento memor\u00e1vel ou um presente querido.<\/p>\n<p data-start=\"730\" data-end=\"741\"><em data-start=\"730\" data-end=\"741\">Caracter\u00edsticas:<\/em><\/p>\n<ul data-start=\"742\" data-end=\"1163\">\n<li data-start=\"742\" data-end=\"871\"><strong data-start=\"744\" data-end=\"757\">Pedra preciosa:<\/strong> Esmeralda de corte oval criada em laborat\u00f3rio, com aproximadamente 0,85 quilates, conhecida por sua rica tonalidade verde e excepcional transpar\u00eancia.<\/li>\n<li data-start=\"872\" data-end=\"986\"><strong data-start=\"874\" data-end=\"884\">Metal:<\/strong> Prata esterlina 925 dur\u00e1vel com um acabamento brilhante em ouro branco, oferecendo eleg\u00e2ncia e resist\u00eancia.<\/li>\n<li data-start=\"987\" data-end=\"1073\"><strong data-start=\"989\" data-end=\"1000\">Design:<\/strong> Configura\u00e7\u00e3o de solit\u00e1rio atemporal que destaca a beleza natural da esmeralda.<\/li>\n<li data-start=\"1074\" data-end=\"1163\"><strong data-start=\"1076\" data-end=\"1096\">Faixa ajust\u00e1vel:<\/strong> Garante um ajuste confort\u00e1vel e personaliz\u00e1vel para v\u00e1rios tamanhos de an\u00e9is.<\/li>\n<\/ul>\n<p data-start=\"1165\" data-end=\"1196\"><em data-start=\"1165\" data-end=\"1196\">Por que voc\u00ea deve comprar esse anel:<\/em><\/p>\n<ul data-start=\"1197\" data-end=\"1733\">\n<li data-start=\"1197\" data-end=\"1290\"><strong data-start=\"1199\" data-end=\"1221\">Eleg\u00e2ncia atemporal:<\/strong> O design cl\u00e1ssico garante um estilo duradouro adequado para qualquer ocasi\u00e3o.<\/li>\n<li data-start=\"1291\" data-end=\"1415\"><strong data-start=\"1293\" data-end=\"1324\">Pedra preciosa de origem \u00e9tica:<\/strong> Apresenta uma esmeralda criada em laborat\u00f3rio, proporcionando uma escolha ecologicamente correta e socialmente respons\u00e1vel.<\/li>\n<li data-start=\"1416\" data-end=\"1543\"><strong data-start=\"1418\" data-end=\"1436\">Ajuste vers\u00e1til:<\/strong> A pulseira ajust\u00e1vel oferece flexibilidade, o que a torna uma excelente op\u00e7\u00e3o para presentear sem preocupa\u00e7\u00f5es com o tamanho.<\/li>\n<li data-start=\"1544\" data-end=\"1640\"><strong data-start=\"1546\" data-end=\"1576\">Artesanato excepcional:<\/strong> Criado com precis\u00e3o para garantir beleza e durabilidade duradouras.<\/li>\n<li data-start=\"1641\" data-end=\"1733\"><strong data-start=\"1643\" data-end=\"1665\">Luxo acess\u00edvel:<\/strong> Oferece o fasc\u00ednio do design de alta qualidade sem o pre\u00e7o premium.<\/li>\n<\/ul>\n<p data-start=\"1735\" data-end=\"1742\"><em data-start=\"1735\" data-end=\"1742\">Perguntas frequentes:<\/em><\/p>\n<ol data-start=\"1744\" data-end=\"2591\">\n<li data-start=\"1744\" data-end=\"1944\">\n<p data-start=\"1747\" data-end=\"1789\"><strong data-start=\"1747\" data-end=\"1789\">A esmeralda \u00e9 natural ou criada em laborat\u00f3rio?<\/strong><\/p>\n<ul data-start=\"1793\" data-end=\"1944\">\n<li data-start=\"1793\" data-end=\"1944\">O anel apresenta uma esmeralda criada em laborat\u00f3rio, que oferece as mesmas caracter\u00edsticas visuais das esmeraldas naturais, mas com clareza aprimorada e origem \u00e9tica.<\/li>\n<\/ul>\n<\/li>\n<li data-start=\"1946\" data-end=\"2121\">\n<p data-start=\"1949\" data-end=\"1995\"><strong data-start=\"1949\" data-end=\"1995\">Qual \u00e9 a composi\u00e7\u00e3o met\u00e1lica do anel?<\/strong><\/p>\n<ul data-start=\"1999\" data-end=\"2121\">\n<li data-start=\"1999\" data-end=\"2121\">O anel \u00e9 feito de prata esterlina 925 com acabamento em ouro branco, combinando durabilidade com uma apar\u00eancia luxuosa.<\/li>\n<\/ul>\n<\/li>\n<li data-start=\"2123\" data-end=\"2269\">\n<p data-start=\"2126\" data-end=\"2160\"><strong data-start=\"2126\" data-end=\"2160\">Como fa\u00e7o para ajustar o tamanho do anel?<\/strong><\/p>\n<ul data-start=\"2164\" data-end=\"2269\">\n<li data-start=\"2164\" data-end=\"2269\">A faixa ajust\u00e1vel permite um ajuste personalizado; ajuste suavemente a faixa para obter o tamanho desejado.<\/li>\n<\/ul>\n<\/li>\n<li data-start=\"2271\" data-end=\"2432\">\n<p data-start=\"2274\" data-end=\"2310\"><strong data-start=\"2274\" data-end=\"2310\">Como devo cuidar desse anel?<\/strong><\/p>\n<ul data-start=\"2314\" data-end=\"2432\">\n<li data-start=\"2314\" data-end=\"2432\">Para manter o brilho, limpe o anel com um pano macio e evite a exposi\u00e7\u00e3o a produtos qu\u00edmicos agressivos ou materiais abrasivos.<\/li>\n<\/ul>\n<\/li>\n<li data-start=\"2434\" data-end=\"2591\">\n<p data-start=\"2437\" data-end=\"2493\"><strong data-start=\"2437\" data-end=\"2493\">O anel vem com garantia ou pol\u00edtica de devolu\u00e7\u00e3o?<\/strong><\/p>\n<ul data-start=\"2497\" data-end=\"2591\">\n<li data-start=\"2497\" data-end=\"2591\">Sim, oferecemos uma pol\u00edtica de devolu\u00e7\u00e3o de 90 dias para garantir sua total satisfa\u00e7\u00e3o com a compra.<\/li>\n<\/ul>\n<\/li>\n<\/ol>","protected":false},"excerpt":{"rendered":"<p>DETALHES do produto:<br \/>\nMetal: Prata 925k<br \/>\nPedra preciosa: Cultivada em laborat\u00f3rio<br \/>\nCor da gema: verde<br \/>\nCor da pulseira: ouro branco<br \/>\nTamanho do anel: Ajust\u00e1vel<br \/>\nDi\u00e2metro do tamanho da pedra: 0,85ct<br \/>\nForma: Oval<\/p>","protected":false},"featured_media":1549,"comment_status":"open","ping_status":"closed","template":"","meta":{"_kad_post_transparent":"","_kad_post_title":"","_kad_post_layout":"","_kad_post_sidebar_id":"","_kad_post_content_style":"","_kad_post_vertical_padding":"","_kad_post_feature":"","_kad_post_feature_position":"","_kad_post_header":false,"_kad_post_footer":false},"product_brand":[],"product_cat":[16,67,20,15],"product_tag":[30,18,31],"class_list":{"0":"post-1545","1":"product","2":"type-product","3":"status-publish","4":"has-post-thumbnail","6":"product_cat-emerald-ring","7":"product_cat-lab-grown-gemstones-ring","8":"product_cat-oval-ring","9":"product_cat-rings","10":"product_tag-emerald-cut-engagement-rings","11":"product_tag-emerald-ring","12":"product_tag-engagement-ring","14":"first","15":"instock","16":"shipping-taxable","17":"purchasable","18":"product-type-simple","19":"entry","20":"content-bg","21":"loop-entry"},"aioseo_notices":[],"_links":{"self":[{"href":"https:\/\/emeraldsring.com\/pt\/wp-json\/wp\/v2\/product\/1545","targetHints":{"allow":["GET"]}}],"collection":[{"href":"https:\/\/emeraldsring.com\/pt\/wp-json\/wp\/v2\/product"}],"about":[{"href":"https:\/\/emeraldsring.com\/pt\/wp-json\/wp\/v2\/types\/product"}],"replies":[{"embeddable":true,"href":"https:\/\/emeraldsring.com\/pt\/wp-json\/wp\/v2\/comments?post=1545"}],"version-history":[{"count":7,"href":"https:\/\/emeraldsring.com\/pt\/wp-json\/wp\/v2\/product\/1545\/revisions"}],"predecessor-version":[{"id":1714,"href":"https:\/\/emeraldsring.com\/pt\/wp-json\/wp\/v2\/product\/1545\/revisions\/1714"}],"wp:featuredmedia":[{"embeddable":true,"href":"https:\/\/emeraldsring.com\/pt\/wp-json\/wp\/v2\/media\/1549"}],"wp:attachment":[{"href":"https:\/\/emeraldsring.com\/pt\/wp-json\/wp\/v2\/media?parent=1545"}],"wp:term":[{"taxonomy":"product_brand","embeddable":true,"href":"https:\/\/emeraldsring.com\/pt\/wp-json\/wp\/v2\/product_brand?post=1545"},{"taxonomy":"product_cat","embeddable":true,"href":"https:\/\/emeraldsring.com\/pt\/wp-json\/wp\/v2\/product_cat?post=1545"},{"taxonomy":"product_tag","embeddable":true,"href":"https:\/\/emeraldsring.com\/pt\/wp-json\/wp\/v2\/product_tag?post=1545"}],"curies":[{"name":"wp","href":"https:\/\/api.w.org\/{rel}","templated":true}]}}