{"id":23,"date":"2025-02-04T10:02:28","date_gmt":"2025-02-04T10:02:28","guid":{"rendered":"https:\/\/emeraldsring.com\/?post_type=product&#038;p=23"},"modified":"2025-03-03T11:32:03","modified_gmt":"2025-03-03T06:32:03","slug":"exquisite-925-sterling-silver-emerald-ring","status":"publish","type":"product","link":"https:\/\/emeraldsring.com\/pt\/produto\/exquisite-925-sterling-silver-emerald-ring\/","title":{"rendered":"Requintado anel de diamante com lapida\u00e7\u00e3o esmeralda em prata esterlina 925"},"content":{"rendered":"<div data-elementor-type=\"wp-post\" data-elementor-id=\"23\" class=\"elementor elementor-23\" data-elementor-post-type=\"product\">\n\t\t\t\t<div class=\"elementor-element elementor-element-1fea1d20 e-flex e-con-boxed e-con e-parent\" data-id=\"1fea1d20\" data-element_type=\"container\">\n\t\t\t\t\t<div class=\"e-con-inner\">\n\t\t\t\t<div class=\"elementor-element elementor-element-45626949 elementor-widget elementor-widget-text-editor\" data-id=\"45626949\" data-element_type=\"widget\" data-widget_type=\"text-editor.default\">\n\t\t\t\t<div class=\"elementor-widget-container\">\n\t\t\t\t\t\t\t\t\t<p data-start=\"366\" data-end=\"777\">Experimente a combina\u00e7\u00e3o perfeita de sofistica\u00e7\u00e3o e luxo com nosso anel Emerald em prata esterlina 925. Com uma esmeralda brilhante em formato oval no centro, cercada por um halo de diamantes deslumbrantes, esse anel foi projetado para cativar. Seu design atemporal e o trabalho artesanal de alta qualidade fazem dele a escolha ideal para noivados, casamentos ou como um presente especial para algu\u00e9m realmente especial.<\/p><p data-start=\"779\" data-end=\"1054\">A esmeralda verde e rica simboliza o amor e a renova\u00e7\u00e3o, enquanto os diamantes radiantes d\u00e3o um toque extra de brilho \u00e0 pe\u00e7a. Fabricado com prata esterlina 925 de primeira qualidade, esse anel promete durabilidade e beleza duradoura, tornando-o uma adi\u00e7\u00e3o atemporal a qualquer cole\u00e7\u00e3o de joias.<\/p><p data-start=\"1056\" data-end=\"1073\"><strong data-start=\"1056\" data-end=\"1073\">Principais recursos:<\/strong><\/p><ul data-start=\"1074\" data-end=\"1357\"><li data-start=\"1074\" data-end=\"1116\">Configura\u00e7\u00e3o de prata esterlina 925 de alta qualidade<\/li><li data-start=\"1117\" data-end=\"1177\">Pedra central oval de esmeralda cercada por diamantes brilhantes<\/li><li data-start=\"1178\" data-end=\"1252\">Design atemporal perfeito para casamentos, noivados e ocasi\u00f5es especiais<\/li><li data-start=\"1253\" data-end=\"1300\">Dispon\u00edvel em v\u00e1rios tamanhos para um ajuste perfeito<\/li><li data-start=\"1301\" data-end=\"1357\">Pe\u00e7a elegante e luxuosa que complementa qualquer estilo<\/li><\/ul><p data-start=\"1359\" data-end=\"1521\" data-is-last-node=\"\">Eleve sua cole\u00e7\u00e3o de joias com esse luxuoso anel de esmeralda e d\u00ea um toque de glamour a todas as ocasi\u00f5es. Compre agora e torne essa pe\u00e7a requintada sua hoje mesmo!<\/p>\t\t\t\t\t\t\t\t<\/div>\n\t\t\t\t<\/div>\n\t\t\t\t\t<\/div>\n\t\t\t\t<\/div>\n\t\t\t\t<\/div>","protected":false},"excerpt":{"rendered":"<p><strong>Por que escolher esse anel de esmeralda?<\/strong><\/p>\n<ol>\n<li><strong>Eleg\u00e2ncia atemporal:<\/strong> A pedra preciosa esmeralda de corte radiante exala luxo e classe, o que a torna um complemento de destaque para qualquer roupa.<\/li>\n<li><strong>Artesanato requintado:<\/strong> Cada detalhe \u00e9 meticulosamente trabalhado, desde os detalhes em diamante de alto carbono at\u00e9 a pulseira de prata esterlina polida.<\/li>\n<li><strong>Presente perfeito:<\/strong> Um presente atencioso e impressionante para pessoas queridas em ocasi\u00f5es especiais, como anivers\u00e1rios, noivados, datas comemorativas ou feriados.<\/li>\n<li><strong>Luxo acess\u00edvel:<\/strong> Aproveite a apar\u00eancia de joias de alta qualidade sem gastar muito.<\/li>\n<\/ol>","protected":false},"featured_media":59,"comment_status":"open","ping_status":"closed","template":"","meta":{"_kad_post_transparent":"","_kad_post_title":"","_kad_post_layout":"","_kad_post_sidebar_id":"","_kad_post_content_style":"","_kad_post_vertical_padding":"","_kad_post_feature":"","_kad_post_feature_position":"","_kad_post_header":false,"_kad_post_footer":false},"product_brand":[],"product_cat":[78,16,89,17,67,20,15,71],"product_tag":[18],"class_list":{"0":"post-23","1":"product","2":"type-product","3":"status-publish","4":"has-post-thumbnail","6":"product_cat-celtic","7":"product_cat-emerald-ring","8":"product_cat-engagement-and-wedding","9":"product_cat-engagement-ring","10":"product_cat-lab-grown-gemstones-ring","11":"product_cat-oval-ring","12":"product_cat-rings","13":"product_cat-three-stone","14":"product_tag-emerald-ring","16":"first","17":"instock","18":"shipping-taxable","19":"purchasable","20":"product-type-variable","21":"has-default-attributes","22":"entry","23":"content-bg","24":"loop-entry"},"aioseo_notices":[],"_links":{"self":[{"href":"https:\/\/emeraldsring.com\/pt\/wp-json\/wp\/v2\/product\/23","targetHints":{"allow":["GET"]}}],"collection":[{"href":"https:\/\/emeraldsring.com\/pt\/wp-json\/wp\/v2\/product"}],"about":[{"href":"https:\/\/emeraldsring.com\/pt\/wp-json\/wp\/v2\/types\/product"}],"replies":[{"embeddable":true,"href":"https:\/\/emeraldsring.com\/pt\/wp-json\/wp\/v2\/comments?post=23"}],"version-history":[{"count":6,"href":"https:\/\/emeraldsring.com\/pt\/wp-json\/wp\/v2\/product\/23\/revisions"}],"predecessor-version":[{"id":1446,"href":"https:\/\/emeraldsring.com\/pt\/wp-json\/wp\/v2\/product\/23\/revisions\/1446"}],"wp:featuredmedia":[{"embeddable":true,"href":"https:\/\/emeraldsring.com\/pt\/wp-json\/wp\/v2\/media\/59"}],"wp:attachment":[{"href":"https:\/\/emeraldsring.com\/pt\/wp-json\/wp\/v2\/media?parent=23"}],"wp:term":[{"taxonomy":"product_brand","embeddable":true,"href":"https:\/\/emeraldsring.com\/pt\/wp-json\/wp\/v2\/product_brand?post=23"},{"taxonomy":"product_cat","embeddable":true,"href":"https:\/\/emeraldsring.com\/pt\/wp-json\/wp\/v2\/product_cat?post=23"},{"taxonomy":"product_tag","embeddable":true,"href":"https:\/\/emeraldsring.com\/pt\/wp-json\/wp\/v2\/product_tag?post=23"}],"curies":[{"name":"wp","href":"https:\/\/api.w.org\/{rel}","templated":true}]}}