{"id":24,"date":"2025-02-04T10:02:28","date_gmt":"2025-02-04T10:02:28","guid":{"rendered":"https:\/\/emeraldsring.com\/?post_type=product&#038;p=24"},"modified":"2025-03-03T11:31:39","modified_gmt":"2025-03-03T06:31:39","slug":"elegant-925-sterling-silver-eternity-band","status":"publish","type":"product","link":"https:\/\/emeraldsring.com\/pt\/produto\/elegant-925-sterling-silver-eternity-band\/","title":{"rendered":"Elegant 925 Sterling Silver Eternity Band Gemstone Ring (anel de pedra preciosa)"},"content":{"rendered":"<div data-elementor-type=\"wp-post\" data-elementor-id=\"24\" class=\"elementor elementor-24\" data-elementor-post-type=\"product\">\n\t\t\t\t<div class=\"elementor-element elementor-element-3ddd48dc e-flex e-con-boxed e-con e-parent\" data-id=\"3ddd48dc\" data-element_type=\"container\">\n\t\t\t\t\t<div class=\"e-con-inner\">\n\t\t\t\t<div class=\"elementor-element elementor-element-6435727 elementor-widget elementor-widget-text-editor\" data-id=\"6435727\" data-element_type=\"widget\" data-widget_type=\"text-editor.default\">\n\t\t\t\t<div class=\"elementor-widget-container\">\n\t\t\t\t\t\t\t\t\t<p data-start=\"383\" data-end=\"788\">Delicie-se com a beleza atemporal do nosso anel de diamante Princess Cut em prata esterlina 925. Esse luxuoso anel \u00e9 meticulosamente trabalhado com tecnologia de micro-pavimenta\u00e7\u00e3o, apresentando uma impressionante variedade de pedras cintilantes de lapida\u00e7\u00e3o princesa em varia\u00e7\u00f5es de esmeralda, safira ou diamante. O design impec\u00e1vel garante que o anel brilhe de todos os \u00e2ngulos, criando um visual sofisticado para qualquer ocasi\u00e3o.<\/p><p data-start=\"790\" data-end=\"1064\">Quer esteja comemorando um momento especial ou adicionando um toque de glamour ao seu estilo cotidiano, esse anel \u00e9 a escolha perfeita. Sua constru\u00e7\u00e3o em prata esterlina de alta qualidade proporciona durabilidade, enquanto as pedras brilhantes o tornam uma pe\u00e7a de destaque em qualquer cole\u00e7\u00e3o de joias.<\/p><p data-start=\"1066\" data-end=\"1083\"><strong data-start=\"1066\" data-end=\"1083\">Principais recursos:<\/strong><\/p><ul data-start=\"1084\" data-end=\"1382\"><li data-start=\"1084\" data-end=\"1123\">Fabricado em prata esterlina 925 de primeira qualidade<\/li><li data-start=\"1124\" data-end=\"1200\">Design de micro-pavimenta\u00e7\u00e3o com pedras de esmeralda, safira ou diamante de corte princesa<\/li><li data-start=\"1201\" data-end=\"1259\">Dispon\u00edvel em v\u00e1rias cores e tamanhos para um ajuste perfeito<\/li><li data-start=\"1260\" data-end=\"1322\">Design elegante e vers\u00e1til para ocasi\u00f5es formais e casuais<\/li><li data-start=\"1323\" data-end=\"1382\">Uma pe\u00e7a luxuosa que complementa qualquer cole\u00e7\u00e3o de joias<\/li><\/ul><p data-start=\"1384\" data-end=\"1575\" data-is-last-node=\"\">Acrescente esse impressionante anel de diamante com corte princesa \u00e0 sua cole\u00e7\u00e3o hoje mesmo e experimente o brilho e a sofistica\u00e7\u00e3o que ele proporciona. Perfeito para presentear ou presentear a si mesmo com algo especial!<\/p>\t\t\t\t\t\t\t\t<\/div>\n\t\t\t\t<\/div>\n\t\t\t\t\t<\/div>\n\t\t\t\t<\/div>\n\t\t\t\t<\/div>","protected":false},"excerpt":{"rendered":"<p><strong>Por que escolher essa pulseira de eternidade?<\/strong><\/p>\n<ol>\n<li><strong>Design sofisticado:<\/strong> A intrincada combina\u00e7\u00e3o de pedras preciosas de corte princesa e zirc\u00f4nias pavimentadas cria um efeito visual impressionante.<\/li>\n<li><strong>Artesanato de alta qualidade:<\/strong> Criado por especialistas com aten\u00e7\u00e3o aos detalhes, garantindo um acabamento polido e dur\u00e1vel.<\/li>\n<li><strong>Perfeito para presentear:<\/strong> Um presente atencioso para anivers\u00e1rios, casamentos, anivers\u00e1rios ou outras comemora\u00e7\u00f5es.<\/li>\n<li><strong>Apelo atemporal:<\/strong> Esse anel vers\u00e1til pode complementar trajes casuais e formais, o que o torna um item b\u00e1sico em qualquer cole\u00e7\u00e3o de joias.<\/li>\n<\/ol>","protected":false},"featured_media":66,"comment_status":"open","ping_status":"closed","template":"","meta":{"_kad_post_transparent":"","_kad_post_title":"","_kad_post_layout":"","_kad_post_sidebar_id":"","_kad_post_content_style":"","_kad_post_vertical_padding":"","_kad_post_feature":"","_kad_post_feature_position":"","_kad_post_header":false,"_kad_post_footer":false},"product_brand":[],"product_cat":[16,17,21,67,15],"product_tag":[18,22],"class_list":{"0":"post-24","1":"product","2":"type-product","3":"status-publish","4":"has-post-thumbnail","6":"product_cat-emerald-ring","7":"product_cat-engagement-ring","8":"product_cat-eternity-band","9":"product_cat-lab-grown-gemstones-ring","10":"product_cat-rings","11":"product_tag-emerald-ring","12":"product_tag-eternity-band","14":"first","15":"instock","16":"featured","17":"shipping-taxable","18":"purchasable","19":"product-type-variable","20":"entry","21":"content-bg","22":"loop-entry"},"aioseo_notices":[],"_links":{"self":[{"href":"https:\/\/emeraldsring.com\/pt\/wp-json\/wp\/v2\/product\/24","targetHints":{"allow":["GET"]}}],"collection":[{"href":"https:\/\/emeraldsring.com\/pt\/wp-json\/wp\/v2\/product"}],"about":[{"href":"https:\/\/emeraldsring.com\/pt\/wp-json\/wp\/v2\/types\/product"}],"replies":[{"embeddable":true,"href":"https:\/\/emeraldsring.com\/pt\/wp-json\/wp\/v2\/comments?post=24"}],"version-history":[{"count":6,"href":"https:\/\/emeraldsring.com\/pt\/wp-json\/wp\/v2\/product\/24\/revisions"}],"predecessor-version":[{"id":1448,"href":"https:\/\/emeraldsring.com\/pt\/wp-json\/wp\/v2\/product\/24\/revisions\/1448"}],"wp:featuredmedia":[{"embeddable":true,"href":"https:\/\/emeraldsring.com\/pt\/wp-json\/wp\/v2\/media\/66"}],"wp:attachment":[{"href":"https:\/\/emeraldsring.com\/pt\/wp-json\/wp\/v2\/media?parent=24"}],"wp:term":[{"taxonomy":"product_brand","embeddable":true,"href":"https:\/\/emeraldsring.com\/pt\/wp-json\/wp\/v2\/product_brand?post=24"},{"taxonomy":"product_cat","embeddable":true,"href":"https:\/\/emeraldsring.com\/pt\/wp-json\/wp\/v2\/product_cat?post=24"},{"taxonomy":"product_tag","embeddable":true,"href":"https:\/\/emeraldsring.com\/pt\/wp-json\/wp\/v2\/product_tag?post=24"}],"curies":[{"name":"wp","href":"https:\/\/api.w.org\/{rel}","templated":true}]}}