{"id":25,"date":"2025-02-04T10:02:28","date_gmt":"2025-02-04T10:02:28","guid":{"rendered":"https:\/\/emeraldsring.com\/?post_type=product&#038;p=25"},"modified":"2025-04-28T20:00:05","modified_gmt":"2025-04-28T15:00:05","slug":"elegant-925-sterling-silver-emerald-ring-with-rectangular-gemstones","status":"publish","type":"product","link":"https:\/\/emeraldsring.com\/pt\/produto\/elegant-925-sterling-silver-emerald-ring-with-rectangular-gemstones\/","title":{"rendered":"Anel elegante de prata esterlina 925 com corte esmeralda para mulheres"},"content":{"rendered":"<div data-elementor-type=\"wp-post\" data-elementor-id=\"25\" class=\"elementor elementor-25\" data-elementor-post-type=\"product\">\n\t\t\t\t<div class=\"elementor-element elementor-element-eb15cbd e-flex e-con-boxed e-con e-parent\" data-id=\"eb15cbd\" data-element_type=\"container\">\n\t\t\t\t\t<div class=\"e-con-inner\">\n\t\t<div class=\"elementor-element elementor-element-9e33e87 e-con-full e-flex e-con e-child\" data-id=\"9e33e87\" data-element_type=\"container\">\n\t\t\t\t<div class=\"elementor-element elementor-element-fe10d8d elementor-widget elementor-widget-video\" data-id=\"fe10d8d\" data-element_type=\"widget\" data-settings=\"{&quot;youtube_url&quot;:&quot;https:\\\/\\\/youtube.com\\\/watch?v=fWTWuT4TrT8&quot;,&quot;loop&quot;:&quot;yes&quot;,&quot;video_type&quot;:&quot;youtube&quot;,&quot;controls&quot;:&quot;yes&quot;}\" data-widget_type=\"video.default\">\n\t\t\t\t<div class=\"elementor-widget-container\">\n\t\t\t\t\t\t\t<div class=\"elementor-wrapper elementor-open-inline\">\n\t\t\t<div class=\"elementor-video\"><\/div>\t\t<\/div>\n\t\t\t\t\t\t<\/div>\n\t\t\t\t<\/div>\n\t\t\t\t<\/div>\n\t\t\t\t<div class=\"elementor-element elementor-element-36857b8a elementor-widget elementor-widget-text-editor\" data-id=\"36857b8a\" data-element_type=\"widget\" data-widget_type=\"text-editor.default\">\n\t\t\t\t<div class=\"elementor-widget-container\">\n\t\t\t\t\t\t\t\t\t<p><strong>Vis\u00e3o geral:<\/strong><br \/>Isso <strong>Anel de esmeralda em prata esterlina 925<\/strong> \u00e9 uma pe\u00e7a de joalheria impressionante que exala sofistica\u00e7\u00e3o atemporal e um toque moderno. Com pedras de esmeralda simuladas retangulares em um design chique de pulseira eterna, esse anel \u00e9 perfeito para fazer uma declara\u00e7\u00e3o ousada e, ao mesmo tempo, manter um toque elegante.<\/p><p><strong>Caracter\u00edsticas:<\/strong><\/p><ul><li><strong>Material de qualidade superior:<\/strong> Fabricado em prata esterlina 925 de alta qualidade, oferecendo durabilidade, brilho e propriedades hipoalerg\u00eanicas.<\/li><li><strong>Pedras preciosas de esmeralda simulada:<\/strong> Esmeraldas de corte retangular, meticulosamente dispostas em uma faixa cont\u00ednua, proporcionam um visual luxuoso e vibrante.<\/li><li><strong>Design elegante:<\/strong> O design elegante e moderno o torna um acess\u00f3rio vers\u00e1til para eventos formais, passeios casuais ou eleg\u00e2ncia no local de trabalho.<\/li><li><strong>Criado para o conforto:<\/strong> A faixa interna lisa garante um uso confort\u00e1vel durante todo o dia.<\/li><li><strong>Ideal para presentear:<\/strong> Um presente atencioso para anivers\u00e1rios, datas comemorativas ou feriados.<\/li><\/ul><p><strong>Por que escolher esse anel de esmeralda?<\/strong><\/p><ol><li><strong>Apelo visual impressionante:<\/strong> Tons vibrantes de esmeralda e um design exclusivo de corte retangular fazem dele uma pe\u00e7a de destaque.<\/li><li><strong>Versatilidade inigual\u00e1vel:<\/strong> Perfeito para real\u00e7ar qualquer roupa, desde vestidos de noite elegantes at\u00e9 roupas de escrit\u00f3rio chiques.<\/li><li><strong>Artesanato de alta qualidade:<\/strong> Fabricado por especialistas para garantir beleza e durabilidade duradouras.<\/li><li><strong>Declara\u00e7\u00e3o de estilo \u00fanico:<\/strong> Uma vis\u00e3o moderna dos an\u00e9is cl\u00e1ssicos de pedras preciosas, oferecendo eleg\u00e2ncia atemporal com um toque contempor\u00e2neo.<\/li><\/ol><p><strong>Especifica\u00e7\u00f5es:<\/strong><\/p><ul><li><strong>Material:<\/strong> Prata esterlina 925<\/li><li><strong>Pedras principais:<\/strong> Esmeraldas simuladas retangulares<\/li><li><strong>Estilo do anel:<\/strong> Faixa da Eternidade<\/li><li><strong>Peso:<\/strong> Aprox. 3,7 g<\/li><li><strong>Largura:<\/strong> 5 mm<\/li><\/ul><p><strong>Instru\u00e7\u00f5es de cuidados:<\/strong><\/p><ul><li>Evite a exposi\u00e7\u00e3o a produtos qu\u00edmicos e umidade excessiva para preservar o brilho e a qualidade do anel.<\/li><li>Limpe suavemente com um pano macio para manter o brilho.<\/li><li>Guarde em um porta-joias para evitar arranh\u00f5es.<\/li><\/ul><p><strong>Perfeito para qualquer ocasi\u00e3o:<\/strong><br \/>Seja para dar um toque de sofistica\u00e7\u00e3o ao seu visual di\u00e1rio ou para elevar seu conjunto em um evento especial, esse anel de esmeralda em prata de lei oferece eleg\u00e2ncia e estilo incompar\u00e1veis.<\/p><p>\u00a0<\/p>\t\t\t\t\t\t\t\t<\/div>\n\t\t\t\t<\/div>\n\t\t\t\t\t<\/div>\n\t\t\t\t<\/div>\n\t\t\t\t<\/div>","protected":false},"excerpt":{"rendered":"<p><strong>Por que escolher esse anel de esmeralda?<\/strong><\/p>\n<ol>\n<li><strong>Apelo visual impressionante:<\/strong> Tons vibrantes de esmeralda e um design exclusivo de corte retangular fazem dele uma pe\u00e7a de destaque.<\/li>\n<li><strong>Versatilidade inigual\u00e1vel:<\/strong> Perfeito para real\u00e7ar qualquer roupa, desde vestidos de noite elegantes at\u00e9 roupas de escrit\u00f3rio chiques.<\/li>\n<li><strong>Artesanato de alta qualidade:<\/strong> Fabricado por especialistas para garantir beleza e durabilidade duradouras.<\/li>\n<li><strong>Declara\u00e7\u00e3o de estilo \u00fanico:<\/strong> Uma vis\u00e3o moderna dos an\u00e9is cl\u00e1ssicos de pedras preciosas, oferecendo eleg\u00e2ncia atemporal com um toque contempor\u00e2neo.<\/li>\n<\/ol>","protected":false},"featured_media":81,"comment_status":"open","ping_status":"closed","template":"","meta":{"_kad_post_transparent":"","_kad_post_title":"","_kad_post_layout":"","_kad_post_sidebar_id":"","_kad_post_content_style":"","_kad_post_vertical_padding":"","_kad_post_feature":"","_kad_post_feature_position":"","_kad_post_header":false,"_kad_post_footer":false},"product_brand":[],"product_cat":[16,17,21,67,15],"product_tag":[18],"class_list":{"0":"post-25","1":"product","2":"type-product","3":"status-publish","4":"has-post-thumbnail","6":"product_cat-emerald-ring","7":"product_cat-engagement-ring","8":"product_cat-eternity-band","9":"product_cat-lab-grown-gemstones-ring","10":"product_cat-rings","11":"product_tag-emerald-ring","13":"first","14":"instock","15":"featured","16":"shipping-taxable","17":"purchasable","18":"product-type-variable","19":"has-default-attributes","20":"entry","21":"content-bg","22":"loop-entry"},"aioseo_notices":[],"_links":{"self":[{"href":"https:\/\/emeraldsring.com\/pt\/wp-json\/wp\/v2\/product\/25","targetHints":{"allow":["GET"]}}],"collection":[{"href":"https:\/\/emeraldsring.com\/pt\/wp-json\/wp\/v2\/product"}],"about":[{"href":"https:\/\/emeraldsring.com\/pt\/wp-json\/wp\/v2\/types\/product"}],"replies":[{"embeddable":true,"href":"https:\/\/emeraldsring.com\/pt\/wp-json\/wp\/v2\/comments?post=25"}],"version-history":[{"count":13,"href":"https:\/\/emeraldsring.com\/pt\/wp-json\/wp\/v2\/product\/25\/revisions"}],"predecessor-version":[{"id":1449,"href":"https:\/\/emeraldsring.com\/pt\/wp-json\/wp\/v2\/product\/25\/revisions\/1449"}],"wp:featuredmedia":[{"embeddable":true,"href":"https:\/\/emeraldsring.com\/pt\/wp-json\/wp\/v2\/media\/81"}],"wp:attachment":[{"href":"https:\/\/emeraldsring.com\/pt\/wp-json\/wp\/v2\/media?parent=25"}],"wp:term":[{"taxonomy":"product_brand","embeddable":true,"href":"https:\/\/emeraldsring.com\/pt\/wp-json\/wp\/v2\/product_brand?post=25"},{"taxonomy":"product_cat","embeddable":true,"href":"https:\/\/emeraldsring.com\/pt\/wp-json\/wp\/v2\/product_cat?post=25"},{"taxonomy":"product_tag","embeddable":true,"href":"https:\/\/emeraldsring.com\/pt\/wp-json\/wp\/v2\/product_tag?post=25"}],"curies":[{"name":"wp","href":"https:\/\/api.w.org\/{rel}","templated":true}]}}