{"id":26,"date":"2025-02-04T10:02:28","date_gmt":"2025-02-04T10:02:28","guid":{"rendered":"https:\/\/emeraldsring.com\/?post_type=product&#038;p=26"},"modified":"2025-04-28T20:00:08","modified_gmt":"2025-04-28T15:00:08","slug":"925-sterling-silver-eternity-band-with-emerald-cut-gemstones","status":"publish","type":"product","link":"https:\/\/emeraldsring.com\/pt\/produto\/925-sterling-silver-eternity-band-with-emerald-cut-gemstones\/","title":{"rendered":"925 Sterling Silver Eternity Band Emerald Cut Gemstones Ring (Anel de prata esterlina com faixa de eternidade e pedras preciosas com corte de esmeralda)"},"content":{"rendered":"<div data-elementor-type=\"wp-post\" data-elementor-id=\"26\" class=\"elementor elementor-26\" data-elementor-post-type=\"product\">\n\t\t\t\t<div class=\"elementor-element elementor-element-230e27c9 e-flex e-con-boxed e-con e-parent\" data-id=\"230e27c9\" data-element_type=\"container\" data-e-type=\"container\">\n\t\t\t\t\t<div class=\"e-con-inner\">\n\t\t<div class=\"elementor-element elementor-element-b303aaa e-con-full e-flex e-con e-child\" data-id=\"b303aaa\" data-element_type=\"container\" data-e-type=\"container\">\n\t\t\t\t<div class=\"elementor-element elementor-element-8473c4b elementor-widget elementor-widget-video\" data-id=\"8473c4b\" data-element_type=\"widget\" data-e-type=\"widget\" data-settings=\"{&quot;youtube_url&quot;:&quot;https:\\\/\\\/youtube.com\\\/watch?v=papCSQnpzxI&quot;,&quot;loop&quot;:&quot;yes&quot;,&quot;video_type&quot;:&quot;youtube&quot;,&quot;controls&quot;:&quot;yes&quot;}\" data-widget_type=\"video.default\">\n\t\t\t\t<div class=\"elementor-widget-container\">\n\t\t\t\t\t\t\t<div class=\"elementor-wrapper elementor-open-inline\">\n\t\t\t<div class=\"elementor-video\"><\/div>\t\t<\/div>\n\t\t\t\t\t\t<\/div>\n\t\t\t\t<\/div>\n\t\t\t\t<\/div>\n\t\t\t\t<div class=\"elementor-element elementor-element-5214f64c elementor-widget elementor-widget-text-editor\" data-id=\"5214f64c\" data-element_type=\"widget\" data-e-type=\"widget\" data-widget_type=\"text-editor.default\">\n\t\t\t\t<div class=\"elementor-widget-container\">\n\t\t\t\t\t\t\t\t\t<strong>Vis\u00e3o geral:<\/strong>\r\nIsso <strong>Anel de esmeralda em prata esterlina 925<\/strong> \u00e9 uma pe\u00e7a de joalheria marcante criada para quem aprecia eleg\u00e2ncia e sofistica\u00e7\u00e3o. A pulseira \u00e9 adornada com pedras simuladas de corte esmeralda, dispon\u00edveis em tons vibrantes de verde, vermelho rubi e diamante transparente, o que a torna um acess\u00f3rio vers\u00e1til para qualquer ocasi\u00e3o.\r\n\r\n<strong>Caracter\u00edsticas:<\/strong>\r\n<ul>\r\n \t<li><strong>Material Premium:<\/strong> Fabricado em prata esterlina 925 dur\u00e1vel e hipoalerg\u00eanica com acabamento polido para um brilho duradouro.<\/li>\r\n \t<li><strong>Pedras preciosas com corte esmeralda:<\/strong> Apresenta uma variedade de pedras lapidadas com precis\u00e3o que oferecem brilho e clareza excepcionais.<\/li>\r\n \t<li><strong>Design da pulseira de eternidade:<\/strong> Simboliza a beleza eterna, com pedras preciosas circundando perfeitamente o anel para um visual ousado e glamouroso.<\/li>\r\n \t<li><strong>V\u00e1rias op\u00e7\u00f5es de cores:<\/strong> Escolha entre gemas verdes (inspiradas em esmeraldas), vermelhas (inspiradas em rubis) ou transparentes (inspiradas em diamantes).<\/li>\r\n \t<li><strong>Ajuste perfeito:<\/strong> Dispon\u00edvel em v\u00e1rios tamanhos, garantindo um ajuste confort\u00e1vel e seguro.<\/li>\r\n \t<li><strong>Uso vers\u00e1til:<\/strong> Ideal para eventos formais, coquet\u00e9is ou como uma pe\u00e7a de destaque no dia a dia.<\/li>\r\n<\/ul>\r\n<strong>Especifica\u00e7\u00f5es:<\/strong>\r\n<ul>\r\n \t<li><strong>Material:<\/strong> Prata esterlina 925<\/li>\r\n \t<li><strong>Tipo de pedra:<\/strong> Esmeraldas simuladas e outras pedras coloridas<\/li>\r\n \t<li><strong>Largura do anel:<\/strong> Aprox. 6 mm<\/li>\r\n \t<li><strong>Peso:<\/strong> Aprox. 3,5 g<\/li>\r\n<\/ul>\r\n<strong>Dicas de cuidados:<\/strong>\r\n<ul>\r\n \t<li>Mantenha-o longe de produtos qu\u00edmicos, perfumes e umidade excessiva para manter o brilho do anel.<\/li>\r\n \t<li>Limpe suavemente com um pano macio ap\u00f3s o uso.<\/li>\r\n \t<li>Guarde-o separadamente em um porta-joias para evitar arranh\u00f5es ou manchas.<\/li>\r\n<\/ul>\r\n<strong>Perfeito para qualquer ocasi\u00e3o:<\/strong>\r\nIsso <strong>anel de eternidade de esmeralda<\/strong> foi projetado para dar um toque de luxo ao seu estilo cotidiano ou para fazer voc\u00ea brilhar em eventos especiais. Combine-o com outras joias de prata ou deixe-o sozinho como uma pe\u00e7a de destaque.\r\n\r\n<a href=\"https:\/\/emeraldring.shop\/wp-content\/uploads\/2022\/12\/925-Sterling-Silver-Eternity-Band-with-Emerald-Cut-Gemstones-1.jpg\"><img fetchpriority=\"high\" decoding=\"async\" src=\"https:\/\/emeraldring.shop\/wp-content\/uploads\/2022\/12\/925-Sterling-Silver-Eternity-Band-with-Emerald-Cut-Gemstones-1-300x300.jpg\" alt=\"925 Sterling Silver Eternity Band with Emerald-Cut Gemstones\" width=\"800\" height=\"799\" \/><\/a>\r\n\r\n<a href=\"https:\/\/emeraldring.shop\/wp-content\/uploads\/2022\/12\/925-Sterling-Silver-Eternity-Band-with-Emerald-Cut-Gemstones-2.jpg\"><img decoding=\"async\" src=\"https:\/\/emeraldring.shop\/wp-content\/uploads\/2022\/12\/925-Sterling-Silver-Eternity-Band-with-Emerald-Cut-Gemstones-2-300x300.jpg\" alt=\"925 Sterling Silver Eternity Band with Emerald-Cut Gemstones\" width=\"800\" height=\"800\" \/><\/a>\r\n\r\n<a href=\"https:\/\/emeraldring.shop\/wp-content\/uploads\/2022\/12\/925-Sterling-Silver-Eternity-Band-with-Emerald-Cut-Gemstones-3.jpg\"><img decoding=\"async\" src=\"https:\/\/emeraldring.shop\/wp-content\/uploads\/2022\/12\/925-Sterling-Silver-Eternity-Band-with-Emerald-Cut-Gemstones-3.jpg\" alt=\"925 Sterling Silver Eternity Band with Emerald-Cut Gemstones\" width=\"800\" height=\"800\" \/><\/a> <a href=\"https:\/\/emeraldring.shop\/wp-content\/uploads\/2022\/12\/925-Sterling-Silver-Eternity-Band-with-Emerald-Cut-Gemstones-4.jpg\"><img loading=\"lazy\" decoding=\"async\" src=\"https:\/\/emeraldring.shop\/wp-content\/uploads\/2022\/12\/925-Sterling-Silver-Eternity-Band-with-Emerald-Cut-Gemstones-4-300x300.jpg\" alt=\"925 Sterling Silver Eternity Band with Emerald-Cut Gemstones\" width=\"800\" height=\"801\" \/><\/a> <a href=\"https:\/\/emeraldring.shop\/wp-content\/uploads\/2022\/12\/925-Sterling-Silver-Eternity-Band-with-Emerald-Cut-Gemstones-5.jpg\"><img loading=\"lazy\" decoding=\"async\" src=\"https:\/\/emeraldring.shop\/wp-content\/uploads\/2022\/12\/925-Sterling-Silver-Eternity-Band-with-Emerald-Cut-Gemstones-5-300x300.jpg\" alt=\"925 Sterling Silver Eternity Band with Emerald-Cut Gemstones\" width=\"800\" height=\"800\" \/><\/a> <a href=\"https:\/\/emeraldring.shop\/wp-content\/uploads\/2022\/12\/925-Sterling-Silver-Eternity-Band-with-Emerald-Cut-Gemstones-6.jpg\"><img loading=\"lazy\" decoding=\"async\" src=\"https:\/\/emeraldring.shop\/wp-content\/uploads\/2022\/12\/925-Sterling-Silver-Eternity-Band-with-Emerald-Cut-Gemstones-6.jpg\" alt=\"925 Sterling Silver Eternity Band with Emerald-Cut Gemstones\" width=\"799\" height=\"799\" \/><\/a> <a href=\"https:\/\/emeraldring.shop\/wp-content\/uploads\/2022\/12\/925-Sterling-Silver-Eternity-Band-with-Emerald-Cut-Gemstones-7.jpg\"><img loading=\"lazy\" decoding=\"async\" src=\"https:\/\/emeraldring.shop\/wp-content\/uploads\/2022\/12\/925-Sterling-Silver-Eternity-Band-with-Emerald-Cut-Gemstones-7.jpg\" alt=\"925 Sterling Silver Eternity Band with Emerald-Cut Gemstones\" width=\"800\" height=\"800\" \/><\/a> <a href=\"https:\/\/emeraldring.shop\/wp-content\/uploads\/2022\/12\/925-Sterling-Silver-Eternity-Band-with-Emerald-Cut-Gemstones-8.jpg\"><img loading=\"lazy\" decoding=\"async\" src=\"https:\/\/emeraldring.shop\/wp-content\/uploads\/2022\/12\/925-Sterling-Silver-Eternity-Band-with-Emerald-Cut-Gemstones-8.jpg\" alt=\"925 Sterling Silver Eternity Band with Emerald-Cut Gemstones\" width=\"800\" height=\"800\" \/><\/a> <a href=\"https:\/\/emeraldring.shop\/wp-content\/uploads\/2022\/12\/925-Sterling-Silver-Eternity-Band-with-Emerald-Cut-Gemstones-9.jpg\"><img loading=\"lazy\" decoding=\"async\" src=\"https:\/\/emeraldring.shop\/wp-content\/uploads\/2022\/12\/925-Sterling-Silver-Eternity-Band-with-Emerald-Cut-Gemstones-9.jpg\" alt=\"925 Sterling Silver Eternity Band with Emerald-Cut Gemstones\" width=\"800\" height=\"800\" \/><\/a> <a href=\"https:\/\/emeraldring.shop\/wp-content\/uploads\/2022\/12\/925-Sterling-Silver-Eternity-Band-with-Emerald-Cut-Gemstones-10.jpg\"><img loading=\"lazy\" decoding=\"async\" src=\"https:\/\/emeraldring.shop\/wp-content\/uploads\/2022\/12\/925-Sterling-Silver-Eternity-Band-with-Emerald-Cut-Gemstones-10.jpg\" alt=\"925 Sterling Silver Eternity Band with Emerald-Cut Gemstones\" width=\"800\" height=\"800\" \/><\/a> <a href=\"https:\/\/emeraldring.shop\/wp-content\/uploads\/2022\/12\/925-Sterling-Silver-Eternity-Band-with-Emerald-Cut-Gemstones-17.jpg\"><img loading=\"lazy\" decoding=\"async\" src=\"https:\/\/emeraldring.shop\/wp-content\/uploads\/2022\/12\/925-Sterling-Silver-Eternity-Band-with-Emerald-Cut-Gemstones-17-300x300.jpg\" alt=\"925 Sterling Silver Eternity Band with Emerald-Cut Gemstones\" width=\"800\" height=\"800\" \/><\/a> <a href=\"https:\/\/emeraldring.shop\/wp-content\/uploads\/2022\/12\/925-Sterling-Silver-Eternity-Band-with-Emerald-Cut-Gemstones-18.jpg\"><img loading=\"lazy\" decoding=\"async\" src=\"https:\/\/emeraldring.shop\/wp-content\/uploads\/2022\/12\/925-Sterling-Silver-Eternity-Band-with-Emerald-Cut-Gemstones-18-300x300.jpg\" alt=\"925 Sterling Silver Eternity Band with Emerald-Cut Gemstones\" width=\"800\" height=\"800\" \/><\/a>\t\t\t\t\t\t\t\t<\/div>\n\t\t\t\t<\/div>\n\t\t\t\t\t<\/div>\n\t\t\t\t<\/div>\n\t\t\t\t<\/div>","protected":false},"excerpt":{"rendered":"<p><strong>Por que escolher esse anel de esmeralda?<\/strong><\/p>\n<ol>\n<li><strong>Design atraente:<\/strong> As pedras com corte de esmeralda real\u00e7am o brilho e a eleg\u00e2ncia do anel, tornando-o uma adi\u00e7\u00e3o de destaque \u00e0 sua cole\u00e7\u00e3o de joias.<\/li>\n<li><strong>Versatilidade em sua melhor forma:<\/strong> Adequado para v\u00e1rias ocasi\u00f5es, seja para se vestir para um evento glamouroso ou como acess\u00f3rio para uma roupa casual.<\/li>\n<li><strong>Ideia de presente bem pensada:<\/strong> Perfeito para presentear em ocasi\u00f5es especiais, como anivers\u00e1rios, nascimentos ou noivados.<\/li>\n<li><strong>Artesanato de alta qualidade:<\/strong> Projetado para durabilidade e beleza duradoura, com coloca\u00e7\u00e3o intrincada de pedras e um acabamento suave da faixa.<\/li>\n<\/ol>","protected":false},"featured_media":92,"comment_status":"open","ping_status":"closed","template":"","meta":{"_kad_post_transparent":"","_kad_post_title":"","_kad_post_layout":"","_kad_post_sidebar_id":"","_kad_post_content_style":"","_kad_post_vertical_padding":"","_kad_post_feature":"","_kad_post_feature_position":"","_kad_post_header":false,"_kad_post_footer":false},"product_brand":[],"product_cat":[16,89,17,67,15],"product_tag":[18],"class_list":{"0":"post-26","1":"product","2":"type-product","3":"status-publish","4":"has-post-thumbnail","6":"product_cat-emerald-ring","7":"product_cat-engagement-and-wedding","8":"product_cat-engagement-ring","9":"product_cat-lab-grown-gemstones-ring","10":"product_cat-rings","11":"product_tag-emerald-ring","13":"first","14":"instock","15":"shipping-taxable","16":"purchasable","17":"product-type-variable","18":"entry","19":"content-bg","20":"loop-entry"},"aioseo_notices":[],"_links":{"self":[{"href":"https:\/\/emeraldsring.com\/pt\/wp-json\/wp\/v2\/product\/26","targetHints":{"allow":["GET"]}}],"collection":[{"href":"https:\/\/emeraldsring.com\/pt\/wp-json\/wp\/v2\/product"}],"about":[{"href":"https:\/\/emeraldsring.com\/pt\/wp-json\/wp\/v2\/types\/product"}],"replies":[{"embeddable":true,"href":"https:\/\/emeraldsring.com\/pt\/wp-json\/wp\/v2\/comments?post=26"}],"version-history":[{"count":7,"href":"https:\/\/emeraldsring.com\/pt\/wp-json\/wp\/v2\/product\/26\/revisions"}],"predecessor-version":[{"id":1176,"href":"https:\/\/emeraldsring.com\/pt\/wp-json\/wp\/v2\/product\/26\/revisions\/1176"}],"wp:featuredmedia":[{"embeddable":true,"href":"https:\/\/emeraldsring.com\/pt\/wp-json\/wp\/v2\/media\/92"}],"wp:attachment":[{"href":"https:\/\/emeraldsring.com\/pt\/wp-json\/wp\/v2\/media?parent=26"}],"wp:term":[{"taxonomy":"product_brand","embeddable":true,"href":"https:\/\/emeraldsring.com\/pt\/wp-json\/wp\/v2\/product_brand?post=26"},{"taxonomy":"product_cat","embeddable":true,"href":"https:\/\/emeraldsring.com\/pt\/wp-json\/wp\/v2\/product_cat?post=26"},{"taxonomy":"product_tag","embeddable":true,"href":"https:\/\/emeraldsring.com\/pt\/wp-json\/wp\/v2\/product_tag?post=26"}],"curies":[{"name":"wp","href":"https:\/\/api.w.org\/{rel}","templated":true}]}}