{"id":27,"date":"2025-02-04T10:02:28","date_gmt":"2025-02-04T10:02:28","guid":{"rendered":"https:\/\/emeraldsring.com\/?post_type=product&#038;p=27"},"modified":"2025-04-28T20:00:16","modified_gmt":"2025-04-28T15:00:16","slug":"elegant-s925-sterling-silver-hollow-water-foam-jade-ring-with-zircon-inlay","status":"publish","type":"product","link":"https:\/\/emeraldsring.com\/pt\/produto\/elegant-s925-sterling-silver-hollow-water-foam-jade-ring-with-zircon-inlay\/","title":{"rendered":"Elegant S925 Sterling Silver Hollow Water Foam Jade Wedding Ring Zircon Inlay"},"content":{"rendered":"<div data-elementor-type=\"wp-post\" data-elementor-id=\"27\" class=\"elementor elementor-27\" data-elementor-post-type=\"product\">\n\t\t\t\t<div class=\"elementor-element elementor-element-279796b2 e-flex e-con-boxed e-con e-parent\" data-id=\"279796b2\" data-element_type=\"container\">\n\t\t\t\t\t<div class=\"e-con-inner\">\n\t\t<div class=\"elementor-element elementor-element-89d47b8 e-con-full e-flex e-con e-child\" data-id=\"89d47b8\" data-element_type=\"container\">\n\t\t\t\t<div class=\"elementor-element elementor-element-82d7429 elementor-widget elementor-widget-video\" data-id=\"82d7429\" data-element_type=\"widget\" data-settings=\"{&quot;youtube_url&quot;:&quot;https:\\\/\\\/www.youtube.com\\\/watch?v=fHmXKQ-CQoI&quot;,&quot;loop&quot;:&quot;yes&quot;,&quot;video_type&quot;:&quot;youtube&quot;,&quot;controls&quot;:&quot;yes&quot;}\" data-widget_type=\"video.default\">\n\t\t\t\t<div class=\"elementor-widget-container\">\n\t\t\t\t\t\t\t<div class=\"elementor-wrapper elementor-open-inline\">\n\t\t\t<div class=\"elementor-video\"><\/div>\t\t<\/div>\n\t\t\t\t\t\t<\/div>\n\t\t\t\t<\/div>\n\t\t\t\t<\/div>\n\t\t\t\t<div class=\"elementor-element elementor-element-28cb2517 elementor-widget elementor-widget-text-editor\" data-id=\"28cb2517\" data-element_type=\"widget\" data-widget_type=\"text-editor.default\">\n\t\t\t\t<div class=\"elementor-widget-container\">\n\t\t\t\t\t\t\t\t\t<p><strong>Vis\u00e3o geral:<\/strong><br \/>Adicione um toque de eleg\u00e2ncia atemporal \u00e0 sua cole\u00e7\u00e3o de joias com este <strong>Anel de esmeralda em prata esterlina 925<\/strong>. Projetada com precis\u00e3o e confeccionada com materiais de alta qualidade, essa pe\u00e7a central de esmeralda de corte radiante \u00e9 complementada por detalhes brilhantes de diamantes de alto carbono. Uma pe\u00e7a luxuosa que \u00e9 perfeita para noivados, anivers\u00e1rios ou como um acess\u00f3rio de destaque para qualquer ocasi\u00e3o.<\/p><p><strong>Caracter\u00edsticas:<\/strong><\/p><ul><li><strong>Material Premium:<\/strong> Fabricado em prata esterlina 925, o que garante durabilidade, propriedades hipoalerg\u00eanicas e um acabamento polido.<\/li><li><strong>Esmeralda de corte radiante Pedra preciosa:<\/strong> A pe\u00e7a central verde vibrante (9 mm x 11 mm) irradia eleg\u00e2ncia e sofistica\u00e7\u00e3o, o que a torna um ponto focal cativante.<\/li><li><strong>Destaques em diamante de alto carbono:<\/strong> Aumenta a cintila\u00e7\u00e3o e o brilho do anel, oferecendo um visual luxuoso sem comprometer a acessibilidade.<\/li><li><strong>Design confort\u00e1vel:<\/strong> Leve e perfeitamente trabalhado para um ajuste confort\u00e1vel em qualquer dedo.<\/li><li><strong>Estilo vers\u00e1til:<\/strong> Adequado para casamentos, festas, anivers\u00e1rios ou uso di\u00e1rio.<\/li><\/ul><p><strong>Especifica\u00e7\u00f5es:<\/strong><\/p><ul><li><strong>Material:<\/strong> Prata esterlina 925<\/li><li><strong>Pedra principal:<\/strong> Esmeralda de corte radiante (9 mm x 11 mm)<\/li><li><strong>Pedras de destaque:<\/strong> Diamantes com alto teor de carbono<\/li><li><strong>Peso:<\/strong> Aproximadamente 5,0 g<\/li><li><strong>Estilo:<\/strong> Elegante e moderno<\/li><\/ul><p><strong>Instru\u00e7\u00f5es de cuidados:<\/strong><\/p><ul><li>Evite a exposi\u00e7\u00e3o a produtos qu\u00edmicos e perfumes agressivos.<\/li><li>Guarde em um porta-joias ou em uma bolsa de tecido macio quando n\u00e3o estiver em uso.<\/li><li>Limpe com um pano macio e seco para manter o brilho.<\/li><\/ul><p><strong>Eleve seu visual:<\/strong><br \/>Esse anel de esmeralda \u00e9 o ep\u00edtome da gra\u00e7a e da beleza, projetado para mulheres que apreciam joias refinadas e luxuosas. Quer esteja participando de um evento formal ou procurando aprimorar seu estilo cotidiano, essa pe\u00e7a certamente chamar\u00e1 a aten\u00e7\u00e3o e deixar\u00e1 uma impress\u00e3o duradoura.<\/p><p>\u00a0<\/p>\t\t\t\t\t\t\t\t<\/div>\n\t\t\t\t<\/div>\n\t\t\t\t\t<\/div>\n\t\t\t\t<\/div>\n\t\t\t\t<\/div>","protected":false},"excerpt":{"rendered":"<p><strong>Por que escolher esse anel de esmeralda?<\/strong><\/p>\n<ol>\n<li><strong>Eleg\u00e2ncia atemporal:<\/strong> A pedra preciosa esmeralda de corte radiante exala luxo e classe, o que a torna um complemento de destaque para qualquer roupa.<\/li>\n<li><strong>Artesanato requintado:<\/strong> Cada detalhe \u00e9 meticulosamente trabalhado, desde os detalhes em diamante de alto carbono at\u00e9 a pulseira de prata esterlina polida.<\/li>\n<li><strong>Presente perfeito:<\/strong> Um presente atencioso e impressionante para pessoas queridas em ocasi\u00f5es especiais, como anivers\u00e1rios, noivados, datas comemorativas ou feriados.<\/li>\n<li><strong>Luxo acess\u00edvel:<\/strong> Aproveite a apar\u00eancia de joias de alta qualidade sem gastar muito.<\/li>\n<\/ol>","protected":false},"featured_media":104,"comment_status":"open","ping_status":"closed","template":"","meta":{"_kad_post_transparent":"","_kad_post_title":"","_kad_post_layout":"","_kad_post_sidebar_id":"","_kad_post_content_style":"","_kad_post_vertical_padding":"","_kad_post_feature":"","_kad_post_feature_position":"","_kad_post_header":false,"_kad_post_footer":false},"product_brand":[],"product_cat":[16,17,23,20,24,15],"product_tag":[25],"class_list":{"0":"post-27","1":"product","2":"type-product","3":"status-publish","4":"has-post-thumbnail","6":"product_cat-emerald-ring","7":"product_cat-engagement-ring","8":"product_cat-jade-ring","9":"product_cat-oval-ring","10":"product_cat-ring","11":"product_cat-rings","12":"product_tag-jade-ring","14":"first","15":"instock","16":"featured","17":"shipping-taxable","18":"purchasable","19":"product-type-variable","20":"entry","21":"content-bg","22":"loop-entry"},"aioseo_notices":[],"_links":{"self":[{"href":"https:\/\/emeraldsring.com\/pt\/wp-json\/wp\/v2\/product\/27","targetHints":{"allow":["GET"]}}],"collection":[{"href":"https:\/\/emeraldsring.com\/pt\/wp-json\/wp\/v2\/product"}],"about":[{"href":"https:\/\/emeraldsring.com\/pt\/wp-json\/wp\/v2\/types\/product"}],"replies":[{"embeddable":true,"href":"https:\/\/emeraldsring.com\/pt\/wp-json\/wp\/v2\/comments?post=27"}],"version-history":[{"count":10,"href":"https:\/\/emeraldsring.com\/pt\/wp-json\/wp\/v2\/product\/27\/revisions"}],"predecessor-version":[{"id":1491,"href":"https:\/\/emeraldsring.com\/pt\/wp-json\/wp\/v2\/product\/27\/revisions\/1491"}],"wp:featuredmedia":[{"embeddable":true,"href":"https:\/\/emeraldsring.com\/pt\/wp-json\/wp\/v2\/media\/104"}],"wp:attachment":[{"href":"https:\/\/emeraldsring.com\/pt\/wp-json\/wp\/v2\/media?parent=27"}],"wp:term":[{"taxonomy":"product_brand","embeddable":true,"href":"https:\/\/emeraldsring.com\/pt\/wp-json\/wp\/v2\/product_brand?post=27"},{"taxonomy":"product_cat","embeddable":true,"href":"https:\/\/emeraldsring.com\/pt\/wp-json\/wp\/v2\/product_cat?post=27"},{"taxonomy":"product_tag","embeddable":true,"href":"https:\/\/emeraldsring.com\/pt\/wp-json\/wp\/v2\/product_tag?post=27"}],"curies":[{"name":"wp","href":"https:\/\/api.w.org\/{rel}","templated":true}]}}