{"id":28,"date":"2025-02-04T10:02:28","date_gmt":"2025-02-04T10:02:28","guid":{"rendered":"https:\/\/emeraldsring.com\/?post_type=product&#038;p=28"},"modified":"2025-04-28T20:00:13","modified_gmt":"2025-04-28T15:00:13","slug":"elegant-925-sterling-silver-oval-cut-emerald-ring","status":"publish","type":"product","link":"https:\/\/emeraldsring.com\/pt\/produto\/elegant-925-sterling-silver-oval-cut-emerald-ring\/","title":{"rendered":"Elegante anel de noivado de esmeralda com corte oval em prata esterlina 925"},"content":{"rendered":"<div data-elementor-type=\"wp-post\" data-elementor-id=\"28\" class=\"elementor elementor-28\" data-elementor-post-type=\"product\">\n\t\t\t\t<div class=\"elementor-element elementor-element-5071e329 e-flex e-con-boxed e-con e-parent\" data-id=\"5071e329\" data-element_type=\"container\" data-e-type=\"container\">\n\t\t\t\t\t<div class=\"e-con-inner\">\n\t\t<div class=\"elementor-element elementor-element-b6d7db2 e-con-full e-flex e-con e-child\" data-id=\"b6d7db2\" data-element_type=\"container\" data-e-type=\"container\">\n\t\t\t\t<div class=\"elementor-element elementor-element-0397cee elementor-widget elementor-widget-video\" data-id=\"0397cee\" data-element_type=\"widget\" data-e-type=\"widget\" data-settings=\"{&quot;youtube_url&quot;:&quot;https:\\\/\\\/youtube.com\\\/watch?v=kpS02AI3ho4&quot;,&quot;loop&quot;:&quot;yes&quot;,&quot;video_type&quot;:&quot;youtube&quot;,&quot;controls&quot;:&quot;yes&quot;}\" data-widget_type=\"video.default\">\n\t\t\t\t<div class=\"elementor-widget-container\">\n\t\t\t\t\t\t\t<div class=\"elementor-wrapper elementor-open-inline\">\n\t\t\t<div class=\"elementor-video\"><\/div>\t\t<\/div>\n\t\t\t\t\t\t<\/div>\n\t\t\t\t<\/div>\n\t\t\t\t<\/div>\n\t\t\t\t<div class=\"elementor-element elementor-element-58130f9b elementor-widget elementor-widget-text-editor\" data-id=\"58130f9b\" data-element_type=\"widget\" data-e-type=\"widget\" data-widget_type=\"text-editor.default\">\n\t\t\t\t<div class=\"elementor-widget-container\">\n\t\t\t\t\t\t\t\t\t<p><strong>Vis\u00e3o geral:<\/strong> Apresentando nosso <strong>Anel de esmeralda de corte oval em prata esterlina 925<\/strong>O anel de prata da marca Crowley, uma obra-prima que personifica a eleg\u00e2ncia e a sofistica\u00e7\u00e3o. Esse anel exibe uma esmeralda vibrante de corte oval no centro, ladeada por zirc\u00f4nias c\u00fabicas cintilantes, tudo engastado em prata de lei de alta qualidade.<\/p><p><strong>Caracter\u00edsticas:<\/strong><\/p><ul><li><strong>Material Premium:<\/strong> Fabricado em prata esterlina 925 genu\u00edna, o que garante durabilidade e um acabamento radiante.<\/li><li><strong>Esmeralda de corte oval:<\/strong> A pe\u00e7a central apresenta uma esmeralda oval meticulosamente cortada, famosa por sua rica tonalidade verde e clareza.<\/li><li><strong>Zirc\u00f4nia c\u00fabica Destaques:<\/strong> Adornado com pedras de zirc\u00f4nia c\u00fabica de alta qualidade que aumentam o brilho e o encanto do anel.<\/li><li><strong>Design atemporal:<\/strong> A combina\u00e7\u00e3o cl\u00e1ssica de esmeralda e prata esterlina oferece um acess\u00f3rio vers\u00e1til adequado para qualquer ocasi\u00e3o.<\/li><li><strong>Ajuste confort\u00e1vel:<\/strong> Projetado com uma faixa lisa para um uso confort\u00e1vel durante todo o dia.<\/li><\/ul><p><strong>Especifica\u00e7\u00f5es:<\/strong><\/p><ul><li><strong>Material:<\/strong> Prata esterlina 925<\/li><li><strong>Pedra principal:<\/strong> Esmeralda de corte oval<\/li><li><strong>Pedras de destaque:<\/strong> Zirc\u00f4nia c\u00fabica<\/li><li><strong>Tamanhos dispon\u00edveis:<\/strong> Tamanhos de an\u00e9is 5 a 9 nos EUA<\/li><li><strong>Largura da banda:<\/strong> Aproximadamente 2 mm<\/li><\/ul><p><strong>Instru\u00e7\u00f5es de cuidados:<\/strong><\/p><ul><li><strong>Evitar produtos qu\u00edmicos:<\/strong> Mantenha-se longe de produtos qu\u00edmicos e agentes de limpeza agressivos para preservar o brilho do metal.<\/li><li><strong>Armazenamento:<\/strong> Guarde em um estojo macio para joias para evitar arranh\u00f5es e manchas.<\/li><li><strong>Limpeza:<\/strong> Fa\u00e7a um polimento suave com um pano macio para manter o brilho e a luminosidade.<\/li><\/ul><p><strong>Aprimore sua cole\u00e7\u00e3o de joias:<\/strong><\/p><p>Esse anel de esmeralda em prata esterlina 925 \u00e9 mais do que apenas um acess\u00f3rio; \u00e9 uma pe\u00e7a de destaque que reflete gra\u00e7a e estilo. Seja para presentear a si mesmo ou a algu\u00e9m especial, esse anel certamente se tornar\u00e1 um complemento valioso para qualquer cole\u00e7\u00e3o de joias.<\/p><p><em>Observa\u00e7\u00e3o: Devido \u00e0s caracter\u00edsticas naturais das pedras preciosas, podem ocorrer pequenas varia\u00e7\u00f5es de cor e inclus\u00f5es, o que torna cada anel de uma beleza \u00fanica.<\/em><\/p><p>\u00a0<\/p><p>\u00a0<\/p>\t\t\t\t\t\t\t\t<\/div>\n\t\t\t\t<\/div>\n\t\t\t\t\t<\/div>\n\t\t\t\t<\/div>\n\t\t\t\t<\/div>","protected":false},"excerpt":{"rendered":"<p><strong>Por que escolher esse anel de esmeralda?<\/strong><\/p>\n<ol>\n<li><strong>Eleg\u00e2ncia inigual\u00e1vel:<\/strong> A combina\u00e7\u00e3o harmoniosa de esmeralda e zirc\u00f4nia c\u00fabica exala um charme atemporal.<\/li>\n<li><strong>Artesanato superior:<\/strong> Cada anel \u00e9 meticulosamente trabalhado para atender aos mais altos padr\u00f5es de qualidade.<\/li>\n<li><strong>Acess\u00f3rio vers\u00e1til:<\/strong> Perfeito para uso di\u00e1rio e ocasi\u00f5es especiais, acrescentando um toque de sofistica\u00e7\u00e3o a qualquer roupa.<\/li>\n<li><strong>Presente atencioso:<\/strong> Uma op\u00e7\u00e3o ideal de presente para anivers\u00e1rios, anivers\u00e1rios ou como s\u00edmbolo de amor e compromisso.<\/li>\n<\/ol>","protected":false},"featured_media":112,"comment_status":"open","ping_status":"closed","template":"","meta":{"_kad_post_transparent":"","_kad_post_title":"","_kad_post_layout":"","_kad_post_sidebar_id":"","_kad_post_content_style":"","_kad_post_vertical_padding":"","_kad_post_feature":"","_kad_post_feature_position":"","_kad_post_header":false,"_kad_post_footer":false},"product_brand":[],"product_cat":[16,89,17,67,15],"product_tag":[18],"class_list":{"0":"post-28","1":"product","2":"type-product","3":"status-publish","4":"has-post-thumbnail","6":"product_cat-emerald-ring","7":"product_cat-engagement-and-wedding","8":"product_cat-engagement-ring","9":"product_cat-lab-grown-gemstones-ring","10":"product_cat-rings","11":"product_tag-emerald-ring","13":"first","14":"instock","15":"shipping-taxable","16":"purchasable","17":"product-type-variable","18":"entry","19":"content-bg","20":"loop-entry"},"aioseo_notices":[],"_links":{"self":[{"href":"https:\/\/emeraldsring.com\/pt\/wp-json\/wp\/v2\/product\/28","targetHints":{"allow":["GET"]}}],"collection":[{"href":"https:\/\/emeraldsring.com\/pt\/wp-json\/wp\/v2\/product"}],"about":[{"href":"https:\/\/emeraldsring.com\/pt\/wp-json\/wp\/v2\/types\/product"}],"replies":[{"embeddable":true,"href":"https:\/\/emeraldsring.com\/pt\/wp-json\/wp\/v2\/comments?post=28"}],"version-history":[{"count":14,"href":"https:\/\/emeraldsring.com\/pt\/wp-json\/wp\/v2\/product\/28\/revisions"}],"predecessor-version":[{"id":1450,"href":"https:\/\/emeraldsring.com\/pt\/wp-json\/wp\/v2\/product\/28\/revisions\/1450"}],"wp:featuredmedia":[{"embeddable":true,"href":"https:\/\/emeraldsring.com\/pt\/wp-json\/wp\/v2\/media\/112"}],"wp:attachment":[{"href":"https:\/\/emeraldsring.com\/pt\/wp-json\/wp\/v2\/media?parent=28"}],"wp:term":[{"taxonomy":"product_brand","embeddable":true,"href":"https:\/\/emeraldsring.com\/pt\/wp-json\/wp\/v2\/product_brand?post=28"},{"taxonomy":"product_cat","embeddable":true,"href":"https:\/\/emeraldsring.com\/pt\/wp-json\/wp\/v2\/product_cat?post=28"},{"taxonomy":"product_tag","embeddable":true,"href":"https:\/\/emeraldsring.com\/pt\/wp-json\/wp\/v2\/product_tag?post=28"}],"curies":[{"name":"wp","href":"https:\/\/api.w.org\/{rel}","templated":true}]}}