{"id":30,"date":"2025-02-04T10:02:28","date_gmt":"2025-02-04T10:02:28","guid":{"rendered":"https:\/\/emeraldsring.com\/?post_type=product&#038;p=30"},"modified":"2025-03-03T11:32:02","modified_gmt":"2025-03-03T06:32:02","slug":"elegant-s925-sterling-silver-rectangular-emerald-ring","status":"publish","type":"product","link":"https:\/\/emeraldsring.com\/pt\/produto\/elegant-s925-sterling-silver-rectangular-emerald-ring\/","title":{"rendered":"Anel elegante de esmeralda retangular em prata esterlina S925"},"content":{"rendered":"<div data-elementor-type=\"wp-post\" data-elementor-id=\"30\" class=\"elementor elementor-30\" data-elementor-post-type=\"product\">\n\t\t\t\t<div class=\"elementor-element elementor-element-4147143d e-flex e-con-boxed e-con e-parent\" data-id=\"4147143d\" data-element_type=\"container\">\n\t\t\t\t\t<div class=\"e-con-inner\">\n\t\t<div class=\"elementor-element elementor-element-d7213af e-con-full e-flex e-con e-child\" data-id=\"d7213af\" data-element_type=\"container\">\n\t\t\t\t<div class=\"elementor-element elementor-element-8f95213 elementor-widget elementor-widget-video\" data-id=\"8f95213\" data-element_type=\"widget\" data-settings=\"{&quot;youtube_url&quot;:&quot;https:\\\/\\\/www.youtube.com\\\/watch?v=F7SxMUS-hm8&quot;,&quot;loop&quot;:&quot;yes&quot;,&quot;video_type&quot;:&quot;youtube&quot;,&quot;controls&quot;:&quot;yes&quot;}\" data-widget_type=\"video.default\">\n\t\t\t\t<div class=\"elementor-widget-container\">\n\t\t\t\t\t\t\t<div class=\"elementor-wrapper elementor-open-inline\">\n\t\t\t<div class=\"elementor-video\"><\/div>\t\t<\/div>\n\t\t\t\t\t\t<\/div>\n\t\t\t\t<\/div>\n\t\t\t\t<\/div>\n\t\t\t\t<div class=\"elementor-element elementor-element-7baf55c9 elementor-widget elementor-widget-text-editor\" data-id=\"7baf55c9\" data-element_type=\"widget\" data-widget_type=\"text-editor.default\">\n\t\t\t\t<div class=\"elementor-widget-container\">\n\t\t\t\t\t\t\t\t\t<p data-start=\"336\" data-end=\"681\">Eleve sua cole\u00e7\u00e3o de joias com esse anel de prata esterlina 925 lindamente trabalhado, projetado com duas deslumbrantes pedras de esmeralda verde que brilham intensamente contra a faixa de prata lisa e polida. O design sutil, por\u00e9m sofisticado, faz desse anel um acess\u00f3rio vers\u00e1til, perfeito para ambientes casuais e formais.<\/p><p data-start=\"683\" data-end=\"1022\">Esse anel requintado \u00e9 feito de prata esterlina 925 de alta qualidade, oferecendo durabilidade duradoura sem comprometer o estilo. As esmeraldas, conhecidas por sua cor vibrante e eleg\u00e2ncia atemporal, acrescentam um toque de luxo a essa pe\u00e7a j\u00e1 deslumbrante. Quer esteja se presenteando ou procurando o presente perfeito, esse anel certamente impressionar\u00e1.<\/p><p data-start=\"1024\" data-end=\"1041\"><strong data-start=\"1024\" data-end=\"1041\">Principais recursos:<\/strong><\/p><ul data-start=\"1042\" data-end=\"1260\"><li data-start=\"1042\" data-end=\"1081\">Fabricado em prata esterlina 925 de primeira qualidade<\/li><li data-start=\"1082\" data-end=\"1125\">Apresenta duas pedras de esmeralda verde vibrante<\/li><li data-start=\"1126\" data-end=\"1155\">Design elegante e atemporal<\/li><li data-start=\"1156\" data-end=\"1212\">Pe\u00e7a vers\u00e1til para uso di\u00e1rio ou em ocasi\u00f5es especiais<\/li><li data-start=\"1213\" data-end=\"1260\">Dispon\u00edvel em v\u00e1rios tamanhos para um ajuste perfeito<\/li><\/ul><p data-start=\"1262\" data-end=\"1367\" data-is-last-node=\"\">Acrescente esse impressionante anel de esmeralda \u00e0 sua cole\u00e7\u00e3o hoje mesmo e experimente a eleg\u00e2ncia e o luxo que ele proporciona!<\/p>\t\t\t\t\t\t\t\t<\/div>\n\t\t\t\t<\/div>\n\t\t\t\t\t<\/div>\n\t\t\t\t<\/div>\n\t\t\t\t<\/div>","protected":false},"excerpt":{"rendered":"<p><strong>Por que escolher esse anel de esmeralda?<\/strong><\/p>\n<ol>\n<li><strong>Eleg\u00e2ncia inigual\u00e1vel:<\/strong> A combina\u00e7\u00e3o harmoniosa de prata esterlina e esmeralda exala um charme atemporal.<\/li>\n<li><strong>Artesanato superior:<\/strong> Cada anel \u00e9 meticulosamente trabalhado para atender aos mais altos padr\u00f5es de qualidade.<\/li>\n<li><strong>Acess\u00f3rio vers\u00e1til:<\/strong> Perfeito para uso di\u00e1rio e ocasi\u00f5es especiais, acrescentando um toque de sofistica\u00e7\u00e3o a qualquer roupa.<\/li>\n<li><strong>Presente atencioso:<\/strong> Uma op\u00e7\u00e3o de presente ideal para anivers\u00e1rios, noivados ou como s\u00edmbolo de amor e compromisso.<\/li>\n<\/ol>","protected":false},"featured_media":132,"comment_status":"open","ping_status":"closed","template":"","meta":{"_kad_post_transparent":"","_kad_post_title":"","_kad_post_layout":"","_kad_post_sidebar_id":"","_kad_post_content_style":"","_kad_post_vertical_padding":"","_kad_post_feature":"","_kad_post_feature_position":"","_kad_post_header":false,"_kad_post_footer":false},"product_brand":[],"product_cat":[16,89,17,21,67,95,15],"product_tag":[18],"class_list":{"0":"post-30","1":"product","2":"type-product","3":"status-publish","4":"has-post-thumbnail","6":"product_cat-emerald-ring","7":"product_cat-engagement-and-wedding","8":"product_cat-engagement-ring","9":"product_cat-eternity-band","10":"product_cat-lab-grown-gemstones-ring","11":"product_cat-mens-rings","12":"product_cat-rings","13":"product_tag-emerald-ring","15":"first","16":"instock","17":"shipping-taxable","18":"purchasable","19":"product-type-variable","20":"entry","21":"content-bg","22":"loop-entry"},"aioseo_notices":[],"_links":{"self":[{"href":"https:\/\/emeraldsring.com\/pt\/wp-json\/wp\/v2\/product\/30","targetHints":{"allow":["GET"]}}],"collection":[{"href":"https:\/\/emeraldsring.com\/pt\/wp-json\/wp\/v2\/product"}],"about":[{"href":"https:\/\/emeraldsring.com\/pt\/wp-json\/wp\/v2\/types\/product"}],"replies":[{"embeddable":true,"href":"https:\/\/emeraldsring.com\/pt\/wp-json\/wp\/v2\/comments?post=30"}],"version-history":[{"count":11,"href":"https:\/\/emeraldsring.com\/pt\/wp-json\/wp\/v2\/product\/30\/revisions"}],"predecessor-version":[{"id":1559,"href":"https:\/\/emeraldsring.com\/pt\/wp-json\/wp\/v2\/product\/30\/revisions\/1559"}],"wp:featuredmedia":[{"embeddable":true,"href":"https:\/\/emeraldsring.com\/pt\/wp-json\/wp\/v2\/media\/132"}],"wp:attachment":[{"href":"https:\/\/emeraldsring.com\/pt\/wp-json\/wp\/v2\/media?parent=30"}],"wp:term":[{"taxonomy":"product_brand","embeddable":true,"href":"https:\/\/emeraldsring.com\/pt\/wp-json\/wp\/v2\/product_brand?post=30"},{"taxonomy":"product_cat","embeddable":true,"href":"https:\/\/emeraldsring.com\/pt\/wp-json\/wp\/v2\/product_cat?post=30"},{"taxonomy":"product_tag","embeddable":true,"href":"https:\/\/emeraldsring.com\/pt\/wp-json\/wp\/v2\/product_tag?post=30"}],"curies":[{"name":"wp","href":"https:\/\/api.w.org\/{rel}","templated":true}]}}