{"id":32,"date":"2025-02-04T10:02:29","date_gmt":"2025-02-04T10:02:29","guid":{"rendered":"https:\/\/emeraldsring.com\/?post_type=product&#038;p=32"},"modified":"2025-04-28T19:59:57","modified_gmt":"2025-04-28T14:59:57","slug":"elegant-european-and-american-style-interwoven-emerald-ring","status":"publish","type":"product","link":"https:\/\/emeraldsring.com\/pt\/produto\/elegant-european-and-american-style-interwoven-emerald-ring\/","title":{"rendered":"Anel de diamante elegante em prata esterlina 925 com corte esmeralda entrela\u00e7ado"},"content":{"rendered":"<div data-elementor-type=\"wp-post\" data-elementor-id=\"32\" class=\"elementor elementor-32\" data-elementor-post-type=\"product\">\n\t\t\t\t<div class=\"elementor-element elementor-element-23860f0b e-flex e-con-boxed e-con e-parent\" data-id=\"23860f0b\" data-element_type=\"container\">\n\t\t\t\t\t<div class=\"e-con-inner\">\n\t\t<div class=\"elementor-element elementor-element-833c928 e-con-full e-flex e-con e-child\" data-id=\"833c928\" data-element_type=\"container\">\n\t\t\t\t<div class=\"elementor-element elementor-element-9c5ec22 elementor-widget elementor-widget-video\" data-id=\"9c5ec22\" data-element_type=\"widget\" data-settings=\"{&quot;youtube_url&quot;:&quot;https:\\\/\\\/youtube.com\\\/watch?v=cI4SJxatrMc&quot;,&quot;video_type&quot;:&quot;youtube&quot;,&quot;controls&quot;:&quot;yes&quot;}\" data-widget_type=\"video.default\">\n\t\t\t\t<div class=\"elementor-widget-container\">\n\t\t\t\t\t\t\t<div class=\"elementor-wrapper elementor-open-inline\">\n\t\t\t<div class=\"elementor-video\"><\/div>\t\t<\/div>\n\t\t\t\t\t\t<\/div>\n\t\t\t\t<\/div>\n\t\t\t\t<\/div>\n\t\t\t\t<div class=\"elementor-element elementor-element-7e5d6e44 elementor-widget elementor-widget-text-editor\" data-id=\"7e5d6e44\" data-element_type=\"widget\" data-widget_type=\"text-editor.default\">\n\t\t\t\t<div class=\"elementor-widget-container\">\n\t\t\t\t\t\t\t\t\t<p data-start=\"385\" data-end=\"833\">Delicie-se com a beleza do nosso anel de diamante verde em prata esterlina 925, uma pe\u00e7a impressionante projetada para cativar com seu arranjo intrincado de diamantes verdes e brancos. As pedras verdes e claras alternadas criam um contraste hipnotizante, enquanto a configura\u00e7\u00e3o de prata esterlina polida garante que o anel brilhe de todos os \u00e2ngulos. Esse anel exala luxo e sofistica\u00e7\u00e3o, o que o torna o acess\u00f3rio perfeito para qualquer ocasi\u00e3o.<\/p><p data-start=\"835\" data-end=\"1121\">Quer esteja participando de um evento especial, comemorando um marco hist\u00f3rico ou simplesmente aprimorando seu visual do dia a dia, esse anel dar\u00e1 um toque elegante ao seu estilo. O trabalho artesanal de alta qualidade e o design atemporal garantem que esse anel n\u00e3o seja apenas um belo acess\u00f3rio, mas um tesouro duradouro.<\/p><p data-start=\"1123\" data-end=\"1140\"><strong data-start=\"1123\" data-end=\"1140\">Principais recursos:<\/strong><\/p><ul data-start=\"1141\" data-end=\"1402\"><li data-start=\"1141\" data-end=\"1180\">Fabricado em prata esterlina 925 de primeira qualidade<\/li><li data-start=\"1181\" data-end=\"1243\">Apresentando uma deslumbrante combina\u00e7\u00e3o de diamantes verdes e brancos<\/li><li data-start=\"1244\" data-end=\"1304\">Design elegante e sofisticado, adequado para qualquer ocasi\u00e3o<\/li><li data-start=\"1305\" data-end=\"1352\">Dispon\u00edvel em v\u00e1rios tamanhos para um ajuste perfeito<\/li><li data-start=\"1353\" data-end=\"1402\">Um complemento luxuoso para sua cole\u00e7\u00e3o de joias<\/li><\/ul><p data-start=\"1404\" data-end=\"1591\" data-is-last-node=\"\">Acrescente esse requintado anel de diamante verde \u00e0 sua cole\u00e7\u00e3o e experimente a eleg\u00e2ncia que ele traz para todas as ocasi\u00f5es. N\u00e3o perca a chance - encomende agora para obter uma pe\u00e7a marcante que durar\u00e1 por toda a vida!<\/p>\t\t\t\t\t\t\t\t<\/div>\n\t\t\t\t<\/div>\n\t\t\t\t\t<\/div>\n\t\t\t\t<\/div>\n\t\t\t\t<\/div>","protected":false},"excerpt":{"rendered":"<p><em>Por que voc\u00ea deve comprar:<\/em> Esse anel de esmeralda entrela\u00e7ada \u00e9 mais do que apenas uma joia; \u00e9 uma declara\u00e7\u00e3o de estilo e eleg\u00e2ncia. O design exclusivo e a pedra preciosa vibrante fazem dele um presente perfeito para voc\u00ea ou para uma pessoa querida, adequado para ocasi\u00f5es especiais ou para uso di\u00e1rio.<\/p>","protected":false},"featured_media":152,"comment_status":"open","ping_status":"closed","template":"","meta":{"_kad_post_transparent":"","_kad_post_title":"","_kad_post_layout":"","_kad_post_sidebar_id":"","_kad_post_content_style":"","_kad_post_vertical_padding":"","_kad_post_feature":"","_kad_post_feature_position":"","_kad_post_header":false,"_kad_post_footer":false},"product_brand":[],"product_cat":[16,89,17,21,67,15],"product_tag":[18],"class_list":{"0":"post-32","1":"product","2":"type-product","3":"status-publish","4":"has-post-thumbnail","6":"product_cat-emerald-ring","7":"product_cat-engagement-and-wedding","8":"product_cat-engagement-ring","9":"product_cat-eternity-band","10":"product_cat-lab-grown-gemstones-ring","11":"product_cat-rings","12":"product_tag-emerald-ring","14":"first","15":"instock","16":"shipping-taxable","17":"purchasable","18":"product-type-variable","19":"entry","20":"content-bg","21":"loop-entry"},"aioseo_notices":[],"_links":{"self":[{"href":"https:\/\/emeraldsring.com\/pt\/wp-json\/wp\/v2\/product\/32","targetHints":{"allow":["GET"]}}],"collection":[{"href":"https:\/\/emeraldsring.com\/pt\/wp-json\/wp\/v2\/product"}],"about":[{"href":"https:\/\/emeraldsring.com\/pt\/wp-json\/wp\/v2\/types\/product"}],"replies":[{"embeddable":true,"href":"https:\/\/emeraldsring.com\/pt\/wp-json\/wp\/v2\/comments?post=32"}],"version-history":[{"count":5,"href":"https:\/\/emeraldsring.com\/pt\/wp-json\/wp\/v2\/product\/32\/revisions"}],"predecessor-version":[{"id":1439,"href":"https:\/\/emeraldsring.com\/pt\/wp-json\/wp\/v2\/product\/32\/revisions\/1439"}],"wp:featuredmedia":[{"embeddable":true,"href":"https:\/\/emeraldsring.com\/pt\/wp-json\/wp\/v2\/media\/152"}],"wp:attachment":[{"href":"https:\/\/emeraldsring.com\/pt\/wp-json\/wp\/v2\/media?parent=32"}],"wp:term":[{"taxonomy":"product_brand","embeddable":true,"href":"https:\/\/emeraldsring.com\/pt\/wp-json\/wp\/v2\/product_brand?post=32"},{"taxonomy":"product_cat","embeddable":true,"href":"https:\/\/emeraldsring.com\/pt\/wp-json\/wp\/v2\/product_cat?post=32"},{"taxonomy":"product_tag","embeddable":true,"href":"https:\/\/emeraldsring.com\/pt\/wp-json\/wp\/v2\/product_tag?post=32"}],"curies":[{"name":"wp","href":"https:\/\/api.w.org\/{rel}","templated":true}]}}