{"id":36,"date":"2025-02-04T10:02:29","date_gmt":"2025-02-04T10:02:29","guid":{"rendered":"https:\/\/emeraldsring.com\/?post_type=product&#038;p=36"},"modified":"2025-04-28T19:59:49","modified_gmt":"2025-04-28T14:59:49","slug":"high-ice-green-jade-chalcedony-agate-ring-elegant-wedding-jewelry","status":"publish","type":"product","link":"https:\/\/emeraldsring.com\/pt\/produto\/high-ice-green-jade-chalcedony-agate-ring-elegant-wedding-jewelry\/","title":{"rendered":"High Ice Green Jade Chalcedony Agate Ring Anel de casamento elegante"},"content":{"rendered":"<div data-elementor-type=\"wp-post\" data-elementor-id=\"36\" class=\"elementor elementor-36\" data-elementor-post-type=\"product\">\n\t\t\t\t<div class=\"elementor-element elementor-element-b4438ff e-flex e-con-boxed e-con e-parent\" data-id=\"b4438ff\" data-element_type=\"container\">\n\t\t\t\t\t<div class=\"e-con-inner\">\n\t\t<div class=\"elementor-element elementor-element-5a479e8 e-con-full e-flex e-con e-child\" data-id=\"5a479e8\" data-element_type=\"container\">\n\t\t\t\t<div class=\"elementor-element elementor-element-657e331 elementor-widget elementor-widget-video\" data-id=\"657e331\" data-element_type=\"widget\" data-settings=\"{&quot;youtube_url&quot;:&quot;https:\\\/\\\/youtube.com\\\/watch?v=ckOlrGheir8&quot;,&quot;video_type&quot;:&quot;youtube&quot;,&quot;controls&quot;:&quot;yes&quot;}\" data-widget_type=\"video.default\">\n\t\t\t\t<div class=\"elementor-widget-container\">\n\t\t\t\t\t\t\t<div class=\"elementor-wrapper elementor-open-inline\">\n\t\t\t<div class=\"elementor-video\"><\/div>\t\t<\/div>\n\t\t\t\t\t\t<\/div>\n\t\t\t\t<\/div>\n\t\t\t\t<\/div>\n\t\t\t\t<div class=\"elementor-element elementor-element-68082ab6 elementor-widget elementor-widget-text-editor\" data-id=\"68082ab6\" data-element_type=\"widget\" data-widget_type=\"text-editor.default\">\n\t\t\t\t<div class=\"elementor-widget-container\">\n\t\t\t\t\t\t\t\t\t<p data-start=\"375\" data-end=\"780\">Abrace a eleg\u00e2ncia atemporal com nosso requintado anel de prata 925 Sterling Emerald Ring. Com uma pedra verde-jade radiante, esse anel apresenta um design exclusivo com uma configura\u00e7\u00e3o de prata finamente trabalhada que real\u00e7a a cor vibrante da esmeralda. O impressionante contraste de cores e os intrincados detalhes em prata o tornam uma pe\u00e7a atraente, perfeita para ocasi\u00f5es casuais e formais.<\/p><p data-start=\"782\" data-end=\"1088\">Feito com prata esterlina 925 de alta qualidade, esse anel oferece durabilidade e beleza, o que o torna um presente perfeito para seus entes queridos ou um mimo especial para voc\u00ea mesmo. Se voc\u00ea estiver participando de um evento especial ou apenas quiser dar um toque de sofistica\u00e7\u00e3o ao seu visual do dia a dia, esse anel de esmeralda \u00e9 indispens\u00e1vel.<\/p><p data-start=\"1090\" data-end=\"1107\"><strong data-start=\"1090\" data-end=\"1107\">Principais recursos:<\/strong><\/p><ul data-start=\"1108\" data-end=\"1306\"><li data-start=\"1108\" data-end=\"1142\">Prata esterlina 925 de alta qualidade<\/li><li data-start=\"1143\" data-end=\"1183\">Elegante pe\u00e7a central de esmeralda verde jade<\/li><li data-start=\"1184\" data-end=\"1219\">Design sofisticado e atemporal<\/li><li data-start=\"1220\" data-end=\"1258\">Perfeito para presentear ou para uso pessoal<\/li><li data-start=\"1259\" data-end=\"1306\">Dispon\u00edvel em v\u00e1rios tamanhos para um ajuste perfeito<\/li><\/ul><p>Adicione esse anel de esmeralda radiante \u00e0 sua cole\u00e7\u00e3o hoje mesmo e deixe sua beleza brilhar em todos os momentos!<\/p>\t\t\t\t\t\t\t\t<\/div>\n\t\t\t\t<\/div>\n\t\t\t\t\t<\/div>\n\t\t\t\t<\/div>\n\t\t\t\t<\/div>","protected":false},"excerpt":{"rendered":"<p>Compre esse requintado anel de prata esterlina 925 com calced\u00f4nia de jade verde e zirc\u00f4nia c\u00fabica AAAAA. Perfeito para casamentos, anivers\u00e1rios ou presentes. Dispon\u00edvel em v\u00e1rios tamanhos.<\/p>","protected":false},"featured_media":196,"comment_status":"open","ping_status":"closed","template":"","meta":{"_kad_post_transparent":"","_kad_post_title":"","_kad_post_layout":"","_kad_post_sidebar_id":"","_kad_post_content_style":"","_kad_post_vertical_padding":"","_kad_post_feature":"","_kad_post_feature_position":"","_kad_post_header":false,"_kad_post_footer":false},"product_brand":[],"product_cat":[16,89,17,23,20,15,90],"product_tag":[],"class_list":{"0":"post-36","1":"product","2":"type-product","3":"status-publish","4":"has-post-thumbnail","6":"product_cat-emerald-ring","7":"product_cat-engagement-and-wedding","8":"product_cat-engagement-ring","9":"product_cat-jade-ring","10":"product_cat-oval-ring","11":"product_cat-rings","12":"product_cat-wedding-ring","14":"first","15":"instock","16":"shipping-taxable","17":"purchasable","18":"product-type-variable","19":"entry","20":"content-bg","21":"loop-entry"},"aioseo_notices":[],"_links":{"self":[{"href":"https:\/\/emeraldsring.com\/pt\/wp-json\/wp\/v2\/product\/36","targetHints":{"allow":["GET"]}}],"collection":[{"href":"https:\/\/emeraldsring.com\/pt\/wp-json\/wp\/v2\/product"}],"about":[{"href":"https:\/\/emeraldsring.com\/pt\/wp-json\/wp\/v2\/types\/product"}],"replies":[{"embeddable":true,"href":"https:\/\/emeraldsring.com\/pt\/wp-json\/wp\/v2\/comments?post=36"}],"version-history":[{"count":6,"href":"https:\/\/emeraldsring.com\/pt\/wp-json\/wp\/v2\/product\/36\/revisions"}],"predecessor-version":[{"id":1442,"href":"https:\/\/emeraldsring.com\/pt\/wp-json\/wp\/v2\/product\/36\/revisions\/1442"}],"wp:featuredmedia":[{"embeddable":true,"href":"https:\/\/emeraldsring.com\/pt\/wp-json\/wp\/v2\/media\/196"}],"wp:attachment":[{"href":"https:\/\/emeraldsring.com\/pt\/wp-json\/wp\/v2\/media?parent=36"}],"wp:term":[{"taxonomy":"product_brand","embeddable":true,"href":"https:\/\/emeraldsring.com\/pt\/wp-json\/wp\/v2\/product_brand?post=36"},{"taxonomy":"product_cat","embeddable":true,"href":"https:\/\/emeraldsring.com\/pt\/wp-json\/wp\/v2\/product_cat?post=36"},{"taxonomy":"product_tag","embeddable":true,"href":"https:\/\/emeraldsring.com\/pt\/wp-json\/wp\/v2\/product_tag?post=36"}],"curies":[{"name":"wp","href":"https:\/\/api.w.org\/{rel}","templated":true}]}}